{"id":44944,"date":"2020-06-13T07:41:50","date_gmt":"2018-05-30T11:48:54","guid":{"rendered":"https:\/\/rawismyreligion.com\/?post_type=product&#038;p=44944"},"modified":"2021-05-13T06:31:52","modified_gmt":"2021-05-13T14:31:52","slug":"fruitadmin-e-book","status":"publish","type":"product","link":"https:\/\/rawismyreligion.com\/de\/produkt\/fruitadmin-e-book\/","title":{"rendered":"Fruitadmin e-Book"},"content":{"rendered":"<h3>Fruitadmin<\/h3>\n<ul>\n<li>Rohkost, ganz einfach und praktisch<\/li>\n<li>101 Rezepte f\u00fcr jeden Tag<\/li>\n<li>Fr\u00fchst\u00fcck, Mittag, Abendessen, Nachtische und Snack<\/li>\n<li>Salate, Smoothies, Nudeln, Kuchen und Eis sind dabei<\/li>\n<li>Meal Plans, Shopping, wie finde ich die besten Zutaten<\/li>\n<\/ul>\n<p>Seit \u00fcber 5 Jahren esse ich nur noch Rohkost. Es ist nicht nur eine sehr leckere und gesunde Art und Weise zu essen f\u00fcr mich, sondern eine unglaublich abwechslungsreiche und einfache, wenn man wei\u00df, wie es geht.<br \/>\nIn diesem Buch teile ich meine praktischen Tipps f\u00fcr die Planung, den Einkauf und Zubereitung von Rohkostgerichten.<br \/>\nEgal ob du ein paar neue Rohkostgerichte probieren m\u00f6chtest, mehr Rohkost essen willst oder komplett auf Rohkost umsteigen willst, das Buch ist guter Start und Motivation mehr Obst und Gem\u00fcse zu essen und auf gesunde Snacks umzusteigen. Ich freue mich sehr, dich auf deinem Weg zu unterst\u00fctzen.<\/p>\n","protected":false},"excerpt":{"rendered":"<h3>Fruitadmin<\/h3>\n<ul>\n<li>Rohkost, ganz einfach und praktisch<\/li>\n<li>101 Rezepte f\u00fcr jeden Tag<\/li>\n<li>Fr\u00fchst\u00fcck, Mittag, Abendessen, Nachtische und Snack<\/li>\n<li>Salate, Smoothies, Nudeln, Kuchen und Eis sind dabei<\/li>\n<li>Meal Plans, Shopping, wie finde ich die besten Zutaten<\/li>\n<\/ul>\n<p>Seit \u00fcber 5 Jahren esse ich nur noch Rohkost. Es ist nicht nur eine sehr leckere und gesunde Art und Weise zu essen f\u00fcr mich, sondern eine unglaublich abwechslungsreiche und einfache, wenn man wei\u00df, wie es geht.<br \/>\n<\/br><br \/>\nIn diesem Buch teile ich meine praktischen Tipps f\u00fcr die Planung, den Einkauf und Zubereitung von Rohkostgerichten.<br \/>\n<\/br><br \/>\nEgal ob du ein paar neue Rohkostgerichte probieren m\u00f6chtest, mehr Rohkost essen willst oder komplett auf Rohkost umsteigen willst, das Buch ist guter Start und Motivation mehr Obst und Gem\u00fcse zu essen und auf gesunde Snacks umzusteigen. Ich freue mich sehr, dich auf deinem Weg zu unterst\u00fctzen.<br \/>\n<\/br><br \/>\nAllergikerhinweis:<br \/>\nManche Rezepte beinhalten N\u00fcsse.<br \/>\nAllgemeiner Hinweis:<br \/>\nEs handelt sich um ein digitales Produkt. Das Buch erh\u00e4ltst du im pdf-Format.<\/p>\n","protected":false},"featured_media":84844,"template":"","meta":{"spay_email":""},"_links":{"self":[{"href":"https:\/\/rawismyreligion.com\/de\/wp-json\/wp\/v2\/product\/44944"}],"collection":[{"href":"https:\/\/rawismyreligion.com\/de\/wp-json\/wp\/v2\/product"}],"about":[{"href":"https:\/\/rawismyreligion.com\/de\/wp-json\/wp\/v2\/types\/product"}],"wp:featuredmedia":[{"embeddable":true,"href":"https:\/\/rawismyreligion.com\/de\/wp-json\/wp\/v2\/media\/84844"}],"wp:attachment":[{"href":"https:\/\/rawismyreligion.com\/de\/wp-json\/wp\/v2\/media?parent=44944"}],"curies":[{"name":"wp","href":"https:\/\/api.w.org\/{rel}","templated":true}]}}