{"id":17427,"date":"2015-10-13T16:53:42","date_gmt":"2015-10-14T00:53:42","guid":{"rendered":"http:\/\/rawismyreligion.com\/?post_type=product&#038;p=17427"},"modified":"2020-02-01T00:00:10","modified_gmt":"2020-02-01T08:00:10","slug":"aufstriche-buch","status":"publish","type":"product","link":"https:\/\/rawismyreligion.com\/de\/produkt\/aufstriche-buch\/","title":{"rendered":"Rohkost Aufstriche e-Book"},"content":{"rendered":"<h3>ROHKOSTAUFSTRICHE<\/h3>\n<ul>\n<li>50 wundervolle und einfache Rezepte!\n<\/li>\n<li>herzhafte und s\u00fc\u00dfe Aufstriche\n<\/li>\n<li>klassische Rezepte wie Eiersalat, Pastete, Nutella sind dabei,<br \/>\nnat\u00fcrlich roh und 100% vegan<\/li>\n<li>fast alle herzhaften Rezepte sind \u00f6lfrei\n<\/li>\n<li>alle Rezepte k\u00f6nnen mit oder ohne Salz gemacht werden\n<\/li>\n<\/ul>\n<p>Rohkostaufstriche gibt es in deinem Supermarkt nicht? Macht nichts! Wir machen unsere eigenen in nur wenigen Minuten. Und sie schmecken viel besser, sind ges\u00fcnder, nat\u00fcrlich 100% pflanzlich. Alles was du brauchst ist eine kleine K\u00fcchenmaschine oder Mixer. Dieses digitale Buch kannst du sofort nach dem Kauf runterladen. Mit deiner E-Mail Adresse hast du Zugang zu allen Buch-Updates, kannst Fragen zu Rezepten stellen und Tipps zum Zutateneinkauf erhalten.<\/p>\n<p>Allergikerhinweis:<br \/>\nDie meisten Rezepte beinhalten N\u00fcsse, einige Senf und Sellerie.<br \/>\nAllgemeiner Hinweis:<br \/>\nEs handelt sich um ein digitales Produkt, R\u00fcckgabe ist deshalb ausgeschlossen.<br \/>\nDas Buch erh\u00e4ltst du im pdf-Format.<\/p>\n","protected":false},"excerpt":{"rendered":"<h3>ROHKOSTAUFSTRICHE<\/h3>\n<ul>\n<li>50 wundervolle und einfache Rezepte!\n<\/li>\n<li>herzhafte und s\u00fc\u00dfe Aufstriche\n<\/li>\n<li>klassische Rezepte wie Eiersalat, Pastete, Nutella sind dabei,<br \/>\nnat\u00fcrlich roh und 100% vegan<\/li>\n<li>fast alle herzhaften Rezepte sind \u00f6lfrei\n<\/li>\n<li>alle Rezepte k\u00f6nnen mit oder ohne Salz gemacht werden\n<\/li>\n<\/ul>\n<p>Rohkostaufstriche gibt es in deinem Supermarkt nicht? Macht nichts! Wir machen unsere eigenen in nur wenigen Minuten. Und sie schmecken viel besser, sind ges\u00fcnder, nat\u00fcrlich 100% pflanzlich. Alles was du brauchst ist eine kleine K\u00fcchenmaschine oder Mixer. Dieses digitale Buch kannst du sofort nach dem Kauf runterladen. Mit deiner E-Mail Adresse hast du Zugang zu allen Buch-Updates, kannst Fragen zu Rezepten stellen und Tipps zum Zutateneinkauf erhalten.<\/p>\n","protected":false},"featured_media":44946,"template":"","meta":{"spay_email":""},"_links":{"self":[{"href":"https:\/\/rawismyreligion.com\/de\/wp-json\/wp\/v2\/product\/17427"}],"collection":[{"href":"https:\/\/rawismyreligion.com\/de\/wp-json\/wp\/v2\/product"}],"about":[{"href":"https:\/\/rawismyreligion.com\/de\/wp-json\/wp\/v2\/types\/product"}],"wp:featuredmedia":[{"embeddable":true,"href":"https:\/\/rawismyreligion.com\/de\/wp-json\/wp\/v2\/media\/44946"}],"wp:attachment":[{"href":"https:\/\/rawismyreligion.com\/de\/wp-json\/wp\/v2\/media?parent=17427"}],"curies":[{"name":"wp","href":"https:\/\/api.w.org\/{rel}","templated":true}]}}