{"id":14648,"date":"2015-08-03T13:05:21","date_gmt":"2015-08-03T21:05:21","guid":{"rendered":"http:\/\/rawismyreligion.com\/?post_type=product&#038;p=14648"},"modified":"2021-02-18T04:08:07","modified_gmt":"2021-02-18T12:08:07","slug":"mozzarella-buch","status":"publish","type":"product","link":"https:\/\/rawismyreligion.com\/de\/produkt\/mozzarella-buch\/","title":{"rendered":"Mozzarella e-Book"},"content":{"rendered":"<h3>DER ROHKOST MOZZARELLA<\/h3>\n<ul>\n<li>10 Mozzarella Variationen<\/li>\n<li>10 Rezepte mit Mozzarella<\/li>\n<li>Klassische Rezepte wie Pizza Margherita<\/li>\n<li>fast alle Rezepte sind schnell und einfach<\/li>\n<li>Alle Rezepte k\u00f6nnen ohne Salz gemacht werden<\/li>\n<\/ul>\n<p>Der Rohkostmozzarella ist perfekt f\u00fcr alle die keine Milchprodukte essen wollen oder k\u00f6nnen. Du kannst ihn sehr einfach zubereiten und noch am gleichen Tag genie\u00dfen. Er ist eine perfekte \u00dcberraschung f\u00fcr Freunde, die sich pflanzlich ern\u00e4hren, ideal f\u00fcr Rohk\u00f6stler, Veganer und jeden Feinschmecker.<\/p>\n<p>Mit dem Buch hast du Zugriff auf alle digitalen Angebote zu Buch<\/p>\n<ul>\n<li>Zubereitungsvideos<\/li>\n<li>Tipps zu einzelnen Rezepten<\/li>\n<li>Bonusrezepte, die nach und nach erg\u00e4nzt werden<\/li>\n<\/ul>\n<p>Allergikerhinweis:<br \/>\nAlle Rezepte beinhalten N\u00fcsse.<br \/>\nAllgemeiner Hinweis:<br \/>\nEs handelt sich um ein digitales Produkt, R\u00fcckgabe ist deshalb ausgeschlossen.<br \/>\nDas Buch erh\u00e4ltst du im pdf-Format.<\/p>\n","protected":false},"excerpt":{"rendered":"<ul>\n<li>10 Mozzarella Variationen, plus\n<\/li>\n<li>10 Rezepte mit Mozzarella\n<\/li>\n<li>Klassische Rezepte wie Pizza Margherita\n<\/li>\n<li>fast alle Rezepte sind schnell und einfach\n<\/li>\n<li>Alle Rezepte k\u00f6nnen ohne Salz gemacht werden\n<\/li>\n<\/ul>\n<p>Der Rohkostmozzarella ist perfekt f\u00fcr alle die keine Milchprodukte essen wollen oder k\u00f6nnen. Du kannst ihn sehr einfach zubereiten und noch am gleichen Tag genie\u00dfen. Er ist eine perfekte \u00dcberraschung f\u00fcr Freunde, die sich pflanzlich ern\u00e4hren, ideal f\u00fcr Rohk\u00f6stler, Veganer und jeden Feinschmecker.<\/p>\n<p>Mit dem Buch hast du Zugriff auf alle digitalen Angebote zu Buch<\/p>\n<ul>\n<li>Zubereitungsvideos\n<\/li>\n<li>Tipps zu einzelnen Rezepten\n<\/li>\n<li>Bonusrezepte, die nach und nach erg\u00e4nzt werden\n<\/li>\n<\/ul>\n<p>Allergikerhinweis:<br \/>\nAlle Rezepte beinhalten N\u00fcsse.<br \/>\nAllgemeiner Hinweis:<br \/>\nEs handelt sich um ein digitales Produkt, R\u00fcckgabe ist deshalb ausgeschlossen.<br \/>\nDas Buch erh\u00e4ltst du im pdf-Format.<\/p>\n","protected":false},"featured_media":44958,"template":"","meta":{"spay_email":""},"_links":{"self":[{"href":"https:\/\/rawismyreligion.com\/de\/wp-json\/wp\/v2\/product\/14648"}],"collection":[{"href":"https:\/\/rawismyreligion.com\/de\/wp-json\/wp\/v2\/product"}],"about":[{"href":"https:\/\/rawismyreligion.com\/de\/wp-json\/wp\/v2\/types\/product"}],"wp:featuredmedia":[{"embeddable":true,"href":"https:\/\/rawismyreligion.com\/de\/wp-json\/wp\/v2\/media\/44958"}],"wp:attachment":[{"href":"https:\/\/rawismyreligion.com\/de\/wp-json\/wp\/v2\/media?parent=14648"}],"curies":[{"name":"wp","href":"https:\/\/api.w.org\/{rel}","templated":true}]}}