{"id":9030,"date":"2015-03-10T15:12:29","date_gmt":"2015-03-10T23:12:29","guid":{"rendered":"http:\/\/rawismyreligion.com\/?page_id=9030"},"modified":"2021-02-24T09:29:24","modified_gmt":"2021-02-24T17:29:24","slug":"uber-mich","status":"publish","type":"page","link":"https:\/\/rawismyreligion.com\/de\/uber-mich\/","title":{"rendered":"Dr. Ina Melny"},"content":{"rendered":"\n<figure class=\"wp-block-image size-large\"><img loading=\"lazy\" width=\"1024\" height=\"768\" src=\"https:\/\/rawismyreligion.com\/wp-content\/uploads\/\/minimalism-comments-1024x768.jpg\" alt=\"\" class=\"wp-image-51542\" srcset=\"https:\/\/rawismyreligion.com\/wp-content\/uploads\/minimalism-comments-1024x768.jpg 1024w, https:\/\/rawismyreligion.com\/wp-content\/uploads\/minimalism-comments-300x225.jpg 300w, https:\/\/rawismyreligion.com\/wp-content\/uploads\/minimalism-comments-768x576.jpg 768w, https:\/\/rawismyreligion.com\/wp-content\/uploads\/minimalism-comments-500x375.jpg 500w, https:\/\/rawismyreligion.com\/wp-content\/uploads\/minimalism-comments-1040x780.jpg 1040w, https:\/\/rawismyreligion.com\/wp-content\/uploads\/minimalism-comments.jpg 1394w\" sizes=\"(max-width: 1024px) 100vw, 1024px\" \/><\/figure>\n\n\n\n<p>Hallo und herzlich Willkommen auf dieser Kennenlernen Seite. Hier sind ein paar Infos \u00fcber den Blog und aus meinem Leben, die ich gerne mit euch teilen m\u00f6chte. <\/p>\n\n\n\n<div class=\"row\">\r\n<div class=\"col-md-3\"><img src=\"https:\/\/rawismyreligion.com\/wp-content\/uploads\/sommer-update-mukbang-beautyisraw-rawismyreligion.jpg\" alt=\"rawismyreligion dr. ina melny\" width=\"1080\" height=\"810\" class=\"aligncenter size-full wp-image-25144\" \/>\r\n<\/div>\r\n<div class=\"col-md-9\"><h3>Willkommen auf Rawismyreligion<\/h3>Ich bin Ina. Ich freue mich sehr, dass ihr du hier bist. Ich schreibe \u00fcber Themen, die mir am Herzen liegen und w\u00fcrde auch sehr gern wissen, was dich bewegt. Schreib mir einen Kommentar unter dem Post, der dir gef\u00e4llt.\r\n<\/div>\r\n<\/div>\r\n\r\n\n\n\n\n<p>Es ist nur ein kleiner Ausschnitt, da weder der Blog, noch Youtube, noch Instagram und TikTok  meine ganze Person und Leben widerspiegeln k\u00f6nnen und sollen. <\/p>\n\n\n\n<p>Wer mir schon l\u00e4nger folgt, hat bestimmt schon gemerkt, dass sich Dinge \u00e4ndern und ich auch versuche den Blog auf dem Laufenden zu halten und veraltete Inhalte zu entfernen. Dennoch kann es leider passieren, dass etwas stehen bleibt, was falsch ist, oder nicht mehr meine Ansichten repr\u00e4sentiert. Sprecht mich an, wenn ihr etwas nicht angemessen findet, ich pr\u00fcfe dann!<\/p>\n\n\n\n<div class=\"row\">\r\n<div class=\"col-md-3\"><img src=\"https:\/\/rawismyreligion.com\/wp-content\/uploads\/travel-after-corona.jpg\" alt=\"\" width=\"2160\" height=\"1620\" class=\"aligncenter size-full wp-image-41797\" \/>\r\n<\/div>\r\n<div class=\"col-md-9\"><h3>Ich bin Ina<\/h3>Rezepte, minimalistischer Lebensstil, Nachhaltigkeit, Psychologie, Kunst, Sport, Crypto, Spar- und Reisetipps. Ich filme und schreibe seit \u00fcber 7 Jahren \u00fcber alles, was meine Welt bewegt.\r\n<\/div>\r\n<\/div>\r\n\r\n\r\n\r\n\n\n\n\n<p>Ich habe viele Hobbies neben meinem Job als Psychologen, und es kommen immer wieder neue dazu. Alte schlafen dann etwas ein. <\/p>\n\n\n\n<p>Nach wie vor bin ich sehr an tollen Rohkostrezepten interessiert und probiere immer wieder neue aus. In den letzten Jahren ist f\u00fcr mich dennoch der ethische Aspekte des veganen Lebensstils mehr in den Vordergrund ger\u00fcckt. <\/p>\n\n\n\n<p>Auch der Minimalismus hat eine neue Stellung in meinem Leben gewonnen. Durch den Minimalismus konnte ich meine Ausgaben reduzieren und hatte mehr finanzielle Mittel um in Aktien und Krypto zu investieren. <\/p>\n\n\n\n<p>Seit dem Anfang des Corona habe ich Hauspflanzen. Besonders haben es mir Hoyas angetan. Es ist leider noch kein Hobby, das ich weiterempfehlen kann da teuer und von Misserfolgen begleitet, aber ich halte euch auf dem Laufenden.<\/p>\n\n\n\n<div class=\"row\">\r\n<div class=\"col-md-3\"><img src=\"https:\/\/rawismyreligion.com\/wp-content\/uploads\/raw-food-chicken-friends-vegan.jpg\" alt=\"\" width=\"2160\" height=\"1620\" class=\"aligncenter size-full wp-image-41797\" \/>\r\n<\/div>\r\n<div class=\"col-md-9\"><h3>Einfach gut Essen<\/h3>Beim Essen sind mir ethische und gesundheitliche Aspekte sehr wichtig. Es gibt sehr viel Forschung auf dem Gebiet der Ern\u00e4hrung, ich versuche immer auf dem Laufenden zu bleiben und meine Ern\u00e4hrung optimal zu gestalten.\r\n<\/div>\r\n<\/div>\n\n\n\n<div class=\"row\">\r\n<div class=\"col-md-3\"><img src=\"https:\/\/rawismyreligion.com\/wp-content\/uploads\/raw-food-ina-melny-rawismyreligion.jpg\" alt=\"raw vegan food diet rawismyreligion\" width=\"1631\" height=\"1223\" class=\"aligncenter size-full wp-image-43070\" \/>\r\n<\/div>\r\n<div class=\"col-md-9\"><h3>Meine Rohkost-Rezepte<\/h3> Ich liebe die Rohkost. F\u00fcr mich sind es die Einfachheit der Zubereitung und die frischen Zutaten. Dabei sind viele Gerichte megalecker. Vor allem die Desserts. Probier meine <a href=\"https:\/\/rawismyreligion.com\/de\/rezepte\/\">Rezepte<\/a> mal aus.\r\n<\/div>\r\n<\/div>\r\n\r\n\n\n\n\n<div class=\"row\">\r\n<div class=\"col-md-3\"><img src=\"https:\/\/rawismyreligion.com\/wp-content\/uploads\/la-mano-verde-12.jpg\" alt=\"la mano verde 12\" width=\"1080\" height=\"810\" class=\"aligncenter size-full wp-image-15297\" \/>\r\n<\/div>\r\n<div class=\"col-md-9\"><h3>Warum Vegan?<\/h3> Veganer Lebensstil hilft das unn\u00f6tige Tierleid zu vermeiden und Ressourcen zu schonen. Eine gesunde und leckere pflanzliche Ern\u00e4hrung soll einfach umzusetzen sein. Diese kann je nach Lebensumst\u00e4nden f\u00fcr jeden einzelnen variieren.\r\n<\/div>\r\n<\/div>\r\n\r\n\r\n\n\n\n\n<div class=\"row\">\r\n<div class=\"col-md-3\"><img src=\"https:\/\/rawismyreligion.com\/wp-content\/uploads\/food-shopping-rawismyreligion.jpg\" alt=\"rohkost bio einkauf rawismyreligion\" width=\"2160\" height=\"1620\" class=\"aligncenter size-full wp-image-43116\" \/>\r\n<\/div>\r\n<div class=\"col-md-9\"><h3>Einkaufen<\/h3>Hochwertige Lebensmittel sind mir sehr wichtig. Ich kaufe ausnahmslos bio, versuche dabei regional, saisonal und plastikfrei einzukaufen. Ich mache es f\u00fcr meine Gesundheit, die anderen und den Planeten.\r\n<\/div>\r\n<\/div>\r\n\r\n\r\n\n\n\n\n<p>Das Thema Essen ist sehr politisch und polarisiert. Ob vegan, bio oder rohkost, fast jeder hat etwas dagegen und auch viel dazu zu sagen. <\/p>\n\n\n\n<p>Ob positive oder negative, es gibt in der Ern\u00e4hrung unglaublich viele Mythen, die man f\u00fcr sich ausr\u00e4umen muss, um eine gesunde und einfache Lebensweise zu implementieren, wenn es einem wichtig ist nat\u00fcrlich.<\/p>\n\n\n\n<p>Ich kann nicht genug betonen wie wichtig es ist, sich mit der Forschung genauer auseinanderzusetzen,  zu recherchieren was bei der Ern\u00e4hrung wichtig und gef\u00e4hrlich ist. Nur so schafft man es, keine wichtigen N\u00e4hrstoffe auszulassen und seine Gesundheit zu gef\u00e4hrden. <\/p>\n\n\n\n<p>Pubmed ist eine \u00dcbersichtsseite mit Abstracts der Studien\/Papern zum Thema Ern\u00e4hrung auf Englisch. Auf Sci Hub findet man alle vollst\u00e4ndigen Paper illegal auf eigene Gefahr. <\/p>\n\n\n\n<div class=\"row\">\r\n<div class=\"col-md-3\"><img src=\"https:\/\/rawismyreligion.com\/wp-content\/uploads\/day-planning-planner.jpg\" alt=\"\" width=\"1368\" height=\"1026\" class=\"aligncenter size-full wp-image-34008\" \/>\r\n<\/div>\r\n<div class=\"col-md-9\"><h3>Ich bin Psychologin<\/h3>Ich liebe meine Arbeit. Als Motivations-Psychologin (Dr. phil.) helfe ich Menschen ihre Ziele zu verwirklichen. Hier schreibe ich manchmal \u00fcber interessante <a href=\"https:\/\/rawismyreligion.com\/de\/psychology\/\">psychologische Themen<\/a>.\r\n<\/div>\r\n<\/div>\n\n\n\n<div class=\"row\">\r\n<div class=\"col-md-3\">\r\n<img src=\"https:\/\/rawismyreligion.com\/wp-content\/uploads\/dehydrator-kaufen.jpg\" alt=\"\" width=\"1440\" height=\"1080\" class=\"aligncenter size-full wp-image-34822\" \/>\r\n<\/div>\r\n<div class=\"col-md-9\"><h3>Forschung \u00fcber Mythen<\/h3>Ob ich mich mit der Ern\u00e4hrung oder der Psychologie auseinandersetze, verlasse ich mich immer auf Studien. Es gibt viel Fehlinformation! In der Rohkost noch mehr als in der veganen Welt. Informiere dich gut!\r\n<\/div>\r\n<\/div>\n\n\n\n<p>Die letzten Jahre habe ich immer gearbeitet und konnte meine psychologische Expertise nicht in einem gr\u00f6\u00dferen Stil anbieten dieses Jahr habe ich angefangen einem Projekt zu arbeiten dass viele Menschen zu Gute kommen k\u00f6nnte ich hoffe ich kann das sehr schnell umsetzen werde davon berichten.<\/p>\n\n\n\n<div class=\"row\">\r\n<div class=\"col-md-3\"><img src=\"https:\/\/rawismyreligion.com\/wp-content\/uploads\/who-are-we.jpg\" alt=\"fruitadmin rawismyreligion\" width=\"2160\" height=\"1620\" class=\"aligncenter size-full wp-image-43297\" \/>\r\n<\/div>\r\n<div class=\"col-md-9\"><h3>Wer ist Stefan?<\/h3>Wir drehen Videos zusammen und haben gemeinsam ein <a href=\"https:\/\/rawismyreligion.com\/de\/fruitadmin-buch\/\" target=\"_blank\" rel=\"noopener\">Rohkost-Buch<\/a> herausgebracht. Stefan (Fruitadmin) ist mein derzeitiger Partner. Es hat ein <a href=\"http:\/\/inamelny.com\/instagram\/fruitadmin\" rel=\"noopener\" target=\"_blank\">Instagram<\/a> und freut sich wenn du da vorbeischaust.\r\n<\/div>\r\n<\/div>\r\n\n\n\n\n<p>Von Anfang an hat mir Stefan beim Blog und auch bei der Videoerstellung technisch sehr geholfen. <\/p>\n\n\n\n<p>Nach einigen Jahren habe ich gemerkt, dass er einen ganz tollen pers\u00f6nlichen Stil bei der Zubereitung von Rohkostgerichten hat und ich  euch seine Rezepte nicht vorenthalten kann. <\/p>\n\n\n\n<p>Ich habe ihn \u00fcberzeugt, an einem Rezepte-Buch zu arbeiten. Es ist finde ich ganz toll geworden, ich mag es sogar lieber als meine eigenen B\u00fccher, da es umfassender und alltagstaugliche ist als einige Rezepte, die ich f\u00fcr besondere Anl\u00e4sse 1-2 Mal zubereite.<br><\/p>\n\n\n\n<div class=\"row\">\r\n<div class=\"col-md-3\"><img src=\"https:\/\/rawismyreligion.com\/wp-content\/uploads\/Man-is-free-at-the-moment-he-wishes-to-be-Voltaire-.jpg\" alt=\"bio naturkosmetik ina bio rawismyreligion\" width=\"1080\" height=\"811\" class=\"aligncenter size-full wp-image-22899\" \/>\r\n<\/div>\r\n<div class=\"col-md-9\"><h3>Beauty<\/h3>\r\nMeine Make-Up- und Beauty-Routinen sind mit mir erwachsen geworden. Die sind jetzt effizienter, \u00f6kologischer und tierleidfrei. Ich f\u00fchle mich mit Make-up genau so sch\u00f6n wie ohne, experimentiere aber ich gern mit veganer Naturkosmetik<\/a>.\r\n<\/div>\r\n<\/div>\r\n\r\n\r\n\r\n\r\n\n\n\n\n<p>Naturkosmetik kam in mein Leben so ziemlich mit dem Bio-Essen als ich 19 Jahre alt war und mich zum ersten Mal mit der Qualit\u00e4t meiner Lebensmittel auseinandergesetzt habe. Dadurch habe ich automatisch angefangen Kosmetik zu kaufen, die ohne Tierversuche hergestellt wurde. <\/p>\n\n\n\n<p>Als ich vegan geworden bin, habe ich st\u00e4rker darauf geachtet, dass ich nur noch die Naturkosmetik kaufe, die auch vegan ist. Zu dem Zeitpunkt war die ganze Naturkosmetikbranche bereits soweit etabliert, dass es \u00fcberhaupt kein Problem war auf vegane Naturkosmetik umzusteigen. <\/p>\n\n\n\n<p>Eine gro\u00dfe Ver\u00e4nderung in den letzten Jahren war eine totale Reduzierung der Produkte die ich verwende. Besonders weil wir viel reisten und auch weil ich gemerkt habe, dass ich mit wenigen Produkten fast die gleichen Ergebnisse erzielen kann wie mit den vielen, die ich zuvor gekauft habe.<\/p>\n\n\n\n<p>Ich habe auch angefangen meine eigene Naturkosmetik herzustellen, da bin ich aber noch nicht \u00fcber die Anf\u00e4ngerphase hinaus gekommen und hoffe, dass ich in den n\u00e4chsten Jahren genug Expertise ansammeln kann und mit euch auch ein paar Naturkosmetik-Rezepte teilen kann.<\/p>\n\n\n\n<div class=\"row\">\r\n<div class=\"col-md-3\"><img src=\"https:\/\/rawismyreligion.com\/wp-content\/uploads\/snap-chat-jan-2016-rawismyreligion-ina-melny-e1460949011801.jpg\" alt=\"snap chat jan 2016 rawismyreligion ina melny\" width=\"1080\" height=\"810\" class=\"aligncenter size-full wp-image-21367\" \/>\r\n<\/div>\r\n<div class=\"col-md-9\"><h3>Minimalismus und Dinge<\/h3>Seit wir angefangen haben viel zu reisen, war es f\u00fcr und sinnvoll minimalistischer zu Leben. Ich bin sehr schnell auf den Geschmack gekommen. Ich kaufe ich nur was ich wirklich brauche, bevorzugt \u00f6kologische und faire <a href=\"https:\/\/rawismyreligion.com\/de\/lieblingsprodukte\/\">Produkte<\/a>.\r\n<\/div>\r\n<\/div>\r\n\r\n\r\n\n\n\n\n<p>Wir sind seit Corona-Beginn etwas sesshafter geworden und sind ein Jahr in Berlin Mitte geblieben bis wir dann an den Stadtrand gezogen sind.  Je nachdem, wie es mit der Pandemie weitergeht, werden wir wenn es wieder m\u00f6glich und sicher ist bestimmt verreisen.<\/p>\n\n\n\n<h3>wir sind gerade in dieser Gegend<\/h3>\r\n<div class='rimr-map' id='rimr_69de2459862d3'><\/div><script type='text\/javascript'>rimrCreateMap({\"id\":\"rimr_69de2459862d3\",\"title\":\"\",\"latitude\":52.753995156401714,\"longitude\":13.146662507326102,\"address\":null,\"zoom\":null,\"url\":null}); <\/script>\r\n<br><\/p>\n\n\n\n<div class=\"row\">\r\n<div class=\"col-md-3\">\r\n<img src=\"https:\/\/rawismyreligion.com\/wp-content\/uploads\/veganuary-31-days-vegan.jpg\" alt=\"\" width=\"810\" height=\"608\" class=\"aligncenter size-full wp-image-39725\" \/>\r\n<\/div>\r\n<div class=\"col-md-9\"><h3>Weltreise<\/h3>\r\nArbeiten und <a href=\"https:\/\/rawismyreligion.com\/de\/reisen\/\">Reisen<\/a> haben wir f\u00fcr uns vereint und leben wenn m\u00f6glich im Winter an wundersch\u00f6nen warmen Orten mit vielen sch\u00f6nen Fr\u00fcchten. So erleben wir die unterschiedlichen Kulturen und arbeiten dabei von zu Hause aus an unseren Projekten.\r\n<\/div>\r\n<\/div>\r\n<br><\/p>\n\n\n\n<hr \/>\r\n<div style=\"text-align:center;\">\r\n<script async src=\"https:\/\/pagead2.googlesyndication.com\/pagead\/js\/adsbygoogle.js\"><\/script>\r\n<!-- Google ad 2020 -->\r\n<ins class=\"adsbygoogle\"\r\n     style=\"display:block\"\r\n     data-ad-client=\"ca-pub-9981782957400879\"\r\n     data-ad-slot=\"9899772995\"\r\n     data-ad-format=\"auto\"\r\n     data-full-width-responsive=\"true\"><\/ins>\r\n<script>\r\n     (adsbygoogle = window.adsbygoogle || []).push({});\r\n<\/script><\/div>\r\n<hr \/>\n\n\n\n<p><\/p>\n\n\n\n<h3><\/h3>\n\n\n\n<div class=\"row\">\r\n<div class=\"col-md-3\">\r\n<img src=\"https:\/\/rawismyreligion.com\/wp-content\/uploads\/miro-museum-barcelona-19.jpg\" alt=\"\" width=\"2160\" height=\"1620\" class=\"aligncenter size-full wp-image-38505\" \/>\r\n<\/div>\r\n<div class=\"col-md-9\"><h3>Kontakt<\/h3>Du kannst mir unter allen Posts schreiben oder per \u0415-Mail info@rawismyreligion.com in Kontakt treten. Info \u00fcber Zusammenarbeit <a href=\"https:\/\/rawismyreligion.com\/contact\/\">findest du hier<\/a>. \r\n<\/div>\r\n<\/div>\r\n\r\n\n","protected":false},"excerpt":{"rendered":"<p>Was motiviert und begeistert mich?<\/p>\n","protected":false},"author":1,"featured_media":21367,"parent":0,"menu_order":0,"comment_status":"open","ping_status":"closed","template":"","meta":{"spay_email":""},"categories":[],"tags":[],"_links":{"self":[{"href":"https:\/\/rawismyreligion.com\/de\/wp-json\/wp\/v2\/pages\/9030"}],"collection":[{"href":"https:\/\/rawismyreligion.com\/de\/wp-json\/wp\/v2\/pages"}],"about":[{"href":"https:\/\/rawismyreligion.com\/de\/wp-json\/wp\/v2\/types\/page"}],"author":[{"embeddable":true,"href":"https:\/\/rawismyreligion.com\/de\/wp-json\/wp\/v2\/users\/1"}],"replies":[{"embeddable":true,"href":"https:\/\/rawismyreligion.com\/de\/wp-json\/wp\/v2\/comments?post=9030"}],"version-history":[{"count":74,"href":"https:\/\/rawismyreligion.com\/de\/wp-json\/wp\/v2\/pages\/9030\/revisions"}],"predecessor-version":[{"id":69656,"href":"https:\/\/rawismyreligion.com\/de\/wp-json\/wp\/v2\/pages\/9030\/revisions\/69656"}],"wp:featuredmedia":[{"embeddable":true,"href":"https:\/\/rawismyreligion.com\/de\/wp-json\/wp\/v2\/media\/21367"}],"wp:attachment":[{"href":"https:\/\/rawismyreligion.com\/de\/wp-json\/wp\/v2\/media?parent=9030"}],"wp:term":[{"taxonomy":"category","embeddable":true,"href":"https:\/\/rawismyreligion.com\/de\/wp-json\/wp\/v2\/categories?post=9030"},{"taxonomy":"post_tag","embeddable":true,"href":"https:\/\/rawismyreligion.com\/de\/wp-json\/wp\/v2\/tags?post=9030"}],"curies":[{"name":"wp","href":"https:\/\/api.w.org\/{rel}","templated":true}]}}