{"id":86692,"date":"2021-05-08T09:24:18","date_gmt":"2021-05-08T17:24:18","guid":{"rendered":"https:\/\/rawismyreligion.com\/?page_id=86692"},"modified":"2021-05-08T10:09:11","modified_gmt":"2021-05-08T18:09:11","slug":"bio-in-neuseeland","status":"publish","type":"page","link":"https:\/\/rawismyreligion.com\/de\/bio-in-neuseeland\/","title":{"rendered":"Bio in Neuseeland"},"content":{"rendered":"\n<figure class=\"wp-block-image is-style-default\"><img src=\"https:\/\/rawismyreligion.com\/wp-content\/uploads\/GoodFor-Wholefoods-Takapuna.jpg\" alt=\"This image has an empty alt attribute; its file name is GoodFor-Wholefoods-Takapuna.jpg\"\/><\/figure>\n\n\n\n<p>Bio l\u00e4sst sich in neuseeland leicht finden. Vor allem in gr\u00f6\u00dferen St\u00e4dten. Das beste Bio-Angebot gab in Auckland. Am schwierigsten mit bio was auf der Nordinsel auf dem Land.<\/p>\n\n\n\n<div class=\"container-fuild rimr-posts-grid\"><div class=\"row\"><div class=\"rimr-posts-grid-entry col-md-6\"><div class=\"entry-thumb normal-size\"><a href=\"https:\/\/rawismyreligion.com\/de\/bio-weltweit\/biosiegel-in-neuseeland\/\"><img src=\"https:\/\/rawismyreligion.com\/wp-content\/uploads\/Parnell-Farmers-Market-auckland-organic-5-500x392.jpg\" \/><\/a><\/div><div><h4 class=\"entry-title\"><a href=\"https:\/\/rawismyreligion.com\/de\/bio-weltweit\/biosiegel-in-neuseeland\/\">Biosiegel in Neuseeland<\/a><\/h4><div class=\"entry-summary\">So erkennen wir BIO in Neuseeland.<\/div><\/div><\/div><div class=\"rimr-posts-grid-entry col-md-6\"><div class=\"entry-thumb normal-size\"><a href=\"https:\/\/rawismyreligion.com\/de\/bio-in-neuseeland\/\"><img src=\"https:\/\/rawismyreligion.com\/wp-content\/uploads\/GoodFor-Wholefoods-Takapuna-500x375.jpg\" \/><\/a><\/div><div><h4 class=\"entry-title\"><a href=\"https:\/\/rawismyreligion.com\/de\/bio-in-neuseeland\/\">Bio in Neuseeland<\/a><\/h4><div class=\"entry-summary\">Alle Bio Einkaufsm\u00f6glichkeiten in Neuseeland.<\/div><\/div><\/div><\/div><\/div>\r\n\r\n\n\n\n\n<h2 id=\"h-bio-berall-in-neuseeland\">Bio \u00fcberall in Neuseeland<\/h2>\n\n\n\n<div class=\"container-fuild rimr-posts-grid\"><div class=\"row\"><div class=\"rimr-posts-grid-entry col-md-4\"><div class=\"entry-thumb normal-size\"><a href=\"https:\/\/rawismyreligion.com\/de\/bio-weltweit\/biosiegel-in-neuseeland\/\"><img src=\"https:\/\/rawismyreligion.com\/wp-content\/uploads\/Parnell-Farmers-Market-auckland-organic-5-500x392.jpg\" \/><\/a><\/div><div><h4 class=\"entry-title\"><a href=\"https:\/\/rawismyreligion.com\/de\/bio-weltweit\/biosiegel-in-neuseeland\/\">Biosiegel in Neuseeland<\/a><\/h4><\/div><\/div><div class=\"rimr-posts-grid-entry col-md-4\"><div class=\"entry-thumb normal-size\"><a href=\"https:\/\/rawismyreligion.com\/de\/bio-in-neuseeland\/\"><img src=\"https:\/\/rawismyreligion.com\/wp-content\/uploads\/GoodFor-Wholefoods-Takapuna-500x375.jpg\" \/><\/a><\/div><div><h4 class=\"entry-title\"><a href=\"https:\/\/rawismyreligion.com\/de\/bio-in-neuseeland\/\">Bio in Neuseeland<\/a><\/h4><\/div><\/div><div class=\"rimr-posts-grid-entry col-md-4\"><div class=\"entry-thumb normal-size\"><a href=\"https:\/\/rawismyreligion.com\/de\/harvest-by-huckleberry\/\"><img src=\"https:\/\/rawismyreligion.com\/wp-content\/uploads\/huckleberry-shop-1-500x375.jpg\" \/><\/a><\/div><div><h4 class=\"entry-title\"><a href=\"https:\/\/rawismyreligion.com\/de\/harvest-by-huckleberry\/\">Harvest by Huckleberry<\/a><\/h4><\/div><\/div><\/div><div class=\"row\"><div class=\"rimr-posts-grid-entry col-md-4\"><div class=\"entry-thumb normal-size\"><a href=\"https:\/\/rawismyreligion.com\/de\/commonsense\/\"><img src=\"https:\/\/rawismyreligion.com\/wp-content\/uploads\/commonsence-auckland-organic-12-500x375.jpg\" \/><\/a><\/div><div><h4 class=\"entry-title\"><a href=\"https:\/\/rawismyreligion.com\/de\/commonsense\/\">Commonsense<\/a><\/h4><\/div><\/div><div class=\"rimr-posts-grid-entry col-md-4\"><div class=\"entry-thumb normal-size\"><a href=\"https:\/\/rawismyreligion.com\/de\/the-vegan-shop\/\"><img src=\"https:\/\/rawismyreligion.com\/wp-content\/uploads\/the-vegan-store-auckland-4-500x375.jpg\" \/><\/a><\/div><div><h4 class=\"entry-title\"><a href=\"https:\/\/rawismyreligion.com\/de\/the-vegan-shop\/\">The Vegan Shop<\/a><\/h4><\/div><\/div><div class=\"rimr-posts-grid-entry col-md-4\"><div class=\"entry-thumb normal-size\"><a href=\"https:\/\/rawismyreligion.com\/de\/i-e-produce\/\"><img src=\"https:\/\/rawismyreligion.com\/wp-content\/uploads\/iproduce-auckland-organic-23-500x375.jpg\" \/><\/a><\/div><div><h4 class=\"entry-title\"><a href=\"https:\/\/rawismyreligion.com\/de\/i-e-produce\/\">I E Produce<\/a><\/h4><\/div><\/div><\/div><div class=\"row\"><div class=\"rimr-posts-grid-entry col-md-4\"><div class=\"entry-thumb normal-size\"><a href=\"https:\/\/rawismyreligion.com\/de\/wise-cicada\/\"><img src=\"https:\/\/rawismyreligion.com\/wp-content\/uploads\/Wise-Cicada-auckland-organic-14-500x375.jpg\" \/><\/a><\/div><div><h4 class=\"entry-title\"><a href=\"https:\/\/rawismyreligion.com\/de\/wise-cicada\/\">Wise Cicada<\/a><\/h4><\/div><\/div><div class=\"rimr-posts-grid-entry col-md-4\"><div class=\"entry-thumb normal-size\"><a href=\"https:\/\/rawismyreligion.com\/de\/goodfor-wholefoods-takapuna\/\"><img src=\"https:\/\/rawismyreligion.com\/wp-content\/uploads\/GoodFor-Wholefoods-Takapuna-15-500x375.jpg\" \/><\/a><\/div><div><h4 class=\"entry-title\"><a href=\"https:\/\/rawismyreligion.com\/de\/goodfor-wholefoods-takapuna\/\">GoodFor Wholefoods Takapuna<\/a><\/h4><\/div><\/div><div class=\"rimr-posts-grid-entry col-md-4\"><div class=\"entry-thumb normal-size\"><a href=\"https:\/\/rawismyreligion.com\/de\/parnell-farmers-market\/\"><img src=\"https:\/\/rawismyreligion.com\/wp-content\/uploads\/Parnell-Farmers-Market-auckland-organic-3-500x375.jpg\" \/><\/a><\/div><div><h4 class=\"entry-title\"><a href=\"https:\/\/rawismyreligion.com\/de\/parnell-farmers-market\/\">Parnell Farmers' Market<\/a><\/h4><\/div><\/div><\/div><div class=\"row\"><div class=\"rimr-posts-grid-entry col-md-4\"><div class=\"entry-thumb normal-size\"><a href=\"https:\/\/rawismyreligion.com\/de\/naturally-organic-northridge\/\"><img src=\"https:\/\/rawismyreligion.com\/wp-content\/uploads\/Naturally-Organic-Northridge-15-500x375.jpg\" \/><\/a><\/div><div><h4 class=\"entry-title\"><a href=\"https:\/\/rawismyreligion.com\/de\/naturally-organic-northridge\/\">Naturally Organic Northridge<\/a><\/h4><\/div><\/div><\/div><\/div>\n\n\n\n<!--tags: new zealand 18834  organic 18866 shop 18799-->\n\n\n\n<h2 id=\"h-wo-gibt-es-bio-in-neuseeland\">Wo gibt es  Bio in Neuseeland<\/h2>\n\n\n\n<p>Biol\u00e4den, Superm\u00e4rkte, Farmen, Biom\u00e4rkte.<\/p>\n\n\n\n<div class=\"wp-block-columns\">\n<div class=\"wp-block-column\" style=\"flex-basis:100%\">\n<h2 id=\"h-biofallen-in-neuseeland\">Biofallen in Neuseeland<\/h2>\n\n\n\n<p><\/p>\n<\/div>\n<\/div>\n\n\n\n<hr \/>\r\n<div style=\"text-align:center;\">\r\n<script async src=\"https:\/\/pagead2.googlesyndication.com\/pagead\/js\/adsbygoogle.js\"><\/script>\r\n<!-- Google ad 2020 -->\r\n<ins class=\"adsbygoogle\"\r\n     style=\"display:block\"\r\n     data-ad-client=\"ca-pub-9981782957400879\"\r\n     data-ad-slot=\"9899772995\"\r\n     data-ad-format=\"auto\"\r\n     data-full-width-responsive=\"true\"><\/ins>\r\n<script>\r\n     (adsbygoogle = window.adsbygoogle || []).push({});\r\n<\/script><\/div>\r\n<hr \/>\n","protected":false},"excerpt":{"rendered":"<p>Alle Bio Einkaufsm\u00f6glichkeiten in Neuseeland.<\/p>\n","protected":false},"author":1,"featured_media":58050,"parent":0,"menu_order":0,"comment_status":"closed","ping_status":"closed","template":"","meta":{"spay_email":""},"categories":[18798],"tags":[2649,18834,18866,18799],"_links":{"self":[{"href":"https:\/\/rawismyreligion.com\/de\/wp-json\/wp\/v2\/pages\/86692"}],"collection":[{"href":"https:\/\/rawismyreligion.com\/de\/wp-json\/wp\/v2\/pages"}],"about":[{"href":"https:\/\/rawismyreligion.com\/de\/wp-json\/wp\/v2\/types\/page"}],"author":[{"embeddable":true,"href":"https:\/\/rawismyreligion.com\/de\/wp-json\/wp\/v2\/users\/1"}],"replies":[{"embeddable":true,"href":"https:\/\/rawismyreligion.com\/de\/wp-json\/wp\/v2\/comments?post=86692"}],"version-history":[{"count":4,"href":"https:\/\/rawismyreligion.com\/de\/wp-json\/wp\/v2\/pages\/86692\/revisions"}],"predecessor-version":[{"id":86708,"href":"https:\/\/rawismyreligion.com\/de\/wp-json\/wp\/v2\/pages\/86692\/revisions\/86708"}],"wp:featuredmedia":[{"embeddable":true,"href":"https:\/\/rawismyreligion.com\/de\/wp-json\/wp\/v2\/media\/58050"}],"wp:attachment":[{"href":"https:\/\/rawismyreligion.com\/de\/wp-json\/wp\/v2\/media?parent=86692"}],"wp:term":[{"taxonomy":"category","embeddable":true,"href":"https:\/\/rawismyreligion.com\/de\/wp-json\/wp\/v2\/categories?post=86692"},{"taxonomy":"post_tag","embeddable":true,"href":"https:\/\/rawismyreligion.com\/de\/wp-json\/wp\/v2\/tags?post=86692"}],"curies":[{"name":"wp","href":"https:\/\/api.w.org\/{rel}","templated":true}]}}