{"id":83303,"date":"2021-04-09T15:54:22","date_gmt":"2021-04-09T23:54:22","guid":{"rendered":"https:\/\/rawismyreligion.com\/?page_id=83303"},"modified":"2021-04-09T15:54:25","modified_gmt":"2021-04-09T23:54:25","slug":"bio-in-lyon","status":"publish","type":"page","link":"https:\/\/rawismyreligion.com\/de\/bio-in-frankreich\/bio-in-lyon\/","title":{"rendered":"Bio in Lyon"},"content":{"rendered":"\n<figure class=\"wp-block-image size-large\"><img src=\"https:\/\/rawismyreligion.com\/wp-content\/uploads\/Carrefour-Bio-4.jpg\" alt=\"\"\/><\/figure>\n\n\n\n<p id=\"block-78acf844-23f6-4c5d-a4a2-c4cdebf829a8\"><div class=\"container-fuild rimr-posts-grid\"><div class=\"row\"><div class=\"rimr-posts-grid-entry col-md-4\"><div class=\"entry-thumb normal-size\"><a href=\"https:\/\/rawismyreligion.com\/de\/la-vie-claire-2\/\"><img src=\"https:\/\/rawismyreligion.com\/wp-content\/uploads\/La-Vie-Claire-lyon-3-500x375.jpg\" \/><\/a><\/div><div><h4 class=\"entry-title\"><a href=\"https:\/\/rawismyreligion.com\/de\/la-vie-claire-2\/\">La Vie Claire<\/a><\/h4><div class=\"entry-summary\">Bioladen in Lyon.<\/div><\/div><\/div><div class=\"rimr-posts-grid-entry col-md-4\"><div class=\"entry-thumb normal-size\"><a href=\"https:\/\/rawismyreligion.com\/de\/la-vie-claire\/\"><img src=\"https:\/\/rawismyreligion.com\/wp-content\/uploads\/les-petits-prix-bio-4-500x375.jpg\" \/><\/a><\/div><div><h4 class=\"entry-title\"><a href=\"https:\/\/rawismyreligion.com\/de\/la-vie-claire\/\">La Vie Claire<\/a><\/h4><div class=\"entry-summary\">Bioladen in Lyon.<\/div><\/div><\/div><div class=\"rimr-posts-grid-entry col-md-4\"><div class=\"entry-thumb normal-size\"><a href=\"https:\/\/rawismyreligion.com\/de\/biocoop-lyon-ainay\/\"><img src=\"https:\/\/rawismyreligion.com\/wp-content\/uploads\/Biocoop-Lyon-Ainay-4-500x375.jpg\" \/><\/a><\/div><div><h4 class=\"entry-title\"><a href=\"https:\/\/rawismyreligion.com\/de\/biocoop-lyon-ainay\/\">Biocoop Lyon Ainay<\/a><\/h4><div class=\"entry-summary\">Bioladen in Lyon.<\/div><\/div><\/div><\/div><div class=\"row\"><div class=\"rimr-posts-grid-entry col-md-4\"><div class=\"entry-thumb normal-size\"><a href=\"https:\/\/rawismyreligion.com\/de\/naturalia-lyon\/\"><img src=\"https:\/\/rawismyreligion.com\/wp-content\/uploads\/Naturalia-Lyon-1-2-500x375.jpg\" \/><\/a><\/div><div><h4 class=\"entry-title\"><a href=\"https:\/\/rawismyreligion.com\/de\/naturalia-lyon\/\">Naturalia Lyon<\/a><\/h4><div class=\"entry-summary\">Bioladen in Lyon.<\/div><\/div><\/div><div class=\"rimr-posts-grid-entry col-md-4\"><div class=\"entry-thumb normal-size\"><a href=\"https:\/\/rawismyreligion.com\/de\/biocoop-lyon-terreaux\/\"><img src=\"https:\/\/rawismyreligion.com\/wp-content\/uploads\/biocoop-lyon-1-500x375.jpg\" \/><\/a><\/div><div><h4 class=\"entry-title\"><a href=\"https:\/\/rawismyreligion.com\/de\/biocoop-lyon-terreaux\/\">Biocoop Lyon Terreaux<\/a><\/h4><div class=\"entry-summary\">Bioladen in Lyon.<\/div><\/div><\/div><div class=\"rimr-posts-grid-entry col-md-4\"><div class=\"entry-thumb normal-size\"><a href=\"https:\/\/rawismyreligion.com\/de\/un-monde-vegan-lyon\/\"><img src=\"https:\/\/rawismyreligion.com\/wp-content\/uploads\/Un-monde-vegan-lyon-1-500x375.jpg\" \/><\/a><\/div><div><h4 class=\"entry-title\"><a href=\"https:\/\/rawismyreligion.com\/de\/un-monde-vegan-lyon\/\">Un Monde Vegan Lyon<\/a><\/h4><div class=\"entry-summary\">Veganer Supermarkt in Lyon.<\/div><\/div><\/div><\/div><div class=\"row\"><div class=\"rimr-posts-grid-entry col-md-4\"><div class=\"entry-thumb normal-size\"><a href=\"https:\/\/rawismyreligion.com\/de\/carrefour-bio-2\/\"><img src=\"https:\/\/rawismyreligion.com\/wp-content\/uploads\/Carrefour-Bio-2-500x375.jpg\" \/><\/a><\/div><div><h4 class=\"entry-title\"><a href=\"https:\/\/rawismyreligion.com\/de\/carrefour-bio-2\/\">Carrefour Bio<\/a><\/h4><div class=\"entry-summary\">Bioladen in Lyon.<\/div><\/div><\/div><div class=\"rimr-posts-grid-entry col-md-4\"><div class=\"entry-thumb normal-size\"><a href=\"https:\/\/rawismyreligion.com\/de\/leau-vive\/\"><img src=\"https:\/\/rawismyreligion.com\/wp-content\/uploads\/LEau-Vive-1-500x375.jpg\" \/><\/a><\/div><div><h4 class=\"entry-title\"><a href=\"https:\/\/rawismyreligion.com\/de\/leau-vive\/\">L'Eau Vive<\/a><\/h4><div class=\"entry-summary\">Bioladen in Lyon.<\/div><\/div><\/div><div class=\"rimr-posts-grid-entry col-md-4\"><div class=\"entry-thumb normal-size\"><a href=\"https:\/\/rawismyreligion.com\/de\/orexis-bio\/\"><img src=\"https:\/\/rawismyreligion.com\/wp-content\/uploads\/Orexis-Bio-1-500x375.jpg\" \/><\/a><\/div><div><h4 class=\"entry-title\"><a href=\"https:\/\/rawismyreligion.com\/de\/orexis-bio\/\">Orexis Bio<\/a><\/h4><div class=\"entry-summary\">Bioladen in Lyon.<\/div><\/div><\/div><\/div><\/div>\n\n\n\n<!--tags: Lyon 18840  organic 18866 shop 18799-->\n\n\n\n<hr \/>\r\n<div style=\"text-align:center;\">\r\n<script async src=\"https:\/\/pagead2.googlesyndication.com\/pagead\/js\/adsbygoogle.js\"><\/script>\r\n<!-- Google ad 2020 -->\r\n<ins class=\"adsbygoogle\"\r\n     style=\"display:block\"\r\n     data-ad-client=\"ca-pub-9981782957400879\"\r\n     data-ad-slot=\"9899772995\"\r\n     data-ad-format=\"auto\"\r\n     data-full-width-responsive=\"true\"><\/ins>\r\n<script>\r\n     (adsbygoogle = window.adsbygoogle || []).push({});\r\n<\/script><\/div>\r\n<hr \/>\n<br><br>\n\n\n\n<div class=\"container-fuild rimr-posts-grid\"><div class=\"row\"><div class=\"rimr-posts-grid-entry col-md-6\"><div class=\"entry-thumb normal-size\"><a href=\"https:\/\/rawismyreligion.com\/de\/bio-in-frankreich\/\"><img src=\"https:\/\/rawismyreligion.com\/wp-content\/uploads\/La-Vie-Claire-lyon-3-500x375.jpg\" \/><\/a><\/div><div><h4 class=\"entry-title\"><a href=\"https:\/\/rawismyreligion.com\/de\/bio-in-frankreich\/\">Bio in Frankreich<\/a><\/h4><div class=\"entry-summary\">Alle Bio Einkaufsm\u00f6glichkeiten in Frankreich.<\/div><\/div><\/div><div class=\"rimr-posts-grid-entry col-md-6\"><div class=\"entry-thumb normal-size\"><a href=\"https:\/\/rawismyreligion.com\/de\/bio-weltweit\/bio-siegel-in-spanien-2\/\"><img src=\"https:\/\/rawismyreligion.com\/wp-content\/uploads\/La-Vie-Claire-lyon-5-500x375.jpg\" \/><\/a><\/div><div><h4 class=\"entry-title\"><a href=\"https:\/\/rawismyreligion.com\/de\/bio-weltweit\/bio-siegel-in-spanien-2\/\">Bio-Siegel in Frankreich<\/a><\/h4><div class=\"entry-summary\">So erkennen wir BIO in Frankreich.<\/div><\/div><\/div><\/div><\/div>\r\n\r\n\n\n\n\n<hr \/>\r\n<div style=\"text-align:center;\">\r\n<script async src=\"https:\/\/pagead2.googlesyndication.com\/pagead\/js\/adsbygoogle.js\"><\/script>\r\n<!-- Google ad 2020 -->\r\n<ins class=\"adsbygoogle\"\r\n     style=\"display:block\"\r\n     data-ad-client=\"ca-pub-9981782957400879\"\r\n     data-ad-slot=\"9899772995\"\r\n     data-ad-format=\"auto\"\r\n     data-full-width-responsive=\"true\"><\/ins>\r\n<script>\r\n     (adsbygoogle = window.adsbygoogle || []).push({});\r\n<\/script><\/div>\r\n<hr \/>\n<br><br>\n\n\n\n<h2 id=\"h-preise-f-r-bio-in-lyon\">Preise f\u00fcr Bio in Lyon<\/h2>\n\n\n\n<p>Die Preise sind definitiv teurer in Paris als in Berlin und M\u00fcnchen. Wir waren sehr kurz da und es war kein Problem. F\u00fcr einen l\u00e4ngeren Aufenthalt gibt es sicherlich noch g\u00fcnstigere M\u00f6glichkeiten bio einzukaufen auf M\u00e4rkten z.B.<\/p>\n\n\n\n<div class=\"row\">\r\n<div class=\"col-md-3\"><img src=\"https:\/\/rawismyreligion.com\/wp-content\/uploads\/food-shopping-rawismyreligion.jpg\" alt=\"rohkost bio einkauf rawismyreligion\" width=\"2160\" height=\"1620\" class=\"aligncenter size-full wp-image-43116\" \/>\r\n<\/div>\r\n<div class=\"col-md-9\"><h3>Einkaufen<\/h3>Hochwertige Lebensmittel sind mir sehr wichtig. Ich kaufe ausnahmslos bio, versuche dabei regional, saisonal und plastikfrei einzukaufen. Ich mache es f\u00fcr meine Gesundheit, die anderen und den Planeten.\r\n<\/div>\r\n<\/div>\r\n\r\n\r\n\n\n\n\n<p><\/p>\n","protected":false},"excerpt":{"rendered":"<p>Bio in Paris einkaufen.<\/p>\n","protected":false},"author":1,"featured_media":77626,"parent":82900,"menu_order":0,"comment_status":"closed","ping_status":"closed","template":"","meta":{"spay_email":""},"categories":[18798],"tags":[9196,3648,18866,18799],"_links":{"self":[{"href":"https:\/\/rawismyreligion.com\/de\/wp-json\/wp\/v2\/pages\/83303"}],"collection":[{"href":"https:\/\/rawismyreligion.com\/de\/wp-json\/wp\/v2\/pages"}],"about":[{"href":"https:\/\/rawismyreligion.com\/de\/wp-json\/wp\/v2\/types\/page"}],"author":[{"embeddable":true,"href":"https:\/\/rawismyreligion.com\/de\/wp-json\/wp\/v2\/users\/1"}],"replies":[{"embeddable":true,"href":"https:\/\/rawismyreligion.com\/de\/wp-json\/wp\/v2\/comments?post=83303"}],"version-history":[{"count":2,"href":"https:\/\/rawismyreligion.com\/de\/wp-json\/wp\/v2\/pages\/83303\/revisions"}],"predecessor-version":[{"id":83305,"href":"https:\/\/rawismyreligion.com\/de\/wp-json\/wp\/v2\/pages\/83303\/revisions\/83305"}],"up":[{"embeddable":true,"href":"https:\/\/rawismyreligion.com\/de\/wp-json\/wp\/v2\/pages\/82900"}],"wp:featuredmedia":[{"embeddable":true,"href":"https:\/\/rawismyreligion.com\/de\/wp-json\/wp\/v2\/media\/77626"}],"wp:attachment":[{"href":"https:\/\/rawismyreligion.com\/de\/wp-json\/wp\/v2\/media?parent=83303"}],"wp:term":[{"taxonomy":"category","embeddable":true,"href":"https:\/\/rawismyreligion.com\/de\/wp-json\/wp\/v2\/categories?post=83303"},{"taxonomy":"post_tag","embeddable":true,"href":"https:\/\/rawismyreligion.com\/de\/wp-json\/wp\/v2\/tags?post=83303"}],"curies":[{"name":"wp","href":"https:\/\/api.w.org\/{rel}","templated":true}]}}