{"id":82900,"date":"2021-04-09T15:29:55","date_gmt":"2021-04-09T23:29:55","guid":{"rendered":"https:\/\/rawismyreligion.com\/?page_id=82900"},"modified":"2021-04-09T15:29:58","modified_gmt":"2021-04-09T23:29:58","slug":"bio-in-frankreich","status":"publish","type":"page","link":"https:\/\/rawismyreligion.com\/de\/bio-in-frankreich\/","title":{"rendered":"Bio in Frankreich"},"content":{"rendered":"\n<figure class=\"wp-block-image size-large\"><img loading=\"lazy\" width=\"1024\" height=\"768\" src=\"https:\/\/rawismyreligion.com\/wp-content\/uploads\/La-Vie-Claire-lyon-3-1024x768.jpg\" alt=\"\" class=\"wp-image-77694\" srcset=\"https:\/\/rawismyreligion.com\/wp-content\/uploads\/La-Vie-Claire-lyon-3-1024x768.jpg 1024w, https:\/\/rawismyreligion.com\/wp-content\/uploads\/La-Vie-Claire-lyon-3-300x225.jpg 300w, https:\/\/rawismyreligion.com\/wp-content\/uploads\/La-Vie-Claire-lyon-3-768x576.jpg 768w, https:\/\/rawismyreligion.com\/wp-content\/uploads\/La-Vie-Claire-lyon-3-1536x1152.jpg 1536w, https:\/\/rawismyreligion.com\/wp-content\/uploads\/La-Vie-Claire-lyon-3-500x375.jpg 500w, https:\/\/rawismyreligion.com\/wp-content\/uploads\/La-Vie-Claire-lyon-3-1040x780.jpg 1040w, https:\/\/rawismyreligion.com\/wp-content\/uploads\/La-Vie-Claire-lyon-3.jpg 2000w\" sizes=\"(max-width: 1024px) 100vw, 1024px\" \/><\/figure>\n\n\n\n<p>Bio l\u00e4sst sich in Frankreich leicht finden. Vor allem in gr\u00f6\u00dferen St\u00e4dten. Das beste Bio-Angebot gab in Paris. Am schwierigsten mit bio was auf dem Land.<\/p>\n\n\n\n<div class=\"container-fuild rimr-posts-grid\"><div class=\"row\"><div class=\"rimr-posts-grid-entry col-md-6\"><div class=\"entry-thumb normal-size\"><a href=\"https:\/\/rawismyreligion.com\/de\/bio-in-frankreich\/\"><img src=\"https:\/\/rawismyreligion.com\/wp-content\/uploads\/La-Vie-Claire-lyon-3-500x375.jpg\" \/><\/a><\/div><div><h4 class=\"entry-title\"><a href=\"https:\/\/rawismyreligion.com\/de\/bio-in-frankreich\/\">Bio in Frankreich<\/a><\/h4><div class=\"entry-summary\">Alle Bio Einkaufsm\u00f6glichkeiten in Frankreich.<\/div><\/div><\/div><div class=\"rimr-posts-grid-entry col-md-6\"><div class=\"entry-thumb normal-size\"><a href=\"https:\/\/rawismyreligion.com\/de\/bio-weltweit\/bio-siegel-in-spanien-2\/\"><img src=\"https:\/\/rawismyreligion.com\/wp-content\/uploads\/La-Vie-Claire-lyon-5-500x375.jpg\" \/><\/a><\/div><div><h4 class=\"entry-title\"><a href=\"https:\/\/rawismyreligion.com\/de\/bio-weltweit\/bio-siegel-in-spanien-2\/\">Bio-Siegel in Frankreich<\/a><\/h4><div class=\"entry-summary\">So erkennen wir BIO in Frankreich.<\/div><\/div><\/div><\/div><\/div>\r\n\r\n\n\n\n\n<h2 id=\"h-bio-in-den-franz-sischen-st-dten\">Bio in den franz\u00f6sischen St\u00e4dten<\/h2>\n\n\n\n<div class=\"container-fuild rimr-posts-grid\"><div class=\"row\"><div class=\"rimr-posts-grid-entry col-md-4\"><div class=\"entry-thumb normal-size\"><a href=\"https:\/\/rawismyreligion.com\/de\/bio-in-frankreich\/bio-in-lyon\/\"><img src=\"https:\/\/rawismyreligion.com\/wp-content\/uploads\/Carrefour-Bio-4-500x375.jpg\" \/><\/a><\/div><div><h4 class=\"entry-title\"><a href=\"https:\/\/rawismyreligion.com\/de\/bio-in-frankreich\/bio-in-lyon\/\">Bio in Lyon<\/a><\/h4><\/div><\/div><\/div><\/div>\n\n\n\n<!--tags: france 3648,city 9196  organic 18866 shop 18799-->\n\n\n\n<h2 id=\"h-wo-gibt-es-bio-in-frankreich\">Wo gibt es  Bio in Frankreich<\/h2>\n\n\n\n<p>In Frankreich gibt es in gr\u00f6\u00dferen St\u00e4dten sch\u00f6ne Biol\u00e4den. Viele sind etwas kleiner. Biom\u00e4rkte sind auch in gr\u00f6\u00dferen St\u00e4dten vor allem im Sommer leicht zu finden.<\/p>\n\n\n\n<p>Richtig gro\u00dfe Superm\u00e4rkte haben wir nur au\u00dferhalb der St\u00e4dte gesehen. Bei Discountern haben wir nicht so richtig nach bio gesucht, da es viele Biol\u00e4den gab. Aber es w\u00e4re auch eine Option da genauer nachzuschauen.<\/p>\n\n\n\n<div class=\"wp-block-columns\">\n<div class=\"wp-block-column\" style=\"flex-basis:100%\">\n<h2 id=\"h-biofallen-in-frankreich\">Biofallen in Frankreich<\/h2>\n\n\n\n<p>In Frankreich ist alles zumindest in Biol\u00e4den sehr eindeutitg. Ich w\u00fcrde dennoch immer auf das Biosiegel achte, da selbst in Biol\u00e4den nicht immer alles bio sein muss.<\/p>\n\n\n\n<p>Auf den M\u00e4rkten dann auf die Zertifizierung achten. Hat der Stand eine ausliegen? Im Zweifel nachfragen.<\/p>\n<\/div>\n<\/div>\n\n\n\n<hr \/>\r\n<div style=\"text-align:center;\">\r\n<script async src=\"https:\/\/pagead2.googlesyndication.com\/pagead\/js\/adsbygoogle.js\"><\/script>\r\n<!-- Google ad 2020 -->\r\n<ins class=\"adsbygoogle\"\r\n     style=\"display:block\"\r\n     data-ad-client=\"ca-pub-9981782957400879\"\r\n     data-ad-slot=\"9899772995\"\r\n     data-ad-format=\"auto\"\r\n     data-full-width-responsive=\"true\"><\/ins>\r\n<script>\r\n     (adsbygoogle = window.adsbygoogle || []).push({});\r\n<\/script><\/div>\r\n<hr \/>\n\n\n\n<h2 id=\"h-alle-biol-den-und-m-rkte-in-ganz-frankreich\">Alle Biol\u00e4den und M\u00e4rkte in ganz Frankreich<\/h2>\n\n\n\n<div class=\"container-fuild rimr-posts-grid\"><div class=\"row\"><div class=\"rimr-posts-grid-entry col-md-4\"><div class=\"entry-thumb normal-size\"><a href=\"https:\/\/rawismyreligion.com\/de\/la-vie-claire-2\/\"><img src=\"https:\/\/rawismyreligion.com\/wp-content\/uploads\/La-Vie-Claire-lyon-3-500x375.jpg\" \/><\/a><\/div><div><h4 class=\"entry-title\"><a href=\"https:\/\/rawismyreligion.com\/de\/la-vie-claire-2\/\">La Vie Claire<\/a><\/h4><div class=\"entry-summary\">Bioladen in Lyon.<\/div><\/div><\/div><div class=\"rimr-posts-grid-entry col-md-4\"><div class=\"entry-thumb normal-size\"><a href=\"https:\/\/rawismyreligion.com\/de\/la-vie-claire\/\"><img src=\"https:\/\/rawismyreligion.com\/wp-content\/uploads\/les-petits-prix-bio-4-500x375.jpg\" \/><\/a><\/div><div><h4 class=\"entry-title\"><a href=\"https:\/\/rawismyreligion.com\/de\/la-vie-claire\/\">La Vie Claire<\/a><\/h4><div class=\"entry-summary\">Bioladen in Lyon.<\/div><\/div><\/div><div class=\"rimr-posts-grid-entry col-md-4\"><div class=\"entry-thumb normal-size\"><a href=\"https:\/\/rawismyreligion.com\/de\/bio-in-frankreich\/bio-in-lyon\/\"><img src=\"https:\/\/rawismyreligion.com\/wp-content\/uploads\/Carrefour-Bio-4-500x375.jpg\" \/><\/a><\/div><div><h4 class=\"entry-title\"><a href=\"https:\/\/rawismyreligion.com\/de\/bio-in-frankreich\/bio-in-lyon\/\">Bio in Lyon<\/a><\/h4><div class=\"entry-summary\">Bio in Paris einkaufen.<\/div><\/div><\/div><\/div><div class=\"row\"><div class=\"rimr-posts-grid-entry col-md-4\"><div class=\"entry-thumb normal-size\"><a href=\"https:\/\/rawismyreligion.com\/de\/bio-in-frankreich\/\"><img src=\"https:\/\/rawismyreligion.com\/wp-content\/uploads\/La-Vie-Claire-lyon-3-500x375.jpg\" \/><\/a><\/div><div><h4 class=\"entry-title\"><a href=\"https:\/\/rawismyreligion.com\/de\/bio-in-frankreich\/\">Bio in Frankreich<\/a><\/h4><div class=\"entry-summary\">Alle Bio Einkaufsm\u00f6glichkeiten in Frankreich.<\/div><\/div><\/div><div class=\"rimr-posts-grid-entry col-md-4\"><div class=\"entry-thumb normal-size\"><a href=\"https:\/\/rawismyreligion.com\/de\/biocoop-lyon-ainay\/\"><img src=\"https:\/\/rawismyreligion.com\/wp-content\/uploads\/Biocoop-Lyon-Ainay-4-500x375.jpg\" \/><\/a><\/div><div><h4 class=\"entry-title\"><a href=\"https:\/\/rawismyreligion.com\/de\/biocoop-lyon-ainay\/\">Biocoop Lyon Ainay<\/a><\/h4><div class=\"entry-summary\">Bioladen in Lyon.<\/div><\/div><\/div><div class=\"rimr-posts-grid-entry col-md-4\"><div class=\"entry-thumb normal-size\"><a href=\"https:\/\/rawismyreligion.com\/de\/naturalia-lyon\/\"><img src=\"https:\/\/rawismyreligion.com\/wp-content\/uploads\/Naturalia-Lyon-1-2-500x375.jpg\" \/><\/a><\/div><div><h4 class=\"entry-title\"><a href=\"https:\/\/rawismyreligion.com\/de\/naturalia-lyon\/\">Naturalia Lyon<\/a><\/h4><div class=\"entry-summary\">Bioladen in Lyon.<\/div><\/div><\/div><\/div><div class=\"row\"><div class=\"rimr-posts-grid-entry col-md-4\"><div class=\"entry-thumb normal-size\"><a href=\"https:\/\/rawismyreligion.com\/de\/biocoop-lyon-terreaux\/\"><img src=\"https:\/\/rawismyreligion.com\/wp-content\/uploads\/biocoop-lyon-1-500x375.jpg\" \/><\/a><\/div><div><h4 class=\"entry-title\"><a href=\"https:\/\/rawismyreligion.com\/de\/biocoop-lyon-terreaux\/\">Biocoop Lyon Terreaux<\/a><\/h4><div class=\"entry-summary\">Bioladen in Lyon.<\/div><\/div><\/div><div class=\"rimr-posts-grid-entry col-md-4\"><div class=\"entry-thumb normal-size\"><a href=\"https:\/\/rawismyreligion.com\/de\/un-monde-vegan-lyon\/\"><img src=\"https:\/\/rawismyreligion.com\/wp-content\/uploads\/Un-monde-vegan-lyon-1-500x375.jpg\" \/><\/a><\/div><div><h4 class=\"entry-title\"><a href=\"https:\/\/rawismyreligion.com\/de\/un-monde-vegan-lyon\/\">Un Monde Vegan Lyon<\/a><\/h4><div class=\"entry-summary\">Veganer Supermarkt in Lyon.<\/div><\/div><\/div><div class=\"rimr-posts-grid-entry col-md-4\"><div class=\"entry-thumb normal-size\"><a href=\"https:\/\/rawismyreligion.com\/de\/carrefour-bio-2\/\"><img src=\"https:\/\/rawismyreligion.com\/wp-content\/uploads\/Carrefour-Bio-2-500x375.jpg\" \/><\/a><\/div><div><h4 class=\"entry-title\"><a href=\"https:\/\/rawismyreligion.com\/de\/carrefour-bio-2\/\">Carrefour Bio<\/a><\/h4><div class=\"entry-summary\">Bioladen in Lyon.<\/div><\/div><\/div><\/div><div class=\"row\"><div class=\"rimr-posts-grid-entry col-md-4\"><div class=\"entry-thumb normal-size\"><a href=\"https:\/\/rawismyreligion.com\/de\/leau-vive\/\"><img src=\"https:\/\/rawismyreligion.com\/wp-content\/uploads\/LEau-Vive-1-500x375.jpg\" \/><\/a><\/div><div><h4 class=\"entry-title\"><a href=\"https:\/\/rawismyreligion.com\/de\/leau-vive\/\">L'Eau Vive<\/a><\/h4><div class=\"entry-summary\">Bioladen in Lyon.<\/div><\/div><\/div><div class=\"rimr-posts-grid-entry col-md-4\"><div class=\"entry-thumb normal-size\"><a href=\"https:\/\/rawismyreligion.com\/de\/orexis-bio\/\"><img src=\"https:\/\/rawismyreligion.com\/wp-content\/uploads\/Orexis-Bio-1-500x375.jpg\" \/><\/a><\/div><div><h4 class=\"entry-title\"><a href=\"https:\/\/rawismyreligion.com\/de\/orexis-bio\/\">Orexis Bio<\/a><\/h4><div class=\"entry-summary\">Bioladen in Lyon.<\/div><\/div><\/div><div class=\"rimr-posts-grid-entry col-md-4\"><div class=\"entry-thumb normal-size\"><a href=\"https:\/\/rawismyreligion.com\/de\/biocoop-vesoul\/\"><img src=\"https:\/\/rawismyreligion.com\/wp-content\/uploads\/Biocoop-Vesoul-2-500x375.jpg\" \/><\/a><\/div><div><h4 class=\"entry-title\"><a href=\"https:\/\/rawismyreligion.com\/de\/biocoop-vesoul\/\">Biocoop Vesoul<\/a><\/h4><div class=\"entry-summary\">Bioladen in Frankreich.<\/div><\/div><\/div><\/div><div class=\"row\"><div class=\"rimr-posts-grid-entry col-md-4\"><div class=\"entry-thumb normal-size\"><a href=\"https:\/\/rawismyreligion.com\/de\/biocoop-nice-grimaldi\/\"><img src=\"https:\/\/rawismyreligion.com\/wp-content\/uploads\/bio-coop-organic-bio-market-nice-france-bio-markt-500x375.jpg\" \/><\/a><\/div><div><h4 class=\"entry-title\"><a href=\"https:\/\/rawismyreligion.com\/de\/biocoop-nice-grimaldi\/\">Biocoop Nice Grimaldi<\/a><\/h4><div class=\"entry-summary\">Bioladen in Nice.<\/div><\/div><\/div><div class=\"rimr-posts-grid-entry col-md-4\"><div class=\"entry-thumb normal-size\"><a href=\"https:\/\/rawismyreligion.com\/de\/naturalia-deroulede\/\"><img src=\"https:\/\/rawismyreligion.com\/wp-content\/uploads\/naturalia-2-organic-bio-market-nice-france-bio-markt_-500x375.jpg\" \/><\/a><\/div><div><h4 class=\"entry-title\"><a href=\"https:\/\/rawismyreligion.com\/de\/naturalia-deroulede\/\">Naturalia D\u00e9roul\u00e8de<\/a><\/h4><div class=\"entry-summary\"><\/div><\/div><\/div><div class=\"rimr-posts-grid-entry col-md-4\"><div class=\"entry-thumb normal-size\"><a href=\"https:\/\/rawismyreligion.com\/de\/le-marchand-bio\/\"><img src=\"https:\/\/rawismyreligion.com\/wp-content\/uploads\/organic-market-nice-france-le-marchant-bio_-500x375.jpg\" \/><\/a><\/div><div><h4 class=\"entry-title\"><a href=\"https:\/\/rawismyreligion.com\/de\/le-marchand-bio\/\">Le Marchand Bio<\/a><\/h4><div class=\"entry-summary\">Bioladen in Nice.<\/div><\/div><\/div><\/div><div class=\"row\"><div class=\"rimr-posts-grid-entry col-md-4\"><div class=\"entry-thumb normal-size\"><a href=\"https:\/\/rawismyreligion.com\/de\/bio-c-bon-nice-clemenceau\/\"><img src=\"https:\/\/rawismyreligion.com\/wp-content\/uploads\/bio-c-bon-organic-bio-market-nice-france-bio-markt-500x375.jpg\" \/><\/a><\/div><div><h4 class=\"entry-title\"><a href=\"https:\/\/rawismyreligion.com\/de\/bio-c-bon-nice-clemenceau\/\">Bio c' Bon Nice Cl\u00e9menceau<\/a><\/h4><div class=\"entry-summary\">Bioladen in Nice.<\/div><\/div><\/div><div class=\"rimr-posts-grid-entry col-md-4\"><div class=\"entry-thumb normal-size\"><a href=\"https:\/\/rawismyreligion.com\/de\/farmers-market-in-nice\/\"><img src=\"https:\/\/rawismyreligion.com\/wp-content\/uploads\/organic-market-farmers-market-flower-market-nice-france-bio_-3-1-500x375.jpg\" \/><\/a><\/div><div><h4 class=\"entry-title\"><a href=\"https:\/\/rawismyreligion.com\/de\/farmers-market-in-nice\/\">Farmers Market in Nice<\/a><\/h4><div class=\"entry-summary\">Kleiner Biomarkt in Nice.<\/div><\/div><\/div><div class=\"rimr-posts-grid-entry col-md-4\"><div class=\"entry-thumb normal-size\"><a href=\"https:\/\/rawismyreligion.com\/de\/naturalia-cassini\/\"><img src=\"https:\/\/rawismyreligion.com\/wp-content\/uploads\/organic-market-nice-france-naturalia-bio_-3-500x375.jpg\" \/><\/a><\/div><div><h4 class=\"entry-title\"><a href=\"https:\/\/rawismyreligion.com\/de\/naturalia-cassini\/\">Naturalia Cassini<\/a><\/h4><div class=\"entry-summary\"><\/div><\/div><\/div><\/div><div class=\"row\"><div class=\"rimr-posts-grid-entry col-md-4\"><div class=\"entry-thumb normal-size\"><a href=\"https:\/\/rawismyreligion.com\/de\/u-utile\/\"><img src=\"https:\/\/rawismyreligion.com\/wp-content\/uploads\/Veritas-Bilbao-11-500x375.jpg\" \/><\/a><\/div><div><h4 class=\"entry-title\"><a href=\"https:\/\/rawismyreligion.com\/de\/u-utile\/\">U Utile<\/a><\/h4><div class=\"entry-summary\">Supermarkt mit Bioprodukten in Isle Sur La Sorgue.<\/div><\/div><\/div><\/div><\/div>\n\n\n\n<!--tags: france 3648,organic 18866 shop 18799 -->\n\n\n\n<p><\/p>\n","protected":false},"excerpt":{"rendered":"<p>Alle Bio Einkaufsm\u00f6glichkeiten in Frankreich.<\/p>\n","protected":false},"author":1,"featured_media":77694,"parent":0,"menu_order":0,"comment_status":"closed","ping_status":"closed","template":"","meta":{"spay_email":""},"categories":[18798],"tags":[2649,3648,18866,18799],"_links":{"self":[{"href":"https:\/\/rawismyreligion.com\/de\/wp-json\/wp\/v2\/pages\/82900"}],"collection":[{"href":"https:\/\/rawismyreligion.com\/de\/wp-json\/wp\/v2\/pages"}],"about":[{"href":"https:\/\/rawismyreligion.com\/de\/wp-json\/wp\/v2\/types\/page"}],"author":[{"embeddable":true,"href":"https:\/\/rawismyreligion.com\/de\/wp-json\/wp\/v2\/users\/1"}],"replies":[{"embeddable":true,"href":"https:\/\/rawismyreligion.com\/de\/wp-json\/wp\/v2\/comments?post=82900"}],"version-history":[{"count":9,"href":"https:\/\/rawismyreligion.com\/de\/wp-json\/wp\/v2\/pages\/82900\/revisions"}],"predecessor-version":[{"id":83296,"href":"https:\/\/rawismyreligion.com\/de\/wp-json\/wp\/v2\/pages\/82900\/revisions\/83296"}],"wp:featuredmedia":[{"embeddable":true,"href":"https:\/\/rawismyreligion.com\/de\/wp-json\/wp\/v2\/media\/77694"}],"wp:attachment":[{"href":"https:\/\/rawismyreligion.com\/de\/wp-json\/wp\/v2\/media?parent=82900"}],"wp:term":[{"taxonomy":"category","embeddable":true,"href":"https:\/\/rawismyreligion.com\/de\/wp-json\/wp\/v2\/categories?post=82900"},{"taxonomy":"post_tag","embeddable":true,"href":"https:\/\/rawismyreligion.com\/de\/wp-json\/wp\/v2\/tags?post=82900"}],"curies":[{"name":"wp","href":"https:\/\/api.w.org\/{rel}","templated":true}]}}