{"id":81410,"date":"2021-03-26T13:48:28","date_gmt":"2021-03-26T21:48:28","guid":{"rendered":"https:\/\/rawismyreligion.com\/?page_id=81410"},"modified":"2021-03-29T14:19:34","modified_gmt":"2021-03-29T22:19:34","slug":"bio-in-hongkong","status":"publish","type":"page","link":"https:\/\/rawismyreligion.com\/de\/bio-kaufen-weltweit\/bio-in-hongkong\/","title":{"rendered":"Bio in Hongkong"},"content":{"rendered":"\n<p>Wir legen sehr viel Wert darauf, alles aus biologischem Anbau zu essen und stellen immer sicher, dass wir \u00fcberall die besten Orte Gesch\u00e4fte finden, um Bio-Produkte, Bioobst, Biogem\u00fcse und roh-vegane Snacks zu kaufen. Wir haben relativ viel Bio in Hongkong finden k\u00f6nnen. Hier ist einen \u00dcberblick, schau dir die die Biol\u00e4den, Biom\u00e4rkte, Bioprodukte und die Preise genauer an. <\/p>\n\n\n<div class=\"container-fuild rimr-posts-grid\"><div class=\"row\"><div class=\"rimr-posts-grid-entry col-md-4\"><div class=\"entry-thumb normal-size\"><a href=\"https:\/\/rawismyreligion.com\/de\/preise-fuer-bio-in-hongkong\/\"><img src=\"https:\/\/rawismyreligion.com\/wp-content\/uploads\/greenwoods-raw-cafe-hong-kong-1-e1620456958633-500x375.jpg\" \/><\/a><\/div><div><h4 class=\"entry-title\"><a href=\"https:\/\/rawismyreligion.com\/de\/preise-fuer-bio-in-hongkong\/\">Preise f\u00fcr Bio in Hongkong<\/a><\/h4><div class=\"entry-summary\">Was m\u00fcssen wir f\u00fcr Bio in Hongkong ausgeben.<\/div><\/div><\/div><div class=\"rimr-posts-grid-entry col-md-4\"><div class=\"entry-thumb normal-size\"><a href=\"https:\/\/rawismyreligion.com\/de\/bio-weltweit\/bio-siegel-in-hongkong\/\"><img src=\"https:\/\/rawismyreligion.com\/wp-content\/uploads\/hong-kong-organic-food-le-parc-3-500x375.jpg\" \/><\/a><\/div><div><h4 class=\"entry-title\"><a href=\"https:\/\/rawismyreligion.com\/de\/bio-weltweit\/bio-siegel-in-hongkong\/\">Bio-Siegel in Hongkong<\/a><\/h4><div class=\"entry-summary\">Bio erkennen in Hongkong.<\/div><\/div><\/div><div class=\"rimr-posts-grid-entry col-md-4\"><div class=\"entry-thumb normal-size\"><a href=\"https:\/\/rawismyreligion.com\/de\/bio-kaufen-weltweit\/bio-in-hongkong\/\"><img src=\"https:\/\/rawismyreligion.com\/wp-content\/uploads\/international-hong-kong-supermarket-organic-7-500x375.jpg\" \/><\/a><\/div><div><h4 class=\"entry-title\"><a href=\"https:\/\/rawismyreligion.com\/de\/bio-kaufen-weltweit\/bio-in-hongkong\/\">Bio in Hongkong<\/a><\/h4><div class=\"entry-summary\">Alle Biol\u00e4den in Hongkong.<\/div><\/div><\/div><\/div><\/div>\r\n\n\n\n\n<hr \/>\r\n<div style=\"text-align:center;\">\r\n<script async src=\"https:\/\/pagead2.googlesyndication.com\/pagead\/js\/adsbygoogle.js\"><\/script>\r\n<!-- Google ad 2020 -->\r\n<ins class=\"adsbygoogle\"\r\n     style=\"display:block\"\r\n     data-ad-client=\"ca-pub-9981782957400879\"\r\n     data-ad-slot=\"9899772995\"\r\n     data-ad-format=\"auto\"\r\n     data-full-width-responsive=\"true\"><\/ins>\r\n<script>\r\n     (adsbygoogle = window.adsbygoogle || []).push({});\r\n<\/script><\/div>\r\n<hr \/>\n\n\n\n<h2 id=\"block-78acf844-23f6-4c5d-a4a2-c4cdebf829a8\">Bio finden in Hongkong <\/h2>\n\n\n\n<p id=\"block-78acf844-23f6-4c5d-a4a2-c4cdebf829a8\">Alle M\u00f6glichkeiten Bio zu kaufen, die wir in Hongkong gefunden haben. Superm\u00e4rkte, kleine Biol\u00e4den und Bio-M\u00e4rkte.<\/p>\n\n\n\n<p id=\"block-78acf844-23f6-4c5d-a4a2-c4cdebf829a8\"><div class=\"container-fuild rimr-posts-grid\"><div class=\"row\"><div class=\"rimr-posts-grid-entry col-md-4\"><div class=\"entry-thumb normal-size\"><a href=\"https:\/\/rawismyreligion.com\/de\/preise-fuer-bio-in-hongkong\/\"><img src=\"https:\/\/rawismyreligion.com\/wp-content\/uploads\/greenwoods-raw-cafe-hong-kong-1-e1620456958633-500x375.jpg\" \/><\/a><\/div><div><h4 class=\"entry-title\"><a href=\"https:\/\/rawismyreligion.com\/de\/preise-fuer-bio-in-hongkong\/\">Preise f\u00fcr Bio in Hongkong<\/a><\/h4><div class=\"entry-summary\">Was m\u00fcssen wir f\u00fcr Bio in Hongkong ausgeben.<\/div><\/div><\/div><div class=\"rimr-posts-grid-entry col-md-4\"><div class=\"entry-thumb normal-size\"><a href=\"https:\/\/rawismyreligion.com\/de\/city-super\/\"><img src=\"https:\/\/rawismyreligion.com\/wp-content\/uploads\/organic-hong-kong-city-super-500x375.jpg\" \/><\/a><\/div><div><h4 class=\"entry-title\"><a href=\"https:\/\/rawismyreligion.com\/de\/city-super\/\">City Super<\/a><\/h4><div class=\"entry-summary\">Bio im Supermarkt in Hongkong.<\/div><\/div><\/div><div class=\"rimr-posts-grid-entry col-md-4\"><div class=\"entry-thumb normal-size\"><a href=\"https:\/\/rawismyreligion.com\/de\/edgar-store\/\"><img src=\"https:\/\/rawismyreligion.com\/wp-content\/uploads\/edgar-organic-hong-kong-2-500x375.jpg\" \/><\/a><\/div><div><h4 class=\"entry-title\"><a href=\"https:\/\/rawismyreligion.com\/de\/edgar-store\/\">Edgar Store<\/a><\/h4><div class=\"entry-summary\">Kleiner Laden mit Bio Produkten in Hongkong.<\/div><\/div><\/div><\/div><div class=\"row\"><div class=\"rimr-posts-grid-entry col-md-4\"><div class=\"entry-thumb normal-size\"><a href=\"https:\/\/rawismyreligion.com\/de\/live-zero\/\"><img src=\"https:\/\/rawismyreligion.com\/wp-content\/uploads\/live-zero-hong-kong-9-500x375.jpg\" \/><\/a><\/div><div><h4 class=\"entry-title\"><a href=\"https:\/\/rawismyreligion.com\/de\/live-zero\/\">Live zero<\/a><\/h4><div class=\"entry-summary\">Kleiner Unverpackt Laden f\u00fcr nat\u00fcrliche Kosmetik und K\u00fcchenutensilien.<\/div><\/div><\/div><div class=\"rimr-posts-grid-entry col-md-4\"><div class=\"entry-thumb normal-size\"><a href=\"https:\/\/rawismyreligion.com\/de\/ms\/\"><img src=\"https:\/\/rawismyreligion.com\/wp-content\/uploads\/Marks-and-spenser-organic-hong-kong-5-500x375.jpg\" \/><\/a><\/div><div><h4 class=\"entry-title\"><a href=\"https:\/\/rawismyreligion.com\/de\/ms\/\">M&S<\/a><\/h4><div class=\"entry-summary\">Bio im Supermarkt in Hongkong.<\/div><\/div><\/div><div class=\"rimr-posts-grid-entry col-md-4\"><div class=\"entry-thumb normal-size\"><a href=\"https:\/\/rawismyreligion.com\/de\/market-place\/\"><img src=\"https:\/\/rawismyreligion.com\/wp-content\/uploads\/hong-kong-organic-market-place_-500x375.jpg\" \/><\/a><\/div><div><h4 class=\"entry-title\"><a href=\"https:\/\/rawismyreligion.com\/de\/market-place\/\">Market Place<\/a><\/h4><div class=\"entry-summary\">Bio im Supermarkt in Hongkong.<\/div><\/div><\/div><\/div><div class=\"row\"><div class=\"rimr-posts-grid-entry col-md-4\"><div class=\"entry-thumb normal-size\"><a href=\"https:\/\/rawismyreligion.com\/de\/food-le-parc\/\"><img src=\"https:\/\/rawismyreligion.com\/wp-content\/uploads\/hong-kong-organic-food-le-parc-3-500x375.jpg\" \/><\/a><\/div><div><h4 class=\"entry-title\"><a href=\"https:\/\/rawismyreligion.com\/de\/food-le-parc\/\">Food le parc<\/a><\/h4><div class=\"entry-summary\">Bio im Supermarkt in Hongkong.<\/div><\/div><\/div><div class=\"rimr-posts-grid-entry col-md-4\"><div class=\"entry-thumb normal-size\"><a href=\"https:\/\/rawismyreligion.com\/de\/live-zero-bulk-foods\/\"><img src=\"https:\/\/rawismyreligion.com\/wp-content\/uploads\/Live-Zero-Bulk-Foods-hong-kong-organic_-11-500x375.jpg\" \/><\/a><\/div><div><h4 class=\"entry-title\"><a href=\"https:\/\/rawismyreligion.com\/de\/live-zero-bulk-foods\/\">Live Zero Bulk Foods<\/a><\/h4><div class=\"entry-summary\">Unverpackte und Bioprodukte in Hongkong.<\/div><\/div><\/div><div class=\"rimr-posts-grid-entry col-md-4\"><div class=\"entry-thumb normal-size\"><a href=\"https:\/\/rawismyreligion.com\/de\/natures-blessing\/\"><img src=\"https:\/\/rawismyreligion.com\/wp-content\/uploads\/natures-blessing-hong-kong-organic_-500x375.jpg\" \/><\/a><\/div><div><h4 class=\"entry-title\"><a href=\"https:\/\/rawismyreligion.com\/de\/natures-blessing\/\">Nature's Blessing<\/a><\/h4><div class=\"entry-summary\">Kleiner Bioladen in Hongkong.<\/div><\/div><\/div><\/div><div class=\"row\"><div class=\"rimr-posts-grid-entry col-md-4\"><div class=\"entry-thumb normal-size\"><a href=\"https:\/\/rawismyreligion.com\/de\/organic-plus\/\"><img src=\"https:\/\/rawismyreligion.com\/wp-content\/uploads\/organic-plus-hong-kong-organic_-2-500x375.jpg\" \/><\/a><\/div><div><h4 class=\"entry-title\"><a href=\"https:\/\/rawismyreligion.com\/de\/organic-plus\/\">Organic plus<\/a><\/h4><div class=\"entry-summary\">Bioladen in Hongkong.<\/div><\/div><\/div><div class=\"rimr-posts-grid-entry col-md-4\"><div class=\"entry-thumb normal-size\"><a href=\"https:\/\/rawismyreligion.com\/de\/eco-shop\/\"><img src=\"https:\/\/rawismyreligion.com\/wp-content\/uploads\/eco-shop-organic-Hong-Kong-2-500x375.jpg\" \/><\/a><\/div><div><h4 class=\"entry-title\"><a href=\"https:\/\/rawismyreligion.com\/de\/eco-shop\/\">Eco Shop<\/a><\/h4><div class=\"entry-summary\">Mini-Bioladen in Hongkong.<\/div><\/div><\/div><div class=\"rimr-posts-grid-entry col-md-4\"><div class=\"entry-thumb normal-size\"><a href=\"https:\/\/rawismyreligion.com\/de\/yata-supermarket\/\"><img src=\"https:\/\/rawismyreligion.com\/wp-content\/uploads\/yata-supermarket-organic-hong-kong-500x375.jpg\" \/><\/a><\/div><div><h4 class=\"entry-title\"><a href=\"https:\/\/rawismyreligion.com\/de\/yata-supermarket\/\">Yata Supermarket<\/a><\/h4><div class=\"entry-summary\">Bio in Supermarkt in Hongkong.<\/div><\/div><\/div><\/div><div class=\"row\"><div class=\"rimr-posts-grid-entry col-md-4\"><div class=\"entry-thumb normal-size\"><a href=\"https:\/\/rawismyreligion.com\/de\/green-common\/\"><img src=\"https:\/\/rawismyreligion.com\/wp-content\/uploads\/green-common-organic-hong-kong-17-500x373.jpg\" \/><\/a><\/div><div><h4 class=\"entry-title\"><a href=\"https:\/\/rawismyreligion.com\/de\/green-common\/\">Green Common<\/a><\/h4><div class=\"entry-summary\">Bioladen in Hongkong.<\/div><\/div><\/div><div class=\"rimr-posts-grid-entry col-md-4\"><div class=\"entry-thumb normal-size\"><a href=\"https:\/\/rawismyreligion.com\/de\/tai-po-farmers-market-bio-in-hongkong\/\"><img src=\"https:\/\/rawismyreligion.com\/wp-content\/uploads\/Tai-Po-Farmers-Market-organic-hong-kong-20-500x375.jpg\" \/><\/a><\/div><div><h4 class=\"entry-title\"><a href=\"https:\/\/rawismyreligion.com\/de\/tai-po-farmers-market-bio-in-hongkong\/\">Tai Po Farmers\u2019 Market \u5927\u57d4\u8fb2\u589f<\/a><\/h4><div class=\"entry-summary\"><\/div><\/div><\/div><div class=\"rimr-posts-grid-entry col-md-4\"><div class=\"entry-thumb normal-size\"><a href=\"https:\/\/rawismyreligion.com\/de\/farmers-market-central-on-wednesday\/\"><img src=\"https:\/\/rawismyreligion.com\/wp-content\/uploads\/Farmers-Market-Central-Star-Ferry-Pier-7-Hong-Kong-Organic-12-500x375.jpg\" \/><\/a><\/div><div><h4 class=\"entry-title\"><a href=\"https:\/\/rawismyreligion.com\/de\/farmers-market-central-on-wednesday\/\">Farmers' Market Central on Wednesday<\/a><\/h4><div class=\"entry-summary\"><\/div><\/div><\/div><\/div><div class=\"row\"><div class=\"rimr-posts-grid-entry col-md-4\"><div class=\"entry-thumb normal-size\"><a href=\"https:\/\/rawismyreligion.com\/de\/farmers-market-central-on-sunday\/\"><img src=\"https:\/\/rawismyreligion.com\/wp-content\/uploads\/organic-market-pier-central-7-hong-kong-5-1-500x375.jpg\" \/><\/a><\/div><div><h4 class=\"entry-title\"><a href=\"https:\/\/rawismyreligion.com\/de\/farmers-market-central-on-sunday\/\">Farmers' Market Central on Sunday<\/a><\/h4><div class=\"entry-summary\"><\/div><\/div><\/div><div class=\"rimr-posts-grid-entry col-md-4\"><div class=\"entry-thumb normal-size\"><a href=\"https:\/\/rawismyreligion.com\/de\/greenwoods-raw-cafe-store\/\"><img src=\"https:\/\/rawismyreligion.com\/wp-content\/uploads\/greenwoods-raw-cafe-hong-kong-5-500x375.jpg\" \/><\/a><\/div><div><h4 class=\"entry-title\"><a href=\"https:\/\/rawismyreligion.com\/de\/greenwoods-raw-cafe-store\/\">GREENWOODS RAW CAFE Store<\/a><\/h4><div class=\"entry-summary\">Bioprodukte im Shop des Roh-Cafes in Hongkong.<\/div><\/div><\/div><div class=\"rimr-posts-grid-entry col-md-4\"><div class=\"entry-thumb normal-size\"><a href=\"https:\/\/rawismyreligion.com\/de\/u-select\/\"><img src=\"https:\/\/rawismyreligion.com\/wp-content\/uploads\/u-select-organic-supermarket-4-500x375.jpg\" \/><\/a><\/div><div><h4 class=\"entry-title\"><a href=\"https:\/\/rawismyreligion.com\/de\/u-select\/\">U select<\/a><\/h4><div class=\"entry-summary\">Bio im Supermarkt in Hongkong.<\/div><\/div><\/div><\/div><div class=\"row\"><div class=\"rimr-posts-grid-entry col-md-4\"><div class=\"entry-thumb normal-size\"><a href=\"https:\/\/rawismyreligion.com\/de\/tree-shop\/\"><img src=\"https:\/\/rawismyreligion.com\/wp-content\/uploads\/tree-organic-500x375.jpg\" \/><\/a><\/div><div><h4 class=\"entry-title\"><a href=\"https:\/\/rawismyreligion.com\/de\/tree-shop\/\">Tree Shop<\/a><\/h4><div class=\"entry-summary\">Small shop with limited selection of organic greens.<\/div><\/div><\/div><div class=\"rimr-posts-grid-entry col-md-4\"><div class=\"entry-thumb normal-size\"><a href=\"https:\/\/rawismyreligion.com\/de\/spice-box\/\"><img src=\"https:\/\/rawismyreligion.com\/wp-content\/uploads\/spice-bar-organic-Hong-Kong-2-500x375.jpg\" \/><\/a><\/div><div><h4 class=\"entry-title\"><a href=\"https:\/\/rawismyreligion.com\/de\/spice-box\/\">Spice box organics<\/a><\/h4><div class=\"entry-summary\">Great organic nuts, spices and homemade goodies.<\/div><\/div><\/div><div class=\"rimr-posts-grid-entry col-md-4\"><div class=\"entry-thumb normal-size\"><a href=\"https:\/\/rawismyreligion.com\/de\/superstore-hong-kong-island\/\"><img src=\"https:\/\/rawismyreligion.com\/wp-content\/uploads\/superstore-organic-hong-kong-12-500x375.jpg\" \/><\/a><\/div><div><h4 class=\"entry-title\"><a href=\"https:\/\/rawismyreligion.com\/de\/superstore-hong-kong-island\/\">Fusion, Park and Shop, International<\/a><\/h4><div class=\"entry-summary\">Bio in Superm\u00e4rkten in Hongkong.<\/div><\/div><\/div><\/div><div class=\"row\"><div class=\"rimr-posts-grid-entry col-md-4\"><div class=\"entry-thumb normal-size\"><a href=\"https:\/\/rawismyreligion.com\/de\/natures-village-hong-kong\/\"><img src=\"https:\/\/rawismyreligion.com\/wp-content\/uploads\/organic-natures-village-hong-kong-2-500x375.jpg\" \/><\/a><\/div><div><h4 class=\"entry-title\"><a href=\"https:\/\/rawismyreligion.com\/de\/natures-village-hong-kong\/\">Nature's Village \u6a02\u5065\u574a<\/a><\/h4><div class=\"entry-summary\">Bio im Nahrungserg\u00e4nzungsmittel-Gesch\u00e4ft in Hongkong.<\/div><\/div><\/div><div class=\"rimr-posts-grid-entry col-md-4\"><div class=\"entry-thumb normal-size\"><a href=\"https:\/\/rawismyreligion.com\/de\/justgreen\/\"><img src=\"https:\/\/rawismyreligion.com\/wp-content\/uploads\/organic-just-green-1-hong-kong-9-500x375.jpg\" \/><\/a><\/div><div><h4 class=\"entry-title\"><a href=\"https:\/\/rawismyreligion.com\/de\/justgreen\/\">JustGreen<\/a><\/h4><div class=\"entry-summary\">Bioladenkette in Hongkong, die es leider nicht mehr gibt.<\/div><\/div><\/div><div class=\"rimr-posts-grid-entry col-md-4\"><div class=\"entry-thumb normal-size\"><a href=\"https:\/\/rawismyreligion.com\/de\/organic-wellcome-hongkong\/\"><img src=\"https:\/\/rawismyreligion.com\/wp-content\/uploads\/organic-hong-kong-welcome-6-500x375.jpg\" \/><\/a><\/div><div><h4 class=\"entry-title\"><a href=\"https:\/\/rawismyreligion.com\/de\/organic-wellcome-hongkong\/\">Organic at Wellcome<\/a><\/h4><div class=\"entry-summary\">Etwas bio im Welcome-Supermarkt in Hongkong.<\/div><\/div><\/div><\/div><div class=\"row\"><div class=\"rimr-posts-grid-entry col-md-4\"><div class=\"entry-thumb normal-size\"><a href=\"https:\/\/rawismyreligion.com\/de\/great-food-hall\/\"><img src=\"https:\/\/rawismyreligion.com\/wp-content\/uploads\/organic-hong-kong-great-41-500x375.jpg\" \/><\/a><\/div><div><h4 class=\"entry-title\"><a href=\"https:\/\/rawismyreligion.com\/de\/great-food-hall\/\">Great Food Hall<\/a><\/h4><div class=\"entry-summary\">Bio in Hongkong in der Great Food Hall.<\/div><\/div><\/div><\/div><\/div>\n\n\n\n<!--tags: hongkong 14235  organic 18866 shop 18799-->\n\n\n\n<p>Bevor wir nach Hongkong kamen, haben wir im Voraus geschaut ob es Bioprodukte gibt. Wir haben uns eine Liste mit allen Biol\u00e4den, Biom\u00e4rkten und Bioliefercervicen erstellt, wo wir potentiel einkaufen k\u00f6nnten. <\/p>\n\n\n\n<p>Dadurch konnten wir bereits am Tag unserer Ankunft einige Bioprodukte in Hongkong besorgen, ohne lang im Internet suchen zu m\u00fcssen oder Menschen zu befragen. <\/p>\n\n\n\n<p>Die Sache mit dem Nachfragen ist schwierig. Menschen, die kein bio selbst kaufen, kenne sich nicht aus. Es ist \u00fcberall auf der Welt so, aber auch in Hongkong. Menschen wissen entweder nicht wo es Biol\u00e4den in Hongkong gibt, oder ausgehen davon aus, dass alles Obst\/Gem\u00fcse bio ist. Das hilft uns nat\u00fcrlich kaum weiter.<\/p>\n\n\n\n<p>Bio ist nur garantiert bio in Hongkong wie \u00fcberall nur dann, wenn es bio-ZERTIFIZIERT ist. Viele Bio-Produkte, die es in Hongkong zu kaufen gibt,  sind  importiert. Hier in Hongkong werden einige Produkte lokal angebaut und haben ein USDA- oder chinesisches Bio-Zertifikat. Mehr zum <a href=\"https:\/\/rawismyreligion.com\/de\/bio-weltweit\/bio-siegel-in-hongkong\/\" target=\"_blank\" rel=\"noreferrer noopener\">Bio-Siegel in Hongkong<\/a> habe ich hier geschrieben.<\/p>\n\n\n\n<h2 id=\"h-gibt-es-viel-bio-in-hongkong\">Gibt es viel bio in Hongkong?<\/h2>\n\n\n\n<p>Die Antwort ist nein. Am schockierendsten ist die sehr schlechte Verf\u00fcgbarkeit lokaler Fr\u00fcchte. Wahrscheinlich aufgrund der Jahreszeit, wir waren im November da. Die importierten Fr\u00fcchte sind sehr teuer, Bananen 11 HKD (~ 1 \u20ac + \/ 1 $ +) pro St\u00fcck. mehr zu Preisen habe ich <a href=\"https:\/\/rawismyreligion.com\/de\/?p=81637\" target=\"_blank\" rel=\"noreferrer noopener\">hier<\/a> geschrieben.<\/p>\n\n\n\n<p>Das Bio-Gr\u00fcn und Bio-Gem\u00fcse hingegen sind leichter zu finden und die lokalen angebauten Bio-Produkte sind nicht sehr teuer. Bio-N\u00fcsse und Bio-Samen sind ebenfalls leicht zu finden, aber die N\u00fcsse sind selten Rohkost-Qualit\u00e4t. <\/p>\n\n\n\n<p>Kosmetik, Reinigungsmittel und Waschmittel sind auch in allen Biol\u00e4den\/Reformh\u00e4usern leicht zu bekommen.<\/p>\n\n\n\n<p><a name=\"supermarkets\"><\/a><\/p>\n\n\n\n<h1 id=\"h-superm-rkte-mit-bioprodukten-in-hongkong\">Superm\u00e4rkte mit Bioprodukten in Hongkong<\/h1>\n\n\n\n<p>Der einfachste und sicherste Weg an Bioprodukte in Hongkong zu kommen sind die Superm\u00e4rkte. Wie auch in Deutschland, bieten gro\u00dfe Supermaktketten viele Bioprodukte an. Biogem\u00fcse, haltbare Bioprodukte und vegane Milch sowie vegane Fleischalternativen gibt es fast in jedem gr\u00f6\u00dferen Supermarkt in Hongkong.<\/p>\n\n\n\n<p>Bioobst fanden wir in Superm\u00e4rkten in Hongkong schon weniger. Nachteil der Bio-Produkte in Superm\u00e4rkten inst wi \u00fcberall auf der Welt die Plastikverpackung. Aber Gl\u00fccklicherweise haben wir auch einige <a href=\"https:\/\/rawismyreligion.com\/de\/unverpackt-laeden\/\" target=\"_blank\" rel=\"noreferrer noopener\">Unverpackl\u00e4den<\/a> in Hongkong gefunden sowie <a href=\"https:\/\/rawismyreligion.com\/de\/?s=hongkong+farmers-market\" target=\"_blank\" rel=\"noreferrer noopener\">Bauernm\u00e4rkte<\/a> mit unverpacktem Gem\u00fcse.<\/p>\n\n\n\n<p><a name=\"farmersmarkets\"><\/a><\/p>\n\n\n\n<h1 id=\"h-biom-rkte-bauernm-rkte-mit-bioprodukten-in-hongkong\">Biom\u00e4rkte \/ Bauernm\u00e4rkte mit Bioprodukten in Hongkong<\/h1>\n\n\n\n<p>Es gibt einige wenige Biom\u00e4rkte in Hongkong mit frischem Biogem\u00fcse direkt von den Produzenten. Biom\u00e4rkte sind immer an einem bestimmten Tag, nicht immer verkehrsg\u00fcnstig gelegen und der Besuch muss gut geplant werden. Au\u00dferdem ist die Auswahl an Bioobst und Biogem\u00fcse nicht vorhersehbar und ein Backup-Plan kann nicht schaden. Bio ist sehr beliebt und wie \u00fcberall, m\u00fcssen wir bei den Biom\u00e4rkten in Hongkong p\u00fcnktlich zur Er\u00f6ffnung kommen.<\/p>\n\n\n\n<p><a name=\"healthfoodstores\"><\/a><\/p>\n\n\n\n<h1 id=\"h-kleine-biol-den-reformh-user-mit-bioprodukten-in-hongkong\">Kleine Biol\u00e4den \/ Reformh\u00e4user mit Bioprodukten in Hongkong<\/h1>\n\n\n\n<p>Biol\u00e4den und Reformh\u00e4user sind in Hongkong die Sicherste Nummer f\u00fcr Bio. Leider gibt es nicht sehr viele und die besten haben sogar zugemacht seit wir da waren. Es lohnt sich auf jeden fall die Biol\u00e4den und Reformh\u00e4user in Hongkong aufzusuchen. Dort gibt es definitiv einiges, was es in Superm\u00e4rkten an Bio nicht gibt. Hier auch unbedingt auf zertifizierung achten. Den Diese Gesch\u00e4fte sind keinen reinen Biogesch\u00e4fte, auch wenn vieles hier bio ist.<\/p>\n\n\n\n<p>In Hongkong waren kleine Biol\u00e4den tats\u00e4chlich unsere wichtigsten Anlaufstellen. Unsere 2. Wohnung haben wir in der N\u00e4he von 2 Biol\u00e4den genommen und konnten auch zu einem Bauernmarkt von der Wohnung aus laufen. Ansonsten ist der Weg immer etwas weiter zu dem Biol\u00e4den in Hongkong.<\/p>\n\n\n\n<p>Wie sind auch sehr oft zu einem Welcome bei uns in der N\u00e4he gegangen. Einges wie Bio-\u00c4pfel und Bio-Orangen konnten wir sehr einfach und zuverl\u00e4ssig dort bekommen, so wie einiges an Biogem\u00fcse.<\/p>\n\n\n\n<h2 id=\"h-restaurant-mit-bioprodukten-in-hongkong\">Restaurant mit Bioprodukten in Hongkong<\/h2>\n\n\n\n<p>Wir waren auch in einem Rohkost-Restaurant in Hongkong und dort gab es einen ziemlich guten Bioladen nebendran. <\/p>\n\n\n\n<div class=\"row\">\r\n<div class=\"col-md-3\"><img src=\"https:\/\/rawismyreligion.com\/wp-content\/uploads\/food-shopping-rawismyreligion.jpg\" alt=\"rohkost bio einkauf rawismyreligion\" width=\"2160\" height=\"1620\" class=\"aligncenter size-full wp-image-43116\" \/>\r\n<\/div>\r\n<div class=\"col-md-9\"><h3>Einkaufen<\/h3>Hochwertige Lebensmittel sind mir sehr wichtig. Ich kaufe ausnahmslos bio, versuche dabei regional, saisonal und plastikfrei einzukaufen. Ich mache es f\u00fcr meine Gesundheit, die anderen und den Planeten.\r\n<\/div>\r\n<\/div>\r\n\r\n\r\n\n","protected":false},"excerpt":{"rendered":"<p>Alle Biol\u00e4den in Hongkong.<\/p>\n","protected":false},"author":1,"featured_media":56906,"parent":79401,"menu_order":0,"comment_status":"closed","ping_status":"closed","template":"","meta":{"spay_email":""},"categories":[18798],"tags":[2649,14235,18866,18799],"_links":{"self":[{"href":"https:\/\/rawismyreligion.com\/de\/wp-json\/wp\/v2\/pages\/81410"}],"collection":[{"href":"https:\/\/rawismyreligion.com\/de\/wp-json\/wp\/v2\/pages"}],"about":[{"href":"https:\/\/rawismyreligion.com\/de\/wp-json\/wp\/v2\/types\/page"}],"author":[{"embeddable":true,"href":"https:\/\/rawismyreligion.com\/de\/wp-json\/wp\/v2\/users\/1"}],"replies":[{"embeddable":true,"href":"https:\/\/rawismyreligion.com\/de\/wp-json\/wp\/v2\/comments?post=81410"}],"version-history":[{"count":23,"href":"https:\/\/rawismyreligion.com\/de\/wp-json\/wp\/v2\/pages\/81410\/revisions"}],"predecessor-version":[{"id":81687,"href":"https:\/\/rawismyreligion.com\/de\/wp-json\/wp\/v2\/pages\/81410\/revisions\/81687"}],"up":[{"embeddable":true,"href":"https:\/\/rawismyreligion.com\/de\/wp-json\/wp\/v2\/pages\/79401"}],"wp:featuredmedia":[{"embeddable":true,"href":"https:\/\/rawismyreligion.com\/de\/wp-json\/wp\/v2\/media\/56906"}],"wp:attachment":[{"href":"https:\/\/rawismyreligion.com\/de\/wp-json\/wp\/v2\/media?parent=81410"}],"wp:term":[{"taxonomy":"category","embeddable":true,"href":"https:\/\/rawismyreligion.com\/de\/wp-json\/wp\/v2\/categories?post=81410"},{"taxonomy":"post_tag","embeddable":true,"href":"https:\/\/rawismyreligion.com\/de\/wp-json\/wp\/v2\/tags?post=81410"}],"curies":[{"name":"wp","href":"https:\/\/api.w.org\/{rel}","templated":true}]}}