{"id":80768,"date":"2021-03-22T01:52:30","date_gmt":"2021-03-22T09:52:30","guid":{"rendered":"https:\/\/rawismyreligion.com\/?p=80768"},"modified":"2021-04-09T03:26:34","modified_gmt":"2021-04-09T11:26:34","slug":"suessungsmittel-suess-wie-zucker-suessungsmittel-in-der-rohkostkuche","status":"publish","type":"page","link":"https:\/\/rawismyreligion.com\/de\/bio-zutaten-fuer-rohkostgerichte\/suessungsmittel-suess-wie-zucker-suessungsmittel-in-der-rohkostkuche\/","title":{"rendered":"S\u00fc\u00dfungsmittel"},"content":{"rendered":"\n<figure class=\"wp-block-image size-large\"><img loading=\"lazy\" width=\"1024\" height=\"768\" src=\"https:\/\/rawismyreligion.com\/wp-content\/uploads\/gesunder-zucker-apfel-2-1024x768.jpg\" alt=\"S\u00fc\u00dfungsmittel in der Rohkostk\u00fcche.\" class=\"wp-image-80341\" srcset=\"https:\/\/rawismyreligion.com\/wp-content\/uploads\/gesunder-zucker-apfel-2-1024x768.jpg 1024w, https:\/\/rawismyreligion.com\/wp-content\/uploads\/gesunder-zucker-apfel-2-300x225.jpg 300w, https:\/\/rawismyreligion.com\/wp-content\/uploads\/gesunder-zucker-apfel-2-768x576.jpg 768w, https:\/\/rawismyreligion.com\/wp-content\/uploads\/gesunder-zucker-apfel-2-1536x1152.jpg 1536w, https:\/\/rawismyreligion.com\/wp-content\/uploads\/gesunder-zucker-apfel-2-500x375.jpg 500w, https:\/\/rawismyreligion.com\/wp-content\/uploads\/gesunder-zucker-apfel-2-1040x780.jpg 1040w, https:\/\/rawismyreligion.com\/wp-content\/uploads\/gesunder-zucker-apfel-2.jpg 2000w\" sizes=\"(max-width: 1024px) 100vw, 1024px\" \/><\/figure>\n\n\n\n<p>In der Rohkostk\u00fcche, je nach K\u00fcche nat\u00fcrlich, werden verschiedene S\u00fc\u00dfungsmittel verwendet. Da die Rohkostk\u00fcche nicht homogen ist und Frutarier sich als Rohk\u00f6stler bekennen, als auch die Gourmet-Rohkostfans, habe ich alle Zutaten eingeschlossen, die ich in in Rohkost-Gerichten und Rohkost-Rezeptb\u00fcchern gesehen habe.<\/p>\n\n\n\n<div class=\"wp-block-columns\">\n<div class=\"wp-block-column\">\n<div class=\"container-fuild rimr-posts-grid\"><\/div>\n<\/div>\n\n\n\n<div class=\"wp-block-column\">\n<iframe style=\"width:120px;height:240px;\" marginwidth=\"0\" marginheight=\"0\" scrolling=\"no\" frameborder=\"0\" src=\"\/\/ws-eu.amazon-adsystem.com\/widgets\/q?ServiceVersion=20070822&amp;OneJS=1&amp;Operation=GetAdHtml&amp;MarketPlace=DE&amp;source=ss&amp;ref=as_ss_li_til&amp;ad_type=product_link&amp;tracking_id=rawismyreligi-21&amp;language=de_DE&amp;marketplace=amazon&amp;region=DE&amp;placement=B08MCJBM2T&amp;asins=B08MCJBM2T&amp;linkId=37520b31b9c21174b34779397d51d529&amp;show_border=true&amp;link_opens_in_new_window=true\"><\/iframe>\n<iframe style=\"width:120px;height:240px;\" marginwidth=\"0\" marginheight=\"0\" scrolling=\"no\" frameborder=\"0\" src=\"\/\/ws-eu.amazon-adsystem.com\/widgets\/q?ServiceVersion=20070822&amp;OneJS=1&amp;Operation=GetAdHtml&amp;MarketPlace=DE&amp;source=ss&amp;ref=as_ss_li_til&amp;ad_type=product_link&amp;tracking_id=rawismyreligi-21&amp;language=de_DE&amp;marketplace=amazon&amp;region=DE&amp;placement=B0161R5BAO&amp;asins=B0161R5BAO&amp;linkId=f5422001d8e566b26189b400f8c4379a&amp;show_border=true&amp;link_opens_in_new_window=true\"><\/iframe>\n<\/div>\n<\/div>\n\n\n\n<p><\/p>\n\n\n\n<figure class=\"wp-block-image size-large\"><img loading=\"lazy\" width=\"1024\" height=\"768\" src=\"https:\/\/rawismyreligion.com\/wp-content\/uploads\/suesungsmitte-bio-zucker-1024x768.jpg\" alt=\"Rohkost S\u00fc\u00dfungsmittel\" class=\"wp-image-80217\" srcset=\"https:\/\/rawismyreligion.com\/wp-content\/uploads\/suesungsmitte-bio-zucker-1024x768.jpg 1024w, https:\/\/rawismyreligion.com\/wp-content\/uploads\/suesungsmitte-bio-zucker-300x225.jpg 300w, https:\/\/rawismyreligion.com\/wp-content\/uploads\/suesungsmitte-bio-zucker-768x576.jpg 768w, https:\/\/rawismyreligion.com\/wp-content\/uploads\/suesungsmitte-bio-zucker-1536x1152.jpg 1536w, https:\/\/rawismyreligion.com\/wp-content\/uploads\/suesungsmitte-bio-zucker-500x375.jpg 500w, https:\/\/rawismyreligion.com\/wp-content\/uploads\/suesungsmitte-bio-zucker-1040x780.jpg 1040w, https:\/\/rawismyreligion.com\/wp-content\/uploads\/suesungsmitte-bio-zucker.jpg 2000w\" sizes=\"(max-width: 1024px) 100vw, 1024px\" \/><\/figure>\n\n\n\n<h2 id=\"h-liste-der-s-ungsmittel-in-der-rohkostk-che-nach-beliebtheit\">Liste der S\u00fc\u00dfungsmittel in der Rohkostk\u00fcche nach Beliebtheit:<\/h2>\n\n\n\n<ul><li>Agave<\/li><li>Datteln<\/li><li>Kokossbl\u00fctenzucker<\/li><li>Obst<\/li><li>Kokoszucker<\/li><li>Trockenobst<\/li><li>Ahornsirup<\/li><li>Apfeldicksaft<\/li><li>Xylit<\/li><li>Dattelzucker<\/li><li>Dattelsirup<\/li><li>Yaconsirup<\/li><li>Melasse<\/li><li>Zuckerrohrsaft<\/li><\/ul>\n\n\n\n<a href=\"https:\/\/rawismyreligion.com\/de\/suessungsmittel-suess-wie-zucker-suessungsmittel-in-der-rohkostkuche\/\" target=\"_blank\" rel=\"noreferrer noopener\"><h2>Beliebte S\u00fc\u00dfungsmittel und Zuckeralternativen<\/h2><\/a>\r\n\r\n<div class=\"container-fuild rimr-posts-grid\"><div class=\"row\"><div class=\"rimr-posts-grid-entry col-md-4\"><div class=\"entry-thumb normal-size\"><a href=\"https:\/\/rawismyreligion.com\/de\/tipps-fuer-weniger-zucker\/\"><img src=\"https:\/\/rawismyreligion.com\/wp-content\/uploads\/suesungsmitte-bio-zucker-500x375.jpg\" \/><\/a><\/div><div><h4 class=\"entry-title\"><a href=\"https:\/\/rawismyreligion.com\/de\/tipps-fuer-weniger-zucker\/\">Tipps f\u00fcr weniger Zucker<\/a><\/h4><\/div><\/div><div class=\"rimr-posts-grid-entry col-md-4\"><div class=\"entry-thumb normal-size\"><a href=\"https:\/\/rawismyreligion.com\/de\/gesunde-zuckeralternativen\/\"><img src=\"https:\/\/rawismyreligion.com\/wp-content\/uploads\/gesunder-zucker-apfel-2-500x375.jpg\" \/><\/a><\/div><div><h4 class=\"entry-title\"><a href=\"https:\/\/rawismyreligion.com\/de\/gesunde-zuckeralternativen\/\">Gesunde Zuckeralternativen?<\/a><\/h4><\/div><\/div><div class=\"rimr-posts-grid-entry col-md-4\"><div class=\"entry-thumb normal-size\"><a href=\"https:\/\/rawismyreligion.com\/de\/bio-zutaten-fuer-rohkostgerichte\/suessungsmittel-suess-wie-zucker-suessungsmittel-in-der-rohkostkuche\/\"><img src=\"https:\/\/rawismyreligion.com\/wp-content\/uploads\/gesunder-zucker-apfel-2-500x375.jpg\" \/><\/a><\/div><div><h4 class=\"entry-title\"><a href=\"https:\/\/rawismyreligion.com\/de\/bio-zutaten-fuer-rohkostgerichte\/suessungsmittel-suess-wie-zucker-suessungsmittel-in-der-rohkostkuche\/\">S\u00fc\u00dfungsmittel<\/a><\/h4><\/div><\/div><\/div><\/div>\r\n<div class=\"container-fuild rimr-posts-grid\"><div class=\"row\"><div class=\"rimr-posts-grid-entry col-md-4\"><div class=\"entry-thumb normal-size\"><a href=\"https:\/\/rawismyreligion.com\/de\/veganer-honig-selber-machen-oder-kaufen\/\"><img src=\"https:\/\/rawismyreligion.com\/wp-content\/uploads\/veganer-honig-verschiedene-sorten-3-500x375.jpg\" \/><\/a><\/div><div><h4 class=\"entry-title\"><a href=\"https:\/\/rawismyreligion.com\/de\/veganer-honig-selber-machen-oder-kaufen\/\">veganer Honig<\/a><\/h4><\/div><\/div><div class=\"rimr-posts-grid-entry col-md-4\"><div class=\"entry-thumb normal-size\"><a href=\"https:\/\/rawismyreligion.com\/de\/apfeldicksaft-bio\/\"><img src=\"https:\/\/rawismyreligion.com\/wp-content\/uploads\/apfeldicksaft-bio-mit-apfel-zucker-500x375.jpg\" \/><\/a><\/div><div><h4 class=\"entry-title\"><a href=\"https:\/\/rawismyreligion.com\/de\/apfeldicksaft-bio\/\">Apfeldicksaft<\/a><\/h4><\/div><\/div><div class=\"rimr-posts-grid-entry col-md-4\"><div class=\"entry-thumb normal-size\"><a href=\"https:\/\/rawismyreligion.com\/de\/zuckerrohr-saft-bio-herstellung\/\"><img src=\"https:\/\/rawismyreligion.com\/wp-content\/uploads\/sugar-cake-zuckerrohr-saft-in-costa-rica-bio-6-500x375.jpg\" \/><\/a><\/div><div><h4 class=\"entry-title\"><a href=\"https:\/\/rawismyreligion.com\/de\/zuckerrohr-saft-bio-herstellung\/\">Zuckerrohr-Saft<\/a><\/h4><\/div><\/div><\/div><div class=\"row\"><div class=\"rimr-posts-grid-entry col-md-4\"><div class=\"entry-thumb normal-size\"><a href=\"https:\/\/rawismyreligion.com\/de\/xylit\/\"><img src=\"https:\/\/rawismyreligion.com\/wp-content\/uploads\/P57B8380-2-500x375.jpg\" \/><\/a><\/div><div><h4 class=\"entry-title\"><a href=\"https:\/\/rawismyreligion.com\/de\/xylit\/\">Xylit<\/a><\/h4><\/div><\/div><div class=\"rimr-posts-grid-entry col-md-4\"><div class=\"entry-thumb normal-size\"><a href=\"https:\/\/rawismyreligion.com\/de\/melasse\/\"><img src=\"https:\/\/rawismyreligion.com\/wp-content\/uploads\/bio-melasse-aus-zuckerrohr-1-500x375.jpg\" \/><\/a><\/div><div><h4 class=\"entry-title\"><a href=\"https:\/\/rawismyreligion.com\/de\/melasse\/\">Melasse<\/a><\/h4><\/div><\/div><div class=\"rimr-posts-grid-entry col-md-4\"><div class=\"entry-thumb normal-size\"><a href=\"https:\/\/rawismyreligion.com\/de\/kokosbluetenzucker\/\"><img src=\"https:\/\/rawismyreligion.com\/wp-content\/uploads\/kokoszucker-bio-2-500x375.jpg\" \/><\/a><\/div><div><h4 class=\"entry-title\"><a href=\"https:\/\/rawismyreligion.com\/de\/kokosbluetenzucker\/\">Kokosbl\u00fctenzucker<\/a><\/h4><\/div><\/div><\/div><div class=\"row\"><div class=\"rimr-posts-grid-entry col-md-4\"><div class=\"entry-thumb normal-size\"><a href=\"https:\/\/rawismyreligion.com\/de\/dattelzucker\/\"><img src=\"https:\/\/rawismyreligion.com\/wp-content\/uploads\/date-sugar-2-500x375.jpg\" \/><\/a><\/div><div><h4 class=\"entry-title\"><a href=\"https:\/\/rawismyreligion.com\/de\/dattelzucker\/\">Dattelzucker<\/a><\/h4><\/div><\/div><div class=\"rimr-posts-grid-entry col-md-4\"><div class=\"entry-thumb normal-size\"><a href=\"https:\/\/rawismyreligion.com\/de\/rosinen\/\"><img src=\"https:\/\/rawismyreligion.com\/wp-content\/uploads\/Rosinen-bio-rohkost-rezepte-500x375.jpg\" \/><\/a><\/div><div><h4 class=\"entry-title\"><a href=\"https:\/\/rawismyreligion.com\/de\/rosinen\/\">Rosinen<\/a><\/h4><\/div><\/div><div class=\"rimr-posts-grid-entry col-md-4\"><div class=\"entry-thumb normal-size\"><a href=\"https:\/\/rawismyreligion.com\/de\/ahornsirup-bio-rohkost\/\"><img src=\"https:\/\/rawismyreligion.com\/wp-content\/uploads\/bio-ahornsirup-grad-A-Grad-C-2-500x375.jpg\" \/><\/a><\/div><div><h4 class=\"entry-title\"><a href=\"https:\/\/rawismyreligion.com\/de\/ahornsirup-bio-rohkost\/\">Ahornsirup<\/a><\/h4><\/div><\/div><\/div><div class=\"row\"><div class=\"rimr-posts-grid-entry col-md-4\"><div class=\"entry-thumb normal-size\"><a href=\"https:\/\/rawismyreligion.com\/de\/kokosbluetensirup\/\"><img src=\"https:\/\/rawismyreligion.com\/wp-content\/uploads\/kokosnektar-bio-rohkost-1-500x375.jpg\" \/><\/a><\/div><div><h4 class=\"entry-title\"><a href=\"https:\/\/rawismyreligion.com\/de\/kokosbluetensirup\/\">Kokosbl\u00fcten-Sirup<\/a><\/h4><\/div><\/div><div class=\"rimr-posts-grid-entry col-md-4\"><div class=\"entry-thumb normal-size\"><a href=\"https:\/\/rawismyreligion.com\/de\/getrocknete-maulbeeren\/\"><img src=\"https:\/\/rawismyreligion.com\/wp-content\/uploads\/maulbeeren-rohkost-bio-500x375.jpg\" \/><\/a><\/div><div><h4 class=\"entry-title\"><a href=\"https:\/\/rawismyreligion.com\/de\/getrocknete-maulbeeren\/\">getrocknete Maulbeeren<\/a><\/h4><\/div><\/div><div class=\"rimr-posts-grid-entry col-md-4\"><div class=\"entry-thumb normal-size\"><a href=\"https:\/\/rawismyreligion.com\/de\/datteln\/\"><img src=\"https:\/\/rawismyreligion.com\/wp-content\/uploads\/dates-500x375.jpg\" \/><\/a><\/div><div><h4 class=\"entry-title\"><a href=\"https:\/\/rawismyreligion.com\/de\/datteln\/\">Medjool-Datteln<\/a><\/h4><\/div><\/div><\/div><div class=\"row\"><div class=\"rimr-posts-grid-entry col-md-4\"><div class=\"entry-thumb normal-size\"><a href=\"https:\/\/rawismyreligion.com\/de\/agave\/\"><img src=\"https:\/\/rawismyreligion.com\/wp-content\/uploads\/agave-sirup-bio-rohkost-500x375.jpg\" \/><\/a><\/div><div><h4 class=\"entry-title\"><a href=\"https:\/\/rawismyreligion.com\/de\/agave\/\">Agave<\/a><\/h4><\/div><\/div><\/div><\/div>\r\n\r\n\n\n\n\n<figure class=\"wp-block-image size-full\"><img loading=\"lazy\" width=\"1500\" height=\"2000\" src=\"https:\/\/rawismyreligion.com\/wp-content\/uploads\/apfeldicksaft-bio-mit-apfel-zucker-3.jpg\" alt=\"S\u00fc\u00dfungsmittel vegan und gesund.\" class=\"wp-image-80321\" srcset=\"https:\/\/rawismyreligion.com\/wp-content\/uploads\/apfeldicksaft-bio-mit-apfel-zucker-3.jpg 1500w, https:\/\/rawismyreligion.com\/wp-content\/uploads\/apfeldicksaft-bio-mit-apfel-zucker-3-225x300.jpg 225w, https:\/\/rawismyreligion.com\/wp-content\/uploads\/apfeldicksaft-bio-mit-apfel-zucker-3-768x1024.jpg 768w, https:\/\/rawismyreligion.com\/wp-content\/uploads\/apfeldicksaft-bio-mit-apfel-zucker-3-1152x1536.jpg 1152w, https:\/\/rawismyreligion.com\/wp-content\/uploads\/apfeldicksaft-bio-mit-apfel-zucker-3-300x400.jpg 300w, https:\/\/rawismyreligion.com\/wp-content\/uploads\/apfeldicksaft-bio-mit-apfel-zucker-3-500x667.jpg 500w, https:\/\/rawismyreligion.com\/wp-content\/uploads\/apfeldicksaft-bio-mit-apfel-zucker-3-1040x1387.jpg 1040w\" sizes=\"(max-width: 1500px) 100vw, 1500px\" \/><\/figure>\n\n\n\n<p>In der Rohkostk\u00fcche werde viele S\u00fc\u00dfungsmittel aus Obst verwendet, aber oft auch Agave, Kokoszucker und Ahornsirup. Ich mag Datteln.<\/p>\n\n\n\n<figure class=\"wp-block-image size-large\"><img loading=\"lazy\" width=\"1024\" height=\"768\" src=\"https:\/\/rawismyreligion.com\/wp-content\/uploads\/apferlschneider-kaufen-1024x768.jpg\" alt=\"S\u00fc\u00dfungsmittel aus Apfel.\" class=\"wp-image-80327\" srcset=\"https:\/\/rawismyreligion.com\/wp-content\/uploads\/apferlschneider-kaufen-1024x768.jpg 1024w, https:\/\/rawismyreligion.com\/wp-content\/uploads\/apferlschneider-kaufen-300x225.jpg 300w, https:\/\/rawismyreligion.com\/wp-content\/uploads\/apferlschneider-kaufen-768x576.jpg 768w, https:\/\/rawismyreligion.com\/wp-content\/uploads\/apferlschneider-kaufen-1536x1152.jpg 1536w, https:\/\/rawismyreligion.com\/wp-content\/uploads\/apferlschneider-kaufen-500x375.jpg 500w, https:\/\/rawismyreligion.com\/wp-content\/uploads\/apferlschneider-kaufen-1040x780.jpg 1040w, https:\/\/rawismyreligion.com\/wp-content\/uploads\/apferlschneider-kaufen.jpg 2000w\" sizes=\"(max-width: 1024px) 100vw, 1024px\" \/><\/figure>\n\n\n\n<p><\/p>\n","protected":false},"excerpt":{"rendered":"<p>S\u00fc\u00df wie Zucker. S\u00fc\u00dfungsmittel in der Rohkostk\u00fcche.<\/p>\n","protected":false},"author":1,"featured_media":80341,"parent":82071,"menu_order":0,"comment_status":"open","ping_status":"closed","template":"","meta":{"spay_email":""},"categories":[391],"tags":[5994,18753,10429],"_links":{"self":[{"href":"https:\/\/rawismyreligion.com\/de\/wp-json\/wp\/v2\/pages\/80768"}],"collection":[{"href":"https:\/\/rawismyreligion.com\/de\/wp-json\/wp\/v2\/pages"}],"about":[{"href":"https:\/\/rawismyreligion.com\/de\/wp-json\/wp\/v2\/types\/page"}],"author":[{"embeddable":true,"href":"https:\/\/rawismyreligion.com\/de\/wp-json\/wp\/v2\/users\/1"}],"replies":[{"embeddable":true,"href":"https:\/\/rawismyreligion.com\/de\/wp-json\/wp\/v2\/comments?post=80768"}],"version-history":[{"count":10,"href":"https:\/\/rawismyreligion.com\/de\/wp-json\/wp\/v2\/pages\/80768\/revisions"}],"predecessor-version":[{"id":81069,"href":"https:\/\/rawismyreligion.com\/de\/wp-json\/wp\/v2\/pages\/80768\/revisions\/81069"}],"up":[{"embeddable":true,"href":"https:\/\/rawismyreligion.com\/de\/wp-json\/wp\/v2\/pages\/82071"}],"wp:featuredmedia":[{"embeddable":true,"href":"https:\/\/rawismyreligion.com\/de\/wp-json\/wp\/v2\/media\/80341"}],"wp:attachment":[{"href":"https:\/\/rawismyreligion.com\/de\/wp-json\/wp\/v2\/media?parent=80768"}],"wp:term":[{"taxonomy":"category","embeddable":true,"href":"https:\/\/rawismyreligion.com\/de\/wp-json\/wp\/v2\/categories?post=80768"},{"taxonomy":"post_tag","embeddable":true,"href":"https:\/\/rawismyreligion.com\/de\/wp-json\/wp\/v2\/tags?post=80768"}],"curies":[{"name":"wp","href":"https:\/\/api.w.org\/{rel}","templated":true}]}}