{"id":80429,"date":"2021-03-21T02:30:57","date_gmt":"2021-03-21T10:30:57","guid":{"rendered":"https:\/\/rawismyreligion.com\/?page_id=80429"},"modified":"2021-03-21T12:38:28","modified_gmt":"2021-03-21T20:38:28","slug":"rohkost-suppen-rezepte","status":"publish","type":"page","link":"https:\/\/rawismyreligion.com\/de\/raw-food\/rezepte\/herzhafte-rohkost-rezepte\/rohkost-suppen-rezepte\/","title":{"rendered":"Suppen Rezepte"},"content":{"rendered":"\n<figure class=\"wp-block-image size-large\"><img loading=\"lazy\" width=\"1024\" height=\"576\" src=\"https:\/\/rawismyreligion.com\/wp-content\/uploads\/soup-and-burger-menu-42-degres-raw-vegan-paris-1024x576.jpg\" alt=\"Rohkost-Suppen\" class=\"wp-image-25690\" srcset=\"https:\/\/rawismyreligion.com\/wp-content\/uploads\/soup-and-burger-menu-42-degres-raw-vegan-paris-1024x576.jpg 1024w, https:\/\/rawismyreligion.com\/wp-content\/uploads\/soup-and-burger-menu-42-degres-raw-vegan-paris-300x169.jpg 300w, https:\/\/rawismyreligion.com\/wp-content\/uploads\/soup-and-burger-menu-42-degres-raw-vegan-paris-500x281.jpg 500w, https:\/\/rawismyreligion.com\/wp-content\/uploads\/soup-and-burger-menu-42-degres-raw-vegan-paris-1040x585.jpg 1040w, https:\/\/rawismyreligion.com\/wp-content\/uploads\/soup-and-burger-menu-42-degres-raw-vegan-paris.jpg 1080w\" sizes=\"(max-width: 1024px) 100vw, 1024px\" \/><\/figure>\n\n\n\n<h2 id=\"h-warum-rohkost-suppen\">Warum Rohkost-Suppen<\/h2>\n\n\n\n<ul><li>vegan Rohkost-Suppen sind tierleidfrei<\/li><li>leicht verdaulich<\/li><li>Rohkost-Suppen enthalten viel Gem\u00fcse<\/li><li>in Suppen sind viele Ballaststoffe und Vitamine<\/li><li>wenige Zutaten<\/li><li><span style=\"font-family: -apple-system, BlinkMacSystemFont, &quot;Segoe UI&quot;, Roboto, Oxygen-Sans, Ubuntu, Cantarell, &quot;Helvetica Neue&quot;, sans-serif;\">schnell zubereitet<\/span><\/li><\/ul>\n\n\n\n<h2 id=\"h-neueste-suppenrezepte-auf-dem-blog\">Neueste Suppenrezepte auf dem Blog<\/h2>\n\n\n\n<div class=\"container-fuild rimr-posts-grid\"><div class=\"row\"><div class=\"rimr-posts-grid-entry col-md-4\"><div class=\"entry-thumb normal-size\"><a href=\"https:\/\/rawismyreligion.com\/de\/vegane-dal-suppe\/\"><img src=\"https:\/\/rawismyreligion.com\/wp-content\/uploads\/dhalsuppe-mit-linsen-bio-500x375.jpg\" \/><\/a><\/div><div><h4 class=\"entry-title\"><a href=\"https:\/\/rawismyreligion.com\/de\/vegane-dal-suppe\/\">Dal Suppe<\/a><\/h4><\/div><\/div><div class=\"rimr-posts-grid-entry col-md-4\"><div class=\"entry-thumb normal-size\"><a href=\"https:\/\/rawismyreligion.com\/de\/tom-yum-suppe\/\"><img src=\"https:\/\/rawismyreligion.com\/wp-content\/uploads\/tom-yum-soup-raw-vegan-recipe-500x375.jpg\" \/><\/a><\/div><div><h4 class=\"entry-title\"><a href=\"https:\/\/rawismyreligion.com\/de\/tom-yum-suppe\/\">Tom Yum Suppe<\/a><\/h4><\/div><\/div><\/div><\/div>\n\n\n\n<p>Rohkost-Suppen sind vielleicht nicht das leckerste Rohkostgericht. Fr\u00fcher oder sp\u00e4ter kommen Rohkost-Fans aber auf den Geschmack. In Restaurants sind diese Suppen als Vorspeise relativ beliebt. Diese sind sehr einfach und g\u00fcnstig herzustellen. Vegane Rohkost-Suppen schmecken wie gekochte kalte Suppen.<\/p>\n\n\n\n<p>Das, was die Rohkost-Suppen f\u00fcr mich unattraktiv macht, ist die exzessive Verwendung von \u00d6l. \u00d6l schmeckt nat\u00fcrlich sehr gut und macht die Suppe extrem cremig. <\/p>\n\n\n\n<p>Ich habe f\u00fcr mich selbst entschieden, dass ich \u00d6l nicht riesigen Mengen konsumieren m\u00f6chte. Es ist nat\u00fcrlich eine pers\u00f6nliche Entscheidung. In den Restaurants wollte mir keiner genau sagen, wie viel \u00d6l verwendet wird. Aber wenn ich die Rezepteb\u00fccher gelesen habe, wurde mir klar, ich brauche bessere Rezepte.<\/p>\n\n\n\n<h2 id=\"h-ich-habe-tolle-suppenrezepte-in-diesen-b-chern-hier\">Ich habe tolle Suppenrezepte in diesen B\u00fcchern hier:<\/h2>\n\n\n\n<div class=\"container-fuild rimr-posts-grid\"><div class=\"row\"><div class=\"rimr-posts-grid-entry col-md-6\"><div class=\"entry-thumb normal-size\"><a href=\"https:\/\/rawismyreligion.com\/de\/fruitadmin-buch\/\"><img src=\"https:\/\/rawismyreligion.com\/wp-content\/uploads\/Fruitadmin-Buch-Cover-De-Post-Thumb-500x375.jpg\" \/><\/a><\/div><div><h4 class=\"entry-title\"><a href=\"https:\/\/rawismyreligion.com\/de\/fruitadmin-buch\/\">Fruitadmin Buch<\/a><\/h4><div class=\"entry-summary\">Das Basisbuch der machbaren Rohkost.<\/div><\/div><\/div><div class=\"rimr-posts-grid-entry col-md-6\"><div class=\"entry-thumb normal-size\"><a href=\"https:\/\/rawismyreligion.com\/de\/suppen-to-go-buch\/\"><img src=\"https:\/\/rawismyreligion.com\/wp-content\/uploads\/STG-Buch-Cover-De-Post-Thumb-500x375.jpg\" \/><\/a><\/div><div><h4 class=\"entry-title\"><a href=\"https:\/\/rawismyreligion.com\/de\/suppen-to-go-buch\/\">Suppen to Go<\/a><\/h4><div class=\"entry-summary\">Leckere gesunde suppen ohne viel Aufwand.<\/div><\/div><\/div><\/div><\/div>\n\n\n\n<p>Vegane Rohkost-Suppen ohne \u00d6l oder mit wenig \u00d6l zuzubereiten erfordert etwas Kreativit\u00e4t. Ich brauche sehr gute bio Zutaten und einen guten Blender. Der <a href=\"https:\/\/rawismyreligion.com\/de\/blender\/\" target=\"_blank\" rel=\"noreferrer noopener\">Blender<\/a>, ein leistungsstarker Standmixer, kann Gem\u00fcse cremig mixen. Die Zutaten m\u00fcssen reif und frisch sein, nur so werden die Suppen schmackhaft. <\/p>\n\n\n\n<p>Aber genau wie die kalte Tomatensuppe Gazpacho nicht jedem sofort schmeckt, sind auch andere Rohkost-Suppen f\u00fcr manche gew\u00f6hnungsbed\u00fcrftig. Vor allem wenn diese ohne \u00d6l sind. Die Zubereitung erfordert viel Probieren und Kreativit\u00e4t um aus dem Gem\u00fcse das beste rauszuholen.<\/p>\n\n\n\n<h2 id=\"h-gem-se-und-vitamine\">Gem\u00fcse und Vitamine<\/h2>\n\n\n\n<p>Rohkost-Suppen sind die wahren Gem\u00fcsewunder. Viel frisches Gem\u00fcse versteckt sich in kleinen Portionen. Rohkost-Suppen sind sehr beliebt zum Detoxen und zum Abnehmen, aber f\u00fcr mich sind diese Suppen perfekte kleine vitaminreiche Mahlzeiten zwischendurch. <\/p>\n\n\n\n<h2 id=\"h-rohkost-suppen-zubereitungstipps\">Rohkost-Suppen Zubereitungstipps<\/h2>\n\n\n\n<ul><li>reife\/frische Zutaten verwenden<\/li><li>einen leistungsstarken <a href=\"https:\/\/rawismyreligion.com\/de\/blender\/\" target=\"_blank\" rel=\"noreferrer noopener\">Blender<\/a> f\u00fcr die Zubereitung verwenden<\/li><li>mit kleinen Portionen anfangen<\/li><li>nur wenig w\u00fcrzen, probieren und erst dann nachw\u00fcrzen<\/li><li>nur frisch zubereitete Suppen verzerren, oder einige Stunden kalt aufbewahren<\/li><li>f\u00fcr Cremigkeit <a href=\"https:\/\/rawismyreligion.com\/de\/cashews\/\" target=\"_blank\" rel=\"noreferrer noopener\">Cashews<\/a>, Avocado oder <a href=\"https:\/\/rawismyreligion.com\/de\/hanfsamen\/\" target=\"_blank\" rel=\"noreferrer noopener\">Hanfsamen<\/a> verwenden<\/li><li>am Anfang, kein hartes Wurzelgem\u00fcse verwenden<\/li><\/ul>\n\n\n\n<p><\/p>\n\n\n\n<h2 id=\"h-ger-te-f-r-die-suppen\">Ger\u00e4te f\u00fcr die Suppen<\/h2>\n\n\n\n<div class=\"container-fuild rimr-posts-grid\"><div class=\"row\"><div class=\"rimr-posts-grid-entry col-md-6\"><div class=\"entry-thumb normal-size\"><a href=\"https:\/\/rawismyreligion.com\/de\/kuechenmaschine\/\"><img src=\"https:\/\/rawismyreligion.com\/wp-content\/uploads\/food-processor-raw-is-my-religion-kitchen-tools-favorites-500x375.jpg\" \/><\/a><\/div><div><h4 class=\"entry-title\"><a href=\"https:\/\/rawismyreligion.com\/de\/kuechenmaschine\/\">K\u00fcchenmaschine<\/a><\/h4><div class=\"entry-summary\">F\u00fcr Salate und Rohkost Torten.<\/div><\/div><\/div><div class=\"rimr-posts-grid-entry col-md-6\"><div class=\"entry-thumb normal-size\"><a href=\"https:\/\/rawismyreligion.com\/de\/blender\/\"><img src=\"https:\/\/rawismyreligion.com\/wp-content\/uploads\/blender-raw-is-my-religion-kitchen-tools-favorites-500x375.jpg\" \/><\/a><\/div><div><h4 class=\"entry-title\"><a href=\"https:\/\/rawismyreligion.com\/de\/blender\/\">Blender<\/a><\/h4><div class=\"entry-summary\">F\u00fcr alles, was cremig werden muss.<\/div><\/div><\/div><\/div><\/div>\n","protected":false},"excerpt":{"rendered":"<p>Rohkostsuppen zubereiten.<\/p>\n","protected":false},"author":1,"featured_media":80479,"parent":40808,"menu_order":0,"comment_status":"closed","ping_status":"closed","template":"","meta":{"spay_email":""},"categories":[3758],"tags":[18753,9250,18761],"_links":{"self":[{"href":"https:\/\/rawismyreligion.com\/de\/wp-json\/wp\/v2\/pages\/80429"}],"collection":[{"href":"https:\/\/rawismyreligion.com\/de\/wp-json\/wp\/v2\/pages"}],"about":[{"href":"https:\/\/rawismyreligion.com\/de\/wp-json\/wp\/v2\/types\/page"}],"author":[{"embeddable":true,"href":"https:\/\/rawismyreligion.com\/de\/wp-json\/wp\/v2\/users\/1"}],"replies":[{"embeddable":true,"href":"https:\/\/rawismyreligion.com\/de\/wp-json\/wp\/v2\/comments?post=80429"}],"version-history":[{"count":23,"href":"https:\/\/rawismyreligion.com\/de\/wp-json\/wp\/v2\/pages\/80429\/revisions"}],"predecessor-version":[{"id":80730,"href":"https:\/\/rawismyreligion.com\/de\/wp-json\/wp\/v2\/pages\/80429\/revisions\/80730"}],"up":[{"embeddable":true,"href":"https:\/\/rawismyreligion.com\/de\/wp-json\/wp\/v2\/pages\/40808"}],"wp:featuredmedia":[{"embeddable":true,"href":"https:\/\/rawismyreligion.com\/de\/wp-json\/wp\/v2\/media\/80479"}],"wp:attachment":[{"href":"https:\/\/rawismyreligion.com\/de\/wp-json\/wp\/v2\/media?parent=80429"}],"wp:term":[{"taxonomy":"category","embeddable":true,"href":"https:\/\/rawismyreligion.com\/de\/wp-json\/wp\/v2\/categories?post=80429"},{"taxonomy":"post_tag","embeddable":true,"href":"https:\/\/rawismyreligion.com\/de\/wp-json\/wp\/v2\/tags?post=80429"}],"curies":[{"name":"wp","href":"https:\/\/api.w.org\/{rel}","templated":true}]}}