{"id":79924,"date":"2021-03-16T13:18:29","date_gmt":"2021-03-16T21:18:29","guid":{"rendered":"https:\/\/rawismyreligion.com\/?page_id=79924"},"modified":"2021-03-18T13:37:51","modified_gmt":"2021-03-18T21:37:51","slug":"bio-in-tokio","status":"publish","type":"page","link":"https:\/\/rawismyreligion.com\/de\/bio-in-japan\/bio-in-tokio\/","title":{"rendered":"Bio in Tokio"},"content":{"rendered":"\n<div class=\"wp-block-image\"><figure class=\"aligncenter\"><img loading=\"lazy\" width=\"1500\" height=\"2000\" src=\"https:\/\/rawismyreligion.com\/wp-content\/uploads\/plastic-3.jpg\" alt=\"Bio in Tokio kaufen.\" class=\"wp-image-64099\" srcset=\"https:\/\/rawismyreligion.com\/wp-content\/uploads\/plastic-3.jpg 1500w, https:\/\/rawismyreligion.com\/wp-content\/uploads\/plastic-3-225x300.jpg 225w, https:\/\/rawismyreligion.com\/wp-content\/uploads\/plastic-3-768x1024.jpg 768w, https:\/\/rawismyreligion.com\/wp-content\/uploads\/plastic-3-300x400.jpg 300w, https:\/\/rawismyreligion.com\/wp-content\/uploads\/plastic-3-500x667.jpg 500w, https:\/\/rawismyreligion.com\/wp-content\/uploads\/plastic-3-1040x1387.jpg 1040w\" sizes=\"(max-width: 1500px) 100vw, 1500px\" \/><\/figure><\/div>\n\n\n\n<p>Wenn du bio und veganes in Tokio suchst, wird dieser Post bestimmt einige interessante Infos bieten. Wir waren fast 3 Monate in Tokio und verbrachten eine Menge Zeit damit, alle verf\u00fcgbaren Bio-Optionen zu erkunden, so wie wir es immer \u00fcberall tun. Auf den Bilder sind oft Preise zu sehen, ich habe auch einen<a href=\"https:\/\/rawismyreligion.com\/de\/wie-teuer-ist-bio-in-tokio\/\" data-type=\"post\" data-id=\"72027\" target=\"_blank\" rel=\"noreferrer noopener\"> zus\u00e4tzlichen Post mit Preisbeispielen<\/a> geschrieben f\u00fcr einen schnellen \u00dcberblick \u00fcber Bio-Obst und \u00f6kologische Naturkosmetik in Tokio.<\/p>\n\n\n\n<p>Im Vergleich zu gr\u00f6\u00dferen europ\u00e4ischen und nordamerikanischen St\u00e4dten ist die Verf\u00fcgbarkeit von Bio-Produkten in Tokio nicht beeindruckend. In Anbetracht der Gr\u00f6\u00dfe der Stadt gibt es nur wenige Bioladen-Ketten mit nur einer Handvoll Biol\u00e4den im Stadtzentrum. <\/p>\n\n\n\n<p>Wir waren in Shibuya mit der h\u00f6chsten Bioladen-Dichte. Gl\u00fccklicherweise hatten einige kleine und gr\u00f6\u00dfere Lebensmittelgesch\u00e4fte in der ganzen Stadt zumindest einige Bio-Produkte im Angebot. Es gibt auch Lieferservices, die Bio-Produkte, vor allem Haltbares anbieten. Die M\u00e4rkte waren leider keine gute Option f\u00fcr Bioprodukte.<\/p>\n\n\n\n<p id=\"block-78acf844-23f6-4c5d-a4a2-c4cdebf829a8\"><div class=\"container-fuild rimr-posts-grid\"><div class=\"row\"><div class=\"rimr-posts-grid-entry col-md-4\"><div class=\"entry-thumb normal-size\"><a href=\"https:\/\/rawismyreligion.com\/de\/organic-im-lawsons\/\"><img src=\"https:\/\/rawismyreligion.com\/wp-content\/uploads\/Natural-Lawson-2-500x375.jpg\" \/><\/a><\/div><div><h4 class=\"entry-title\"><a href=\"https:\/\/rawismyreligion.com\/de\/organic-im-lawsons\/\">Organic im Lawsons<\/a><\/h4><div class=\"entry-summary\">Bio im Supermarkt in Tokio.<\/div><\/div><\/div><div class=\"rimr-posts-grid-entry col-md-4\"><div class=\"entry-thumb normal-size\"><a href=\"https:\/\/rawismyreligion.com\/de\/nissin-world-delicatessen\/\"><img src=\"https:\/\/rawismyreligion.com\/wp-content\/uploads\/Natural-Lawson-8-500x375.jpg\" \/><\/a><\/div><div><h4 class=\"entry-title\"><a href=\"https:\/\/rawismyreligion.com\/de\/nissin-world-delicatessen\/\">Nissin World Delicatessen<\/a><\/h4><div class=\"entry-summary\">Bio im Supermarkt in Tokio.<\/div><\/div><\/div><div class=\"rimr-posts-grid-entry col-md-4\"><div class=\"entry-thumb normal-size\"><a href=\"https:\/\/rawismyreligion.com\/de\/precce-premium-tokyo-midtown\/\"><img src=\"https:\/\/rawismyreligion.com\/wp-content\/uploads\/precce-2-1-500x375.jpg\" \/><\/a><\/div><div><h4 class=\"entry-title\"><a href=\"https:\/\/rawismyreligion.com\/de\/precce-premium-tokyo-midtown\/\">Precce Premium Tokyo Midtown<\/a><\/h4><div class=\"entry-summary\">Bio im Supermarkt in Tokio.<\/div><\/div><\/div><\/div><div class=\"row\"><div class=\"rimr-posts-grid-entry col-md-4\"><div class=\"entry-thumb normal-size\"><a href=\"https:\/\/rawismyreligion.com\/de\/shibuya-hikarie\/\"><img src=\"https:\/\/rawismyreligion.com\/wp-content\/uploads\/Shibuya-Hikarie-e1616022086342-500x376.png\" \/><\/a><\/div><div><h4 class=\"entry-title\"><a href=\"https:\/\/rawismyreligion.com\/de\/shibuya-hikarie\/\">Shibuya Hikarie<\/a><\/h4><div class=\"entry-summary\">Bio im Supermarkt in Tokio.<\/div><\/div><\/div><div class=\"rimr-posts-grid-entry col-md-4\"><div class=\"entry-thumb normal-size\"><a href=\"https:\/\/rawismyreligion.com\/de\/isetan-shinjuku\/\"><img src=\"https:\/\/rawismyreligion.com\/wp-content\/uploads\/Isetan-Shinjuku-e1616021937521-500x375.png\" \/><\/a><\/div><div><h4 class=\"entry-title\"><a href=\"https:\/\/rawismyreligion.com\/de\/isetan-shinjuku\/\">Isetan Shinjuku<\/a><\/h4><div class=\"entry-summary\">Bio im Supermarkt in Tokio.<\/div><\/div><\/div><div class=\"rimr-posts-grid-entry col-md-4\"><div class=\"entry-thumb normal-size\"><a href=\"https:\/\/rawismyreligion.com\/de\/atre-shinagawa\/\"><img src=\"https:\/\/rawismyreligion.com\/wp-content\/uploads\/atre\u0301-Shinagawa-2-500x375.jpg\" \/><\/a><\/div><div><h4 class=\"entry-title\"><a href=\"https:\/\/rawismyreligion.com\/de\/atre-shinagawa\/\">atr\u00e9 Shinagawa<\/a><\/h4><div class=\"entry-summary\">Bio im Supermarkt in Tokio.<\/div><\/div><\/div><\/div><div class=\"row\"><div class=\"rimr-posts-grid-entry col-md-4\"><div class=\"entry-thumb normal-size\"><a href=\"https:\/\/rawismyreligion.com\/de\/aoyama-farmers-market-unu-farmers-market\/\"><img src=\"https:\/\/rawismyreligion.com\/wp-content\/uploads\/university-farmers-market-shibuya-6-500x375.jpg\" \/><\/a><\/div><div><h4 class=\"entry-title\"><a href=\"https:\/\/rawismyreligion.com\/de\/aoyama-farmers-market-unu-farmers-market\/\">Aoyama Farmers Market \/ UNU Farmers market<\/a><\/h4><div class=\"entry-summary\">Biomarkt in Tokio.<\/div><\/div><\/div><div class=\"rimr-posts-grid-entry col-md-4\"><div class=\"entry-thumb normal-size\"><a href=\"https:\/\/rawismyreligion.com\/de\/seijo-ishii-tomigaya\/\"><img src=\"https:\/\/rawismyreligion.com\/wp-content\/uploads\/family-market-4-500x375.jpg\" \/><\/a><\/div><div><h4 class=\"entry-title\"><a href=\"https:\/\/rawismyreligion.com\/de\/seijo-ishii-tomigaya\/\">SEIJO ISHII Tomigaya<\/a><\/h4><div class=\"entry-summary\">Bio in konventionellen Superm\u00e4rkten in Tokio.<\/div><\/div><\/div><div class=\"rimr-posts-grid-entry col-md-4\"><div class=\"entry-thumb normal-size\"><a href=\"https:\/\/rawismyreligion.com\/de\/bonraspail-in-seibu-shinjuku-pepe\/\"><img src=\"https:\/\/rawismyreligion.com\/wp-content\/uploads\/bonraspail-14-500x375.jpg\" \/><\/a><\/div><div><h4 class=\"entry-title\"><a href=\"https:\/\/rawismyreligion.com\/de\/bonraspail-in-seibu-shinjuku-pepe\/\">Bonraspail in SEIBU SHINJUKU PePe<\/a><\/h4><div class=\"entry-summary\">Kleiner Bioladen in Tokio.<\/div><\/div><\/div><\/div><div class=\"row\"><div class=\"rimr-posts-grid-entry col-md-4\"><div class=\"entry-thumb normal-size\"><a href=\"https:\/\/rawismyreligion.com\/de\/ohsawa\/\"><img src=\"https:\/\/rawismyreligion.com\/wp-content\/uploads\/ohsawa-5-500x375.jpg\" \/><\/a><\/div><div><h4 class=\"entry-title\"><a href=\"https:\/\/rawismyreligion.com\/de\/ohsawa\/\">Ohsawa<\/a><\/h4><div class=\"entry-summary\">Bioladen in Tokio.<\/div><\/div><\/div><div class=\"rimr-posts-grid-entry col-md-4\"><div class=\"entry-thumb normal-size\"><a href=\"https:\/\/rawismyreligion.com\/de\/natural-mart-%e5%ba%83%e5%b0%be%e5%95%86%e5%ba%97%e8%a1%97%e6%8c%af%e8%88%88%e7%b5%84%e5%90%88%e4%ba%8b%e5%8b%99%e6%89%80\/\"><img src=\"https:\/\/rawismyreligion.com\/wp-content\/uploads\/natural-hart-500x375.jpg\" \/><\/a><\/div><div><h4 class=\"entry-title\"><a href=\"https:\/\/rawismyreligion.com\/de\/natural-mart-%e5%ba%83%e5%b0%be%e5%95%86%e5%ba%97%e8%a1%97%e6%8c%af%e8%88%88%e7%b5%84%e5%90%88%e4%ba%8b%e5%8b%99%e6%89%80\/\">Natural Mart \u5e83\u5c3e\u5546\u5e97\u8857\u632f\u8208\u7d44\u5408\u4e8b\u52d9\u6240<\/a><\/h4><div class=\"entry-summary\">Bioladen in Tokio.<\/div><\/div><\/div><div class=\"rimr-posts-grid-entry col-md-4\"><div class=\"entry-thumb normal-size\"><a href=\"https:\/\/rawismyreligion.com\/de\/crayon-house\/\"><img src=\"https:\/\/rawismyreligion.com\/wp-content\/uploads\/crayon-house-4-500x375.jpg\" \/><\/a><\/div><div><h4 class=\"entry-title\"><a href=\"https:\/\/rawismyreligion.com\/de\/crayon-house\/\">Crayon House<\/a><\/h4><div class=\"entry-summary\">Bioladen in Tokio.<\/div><\/div><\/div><\/div><div class=\"row\"><div class=\"rimr-posts-grid-entry col-md-4\"><div class=\"entry-thumb normal-size\"><a href=\"https:\/\/rawismyreligion.com\/de\/natural-house-ayoma\/\"><img src=\"https:\/\/rawismyreligion.com\/wp-content\/uploads\/Tokyu-Store-Futako-Tamagawa-Rise-Store-Tokyu-Store-Futako-Tamagawa-Rise-Store-6-500x375.jpg\" \/><\/a><\/div><div><h4 class=\"entry-title\"><a href=\"https:\/\/rawismyreligion.com\/de\/natural-house-ayoma\/\">Natural House Ayoma<\/a><\/h4><div class=\"entry-summary\">Bioladen in Tokio.<\/div><\/div><\/div><div class=\"rimr-posts-grid-entry col-md-4\"><div class=\"entry-thumb normal-size\"><a href=\"https:\/\/rawismyreligion.com\/de\/natural-house\/\"><img src=\"https:\/\/rawismyreligion.com\/wp-content\/uploads\/bio-c-bon-tokyo-1-500x375.jpg\" \/><\/a><\/div><div><h4 class=\"entry-title\"><a href=\"https:\/\/rawismyreligion.com\/de\/natural-house\/\">Natural House<\/a><\/h4><div class=\"entry-summary\">Bioladen in Tokyo.<\/div><\/div><\/div><div class=\"rimr-posts-grid-entry col-md-4\"><div class=\"entry-thumb normal-size\"><a href=\"https:\/\/rawismyreligion.com\/de\/bio-c-bon-azabujuban-shop\/\"><img src=\"https:\/\/rawismyreligion.com\/wp-content\/uploads\/bio-c-bon-Azabujuban-500x375.jpg\" \/><\/a><\/div><div><h4 class=\"entry-title\"><a href=\"https:\/\/rawismyreligion.com\/de\/bio-c-bon-azabujuban-shop\/\">Bio c\u2019 Bon Azabujuban Shop<\/a><\/h4><div class=\"entry-summary\">Bioladen in Japan.<\/div><\/div><\/div><\/div><div class=\"row\"><div class=\"rimr-posts-grid-entry col-md-4\"><div class=\"entry-thumb normal-size\"><a href=\"https:\/\/rawismyreligion.com\/de\/bio-c-bon-tomigaya\/\"><img src=\"https:\/\/rawismyreligion.com\/wp-content\/uploads\/bio-c-bon-shibuya-2-500x375.jpg\" \/><\/a><\/div><div><h4 class=\"entry-title\"><a href=\"https:\/\/rawismyreligion.com\/de\/bio-c-bon-tomigaya\/\">Bio C Bon Tomigaya<\/a><\/h4><div class=\"entry-summary\">Bioladen in Tokio.<\/div><\/div><\/div><div class=\"rimr-posts-grid-entry col-md-4\"><div class=\"entry-thumb normal-size\"><a href=\"https:\/\/rawismyreligion.com\/de\/bio-c-bon-gaien-nishi-dori\/\"><img src=\"https:\/\/rawismyreligion.com\/wp-content\/uploads\/bio-c-bon-tokyo-500x375.jpg\" \/><\/a><\/div><div><h4 class=\"entry-title\"><a href=\"https:\/\/rawismyreligion.com\/de\/bio-c-bon-gaien-nishi-dori\/\">Bio c' Bon Gaien-nishi-dori<\/a><\/h4><div class=\"entry-summary\">Bioladen in Tokio.<\/div><\/div><\/div><\/div><\/div>\n\n\n\n<!--tags: Tokio 18887  organic 18866 shop 18799-->\n\n\n<div class=\"container-fuild rimr-posts-grid\"><div class=\"row\"><div class=\"rimr-posts-grid-entry col-md-4\"><div class=\"entry-thumb normal-size\"><a href=\"https:\/\/rawismyreligion.com\/de\/wie-teuer-ist-bio-in-tokio\/\"><img src=\"https:\/\/rawismyreligion.com\/wp-content\/uploads\/university-farmers-market-shibuya-8-500x375.jpg\" \/><\/a><\/div><div><h4 class=\"entry-title\"><a href=\"https:\/\/rawismyreligion.com\/de\/wie-teuer-ist-bio-in-tokio\/\">Wie teuer ist bio in Tokio?<\/a><\/h4><div class=\"entry-summary\">Preise f\u00fcr Bioprodukte in Tokio und Japan.<\/div><\/div><\/div><div class=\"rimr-posts-grid-entry col-md-4\"><div class=\"entry-thumb normal-size\"><a href=\"https:\/\/rawismyreligion.com\/de\/bio-weltweit\/biosiegel-in-japan\/\"><img src=\"https:\/\/rawismyreligion.com\/wp-content\/uploads\/Shibuya-Hikarie-e1616022086342-500x376.png\" \/><\/a><\/div><div><h4 class=\"entry-title\"><a href=\"https:\/\/rawismyreligion.com\/de\/bio-weltweit\/biosiegel-in-japan\/\">Biosiegel in Japan<\/a><\/h4><div class=\"entry-summary\">So erkennen wir BIO in Japan.<\/div><\/div><\/div><div class=\"rimr-posts-grid-entry col-md-4\"><div class=\"entry-thumb normal-size\"><a href=\"https:\/\/rawismyreligion.com\/de\/bio-in-japan\/bio-in-tokio\/\"><img src=\"https:\/\/rawismyreligion.com\/wp-content\/uploads\/bio-c-bon-tokyo-4-500x375.jpg\" \/><\/a><\/div><div><h4 class=\"entry-title\"><a href=\"https:\/\/rawismyreligion.com\/de\/bio-in-japan\/bio-in-tokio\/\">Bio in Tokio<\/a><\/h4><div class=\"entry-summary\">Alle Biogesch\u00e4fte in Tokio.<\/div><\/div><\/div><\/div><\/div>\n","protected":false},"excerpt":{"rendered":"<p>Alle Biogesch\u00e4fte in Tokio.<\/p>\n","protected":false},"author":1,"featured_media":63978,"parent":79922,"menu_order":0,"comment_status":"closed","ping_status":"closed","template":"","meta":{"spay_email":""},"categories":[18798],"tags":[],"_links":{"self":[{"href":"https:\/\/rawismyreligion.com\/de\/wp-json\/wp\/v2\/pages\/79924"}],"collection":[{"href":"https:\/\/rawismyreligion.com\/de\/wp-json\/wp\/v2\/pages"}],"about":[{"href":"https:\/\/rawismyreligion.com\/de\/wp-json\/wp\/v2\/types\/page"}],"author":[{"embeddable":true,"href":"https:\/\/rawismyreligion.com\/de\/wp-json\/wp\/v2\/users\/1"}],"replies":[{"embeddable":true,"href":"https:\/\/rawismyreligion.com\/de\/wp-json\/wp\/v2\/comments?post=79924"}],"version-history":[{"count":11,"href":"https:\/\/rawismyreligion.com\/de\/wp-json\/wp\/v2\/pages\/79924\/revisions"}],"predecessor-version":[{"id":80254,"href":"https:\/\/rawismyreligion.com\/de\/wp-json\/wp\/v2\/pages\/79924\/revisions\/80254"}],"up":[{"embeddable":true,"href":"https:\/\/rawismyreligion.com\/de\/wp-json\/wp\/v2\/pages\/79922"}],"wp:featuredmedia":[{"embeddable":true,"href":"https:\/\/rawismyreligion.com\/de\/wp-json\/wp\/v2\/media\/63978"}],"wp:attachment":[{"href":"https:\/\/rawismyreligion.com\/de\/wp-json\/wp\/v2\/media?parent=79924"}],"wp:term":[{"taxonomy":"category","embeddable":true,"href":"https:\/\/rawismyreligion.com\/de\/wp-json\/wp\/v2\/categories?post=79924"},{"taxonomy":"post_tag","embeddable":true,"href":"https:\/\/rawismyreligion.com\/de\/wp-json\/wp\/v2\/tags?post=79924"}],"curies":[{"name":"wp","href":"https:\/\/api.w.org\/{rel}","templated":true}]}}