{"id":79922,"date":"2021-03-16T13:18:33","date_gmt":"2021-03-16T21:18:33","guid":{"rendered":"https:\/\/rawismyreligion.com\/?page_id=79922"},"modified":"2021-03-26T13:55:40","modified_gmt":"2021-03-26T21:55:40","slug":"bio-in-japan","status":"publish","type":"page","link":"https:\/\/rawismyreligion.com\/de\/bio-in-japan\/","title":{"rendered":"Bio in Japan"},"content":{"rendered":"\n<div class=\"wp-block-image\"><figure class=\"aligncenter\"><img loading=\"lazy\" width=\"1500\" height=\"2000\" src=\"https:\/\/rawismyreligion.com\/wp-content\/uploads\/plastic-3.jpg\" alt=\"\" class=\"wp-image-64099\" srcset=\"https:\/\/rawismyreligion.com\/wp-content\/uploads\/plastic-3.jpg 1500w, https:\/\/rawismyreligion.com\/wp-content\/uploads\/plastic-3-225x300.jpg 225w, https:\/\/rawismyreligion.com\/wp-content\/uploads\/plastic-3-768x1024.jpg 768w, https:\/\/rawismyreligion.com\/wp-content\/uploads\/plastic-3-300x400.jpg 300w, https:\/\/rawismyreligion.com\/wp-content\/uploads\/plastic-3-500x667.jpg 500w, https:\/\/rawismyreligion.com\/wp-content\/uploads\/plastic-3-1040x1387.jpg 1040w\" sizes=\"(max-width: 1500px) 100vw, 1500px\" \/><\/figure><\/div>\n\n\n\n<p>Wir haben viel Bio in Japan finden k\u00f6nnen. Es gab viele au\u00dfergew\u00f6hnliche Produkte, aber das normale Angebot war nicht unglaublich gut. Wir waren Februar bis April da, was noch nicht die beste Saison f\u00fcr Obst und Gem\u00fcse ist.<\/p>\n\n\n<div class=\"container-fuild rimr-posts-grid\"><div class=\"row\"><div class=\"rimr-posts-grid-entry col-md-6\"><div class=\"entry-thumb normal-size\"><a href=\"https:\/\/rawismyreligion.com\/de\/bio-weltweit\/biosiegel-in-japan\/\"><img src=\"https:\/\/rawismyreligion.com\/wp-content\/uploads\/Shibuya-Hikarie-e1616022086342-500x376.png\" \/><\/a><\/div><div><h4 class=\"entry-title\"><a href=\"https:\/\/rawismyreligion.com\/de\/bio-weltweit\/biosiegel-in-japan\/\">Biosiegel in Japan<\/a><\/h4><div class=\"entry-summary\">So erkennen wir BIO in Japan.<\/div><\/div><\/div><div class=\"rimr-posts-grid-entry col-md-6\"><div class=\"entry-thumb normal-size\"><a href=\"https:\/\/rawismyreligion.com\/de\/bio-in-japan\/bio-in-tokio\/\"><img src=\"https:\/\/rawismyreligion.com\/wp-content\/uploads\/bio-c-bon-tokyo-4-500x375.jpg\" \/><\/a><\/div><div><h4 class=\"entry-title\"><a href=\"https:\/\/rawismyreligion.com\/de\/bio-in-japan\/bio-in-tokio\/\">Bio in Tokio<\/a><\/h4><div class=\"entry-summary\">Alle Biogesch\u00e4fte in Tokio.<\/div><\/div><\/div><\/div><\/div>\n\n\n\n<p><\/p>\n","protected":false},"excerpt":{"rendered":"<p>Wir haben viel Bio in Japan finden k\u00f6nnen. Es gab viele au\u00dfergew\u00f6hnliche Produkte, aber das normale Angebot war nicht unglaublich gut. Wir waren Februar bis April da, was noch nicht die beste Saison f\u00fcr Obst und Gem\u00fcse ist.<\/p>\n","protected":false},"author":1,"featured_media":0,"parent":0,"menu_order":0,"comment_status":"closed","ping_status":"closed","template":"","meta":{"spay_email":""},"categories":[18798],"tags":[2649,19095,18866,18799],"_links":{"self":[{"href":"https:\/\/rawismyreligion.com\/de\/wp-json\/wp\/v2\/pages\/79922"}],"collection":[{"href":"https:\/\/rawismyreligion.com\/de\/wp-json\/wp\/v2\/pages"}],"about":[{"href":"https:\/\/rawismyreligion.com\/de\/wp-json\/wp\/v2\/types\/page"}],"author":[{"embeddable":true,"href":"https:\/\/rawismyreligion.com\/de\/wp-json\/wp\/v2\/users\/1"}],"replies":[{"embeddable":true,"href":"https:\/\/rawismyreligion.com\/de\/wp-json\/wp\/v2\/comments?post=79922"}],"version-history":[{"count":8,"href":"https:\/\/rawismyreligion.com\/de\/wp-json\/wp\/v2\/pages\/79922\/revisions"}],"predecessor-version":[{"id":81413,"href":"https:\/\/rawismyreligion.com\/de\/wp-json\/wp\/v2\/pages\/79922\/revisions\/81413"}],"wp:attachment":[{"href":"https:\/\/rawismyreligion.com\/de\/wp-json\/wp\/v2\/media?parent=79922"}],"wp:term":[{"taxonomy":"category","embeddable":true,"href":"https:\/\/rawismyreligion.com\/de\/wp-json\/wp\/v2\/categories?post=79922"},{"taxonomy":"post_tag","embeddable":true,"href":"https:\/\/rawismyreligion.com\/de\/wp-json\/wp\/v2\/tags?post=79922"}],"curies":[{"name":"wp","href":"https:\/\/api.w.org\/{rel}","templated":true}]}}