{"id":79623,"date":"2021-03-15T09:52:42","date_gmt":"2021-03-15T17:52:42","guid":{"rendered":"https:\/\/rawismyreligion.com\/?page_id=79623"},"modified":"2021-03-15T11:41:51","modified_gmt":"2021-03-15T19:41:51","slug":"bio-in-santiago-de-compostela","status":"publish","type":"page","link":"https:\/\/rawismyreligion.com\/de\/bio-kaufen-weltweit\/bio-in-spanien\/bio-in-santiago-de-compostela\/","title":{"rendered":"Bio in Santiago de Compostela"},"content":{"rendered":"\n<figure class=\"wp-block-image is-style-default\"><img src=\"https:\/\/rawismyreligion.com\/wp-content\/uploads\/Mercado-de-Abastos-de-Santiago-3-1024x768.jpg\" alt=\"Mercado de Abastos de Santiago\"\/><\/figure>\n\n\n\n<p id=\"block-78acf844-23f6-4c5d-a4a2-c4cdebf829a8\"><div class=\"container-fuild rimr-posts-grid\"><div class=\"row\"><div class=\"rimr-posts-grid-entry col-md-4\"><div class=\"entry-thumb normal-size\"><a href=\"https:\/\/rawismyreligion.com\/de\/a-cesta-da-saude\/\"><img src=\"https:\/\/rawismyreligion.com\/wp-content\/uploads\/A-Cesta-da-Sau\u0301de-1-500x375.jpg\" \/><\/a><\/div><div><h4 class=\"entry-title\"><a href=\"https:\/\/rawismyreligion.com\/de\/a-cesta-da-saude\/\">A Cesta da Sa\u00fade<\/a><\/h4><\/div><\/div><div class=\"rimr-posts-grid-entry col-md-4\"><div class=\"entry-thumb normal-size\"><a href=\"https:\/\/rawismyreligion.com\/de\/tenda-ecoloxica-bio-cafe\/\"><img src=\"https:\/\/rawismyreligion.com\/wp-content\/uploads\/Comarca54-Tenda-Ecolo\u0301xica-Bio-Cafe\u0301-2-500x375.jpg\" \/><\/a><\/div><div><h4 class=\"entry-title\"><a href=\"https:\/\/rawismyreligion.com\/de\/tenda-ecoloxica-bio-cafe\/\">Tenda Ecol\u00f3xica Bio-Caf\u00e9<\/a><\/h4><\/div><\/div><div class=\"rimr-posts-grid-entry col-md-4\"><div class=\"entry-thumb normal-size\"><a href=\"https:\/\/rawismyreligion.com\/de\/o-xardin-dos-sonos-teteria-ecotienda\/\"><img src=\"https:\/\/rawismyreligion.com\/wp-content\/uploads\/O-Xardi\u0301n-Dos-Son\u0303os.-Teteri\u0301a-Ecotienda-3-500x375.jpg\" \/><\/a><\/div><div><h4 class=\"entry-title\"><a href=\"https:\/\/rawismyreligion.com\/de\/o-xardin-dos-sonos-teteria-ecotienda\/\">O Xard\u00edn Dos So\u00f1os Teter\u00eda-Ecotienda<\/a><\/h4><\/div><\/div><\/div><div class=\"row\"><div class=\"rimr-posts-grid-entry col-md-4\"><div class=\"entry-thumb normal-size\"><a href=\"https:\/\/rawismyreligion.com\/de\/legumia\/\"><img src=\"https:\/\/rawismyreligion.com\/wp-content\/uploads\/legumi-1-500x375.jpg\" \/><\/a><\/div><div><h4 class=\"entry-title\"><a href=\"https:\/\/rawismyreligion.com\/de\/legumia\/\">Legumia<\/a><\/h4><\/div><\/div><div class=\"rimr-posts-grid-entry col-md-4\"><div class=\"entry-thumb normal-size\"><a href=\"https:\/\/rawismyreligion.com\/de\/mercado-de-abastos-de-santiago\/\"><img src=\"https:\/\/rawismyreligion.com\/wp-content\/uploads\/Mercado-de-Abastos-de-Santiago-2-500x375.jpg\" \/><\/a><\/div><div><h4 class=\"entry-title\"><a href=\"https:\/\/rawismyreligion.com\/de\/mercado-de-abastos-de-santiago\/\">Mercado de Abastos de Santiago<\/a><\/h4><\/div><\/div><\/div><\/div>\n\n\n\n<!--tags: Santiago 19361  organic 18866 shop 18799-->\n\n\n\n<div class=\"container-fuild rimr-posts-grid\"><div class=\"row\"><div class=\"rimr-posts-grid-entry col-md-6\"><div class=\"entry-thumb normal-size\"><a href=\"https:\/\/rawismyreligion.com\/de\/bio-weltweit\/bio-siegel-in-spanien\/\"><img src=\"https:\/\/rawismyreligion.com\/wp-content\/uploads\/Mercat-de-Venda-Directa-organic-farmers-market-valencia-9-500x375.jpg\" \/><\/a><\/div><div><h4 class=\"entry-title\"><a href=\"https:\/\/rawismyreligion.com\/de\/bio-weltweit\/bio-siegel-in-spanien\/\">Bio-Siegel in Spanien<\/a><\/h4><div class=\"entry-summary\">So erkennen wir BIO in Spanien.<\/div><\/div><\/div><div class=\"rimr-posts-grid-entry col-md-6\"><div class=\"entry-thumb normal-size\"><a href=\"https:\/\/rawismyreligion.com\/de\/bio-kaufen-weltweit\/bio-in-spanien\/\"><img src=\"https:\/\/rawismyreligion.com\/wp-content\/uploads\/navarro-herbolario-valencia-9-500x375.jpg\" \/><\/a><\/div><div><h4 class=\"entry-title\"><a href=\"https:\/\/rawismyreligion.com\/de\/bio-kaufen-weltweit\/bio-in-spanien\/\">Bio in Spanien<\/a><\/h4><div class=\"entry-summary\">Alle Biol\u00e4den und Biom\u00e4rkte in Spanien.<\/div><\/div><\/div><\/div><\/div>\r\n\n\n\n\n<hr \/>\r\n<div style=\"text-align:center;\">\r\n<script async src=\"https:\/\/pagead2.googlesyndication.com\/pagead\/js\/adsbygoogle.js\"><\/script>\r\n<!-- Google ad 2020 -->\r\n<ins class=\"adsbygoogle\"\r\n     style=\"display:block\"\r\n     data-ad-client=\"ca-pub-9981782957400879\"\r\n     data-ad-slot=\"9899772995\"\r\n     data-ad-format=\"auto\"\r\n     data-full-width-responsive=\"true\"><\/ins>\r\n<script>\r\n     (adsbygoogle = window.adsbygoogle || []).push({});\r\n<\/script><\/div>\r\n<hr \/>\n<br><br>\n<div class=\"row\">\r\n<div class=\"col-md-3\"><img src=\"https:\/\/rawismyreligion.com\/wp-content\/uploads\/food-shopping-rawismyreligion.jpg\" alt=\"rohkost bio einkauf rawismyreligion\" width=\"2160\" height=\"1620\" class=\"aligncenter size-full wp-image-43116\" \/>\r\n<\/div>\r\n<div class=\"col-md-9\"><h3>Einkaufen<\/h3>Hochwertige Lebensmittel sind mir sehr wichtig. Ich kaufe ausnahmslos bio, versuche dabei regional, saisonal und plastikfrei einzukaufen. Ich mache es f\u00fcr meine Gesundheit, die anderen und den Planeten.\r\n<\/div>\r\n<\/div>\r\n\r\n\r\n\n","protected":false},"excerpt":{"rendered":"<p>Bio kaufen in Santiago de Compostela.<\/p>\n","protected":false},"author":1,"featured_media":76894,"parent":79408,"menu_order":0,"comment_status":"closed","ping_status":"closed","template":"","meta":{"spay_email":""},"categories":[18798],"tags":[9196,18866,19361,18799,3476],"_links":{"self":[{"href":"https:\/\/rawismyreligion.com\/de\/wp-json\/wp\/v2\/pages\/79623"}],"collection":[{"href":"https:\/\/rawismyreligion.com\/de\/wp-json\/wp\/v2\/pages"}],"about":[{"href":"https:\/\/rawismyreligion.com\/de\/wp-json\/wp\/v2\/types\/page"}],"author":[{"embeddable":true,"href":"https:\/\/rawismyreligion.com\/de\/wp-json\/wp\/v2\/users\/1"}],"replies":[{"embeddable":true,"href":"https:\/\/rawismyreligion.com\/de\/wp-json\/wp\/v2\/comments?post=79623"}],"version-history":[{"count":5,"href":"https:\/\/rawismyreligion.com\/de\/wp-json\/wp\/v2\/pages\/79623\/revisions"}],"predecessor-version":[{"id":79695,"href":"https:\/\/rawismyreligion.com\/de\/wp-json\/wp\/v2\/pages\/79623\/revisions\/79695"}],"up":[{"embeddable":true,"href":"https:\/\/rawismyreligion.com\/de\/wp-json\/wp\/v2\/pages\/79408"}],"wp:featuredmedia":[{"embeddable":true,"href":"https:\/\/rawismyreligion.com\/de\/wp-json\/wp\/v2\/media\/76894"}],"wp:attachment":[{"href":"https:\/\/rawismyreligion.com\/de\/wp-json\/wp\/v2\/media?parent=79623"}],"wp:term":[{"taxonomy":"category","embeddable":true,"href":"https:\/\/rawismyreligion.com\/de\/wp-json\/wp\/v2\/categories?post=79623"},{"taxonomy":"post_tag","embeddable":true,"href":"https:\/\/rawismyreligion.com\/de\/wp-json\/wp\/v2\/tags?post=79623"}],"curies":[{"name":"wp","href":"https:\/\/api.w.org\/{rel}","templated":true}]}}