{"id":79476,"date":"2021-03-15T03:27:17","date_gmt":"2021-03-15T11:27:17","guid":{"rendered":"https:\/\/rawismyreligion.com\/?page_id=79476"},"modified":"2021-03-15T15:07:11","modified_gmt":"2021-03-15T23:07:11","slug":"bio-siegel-in-spanien","status":"publish","type":"page","link":"https:\/\/rawismyreligion.com\/de\/bio-weltweit\/bio-siegel-in-spanien\/","title":{"rendered":"Bio-Siegel in Spanien"},"content":{"rendered":"\n<figure class=\"wp-block-image is-style-default\"><img src=\"https:\/\/rawismyreligion.com\/wp-content\/uploads\/Mercat-de-Venda-Directa-organic-farmers-market-valencia-9-1024x768.jpg\" alt=\"Mercat de Venda Directa Biomarkt in Valencia bio Gem\u00fcse kaufen.\"\/><\/figure>\n\n\n\n<p><\/p>\n\n\n\n<p>Dieses Bio-Siegel gibt es in Spanien zu finden, das erste und das zweite haben wir oft in Herbolarios und Biol\u00e4den gesehen. Auch auf den Biom\u00e4rkten hatten Biobauern oft ein gro\u00dfes Schild mit diesen Bio-Siegeln bei der Kasse liegen. Hier sind alle <a href=\"https:\/\/rawismyreligion.com\/de\/bio-kaufen-weltweit\/bio-in-spanien\/\">Biom\u00e4rkte und Biol\u00e4den<\/a>, die wir in Spanien gesehen haben.<\/p>\n\n\n\n<div class=\"wp-block-columns\">\n<div class=\"wp-block-column\">\n<div class=\"wp-block-image is-style-default\"><figure class=\"aligncenter size-large is-resized\"><a href=\"http:\/\/www.ccpae.org\/\" target=\"_blank\" rel=\"noopener nofollow\"><img loading=\"lazy\" src=\"https:\/\/rawismyreligion.com\/wp-content\/uploads\/Biosiegel_Spanien_CCPAE.jpeg\" alt=\"\" class=\"wp-image-78147\" width=\"126\" height=\"126\" srcset=\"https:\/\/rawismyreligion.com\/wp-content\/uploads\/Biosiegel_Spanien_CCPAE.jpeg 224w, https:\/\/rawismyreligion.com\/wp-content\/uploads\/Biosiegel_Spanien_CCPAE-150x150.jpeg 150w, https:\/\/rawismyreligion.com\/wp-content\/uploads\/Biosiegel_Spanien_CCPAE-100x100.jpeg 100w\" sizes=\"(max-width: 126px) 100vw, 126px\" \/><\/a><\/figure><\/div>\n<\/div>\n\n\n\n<div class=\"wp-block-column\">\n<div class=\"wp-block-image is-style-default\"><figure class=\"aligncenter size-large is-resized\"><a href=\"https:\/\/www.caae.es\/\" target=\"_blank\" rel=\"noopener nofollow\"><img loading=\"lazy\" src=\"https:\/\/rawismyreligion.com\/wp-content\/uploads\/Biosiegel_Spanien_CAAE.png\" alt=\"\" class=\"wp-image-78150\" width=\"128\" height=\"128\" srcset=\"https:\/\/rawismyreligion.com\/wp-content\/uploads\/Biosiegel_Spanien_CAAE.png 300w, https:\/\/rawismyreligion.com\/wp-content\/uploads\/Biosiegel_Spanien_CAAE-150x150.png 150w, https:\/\/rawismyreligion.com\/wp-content\/uploads\/Biosiegel_Spanien_CAAE-100x100.png 100w\" sizes=\"(max-width: 128px) 100vw, 128px\" \/><\/a><\/figure><\/div>\n<\/div>\n\n\n\n<div class=\"wp-block-column\">\n<div class=\"wp-block-image is-style-default\"><figure class=\"aligncenter size-large is-resized\"><a href=\"https:\/\/www.agroecologia.net\/\" target=\"_blank\" rel=\"noopener nofollow\"><img loading=\"lazy\" src=\"https:\/\/rawismyreligion.com\/wp-content\/uploads\/Biosiegel_Spanien_SEAE-765x1024.jpg\" alt=\"\" class=\"wp-image-78154\" width=\"113\" height=\"151\" srcset=\"https:\/\/rawismyreligion.com\/wp-content\/uploads\/Biosiegel_Spanien_SEAE-765x1024.jpg 765w, https:\/\/rawismyreligion.com\/wp-content\/uploads\/Biosiegel_Spanien_SEAE-224x300.jpg 224w, https:\/\/rawismyreligion.com\/wp-content\/uploads\/Biosiegel_Spanien_SEAE-768x1029.jpg 768w, https:\/\/rawismyreligion.com\/wp-content\/uploads\/Biosiegel_Spanien_SEAE-300x402.jpg 300w, https:\/\/rawismyreligion.com\/wp-content\/uploads\/Biosiegel_Spanien_SEAE-500x670.jpg 500w, https:\/\/rawismyreligion.com\/wp-content\/uploads\/Biosiegel_Spanien_SEAE.jpg 940w\" sizes=\"(max-width: 113px) 100vw, 113px\" \/><\/a><\/figure><\/div>\n<\/div>\n\n\n\n<div class=\"wp-block-column\"><\/div>\n<\/div>\n\n\n\n<h2>Private Handelsmarken f\u00fcr Bioprodukte<\/h2>\n\n\n\n<div class=\"wp-block-columns\">\n<div class=\"wp-block-column\">\n<figure class=\"wp-block-image size-large\"><img loading=\"lazy\" width=\"114\" height=\"114\" src=\"https:\/\/rawismyreligion.com\/wp-content\/uploads\/Biovidasana_biosiegel_spanien-kosmetik.png\" alt=\"\" class=\"wp-image-79750\" srcset=\"https:\/\/rawismyreligion.com\/wp-content\/uploads\/Biovidasana_biosiegel_spanien-kosmetik.png 114w, https:\/\/rawismyreligion.com\/wp-content\/uploads\/Biovidasana_biosiegel_spanien-kosmetik-100x100.png 100w\" sizes=\"(max-width: 114px) 100vw, 114px\" \/><\/figure>\n\n\n\n<p><a href=\"https:\/\/www.biovidasana.org\/\" target=\"_blank\" rel=\"noreferrer noopener nofollow\">Vida Sana f\u00fcr Kosmetik<\/a><\/p>\n<\/div>\n\n\n\n<div class=\"wp-block-column\">\n<p><\/p>\n<\/div>\n\n\n\n<div class=\"wp-block-column\"><\/div>\n\n\n\n<div class=\"wp-block-column\"><\/div>\n<\/div>\n\n\n\n<h2>Bio finden in Spanien<\/h2>\n\n\n\n<p>Hier ist die Seite, mit allen Bioeinkaufsm\u00f6glichkeiten, die wir in Spanien gefunden haben.<\/p>\n\n\n\n<div class=\"container-fuild rimr-posts-grid\"><div class=\"row\"><div class=\"rimr-posts-grid-entry col-md-6\"><div class=\"entry-thumb normal-size\"><a href=\"https:\/\/rawismyreligion.com\/de\/bio-kaufen-weltweit\/bio-in-spanien\/\"><img src=\"https:\/\/rawismyreligion.com\/wp-content\/uploads\/navarro-herbolario-valencia-9-500x375.jpg\" \/><\/a><\/div><div><h4 class=\"entry-title\"><a href=\"https:\/\/rawismyreligion.com\/de\/bio-kaufen-weltweit\/bio-in-spanien\/\">Bio in Spanien<\/a><\/h4><div class=\"entry-summary\">Alle Biol\u00e4den und Biom\u00e4rkte in Spanien.<\/div><\/div><\/div><\/div><\/div>\n\n\n\n<p><\/p>\n\n\n\n<figure class=\"wp-block-image size-large\"><img loading=\"lazy\" width=\"1024\" height=\"768\" src=\"https:\/\/rawismyreligion.com\/wp-content\/uploads\/terra-verda-valencia-8-1024x768.jpg\" alt=\"\" class=\"wp-image-78618\" srcset=\"https:\/\/rawismyreligion.com\/wp-content\/uploads\/terra-verda-valencia-8-1024x768.jpg 1024w, https:\/\/rawismyreligion.com\/wp-content\/uploads\/terra-verda-valencia-8-300x225.jpg 300w, https:\/\/rawismyreligion.com\/wp-content\/uploads\/terra-verda-valencia-8-768x576.jpg 768w, https:\/\/rawismyreligion.com\/wp-content\/uploads\/terra-verda-valencia-8-1536x1152.jpg 1536w, https:\/\/rawismyreligion.com\/wp-content\/uploads\/terra-verda-valencia-8-500x375.jpg 500w, https:\/\/rawismyreligion.com\/wp-content\/uploads\/terra-verda-valencia-8-1040x780.jpg 1040w, https:\/\/rawismyreligion.com\/wp-content\/uploads\/terra-verda-valencia-8.jpg 2000w\" sizes=\"(max-width: 1024px) 100vw, 1024px\" \/><\/figure>\n\n\n\n<figure class=\"wp-block-image size-large is-style-default\"><img loading=\"lazy\" width=\"1024\" height=\"768\" src=\"https:\/\/rawismyreligion.com\/wp-content\/uploads\/navarro-herbolario-valencia-13-1024x768.jpg\" alt=\"\" class=\"wp-image-78675\" srcset=\"https:\/\/rawismyreligion.com\/wp-content\/uploads\/navarro-herbolario-valencia-13-1024x768.jpg 1024w, https:\/\/rawismyreligion.com\/wp-content\/uploads\/navarro-herbolario-valencia-13-300x225.jpg 300w, https:\/\/rawismyreligion.com\/wp-content\/uploads\/navarro-herbolario-valencia-13-768x576.jpg 768w, https:\/\/rawismyreligion.com\/wp-content\/uploads\/navarro-herbolario-valencia-13-1536x1152.jpg 1536w, https:\/\/rawismyreligion.com\/wp-content\/uploads\/navarro-herbolario-valencia-13-500x375.jpg 500w, https:\/\/rawismyreligion.com\/wp-content\/uploads\/navarro-herbolario-valencia-13-1040x780.jpg 1040w, https:\/\/rawismyreligion.com\/wp-content\/uploads\/navarro-herbolario-valencia-13.jpg 2000w\" sizes=\"(max-width: 1024px) 100vw, 1024px\" \/><\/figure>\n\n\n\n<hr \/>\r\n<div style=\"text-align:center;\">\r\n<script async src=\"https:\/\/pagead2.googlesyndication.com\/pagead\/js\/adsbygoogle.js\"><\/script>\r\n<!-- Google ad 2020 -->\r\n<ins class=\"adsbygoogle\"\r\n     style=\"display:block\"\r\n     data-ad-client=\"ca-pub-9981782957400879\"\r\n     data-ad-slot=\"9899772995\"\r\n     data-ad-format=\"auto\"\r\n     data-full-width-responsive=\"true\"><\/ins>\r\n<script>\r\n     (adsbygoogle = window.adsbygoogle || []).push({});\r\n<\/script><\/div>\r\n<hr \/>\n\n\n\n<div class=\"row\">\r\n<div class=\"col-md-3\"><img src=\"https:\/\/rawismyreligion.com\/wp-content\/uploads\/food-shopping-rawismyreligion.jpg\" alt=\"rohkost bio einkauf rawismyreligion\" width=\"2160\" height=\"1620\" class=\"aligncenter size-full wp-image-43116\" \/>\r\n<\/div>\r\n<div class=\"col-md-9\"><h3>Einkaufen<\/h3>Hochwertige Lebensmittel sind mir sehr wichtig. Ich kaufe ausnahmslos bio, versuche dabei regional, saisonal und plastikfrei einzukaufen. Ich mache es f\u00fcr meine Gesundheit, die anderen und den Planeten.\r\n<\/div>\r\n<\/div>\r\n\r\n\r\n\n","protected":false},"excerpt":{"rendered":"<p>So erkennen wir BIO in Spanien.<\/p>\n","protected":false},"author":1,"featured_media":70547,"parent":78035,"menu_order":0,"comment_status":"closed","ping_status":"closed","template":"","meta":{"spay_email":""},"categories":[],"tags":[18866,3476],"_links":{"self":[{"href":"https:\/\/rawismyreligion.com\/de\/wp-json\/wp\/v2\/pages\/79476"}],"collection":[{"href":"https:\/\/rawismyreligion.com\/de\/wp-json\/wp\/v2\/pages"}],"about":[{"href":"https:\/\/rawismyreligion.com\/de\/wp-json\/wp\/v2\/types\/page"}],"author":[{"embeddable":true,"href":"https:\/\/rawismyreligion.com\/de\/wp-json\/wp\/v2\/users\/1"}],"replies":[{"embeddable":true,"href":"https:\/\/rawismyreligion.com\/de\/wp-json\/wp\/v2\/comments?post=79476"}],"version-history":[{"count":15,"href":"https:\/\/rawismyreligion.com\/de\/wp-json\/wp\/v2\/pages\/79476\/revisions"}],"predecessor-version":[{"id":79762,"href":"https:\/\/rawismyreligion.com\/de\/wp-json\/wp\/v2\/pages\/79476\/revisions\/79762"}],"up":[{"embeddable":true,"href":"https:\/\/rawismyreligion.com\/de\/wp-json\/wp\/v2\/pages\/78035"}],"wp:featuredmedia":[{"embeddable":true,"href":"https:\/\/rawismyreligion.com\/de\/wp-json\/wp\/v2\/media\/70547"}],"wp:attachment":[{"href":"https:\/\/rawismyreligion.com\/de\/wp-json\/wp\/v2\/media?parent=79476"}],"wp:term":[{"taxonomy":"category","embeddable":true,"href":"https:\/\/rawismyreligion.com\/de\/wp-json\/wp\/v2\/categories?post=79476"},{"taxonomy":"post_tag","embeddable":true,"href":"https:\/\/rawismyreligion.com\/de\/wp-json\/wp\/v2\/tags?post=79476"}],"curies":[{"name":"wp","href":"https:\/\/api.w.org\/{rel}","templated":true}]}}