{"id":79423,"date":"2021-03-14T15:25:33","date_gmt":"2021-03-14T23:25:33","guid":{"rendered":"https:\/\/rawismyreligion.com\/?page_id=79423"},"modified":"2021-03-17T15:51:51","modified_gmt":"2021-03-17T23:51:51","slug":"bio-in-barcelona","status":"publish","type":"page","link":"https:\/\/rawismyreligion.com\/de\/bio-kaufen-weltweit\/bio-in-spanien\/bio-in-barcelona\/","title":{"rendered":"Bio in Barcelona"},"content":{"rendered":"\n<p id=\"block-78acf844-23f6-4c5d-a4a2-c4cdebf829a8\"><div class=\"container-fuild rimr-posts-grid\"><div class=\"row\"><div class=\"rimr-posts-grid-entry col-md-4\"><div class=\"entry-thumb normal-size\"><a href=\"https:\/\/rawismyreligion.com\/de\/veritas-bioladen-barcelona\/\"><img src=\"https:\/\/rawismyreligion.com\/wp-content\/uploads\/Veritas-Bilbao-1-500x375.jpg\" \/><\/a><\/div><div><h4 class=\"entry-title\"><a href=\"https:\/\/rawismyreligion.com\/de\/veritas-bioladen-barcelona\/\">Veritas<\/a><\/h4><div class=\"entry-summary\">Biomarktkette in Barcelona f\u00fcr bio und vegan.<\/div><\/div><\/div><div class=\"rimr-posts-grid-entry col-md-4\"><div class=\"entry-thumb normal-size\"><a href=\"https:\/\/rawismyreligion.com\/de\/the-living-food-2\/\"><img src=\"https:\/\/rawismyreligion.com\/wp-content\/uploads\/thelivingfood-cheese-tomato-cashew-500x375.jpg\" \/><\/a><\/div><div><h4 class=\"entry-title\"><a href=\"https:\/\/rawismyreligion.com\/de\/the-living-food-2\/\">The Living Food<\/a><\/h4><div class=\"entry-summary\">Veganer Laden in Barcelona.<\/div><\/div><\/div><div class=\"rimr-posts-grid-entry col-md-4\"><div class=\"entry-thumb normal-size\"><a href=\"https:\/\/rawismyreligion.com\/de\/god-save-the-green\/\"><img src=\"https:\/\/rawismyreligion.com\/wp-content\/uploads\/veganoteca-vegan-bio-organic-market-barcelona-6-500x375.jpg\" \/><\/a><\/div><div><h4 class=\"entry-title\"><a href=\"https:\/\/rawismyreligion.com\/de\/god-save-the-green\/\">God Save the Green<\/a><\/h4><div class=\"entry-summary\">Veganer Laden in Barcelona.<\/div><\/div><\/div><\/div><div class=\"row\"><div class=\"rimr-posts-grid-entry col-md-4\"><div class=\"entry-thumb normal-size\"><a href=\"https:\/\/rawismyreligion.com\/de\/agricola-mau-ecologic\/\"><img src=\"https:\/\/rawismyreligion.com\/wp-content\/uploads\/AGRI\u0301COLA-MAU-ECOLO\u0300GIC-4-500x375.jpg\" \/><\/a><\/div><div><h4 class=\"entry-title\"><a href=\"https:\/\/rawismyreligion.com\/de\/agricola-mau-ecologic\/\">Agr\u00edcola Mau Ecol\u00f2gic<\/a><\/h4><div class=\"entry-summary\">Bio Obst und Gem\u00fcse in Barcelona.<\/div><\/div><\/div><div class=\"rimr-posts-grid-entry col-md-4\"><div class=\"entry-thumb normal-size\"><a href=\"https:\/\/rawismyreligion.com\/de\/ecocentre-supermercado-vegano\/\"><img src=\"https:\/\/rawismyreligion.com\/wp-content\/uploads\/ecocentre-vegan-barcelona-organic-1-500x375.jpg\" \/><\/a><\/div><div><h4 class=\"entry-title\"><a href=\"https:\/\/rawismyreligion.com\/de\/ecocentre-supermercado-vegano\/\">Ecocentre Supermercado Vegano<\/a><\/h4><div class=\"entry-summary\">Veganer Bioladen in Barcelona.<\/div><\/div><\/div><div class=\"rimr-posts-grid-entry col-md-4\"><div class=\"entry-thumb normal-size\"><a href=\"https:\/\/rawismyreligion.com\/de\/the-framers\/\"><img src=\"https:\/\/rawismyreligion.com\/wp-content\/uploads\/veganoteca-vegan-bio-organic-market-barcelona-8-500x375.jpg\" \/><\/a><\/div><div><h4 class=\"entry-title\"><a href=\"https:\/\/rawismyreligion.com\/de\/the-framers\/\">The Framers<\/a><\/h4><div class=\"entry-summary\">Bioobst und Biogem\u00fcse in Barcelona.<\/div><\/div><\/div><\/div><div class=\"row\"><div class=\"rimr-posts-grid-entry col-md-4\"><div class=\"entry-thumb normal-size\"><a href=\"https:\/\/rawismyreligion.com\/de\/organic-market\/\"><img src=\"https:\/\/rawismyreligion.com\/wp-content\/uploads\/organic-market-barcelona-500x375.jpg\" \/><\/a><\/div><div><h4 class=\"entry-title\"><a href=\"https:\/\/rawismyreligion.com\/de\/organic-market\/\">Organic Market<\/a><\/h4><div class=\"entry-summary\">Bioladen in Barcelona.<\/div><\/div><\/div><div class=\"rimr-posts-grid-entry col-md-4\"><div class=\"entry-thumb normal-size\"><a href=\"https:\/\/rawismyreligion.com\/de\/el-cau-cooperativa\/\"><img src=\"https:\/\/rawismyreligion.com\/wp-content\/uploads\/cooperativa-bio-organic-market-barcelona-2-500x375.jpg\" \/><\/a><\/div><div><h4 class=\"entry-title\"><a href=\"https:\/\/rawismyreligion.com\/de\/el-cau-cooperativa\/\">El Cau Cooperativa<\/a><\/h4><div class=\"entry-summary\">Bioobst und Biogem\u00fcse in Barcelona.<\/div><\/div><\/div><div class=\"rimr-posts-grid-entry col-md-4\"><div class=\"entry-thumb normal-size\"><a href=\"https:\/\/rawismyreligion.com\/de\/molsa-sagrada-familia\/\"><img src=\"https:\/\/rawismyreligion.com\/wp-content\/uploads\/molsa-organic-shop-market-barcelona-2-500x375.jpg\" \/><\/a><\/div><div><h4 class=\"entry-title\"><a href=\"https:\/\/rawismyreligion.com\/de\/molsa-sagrada-familia\/\">Molsa Sagrada Familia<\/a><\/h4><div class=\"entry-summary\">Biolanden in Barcelona bei Sagrada Familia.<\/div><\/div><\/div><\/div><div class=\"row\"><div class=\"rimr-posts-grid-entry col-md-4\"><div class=\"entry-thumb normal-size\"><a href=\"https:\/\/rawismyreligion.com\/de\/lidl-mit-buiprodukten\/\"><img src=\"https:\/\/rawismyreligion.com\/wp-content\/uploads\/lidl-bio-organic-shop-market-barcelona-500x375.jpg\" \/><\/a><\/div><div><h4 class=\"entry-title\"><a href=\"https:\/\/rawismyreligion.com\/de\/lidl-mit-buiprodukten\/\">Lidl mit Buiprodukten<\/a><\/h4><div class=\"entry-summary\">Bio in Barcelona bei Lidl.<\/div><\/div><\/div><div class=\"rimr-posts-grid-entry col-md-4\"><div class=\"entry-thumb normal-size\"><a href=\"https:\/\/rawismyreligion.com\/de\/obbio-supermercat-ecologic\/\"><img src=\"https:\/\/rawismyreligion.com\/wp-content\/uploads\/obbio-bio-organic-shop-market-barcelona-6-500x375.jpg\" \/><\/a><\/div><div><h4 class=\"entry-title\"><a href=\"https:\/\/rawismyreligion.com\/de\/obbio-supermercat-ecologic\/\">OBBIO Supermercat Ecol\u00f2gic<\/a><\/h4><div class=\"entry-summary\">Bioladen in Barcelona.<\/div><\/div><\/div><\/div><\/div>\n\n\n\n<!--tags: Barcelona 3944  organic 18866 shop 18799-->\n\n\n\n<hr \/>\r\n<div style=\"text-align:center;\">\r\n<script async src=\"https:\/\/pagead2.googlesyndication.com\/pagead\/js\/adsbygoogle.js\"><\/script>\r\n<!-- Google ad 2020 -->\r\n<ins class=\"adsbygoogle\"\r\n     style=\"display:block\"\r\n     data-ad-client=\"ca-pub-9981782957400879\"\r\n     data-ad-slot=\"9899772995\"\r\n     data-ad-format=\"auto\"\r\n     data-full-width-responsive=\"true\"><\/ins>\r\n<script>\r\n     (adsbygoogle = window.adsbygoogle || []).push({});\r\n<\/script><\/div>\r\n<hr \/>\n<br><br>\n\n\n\n<div class=\"container-fuild rimr-posts-grid\"><div class=\"row\"><div class=\"rimr-posts-grid-entry col-md-6\"><div class=\"entry-thumb normal-size\"><a href=\"https:\/\/rawismyreligion.com\/de\/bio-weltweit\/bio-siegel-in-spanien\/\"><img src=\"https:\/\/rawismyreligion.com\/wp-content\/uploads\/Mercat-de-Venda-Directa-organic-farmers-market-valencia-9-500x375.jpg\" \/><\/a><\/div><div><h4 class=\"entry-title\"><a href=\"https:\/\/rawismyreligion.com\/de\/bio-weltweit\/bio-siegel-in-spanien\/\">Bio-Siegel in Spanien<\/a><\/h4><div class=\"entry-summary\">So erkennen wir BIO in Spanien.<\/div><\/div><\/div><div class=\"rimr-posts-grid-entry col-md-6\"><div class=\"entry-thumb normal-size\"><a href=\"https:\/\/rawismyreligion.com\/de\/bio-kaufen-weltweit\/bio-in-spanien\/\"><img src=\"https:\/\/rawismyreligion.com\/wp-content\/uploads\/navarro-herbolario-valencia-9-500x375.jpg\" \/><\/a><\/div><div><h4 class=\"entry-title\"><a href=\"https:\/\/rawismyreligion.com\/de\/bio-kaufen-weltweit\/bio-in-spanien\/\">Bio in Spanien<\/a><\/h4><div class=\"entry-summary\">Alle Biol\u00e4den und Biom\u00e4rkte in Spanien.<\/div><\/div><\/div><\/div><\/div>\r\n\n\n\n\n<hr \/>\r\n<div style=\"text-align:center;\">\r\n<script async src=\"https:\/\/pagead2.googlesyndication.com\/pagead\/js\/adsbygoogle.js\"><\/script>\r\n<!-- Google ad 2020 -->\r\n<ins class=\"adsbygoogle\"\r\n     style=\"display:block\"\r\n     data-ad-client=\"ca-pub-9981782957400879\"\r\n     data-ad-slot=\"9899772995\"\r\n     data-ad-format=\"auto\"\r\n     data-full-width-responsive=\"true\"><\/ins>\r\n<script>\r\n     (adsbygoogle = window.adsbygoogle || []).push({});\r\n<\/script><\/div>\r\n<hr \/>\n<br><br>\n\n\n\n<p>Bevor wir nach Barcelona gereist sind, haben wir online nach Biol\u00e4den und Biom\u00e4rkten gesucht, bzw. geschaut wie man an Bio in Superm\u00e4rkten oder im Versand rankommt.<\/p>\n\n\n\n<p>Es gibt in Barcelona unglaublich viele tolle Biol\u00e4den, vegane L\u00e4den, vegane Produkte im Biol\u00e4den und normalen Superm\u00e4rkten, rein vegane L\u00e4den und Unverpacktl\u00e4den. Auch die vegane Rohkost kommt nicht zu kurz, es gibt viele Produkte und auch Cafes und Restaurants, die Rohkost anbieten.<\/p>\n\n\n\n<p>Wir hoffen, wir k\u00f6nnen euch bei der Planung des Bio-Einkaufs in Barcelona helfen! Beachtet, dass manche Gesch\u00e4fte mittags geschlossen sind, manche sogar bis 17 Uhr. Sonntags sind die Gesch\u00e4fte ebenfalls geschlossen. Auch die Nationalfeiertage k\u00f6nnen \u00fcberraschend kommen. Wir hatten keine Gelegenheit, auf Biom\u00e4rkte zu gehen, vielleicht gab es im Dezember, als wir in Barcelona waren nicht so viele, oder wir waren einfach \u00fcberw\u00e4ltigt von den vielen Einkaufsm\u00f6glichkeiten in den Biol\u00e4den. <\/p>\n\n\n\n<h2>Preise f\u00fcr Bio in Barcelona<\/h2>\n\n\n\n<p>Die Preise f\u00fcr bio in Barcelona sind nicht teurer als f\u00fcr bio in Berlin. Wir fanden die Auswahl an Obst im Winter viel besser als in Berlin, vor allem gab es viel von dem, was in Spanien w\u00e4chst: Erdbeeren, Orangen, Kaki.<\/p>\n\n\n\n<div class=\"row\">\r\n<div class=\"col-md-3\"><img src=\"https:\/\/rawismyreligion.com\/wp-content\/uploads\/food-shopping-rawismyreligion.jpg\" alt=\"rohkost bio einkauf rawismyreligion\" width=\"2160\" height=\"1620\" class=\"aligncenter size-full wp-image-43116\" \/>\r\n<\/div>\r\n<div class=\"col-md-9\"><h3>Einkaufen<\/h3>Hochwertige Lebensmittel sind mir sehr wichtig. Ich kaufe ausnahmslos bio, versuche dabei regional, saisonal und plastikfrei einzukaufen. Ich mache es f\u00fcr meine Gesundheit, die anderen und den Planeten.\r\n<\/div>\r\n<\/div>\r\n\r\n\r\n\n","protected":false},"excerpt":{"rendered":"<p>Bio kaufen in Barcelona.<\/p>\n","protected":false},"author":1,"featured_media":76091,"parent":79408,"menu_order":0,"comment_status":"closed","ping_status":"closed","template":"","meta":{"spay_email":""},"categories":[18798],"tags":[3944,9196,18866,18799,3476],"_links":{"self":[{"href":"https:\/\/rawismyreligion.com\/de\/wp-json\/wp\/v2\/pages\/79423"}],"collection":[{"href":"https:\/\/rawismyreligion.com\/de\/wp-json\/wp\/v2\/pages"}],"about":[{"href":"https:\/\/rawismyreligion.com\/de\/wp-json\/wp\/v2\/types\/page"}],"author":[{"embeddable":true,"href":"https:\/\/rawismyreligion.com\/de\/wp-json\/wp\/v2\/users\/1"}],"replies":[{"embeddable":true,"href":"https:\/\/rawismyreligion.com\/de\/wp-json\/wp\/v2\/comments?post=79423"}],"version-history":[{"count":21,"href":"https:\/\/rawismyreligion.com\/de\/wp-json\/wp\/v2\/pages\/79423\/revisions"}],"predecessor-version":[{"id":83298,"href":"https:\/\/rawismyreligion.com\/de\/wp-json\/wp\/v2\/pages\/79423\/revisions\/83298"}],"up":[{"embeddable":true,"href":"https:\/\/rawismyreligion.com\/de\/wp-json\/wp\/v2\/pages\/79408"}],"wp:featuredmedia":[{"embeddable":true,"href":"https:\/\/rawismyreligion.com\/de\/wp-json\/wp\/v2\/media\/76091"}],"wp:attachment":[{"href":"https:\/\/rawismyreligion.com\/de\/wp-json\/wp\/v2\/media?parent=79423"}],"wp:term":[{"taxonomy":"category","embeddable":true,"href":"https:\/\/rawismyreligion.com\/de\/wp-json\/wp\/v2\/categories?post=79423"},{"taxonomy":"post_tag","embeddable":true,"href":"https:\/\/rawismyreligion.com\/de\/wp-json\/wp\/v2\/tags?post=79423"}],"curies":[{"name":"wp","href":"https:\/\/api.w.org\/{rel}","templated":true}]}}