{"id":79161,"date":"2021-03-14T00:05:10","date_gmt":"2021-03-14T08:05:10","guid":{"rendered":"https:\/\/rawismyreligion.com\/?page_id=79161"},"modified":"2021-04-07T05:45:51","modified_gmt":"2021-04-07T13:45:51","slug":"burger-rezepte","status":"publish","type":"page","link":"https:\/\/rawismyreligion.com\/de\/raw-food\/rezepte\/herzhafte-rohkost-rezepte\/burger-rezepte\/","title":{"rendered":"Burger Rezepte"},"content":{"rendered":"\n<p class=\"has-text-align-center\">Rohkost Burger. Burger Saucen.<\/p>\n\n\n\n<figure class=\"wp-block-image size-large\"><img loading=\"lazy\" width=\"1024\" height=\"768\" src=\"https:\/\/rawismyreligion.com\/wp-content\/uploads\/2013\/11\/the-look-inside_1-1024x768.jpg\" alt=\"\" class=\"wp-image-4951\" srcset=\"https:\/\/rawismyreligion.com\/wp-content\/uploads\/2013\/11\/the-look-inside_1-1024x768.jpg 1024w, https:\/\/rawismyreligion.com\/wp-content\/uploads\/2013\/11\/the-look-inside_1-300x225.jpg 300w, https:\/\/rawismyreligion.com\/wp-content\/uploads\/2013\/11\/the-look-inside_1-1040x780.jpg 1040w\" sizes=\"(max-width: 1024px) 100vw, 1024px\" \/><\/figure>\n\n\n\n<p id=\"block-6e914140-a42e-4f7e-94d5-38664be74a9f\">Rohkost-Burger sind leckere herzhafte Hauptgerichte, die immer gern esse, wenn ich Portobello-Pilze habe oder Rohkostbrot machen m\u00f6chte. <\/p>\n\n\n\n<p>Burger sind auch immer lecker in Rohkost-Restaurants und unser go-to Gericht.<\/p>\n\n\n\n<h2 id=\"block-568d259e-7369-4fd6-80c5-0737bbcadb87\">Neueste Burger-Rezepte auf dem Blog<\/h2>\n\n\n\n<div class=\"container-fuild rimr-posts-grid\"><div class=\"row\"><div class=\"rimr-posts-grid-entry col-md-4\"><div class=\"entry-thumb normal-size\"><a href=\"https:\/\/rawismyreligion.com\/de\/raw-vegan-burger\/\"><img src=\"https:\/\/rawismyreligion.com\/wp-content\/uploads\/2013\/11\/the-look-inside_1.jpg\" \/><\/a><\/div><div><h4 class=\"entry-title\"><a href=\"https:\/\/rawismyreligion.com\/de\/raw-vegan-burger\/\">Burger aus Portobello<\/a><\/h4><\/div><\/div><div class=\"rimr-posts-grid-entry col-md-4\"><div class=\"entry-thumb normal-size\"><a href=\"https:\/\/rawismyreligion.com\/de\/rohkost-ketchup\/\"><img src=\"https:\/\/rawismyreligion.com\/wp-content\/uploads\/ketchup-recipe-video-healthy-raw-vegan-500x375.jpg\" \/><\/a><\/div><div><h4 class=\"entry-title\"><a href=\"https:\/\/rawismyreligion.com\/de\/rohkost-ketchup\/\">Rohkost Ketchup<\/a><\/h4><\/div><\/div><div class=\"rimr-posts-grid-entry col-md-4\"><div class=\"entry-thumb normal-size\"><a href=\"https:\/\/rawismyreligion.com\/de\/meeresbuerger\/\"><img src=\"https:\/\/rawismyreligion.com\/wp-content\/uploads\/algen-burger-tomaten-sprossen-3-500x375.jpg\" \/><\/a><\/div><div><h4 class=\"entry-title\"><a href=\"https:\/\/rawismyreligion.com\/de\/meeresbuerger\/\">Meeresburger<\/a><\/h4><\/div><\/div><\/div><div class=\"row\"><div class=\"rimr-posts-grid-entry col-md-4\"><div class=\"entry-thumb normal-size\"><a href=\"https:\/\/rawismyreligion.com\/de\/rohkost-burger-rezept\/\"><img src=\"https:\/\/rawismyreligion.com\/wp-content\/uploads\/fruitadmin-burger-with-hemp-3-500x375.jpg\" \/><\/a><\/div><div><h4 class=\"entry-title\"><a href=\"https:\/\/rawismyreligion.com\/de\/rohkost-burger-rezept\/\">Das Rohkost-Burger Basis Rezept<\/a><\/h4><\/div><\/div><\/div><\/div>\n\n\n\n<p id=\"block-6418540a-6edf-4dd7-82a5-7c33deb128e4\"><hr \/>\r\n<div style=\"text-align: center;\">\r\n<h2>Newsletter: Das Beste nie verpassen!<\/h2> \r\n<\/div>\r\n<div class=\"row\">\r\n<div class=\"col-xs-3\">\r\n<img src=\"https:\/\/rawismyreligion.com\/wp-content\/uploads\/rohkost-rezept-joghurt-auf-erdbeere-2.jpg\" alt=\"\" width=\"2000\" height=\"1500\" class=\"aligncenter size-full wp-image-85125\" \/>\r\n<\/div>\r\n<div class=\"col-xs-3\">\r\n<img src=\"https:\/\/rawismyreligion.com\/wp-content\/uploads\/bifi-vegan-rohkost-rezept-3.jpg\" alt=\"\" width=\"2000\" height=\"1500\" class=\"aligncenter size-full wp-image-85006\" \/>\r\n<\/div>\r\n<div class=\"col-xs-3\">\r\n<img src=\"https:\/\/rawismyreligion.com\/wp-content\/uploads\/bio-vegan-rohkost-mango-joghurt-rezept-3.jpg\" alt=\"\" width=\"2000\" height=\"1500\" class=\"aligncenter size-full wp-image-85355\" \/><\/div>\r\n\r\n<div class=\"col-xs-3\">\r\n<img src=\"https:\/\/rawismyreligion.com\/wp-content\/uploads\/getrocknete-Fruechte-2.jpg\" alt=\"\" width=\"2000\" height=\"1500\" class=\"aligncenter size-full wp-image-84549\" \/><\/div><\/div>\r\n\r\n<div style=\"text-align: center;\">\r\nBald kommen diese Rezepte kostenlos per eMail zu dir. Trag dich ein!<\/div>\r\n<\/br>\r\n\r\n<div style=\"text-align: center;\">\r\n<div class='rimr-nl-container' data-language='de' data-base-url='https:\/\/rawismyreligion.com\/wp-admin\/admin-ajax.php' data-sec='b53b570b10'><div class='rimr-nl-thankyou'>Hat geklappt!<\/div><div class='form-group'><input type='text' class='rimr-nl-name form-control' placeholder='Name' \/><\/div><div class='form-group'><input type='text' class='rimr-nl-mail form-control' placeholder='you@example.com' \/><\/div><div class='form-group'><div class='rimr-nl-button'><span class='rimr-nl-icon-start fa fa-chevron-right'><\/span><\/div><\/div><\/div><\/div>\r\n<\/br>\r\n\r\n<hr \/>\r\n\r\n\r\n\r\n\r\n\r\n\n\n\n\n<h2>Leckere einfache Burgersauce und Burger sind im Fruitadmin-Buch<\/h2>\n\n\n\n<div class=\"container-fuild rimr-posts-grid\"><div class=\"row\"><div class=\"rimr-posts-grid-entry col-md-6\"><div class=\"entry-thumb normal-size\"><a href=\"https:\/\/rawismyreligion.com\/de\/fruitadmin-buch\/\"><img src=\"https:\/\/rawismyreligion.com\/wp-content\/uploads\/Fruitadmin-Buch-Cover-De-Post-Thumb-500x375.jpg\" \/><\/a><\/div><div><h4 class=\"entry-title\"><a href=\"https:\/\/rawismyreligion.com\/de\/fruitadmin-buch\/\">Fruitadmin Buch<\/a><\/h4><div class=\"entry-summary\">Das Basisbuch der machbaren Rohkost.<\/div><\/div><\/div><div class=\"rimr-posts-grid-entry col-md-6\"><div class=\"entry-thumb normal-size\"><a href=\"https:\/\/rawismyreligion.com\/de\/aufstriche-buch\/\"><img src=\"https:\/\/rawismyreligion.com\/wp-content\/uploads\/Aufstriche-Buch-Cover-De-Post-Thumb-500x375.jpg\" \/><\/a><\/div><div><h4 class=\"entry-title\"><a href=\"https:\/\/rawismyreligion.com\/de\/aufstriche-buch\/\">Aufstriche<\/a><\/h4><div class=\"entry-summary\">Wir machen unsere eigenen rohkost Aufstriche in nur wenigen Minuten. <\/div><\/div><\/div><\/div><\/div>\n\n\n\n<p><\/p>\n\n\n\n<p id=\"block-aee2f628-6fab-4582-b25e-38b9abd9ca6b\"><h3>Hol dir meine neuesten B\u00fccher<\/h3>\r\n<div class=\"row\">\r\n<div class=\"col-xs-3\">\r\n<a href=\"https:\/\/rawismyreligion.com\/de\/love-raw\/\" target=\"_blank\" rel=\"noopener\"><img src=\"https:\/\/rawismyreligion.com\/wp-content\/uploads\/Cover-De.jpg\" alt=\"\" width=\"1080\" height=\"1507\" class=\"aligncenter size-full wp-image-44884\" \/><\/a>\r\n<\/div>\r\n<div class=\"col-xs-3\">\r\n<a href=\"https:\/\/rawismyreligion.com\/de\/?p=44940\" target=\"_blank\" rel=\"noopener\"><img src=\"https:\/\/rawismyreligion.com\/wp-content\/uploads\/Fruitadmin-Buch-Cover-De.png\" alt=\"\" width=\"1080\" height=\"1507\" class=\"aligncenter size-full wp-image-84844\" \/><\/a>\r\n<\/div>\r\n<div class=\"col-xs-3\">\r\n<a href=\"https:\/\/rawismyreligion.com\/de\/aufstriche-buch\/\" target=\"_blank\" rel=\"noopener\"><img src=\"https:\/\/rawismyreligion.com\/wp-content\/uploads\/Aufstiche-Buch-Cover-De.jpg\" alt=\"aufstrich rohkost rezept buch\" width=\"1080\" height=\"1507\" class=\"aligncenter size-full wp-image-44863\" \/><\/a> \r\n<\/div>\r\n<div class=\"col-xs-3\">\r\n<a href=\"https:\/\/rawismyreligion.com\/de\/zitrus-smoothies-buch\/\" target=\"_blank\" rel=\"noopener\"><img src=\"https:\/\/rawismyreligion.com\/wp-content\/uploads\/Cover-Image-easy-citrus-smoothies.png\" alt=\"aufstrich rohkost rezept buch\" width=\"1080\" height=\"1507\" class=\"aligncenter size-full wp-image-44863\" \/><\/a> \r\n<\/div>\r\n<\/div>\r\n\r\n<div class=\"row\">\r\n<div class=\"col-xs-3\">\r\n<a href=\"https:\/\/rawismyreligion.com\/de\/kuerbis-buch\/\" target=\"_blank\" rel=\"noopener\"><img src=\"https:\/\/rawismyreligion.com\/wp-content\/uploads\/Kuerbis-Buch-Cover-De.jpg\" alt=\"\" width=\"1080\" height=\"1507\" class=\"aligncenter size-full wp-image-44884\" \/><\/a>\r\n<\/div>\r\n<div class=\"col-xs-3\">\r\n<a href=\"https:\/\/rawismyreligion.com\/de\/mozzarella-buch-seite\/\" target=\"_blank\" rel=\"noopener\"><img src=\"https:\/\/rawismyreligion.com\/wp-content\/uploads\/Mozzarella-Buch-Cover-De.jpg\" alt=\"\" width=\"1080\" height=\"1507\" class=\"aligncenter size-full wp-image-44894\" \/><\/a>\r\n<\/div>\r\n<div class=\"col-xs-3\">\r\n<a href=\"https:\/\/rawismyreligion.com\/de\/?p=37809\" target=\"_blank\" rel=\"noopener\"><img src=\"https:\/\/rawismyreligion.com\/wp-content\/uploads\/Cheap-Raw-Buch-Cover-De.jpg\" alt=\"\" width=\"1080\" height=\"1507\" class=\"aligncenter size-full wp-image-44874\" \/><\/a>\r\n<\/div>\r\n<div class=\"col-xs-3\">\r\n<a href=\"https:\/\/rawismyreligion.com\/de\/suppen-to-go-buch\/\" target=\"_blank\" rel=\"noopener\"><img src=\"https:\/\/rawismyreligion.com\/wp-content\/uploads\/Suppen-to-go-Buch-Cover-De.jpg\" alt=\"\" width=\"1080\" height=\"1507\" class=\"aligncenter size-full wp-image-44922\" \/><\/a>\r\n<\/div>\r\n<\/div>\r\n\r\n\r\n<!--\r\n\r\n<div class=\"row\">\r\n<div class=\"col-xs-3\">\r\n<a href=\"https:\/\/rawismyreligion.com\/de\/love-raw\/\" target=\"_blank\" rel=\"noopener\"><img src=\"https:\/\/rawismyreligion.com\/wp-content\/uploads\/cover-love-raw.png\" alt=\"\" width=\"1080\" height=\"1507\" class=\"aligncenter size-full wp-image-44884\" \/><\/a>\r\n<\/div>\r\n<div class=\"col-xs-3\">\r\n<a href=\"https:\/\/rawismyreligion.com\/de\/?p=44940\" target=\"_blank\" rel=\"noopener\"><img src=\"https:\/\/rawismyreligion.com\/wp-content\/uploads\/Fruitadmin-Buch-Cover-De.png\" alt=\"\" width=\"1080\" height=\"1507\" class=\"aligncenter size-full wp-image-44936\" \/><\/a>\r\n<\/div>\r\n<div class=\"col-xs-3\">\r\n<a href=\"https:\/\/rawismyreligion.com\/de\/aufstriche-buch\/\" target=\"_blank\" rel=\"noopener\"><img src=\"https:\/\/rawismyreligion.com\/wp-content\/uploads\/Aufstiche-Buch-Cover-De.png\" alt=\"aufstrich rohkost rezept buch\" width=\"1080\" height=\"1507\" class=\"aligncenter size-full wp-image-44863\" \/><\/a> \r\n<\/div>\r\n<div class=\"col-xs-3\">\r\n<a href=\"https:\/\/rawismyreligion.com\/de\/zitrus-smoothies-buch\/\" target=\"_blank\" rel=\"noopener\"><img src=\"https:\/\/rawismyreligion.com\/wp-content\/uploads\/Cover-Image-easy-citrus-smoothies.png\" alt=\"aufstrich rohkost rezept buch\" width=\"1080\" height=\"1507\" class=\"aligncenter size-full wp-image-44863\" \/><\/a> \r\n<\/div>\r\n<\/div>\r\n\r\n<div class=\"row\">\r\n<div class=\"col-xs-3\">\r\n<a href=\"https:\/\/rawismyreligion.com\/de\/kuerbis-buch\/\" target=\"_blank\" rel=\"noopener\"><img src=\"https:\/\/rawismyreligion.com\/wp-content\/uploads\/Kuerbis-Buch-Cover-De.png\" alt=\"\" width=\"1080\" height=\"1507\" class=\"aligncenter size-full wp-image-44884\" \/><\/a>\r\n<\/div>\r\n<div class=\"col-xs-3\">\r\n<a href=\"https:\/\/rawismyreligion.com\/de\/mozzarella-buch-seite\/\" target=\"_blank\" rel=\"noopener\"><img src=\"https:\/\/rawismyreligion.com\/wp-content\/uploads\/Mozzarella-Buch-Cover-De.png\" alt=\"\" width=\"1080\" height=\"1507\" class=\"aligncenter size-full wp-image-44894\" \/><\/a>\r\n<\/div>\r\n<div class=\"col-xs-3\">\r\n<a href=\"https:\/\/rawismyreligion.com\/de\/?p=37809\" target=\"_blank\" rel=\"noopener\"><img src=\"https:\/\/rawismyreligion.com\/wp-content\/uploads\/Cheap-Raw-Buch-Cover-De.png\" alt=\"\" width=\"1080\" height=\"1507\" class=\"aligncenter size-full wp-image-44874\" \/><\/a>\r\n<\/div>\r\n<div class=\"col-xs-3\">\r\n<a href=\"https:\/\/rawismyreligion.com\/de\/suppen-to-go-buch\/\" target=\"_blank\" rel=\"noopener\"><img src=\"https:\/\/rawismyreligion.com\/wp-content\/uploads\/Suppen-to-go-Buch-Cover-De.png\" alt=\"\" width=\"1080\" height=\"1507\" class=\"aligncenter size-full wp-image-44922\" \/><\/a>\r\n<\/div>\r\n<\/div>\r\n\r\n\r\n<img src=\"https:\/\/rawismyreligion.com\/wp-content\/uploads\/20120828-Cheap-Raw-Buch-Cover-De-2.png\" alt=\"\" width=\"134\" height=\"187\" class=\"aligncenter size-full wp-image-84900\" \/>\r\n\r\n\r\nHier keine pngs  sondern undurchsichtige jpgs\r\n\r\n<div class=\"row\">\r\n<div class=\"col-xs-3\">\r\n<a href=\"https:\/\/rawismyreligion.com\/de\/love-raw\/\" target=\"_blank\" rel=\"noopener\"><img src=\"https:\/\/rawismyreligion.com\/wp-content\/uploads\/Cover-De.jpg\" alt=\"\" width=\"1080\" height=\"1507\" class=\"aligncenter size-full wp-image-44884\" \/><\/a>\r\n<\/div>\r\n<div class=\"col-xs-3\">\r\n<a href=\"https:\/\/rawismyreligion.com\/de\/?p=44940\" target=\"_blank\" rel=\"noopener\"><img src=\"https:\/\/rawismyreligion.com\/wp-content\/uploads\/Fruitadmin-Buch-Cover-De.jpg\" alt=\"\" width=\"1080\" height=\"1507\" class=\"aligncenter size-full wp-image-44936\" \/><\/a>\r\n<\/div>\r\n<div class=\"col-xs-3\">\r\n<a href=\"https:\/\/rawismyreligion.com\/de\/aufstriche-buch\/\" target=\"_blank\" rel=\"noopener\"><img src=\"https:\/\/rawismyreligion.com\/wp-content\/uploads\/Aufstiche-Buch-Cover-De.jpg\" alt=\"aufstrich rohkost rezept buch\" width=\"1080\" height=\"1507\" class=\"aligncenter size-full wp-image-44863\" \/><\/a> \r\n<\/div>\r\n<div class=\"col-xs-3\">\r\n<a href=\"https:\/\/rawismyreligion.com\/de\/zitrus-smoothies-buch\/\" target=\"_blank\" rel=\"noopener\"><img src=\"https:\/\/rawismyreligion.com\/wp-content\/uploads\/Cover-Image-easy-citrus-smoothies.png\" alt=\"aufstrich rohkost rezept buch\" width=\"1080\" height=\"1507\" class=\"aligncenter size-full wp-image-44863\" \/><\/a> \r\n<\/div>\r\n<\/div>\r\n\r\n<div class=\"row\">\r\n<div class=\"col-xs-3\">\r\n<a href=\"https:\/\/rawismyreligion.com\/de\/kuerbis-buch\/\" target=\"_blank\" rel=\"noopener\"><img src=\"https:\/\/rawismyreligion.com\/wp-content\/uploads\/Kuerbis-Buch-Cover-De.jpg\" alt=\"\" width=\"1080\" height=\"1507\" class=\"aligncenter size-full wp-image-44884\" \/><\/a>\r\n<\/div>\r\n<div class=\"col-xs-3\">\r\n<a href=\"https:\/\/rawismyreligion.com\/de\/mozzarella-buch-seite\/\" target=\"_blank\" rel=\"noopener\"><img src=\"https:\/\/rawismyreligion.com\/wp-content\/uploads\/Mozzarella-Buch-Cover-De.jpg\" alt=\"\" width=\"1080\" height=\"1507\" class=\"aligncenter size-full wp-image-44894\" \/><\/a>\r\n<\/div>\r\n<div class=\"col-xs-3\">\r\n<a href=\"https:\/\/rawismyreligion.com\/de\/?p=37809\" target=\"_blank\" rel=\"noopener\"><img src=\"https:\/\/rawismyreligion.com\/wp-content\/uploads\/Cheap-Raw-Buch-Cover-De.jpg\" alt=\"\" width=\"1080\" height=\"1507\" class=\"aligncenter size-full wp-image-44874\" \/><\/a>\r\n<\/div>\r\n<div class=\"col-xs-3\">\r\n<a href=\"https:\/\/rawismyreligion.com\/de\/suppen-to-go-buch\/\" target=\"_blank\" rel=\"noopener\"><img src=\"https:\/\/rawismyreligion.com\/wp-content\/uploads\/Suppen-to-go-Buch-Cover-De.jpg\" alt=\"\" width=\"1080\" height=\"1507\" class=\"aligncenter size-full wp-image-44922\" \/><\/a>\r\n<\/div>\r\n<\/div>\r\n\r\n\r\n\r\n\r\n\r\n\r\n<div class=\"row\">\r\n<div class=\"col-md-2\">\r\n<a href=\"https:\/\/rawismyreligion.com\/de\/?p=44940\" target=\"_blank\" rel=\"noopener\"><img src=\"https:\/\/rawismyreligion.com\/wp-content\/uploads\/Fruitadmin-Buch-Cover-De.jpg\" alt=\"\" width=\"1080\" height=\"1507\" class=\"aligncenter size-full wp-image-44936\" \/><\/a>\r\n<\/div>\r\n<div class=\"col-md-2\">\r\n<a href=\"https:\/\/rawismyreligion.com\/de\/aufstriche-buch\/\" target=\"_blank\" rel=\"noopener\"><img src=\"https:\/\/rawismyreligion.com\/wp-content\/uploads\/Aufstiche-Buch-Cover-De.jpg\" alt=\"aufstrich rohkost rezept buch\" width=\"1080\" height=\"1507\" class=\"aligncenter size-full wp-image-44863\" \/><\/a> \r\n<\/div>\r\n<div class=\"col-md-2\">\r\n<a href=\"https:\/\/rawismyreligion.com\/de\/kuerbis-buch\/\" target=\"_blank\" rel=\"noopener\"><img src=\"https:\/\/rawismyreligion.com\/wp-content\/uploads\/Kuerbis-Buch-Cover-De.jpg\" alt=\"\" width=\"1080\" height=\"1507\" class=\"aligncenter size-full wp-image-44884\" \/><\/a>\r\n<\/div>\r\n<div class=\"col-md-2\">\r\n<a href=\"https:\/\/rawismyreligion.com\/de\/mozzarella-buch-seite\/\" target=\"_blank\" rel=\"noopener\"><img src=\"https:\/\/rawismyreligion.com\/wp-content\/uploads\/Mozzarella-Buch-Cover-De.jpg\" alt=\"\" width=\"1080\" height=\"1507\" class=\"aligncenter size-full wp-image-44894\" \/><\/a>\r\n<\/div>\r\n<div class=\"col-md-2\">\r\n<a href=\"https:\/\/rawismyreligion.com\/de\/?p=37809\" target=\"_blank\" rel=\"noopener\"><img src=\"https:\/\/rawismyreligion.com\/wp-content\/uploads\/Cheap-Raw-Buch-Cover-De.jpg\" alt=\"\" width=\"1080\" height=\"1507\" class=\"aligncenter size-full wp-image-44874\" \/><\/a>\r\n<\/div>\r\n<div class=\"col-md-2\">\r\n<a href=\"https:\/\/rawismyreligion.com\/de\/suppen-to-go-buch\/\" target=\"_blank\" rel=\"noopener\"><img src=\"https:\/\/rawismyreligion.com\/wp-content\/uploads\/Suppen-to-go-Buch-Cover-De.jpg\" alt=\"\" width=\"1080\" height=\"1507\" class=\"aligncenter size-full wp-image-44922\" \/><\/a>\r\n<\/div>\r\n<\/div>\r\n-->\r\n\n\n\n\n<p id=\"block-a951fa9c-0b74-453a-8785-a85b130b5405\"><hr \/>\r\n<div style=\"text-align:center;\">\r\n<script async src=\"https:\/\/pagead2.googlesyndication.com\/pagead\/js\/adsbygoogle.js\"><\/script>\r\n<!-- Google ad 2020 -->\r\n<ins class=\"adsbygoogle\"\r\n     style=\"display:block\"\r\n     data-ad-client=\"ca-pub-9981782957400879\"\r\n     data-ad-slot=\"9899772995\"\r\n     data-ad-format=\"auto\"\r\n     data-full-width-responsive=\"true\"><\/ins>\r\n<script>\r\n     (adsbygoogle = window.adsbygoogle || []).push({});\r\n<\/script><\/div>\r\n<hr \/>\n\n\n\n<p id=\"block-30a102b8-6405-46bb-8259-0d619762a7b6\"><div class=\"row\">\r\n<div class=\"col-md-3\"><img src=\"https:\/\/rawismyreligion.com\/wp-content\/uploads\/sommer-update-mukbang-beautyisraw-rawismyreligion.jpg\" alt=\"rawismyreligion dr. ina melny\" width=\"1080\" height=\"810\" class=\"aligncenter size-full wp-image-25144\" \/>\r\n<\/div>\r\n<div class=\"col-md-9\"><h3>Willkommen auf Rawismyreligion<\/h3>Ich bin Ina. Ich freue mich sehr, dass ihr du hier bist. Ich schreibe \u00fcber Themen, die mir am Herzen liegen und w\u00fcrde auch sehr gern wissen, was dich bewegt. Schreib mir einen Kommentar unter dem Post, der dir gef\u00e4llt.\r\n<\/div>\r\n<\/div>\r\n\r\n\n","protected":false},"excerpt":{"rendered":"<p>Rohkost Burger. Burger Saucen. Rohkost-Burger sind leckere herzhafte Hauptgerichte, die immer gern esse, wenn ich Portobello-Pilze habe oder Rohkostbrot machen m\u00f6chte. Burger sind auch immer lecker in Rohkost-Restaurants und unser go-to Gericht. Neueste Burger-Rezepte auf dem Blog Leckere einfache Burgersauce und Burger sind im Fruitadmin-Buch<\/p>\n","protected":false},"author":1,"featured_media":21122,"parent":40808,"menu_order":0,"comment_status":"closed","ping_status":"closed","template":"","meta":{"spay_email":""},"categories":[2709,3758],"tags":[19261,18753,9250],"_links":{"self":[{"href":"https:\/\/rawismyreligion.com\/de\/wp-json\/wp\/v2\/pages\/79161"}],"collection":[{"href":"https:\/\/rawismyreligion.com\/de\/wp-json\/wp\/v2\/pages"}],"about":[{"href":"https:\/\/rawismyreligion.com\/de\/wp-json\/wp\/v2\/types\/page"}],"author":[{"embeddable":true,"href":"https:\/\/rawismyreligion.com\/de\/wp-json\/wp\/v2\/users\/1"}],"replies":[{"embeddable":true,"href":"https:\/\/rawismyreligion.com\/de\/wp-json\/wp\/v2\/comments?post=79161"}],"version-history":[{"count":8,"href":"https:\/\/rawismyreligion.com\/de\/wp-json\/wp\/v2\/pages\/79161\/revisions"}],"predecessor-version":[{"id":79173,"href":"https:\/\/rawismyreligion.com\/de\/wp-json\/wp\/v2\/pages\/79161\/revisions\/79173"}],"up":[{"embeddable":true,"href":"https:\/\/rawismyreligion.com\/de\/wp-json\/wp\/v2\/pages\/40808"}],"wp:featuredmedia":[{"embeddable":true,"href":"https:\/\/rawismyreligion.com\/de\/wp-json\/wp\/v2\/media\/21122"}],"wp:attachment":[{"href":"https:\/\/rawismyreligion.com\/de\/wp-json\/wp\/v2\/media?parent=79161"}],"wp:term":[{"taxonomy":"category","embeddable":true,"href":"https:\/\/rawismyreligion.com\/de\/wp-json\/wp\/v2\/categories?post=79161"},{"taxonomy":"post_tag","embeddable":true,"href":"https:\/\/rawismyreligion.com\/de\/wp-json\/wp\/v2\/tags?post=79161"}],"curies":[{"name":"wp","href":"https:\/\/api.w.org\/{rel}","templated":true}]}}