{"id":69493,"date":"2021-02-14T14:23:55","date_gmt":"2021-02-14T22:23:55","guid":{"rendered":"https:\/\/rawismyreligion.com\/?p=69493"},"modified":"2021-02-25T02:28:01","modified_gmt":"2021-02-25T10:28:01","slug":"sushi","status":"publish","type":"page","link":"https:\/\/rawismyreligion.com\/de\/raw-food\/rezepte\/herzhafte-rohkost-rezepte\/sushi\/","title":{"rendered":"Sushi Rezepte"},"content":{"rendered":"\n<p class=\"has-text-align-center\">Rohkost Sushi Rezepte. Vegane Sushi Rezepte.<\/p>\n\n\n\n<figure class=\"wp-block-image size-large\"><img loading=\"lazy\" width=\"1024\" height=\"683\" src=\"https:\/\/rawismyreligion.com\/wp-content\/uploads\/monk-salmon-sushi-rasayana-bangkok-raw-food-restaurant-1024x683.jpg\" alt=\"Rohkostsushi\" class=\"wp-image-23772\" srcset=\"https:\/\/rawismyreligion.com\/wp-content\/uploads\/monk-salmon-sushi-rasayana-bangkok-raw-food-restaurant-1024x683.jpg 1024w, https:\/\/rawismyreligion.com\/wp-content\/uploads\/monk-salmon-sushi-rasayana-bangkok-raw-food-restaurant-300x200.jpg 300w, https:\/\/rawismyreligion.com\/wp-content\/uploads\/monk-salmon-sushi-rasayana-bangkok-raw-food-restaurant-500x333.jpg 500w, https:\/\/rawismyreligion.com\/wp-content\/uploads\/monk-salmon-sushi-rasayana-bangkok-raw-food-restaurant-1040x693.jpg 1040w, https:\/\/rawismyreligion.com\/wp-content\/uploads\/monk-salmon-sushi-rasayana-bangkok-raw-food-restaurant.jpg 1920w\" sizes=\"(max-width: 1024px) 100vw, 1024px\" \/><\/figure>\n\n\n\n<h2>Meine Sushi-Rezepte<\/h2>\n\n\n\n<div class=\"container-fuild rimr-posts-grid\"><div class=\"row\"><div class=\"rimr-posts-grid-entry col-md-4\"><div class=\"entry-thumb normal-size\"><a href=\"https:\/\/rawismyreligion.com\/de\/suchtig-nach-sushi\/\"><img src=\"https:\/\/rawismyreligion.com\/wp-content\/uploads\/sushi-lachs-vegan-e1613254673434-500x375.jpg\" \/><\/a><\/div><div><h4 class=\"entry-title\"><a href=\"https:\/\/rawismyreligion.com\/de\/suchtig-nach-sushi\/\">S\u00fcchtig nach Sushi mit Lachs<\/a><\/h4><\/div><\/div><div class=\"rimr-posts-grid-entry col-md-4\"><div class=\"entry-thumb normal-size\"><a href=\"https:\/\/rawismyreligion.com\/de\/sushi-basis-rezept\/\"><img src=\"https:\/\/rawismyreligion.com\/wp-content\/uploads\/sushi-insta-2-500x375.jpg\" \/><\/a><\/div><div><h4 class=\"entry-title\"><a href=\"https:\/\/rawismyreligion.com\/de\/sushi-basis-rezept\/\">Rohkost Sushi Basis Rezept<\/a><\/h4><\/div><\/div><\/div><\/div>\n\n\n\n<h2>Zutaten f\u00fcr Sushi<\/h2>\n\n\n\n<div class=\"container-fuild rimr-posts-grid\"><div class=\"row\"><div class=\"rimr-posts-grid-entry col-md-4\"><div class=\"entry-thumb normal-size\"><a href=\"https:\/\/rawismyreligion.com\/de\/jicama\/\"><img src=\"https:\/\/rawismyreligion.com\/wp-content\/uploads\/jicama-market-organic-box-500x375.jpg\" \/><\/a><\/div><div><h4 class=\"entry-title\"><a href=\"https:\/\/rawismyreligion.com\/de\/jicama\/\">Jicama<\/a><\/h4><\/div><\/div><div class=\"rimr-posts-grid-entry col-md-4\"><div class=\"entry-thumb normal-size\"><a href=\"https:\/\/rawismyreligion.com\/de\/wasabi\/\"><img src=\"https:\/\/rawismyreligion.com\/wp-content\/uploads\/wasabi-1-500x375.jpg\" \/><\/a><\/div><div><h4 class=\"entry-title\"><a href=\"https:\/\/rawismyreligion.com\/de\/wasabi\/\">Wasabi<\/a><\/h4><\/div><\/div><div class=\"rimr-posts-grid-entry col-md-4\"><div class=\"entry-thumb normal-size\"><a href=\"https:\/\/rawismyreligion.com\/de\/wasabipulver\/\"><img src=\"https:\/\/rawismyreligion.com\/wp-content\/uploads\/wasabi-500x375.jpg\" \/><\/a><\/div><div><h4 class=\"entry-title\"><a href=\"https:\/\/rawismyreligion.com\/de\/wasabipulver\/\">Wasabipulver<\/a><\/h4><\/div><\/div><\/div><div class=\"row\"><div class=\"rimr-posts-grid-entry col-md-4\"><div class=\"entry-thumb normal-size\"><a href=\"https:\/\/rawismyreligion.com\/de\/nori-blaetter\/\"><img src=\"https:\/\/rawismyreligion.com\/wp-content\/uploads\/nori-bio-sushi-500x375.jpg\" \/><\/a><\/div><div><h4 class=\"entry-title\"><a href=\"https:\/\/rawismyreligion.com\/de\/nori-blaetter\/\">Nori-Bl\u00e4tter<\/a><\/h4><\/div><\/div><div class=\"rimr-posts-grid-entry col-md-4\"><div class=\"entry-thumb normal-size\"><a href=\"https:\/\/rawismyreligion.com\/de\/aminos\/\"><img src=\"https:\/\/rawismyreligion.com\/wp-content\/uploads\/aminos-500x375.jpg\" \/><\/a><\/div><div><h4 class=\"entry-title\"><a href=\"https:\/\/rawismyreligion.com\/de\/aminos\/\">Aminos<\/a><\/h4><\/div><\/div><div class=\"rimr-posts-grid-entry col-md-4\"><div class=\"entry-thumb normal-size\"><a href=\"https:\/\/rawismyreligion.com\/de\/sojasauce\/\"><img src=\"https:\/\/rawismyreligion.com\/wp-content\/uploads\/sojasauce-500x375.jpg\" \/><\/a><\/div><div><h4 class=\"entry-title\"><a href=\"https:\/\/rawismyreligion.com\/de\/sojasauce\/\">Sojasauce<\/a><\/h4><\/div><\/div><\/div><\/div>\n\n\n\n<h2>F\u00fcr die Sushi-Herstellung<\/h2>\n\n\n\n<div class=\"container-fuild rimr-posts-grid\"><div class=\"row\"><div class=\"rimr-posts-grid-entry col-md-4\"><div class=\"entry-thumb normal-size\"><a href=\"https:\/\/rawismyreligion.com\/de\/sushi-matte\/\"><img src=\"https:\/\/rawismyreligion.com\/wp-content\/uploads\/sushi-matte-500x375.jpg\" \/><\/a><\/div><div><h4 class=\"entry-title\"><a href=\"https:\/\/rawismyreligion.com\/de\/sushi-matte\/\">Sushi Matte<\/a><\/h4><\/div><\/div><div class=\"rimr-posts-grid-entry col-md-4\"><div class=\"entry-thumb normal-size\"><a href=\"https:\/\/rawismyreligion.com\/de\/mini-kochen-maschine\/\"><img src=\"https:\/\/rawismyreligion.com\/wp-content\/uploads\/sushi-mukbang-rezept-vegan-rohkost-kennenlernen-daten-500x375.jpg\" \/><\/a><\/div><div><h4 class=\"entry-title\"><a href=\"https:\/\/rawismyreligion.com\/de\/mini-kochen-maschine\/\">Mini K\u00fcchenmaschine<\/a><\/h4><\/div><\/div><div class=\"rimr-posts-grid-entry col-md-4\"><div class=\"entry-thumb normal-size\"><a href=\"https:\/\/rawismyreligion.com\/de\/kuechenmaschine\/\"><img src=\"https:\/\/rawismyreligion.com\/wp-content\/uploads\/food-processor-raw-is-my-religion-kitchen-tools-favorites-500x375.jpg\" \/><\/a><\/div><div><h4 class=\"entry-title\"><a href=\"https:\/\/rawismyreligion.com\/de\/kuechenmaschine\/\">K\u00fcchenmaschine<\/a><\/h4><\/div><\/div><\/div><\/div>\n\n\n\n<h2>Meine B\u00fccher mit Sushi-Rezept<\/h2>\n\n\n\n\n\n\n\n<figure class=\"wp-block-image size-full\"><img loading=\"lazy\" width=\"2400\" height=\"3000\" src=\"https:\/\/rawismyreligion.com\/wp-content\/uploads\/pumpkin-sushi.jpg\" alt=\"Rohkostsushi\" class=\"wp-image-51152\" srcset=\"https:\/\/rawismyreligion.com\/wp-content\/uploads\/pumpkin-sushi.jpg 2400w, https:\/\/rawismyreligion.com\/wp-content\/uploads\/pumpkin-sushi-240x300.jpg 240w, https:\/\/rawismyreligion.com\/wp-content\/uploads\/pumpkin-sushi-768x960.jpg 768w, https:\/\/rawismyreligion.com\/wp-content\/uploads\/pumpkin-sushi-819x1024.jpg 819w, https:\/\/rawismyreligion.com\/wp-content\/uploads\/pumpkin-sushi-300x375.jpg 300w, https:\/\/rawismyreligion.com\/wp-content\/uploads\/pumpkin-sushi-500x625.jpg 500w, https:\/\/rawismyreligion.com\/wp-content\/uploads\/pumpkin-sushi-1040x1300.jpg 1040w\" sizes=\"(max-width: 2400px) 100vw, 2400px\" \/><\/figure>\n\n\n\n<figure class=\"wp-block-image size-large\"><img loading=\"lazy\" width=\"1024\" height=\"768\" src=\"https:\/\/rawismyreligion.com\/wp-content\/uploads\/sushi-koko-green-nice-raw-vegan-restaurant-1024x768.jpg\" alt=\"\" class=\"wp-image-37248\" srcset=\"https:\/\/rawismyreligion.com\/wp-content\/uploads\/sushi-koko-green-nice-raw-vegan-restaurant-1024x768.jpg 1024w, https:\/\/rawismyreligion.com\/wp-content\/uploads\/sushi-koko-green-nice-raw-vegan-restaurant-300x225.jpg 300w, https:\/\/rawismyreligion.com\/wp-content\/uploads\/sushi-koko-green-nice-raw-vegan-restaurant-768x576.jpg 768w, https:\/\/rawismyreligion.com\/wp-content\/uploads\/sushi-koko-green-nice-raw-vegan-restaurant-500x375.jpg 500w, https:\/\/rawismyreligion.com\/wp-content\/uploads\/sushi-koko-green-nice-raw-vegan-restaurant-1040x780.jpg 1040w\" sizes=\"(max-width: 1024px) 100vw, 1024px\" \/><\/figure>\n\n\n\n<hr \/>\r\n<div style=\"text-align: center;\">\r\n<h2>Newsletter: Das Beste nie verpassen!<\/h2> \r\n<\/div>\r\n<div class=\"row\">\r\n<div class=\"col-xs-3\">\r\n<img src=\"https:\/\/rawismyreligion.com\/wp-content\/uploads\/rohkost-rezept-joghurt-auf-erdbeere-2.jpg\" alt=\"\" width=\"2000\" height=\"1500\" class=\"aligncenter size-full wp-image-85125\" \/>\r\n<\/div>\r\n<div class=\"col-xs-3\">\r\n<img src=\"https:\/\/rawismyreligion.com\/wp-content\/uploads\/bifi-vegan-rohkost-rezept-3.jpg\" alt=\"\" width=\"2000\" height=\"1500\" class=\"aligncenter size-full wp-image-85006\" \/>\r\n<\/div>\r\n<div class=\"col-xs-3\">\r\n<img src=\"https:\/\/rawismyreligion.com\/wp-content\/uploads\/bio-vegan-rohkost-mango-joghurt-rezept-3.jpg\" alt=\"\" width=\"2000\" height=\"1500\" class=\"aligncenter size-full wp-image-85355\" \/><\/div>\r\n\r\n<div class=\"col-xs-3\">\r\n<img src=\"https:\/\/rawismyreligion.com\/wp-content\/uploads\/getrocknete-Fruechte-2.jpg\" alt=\"\" width=\"2000\" height=\"1500\" class=\"aligncenter size-full wp-image-84549\" \/><\/div><\/div>\r\n\r\n<div style=\"text-align: center;\">\r\nBald kommen diese Rezepte kostenlos per eMail zu dir. Trag dich ein!<\/div>\r\n<\/br>\r\n\r\n<div style=\"text-align: center;\">\r\n<div class='rimr-nl-container' data-language='de' data-base-url='https:\/\/rawismyreligion.com\/wp-admin\/admin-ajax.php' data-sec='2a5c794d21'><div class='rimr-nl-thankyou'>Hat geklappt!<\/div><div class='form-group'><input type='text' class='rimr-nl-name form-control' placeholder='Name' \/><\/div><div class='form-group'><input type='text' class='rimr-nl-mail form-control' placeholder='you@example.com' \/><\/div><div class='form-group'><div class='rimr-nl-button'><span class='rimr-nl-icon-start fa fa-chevron-right'><\/span><\/div><\/div><\/div><\/div>\r\n<\/br>\r\n\r\n<hr \/>\r\n\r\n\r\n\r\n\r\n\r\n\n\n\n\n<hr \/>\r\n<div style=\"text-align:center;\">\r\n<script async src=\"https:\/\/pagead2.googlesyndication.com\/pagead\/js\/adsbygoogle.js\"><\/script>\r\n<!-- Google ad 2020 -->\r\n<ins class=\"adsbygoogle\"\r\n     style=\"display:block\"\r\n     data-ad-client=\"ca-pub-9981782957400879\"\r\n     data-ad-slot=\"9899772995\"\r\n     data-ad-format=\"auto\"\r\n     data-full-width-responsive=\"true\"><\/ins>\r\n<script>\r\n     (adsbygoogle = window.adsbygoogle || []).push({});\r\n<\/script><\/div>\r\n<hr \/>\n\n\n\n<div class=\"row\">\r\n<div class=\"col-md-3\"><img src=\"https:\/\/rawismyreligion.com\/wp-content\/uploads\/sommer-update-mukbang-beautyisraw-rawismyreligion.jpg\" alt=\"rawismyreligion dr. ina melny\" width=\"1080\" height=\"810\" class=\"aligncenter size-full wp-image-25144\" \/>\r\n<\/div>\r\n<div class=\"col-md-9\"><h3>Willkommen auf Rawismyreligion<\/h3>Ich bin Ina. Ich freue mich sehr, dass ihr du hier bist. Ich schreibe \u00fcber Themen, die mir am Herzen liegen und w\u00fcrde auch sehr gern wissen, was dich bewegt. Schreib mir einen Kommentar unter dem Post, der dir gef\u00e4llt.\r\n<\/div>\r\n<\/div>\r\n\r\n\n","protected":false},"excerpt":{"rendered":"<p>Rohkost-Sushi zubereiten.<\/p>\n","protected":false},"author":1,"featured_media":37248,"parent":40808,"menu_order":0,"comment_status":"open","ping_status":"closed","template":"","meta":{"spay_email":""},"categories":[2709,3758],"tags":[18753,9250,16379],"_links":{"self":[{"href":"https:\/\/rawismyreligion.com\/de\/wp-json\/wp\/v2\/pages\/69493"}],"collection":[{"href":"https:\/\/rawismyreligion.com\/de\/wp-json\/wp\/v2\/pages"}],"about":[{"href":"https:\/\/rawismyreligion.com\/de\/wp-json\/wp\/v2\/types\/page"}],"author":[{"embeddable":true,"href":"https:\/\/rawismyreligion.com\/de\/wp-json\/wp\/v2\/users\/1"}],"replies":[{"embeddable":true,"href":"https:\/\/rawismyreligion.com\/de\/wp-json\/wp\/v2\/comments?post=69493"}],"version-history":[{"count":18,"href":"https:\/\/rawismyreligion.com\/de\/wp-json\/wp\/v2\/pages\/69493\/revisions"}],"predecessor-version":[{"id":73502,"href":"https:\/\/rawismyreligion.com\/de\/wp-json\/wp\/v2\/pages\/69493\/revisions\/73502"}],"up":[{"embeddable":true,"href":"https:\/\/rawismyreligion.com\/de\/wp-json\/wp\/v2\/pages\/40808"}],"wp:featuredmedia":[{"embeddable":true,"href":"https:\/\/rawismyreligion.com\/de\/wp-json\/wp\/v2\/media\/37248"}],"wp:attachment":[{"href":"https:\/\/rawismyreligion.com\/de\/wp-json\/wp\/v2\/media?parent=69493"}],"wp:term":[{"taxonomy":"category","embeddable":true,"href":"https:\/\/rawismyreligion.com\/de\/wp-json\/wp\/v2\/categories?post=69493"},{"taxonomy":"post_tag","embeddable":true,"href":"https:\/\/rawismyreligion.com\/de\/wp-json\/wp\/v2\/tags?post=69493"}],"curies":[{"name":"wp","href":"https:\/\/api.w.org\/{rel}","templated":true}]}}