{"id":69291,"date":"2021-02-13T13:46:02","date_gmt":"2021-02-13T21:46:02","guid":{"rendered":"https:\/\/rawismyreligion.com\/?p=69291"},"modified":"2021-04-18T04:30:34","modified_gmt":"2021-04-18T12:30:34","slug":"smoothierezepte","status":"publish","type":"page","link":"https:\/\/rawismyreligion.com\/de\/raw-food\/rezepte\/drinks-rezepte\/smoothierezepte\/","title":{"rendered":"Smoothie Rezepte"},"content":{"rendered":"\n<p class=\"has-text-align-center\">Vegane Smoothies. Rohkost Smoothies.<\/p>\n\n\n\n<figure class=\"wp-block-image size-full\"><img loading=\"lazy\" width=\"2160\" height=\"1215\" src=\"https:\/\/rawismyreligion.com\/wp-content\/uploads\/20180405-orange-strawberry-smoothie-2.jpg\" alt=\"Smoothies vegane Rohkost Smoothies.\" class=\"wp-image-62622\" srcset=\"https:\/\/rawismyreligion.com\/wp-content\/uploads\/20180405-orange-strawberry-smoothie-2.jpg 2160w, https:\/\/rawismyreligion.com\/wp-content\/uploads\/20180405-orange-strawberry-smoothie-2-300x169.jpg 300w, https:\/\/rawismyreligion.com\/wp-content\/uploads\/20180405-orange-strawberry-smoothie-2-768x432.jpg 768w, https:\/\/rawismyreligion.com\/wp-content\/uploads\/20180405-orange-strawberry-smoothie-2-1024x576.jpg 1024w, https:\/\/rawismyreligion.com\/wp-content\/uploads\/20180405-orange-strawberry-smoothie-2-500x281.jpg 500w, https:\/\/rawismyreligion.com\/wp-content\/uploads\/20180405-orange-strawberry-smoothie-2-1040x585.jpg 1040w\" sizes=\"(max-width: 2160px) 100vw, 2160px\" \/><\/figure>\n\n\n\n<p>Smoothies sind beliebt, auch wenn Smoothies in Deutschland nie so beliebt sein k\u00f6nnten wie in Los Angeles, zu Hause werden diese sehr gern zum Bruchteil des Preises zubereitet, den man f\u00fcr fertige Smoothies bezahlen m\u00fcsste. <\/p>\n\n\n\n<p>Sehr beliebt sind in den letzten Jahren Smoothies in Glas- und Plastikflaschen geworden, die man fast \u00fcberall bekommen kann. Es sind mehr oder weniger dickfl\u00fcssigere S\u00e4fte, die nie an selbstgemachte Smoothies rankommen k\u00f6nnten<a rel=\"noreferrer noopener\" href=\"https:\/\/rawismyreligion.com\/de\/69247\/\" data-type=\"post\" data-id=\"69247\" target=\"_blank\">*<\/a>.<\/p>\n\n\n\n<p>Ich habe die besten Smoothies in diesen B\u00fcchern hier:<\/p>\n\n\n\n<div class=\"container-fuild rimr-posts-grid\"><div class=\"row\"><div class=\"rimr-posts-grid-entry col-md-6\"><div class=\"entry-thumb normal-size\"><a href=\"https:\/\/rawismyreligion.com\/de\/zitrus-smoothies-buch\/\"><img src=\"https:\/\/rawismyreligion.com\/wp-content\/uploads\/web-thumb-easy-citrus-smoothies-500x375.jpg\" \/><\/a><\/div><div><h4 class=\"entry-title\"><a href=\"https:\/\/rawismyreligion.com\/de\/zitrus-smoothies-buch\/\">Zitrus Smoothies<\/a><\/h4><div class=\"entry-summary\">Mehr aus Orangen rausholen.<\/div><\/div><\/div><div class=\"rimr-posts-grid-entry col-md-6\"><div class=\"entry-thumb normal-size\"><a href=\"https:\/\/rawismyreligion.com\/de\/fruitadmin-buch\/\"><img src=\"https:\/\/rawismyreligion.com\/wp-content\/uploads\/Fruitadmin-Buch-Cover-De-Post-Thumb-500x375.jpg\" \/><\/a><\/div><div><h4 class=\"entry-title\"><a href=\"https:\/\/rawismyreligion.com\/de\/fruitadmin-buch\/\">Fruitadmin Buch<\/a><\/h4><div class=\"entry-summary\">Das Basisbuch der machbaren Rohkost.<\/div><\/div><\/div><\/div><\/div>\n\n\n\n<figure class=\"wp-block-image size-large\"><img loading=\"lazy\" width=\"1024\" height=\"576\" src=\"https:\/\/rawismyreligion.com\/wp-content\/uploads\/jurassicfruit-fruit-haul-tropische-fruechte-1024x576.jpg\" alt=\"Smoothie Rezepte.\" class=\"wp-image-46062\" srcset=\"https:\/\/rawismyreligion.com\/wp-content\/uploads\/jurassicfruit-fruit-haul-tropische-fruechte-1024x576.jpg 1024w, https:\/\/rawismyreligion.com\/wp-content\/uploads\/jurassicfruit-fruit-haul-tropische-fruechte-300x169.jpg 300w, https:\/\/rawismyreligion.com\/wp-content\/uploads\/jurassicfruit-fruit-haul-tropische-fruechte-768x432.jpg 768w, https:\/\/rawismyreligion.com\/wp-content\/uploads\/jurassicfruit-fruit-haul-tropische-fruechte-500x281.jpg 500w, https:\/\/rawismyreligion.com\/wp-content\/uploads\/jurassicfruit-fruit-haul-tropische-fruechte-1040x585.jpg 1040w\" sizes=\"(max-width: 1024px) 100vw, 1024px\" \/><\/figure>\n\n\n\n<p><\/p>\n\n\n\n<h2 id=\"h-neuste-smoothie-rezepte-auf-dem-blog\">Neuste Smoothie Rezepte auf dem Blog<\/h2>\n\n\n\n<p><\/p>\n\n\n<div class=\"container-fuild rimr-posts-grid\"><div class=\"row\"><div class=\"rimr-posts-grid-entry col-md-6\"><div class=\"entry-thumb normal-size\"><a href=\"https:\/\/rawismyreligion.com\/de\/love-raw\/\"><img src=\"https:\/\/rawismyreligion.com\/wp-content\/uploads\/product-book-love-raw-1-500x375.jpg\" \/><\/a><\/div><div><h4 class=\"entry-title\"><a href=\"https:\/\/rawismyreligion.com\/de\/love-raw\/\">Love Raw Rohkost zum Verlieben<\/a><\/h4><div class=\"entry-summary\">Rezepte f\u00fcr besondere Anl\u00e4sse.<\/div><\/div><\/div><div class=\"rimr-posts-grid-entry col-md-6\"><div class=\"entry-thumb normal-size\"><a href=\"https:\/\/rawismyreligion.com\/de\/fruitadmin-buch\/\"><img src=\"https:\/\/rawismyreligion.com\/wp-content\/uploads\/Fruitadmin-Buch-Cover-De-Post-Thumb-500x375.jpg\" \/><\/a><\/div><div><h4 class=\"entry-title\"><a href=\"https:\/\/rawismyreligion.com\/de\/fruitadmin-buch\/\">Fruitadmin Buch<\/a><\/h4><div class=\"entry-summary\">Das Basisbuch der machbaren Rohkost.<\/div><\/div><\/div><\/div><\/div>\n\n\n\n<hr \/>\r\n<div style=\"text-align: center;\">\r\n<h2>Newsletter: Das Beste nie verpassen!<\/h2> \r\n<\/div>\r\n<div class=\"row\">\r\n<div class=\"col-xs-3\">\r\n<img src=\"https:\/\/rawismyreligion.com\/wp-content\/uploads\/rohkost-rezept-joghurt-auf-erdbeere-2.jpg\" alt=\"\" width=\"2000\" height=\"1500\" class=\"aligncenter size-full wp-image-85125\" \/>\r\n<\/div>\r\n<div class=\"col-xs-3\">\r\n<img src=\"https:\/\/rawismyreligion.com\/wp-content\/uploads\/bifi-vegan-rohkost-rezept-3.jpg\" alt=\"\" width=\"2000\" height=\"1500\" class=\"aligncenter size-full wp-image-85006\" \/>\r\n<\/div>\r\n<div class=\"col-xs-3\">\r\n<img src=\"https:\/\/rawismyreligion.com\/wp-content\/uploads\/bio-vegan-rohkost-mango-joghurt-rezept-3.jpg\" alt=\"\" width=\"2000\" height=\"1500\" class=\"aligncenter size-full wp-image-85355\" \/><\/div>\r\n\r\n<div class=\"col-xs-3\">\r\n<img src=\"https:\/\/rawismyreligion.com\/wp-content\/uploads\/getrocknete-Fruechte-2.jpg\" alt=\"\" width=\"2000\" height=\"1500\" class=\"aligncenter size-full wp-image-84549\" \/><\/div><\/div>\r\n\r\n<div style=\"text-align: center;\">\r\nBald kommen diese Rezepte kostenlos per eMail zu dir. Trag dich ein!<\/div>\r\n<\/br>\r\n\r\n<div style=\"text-align: center;\">\r\n<div class='rimr-nl-container' data-language='de' data-base-url='https:\/\/rawismyreligion.com\/wp-admin\/admin-ajax.php' data-sec='af60ba0263'><div class='rimr-nl-thankyou'>Hat geklappt!<\/div><div class='form-group'><input type='text' class='rimr-nl-name form-control' placeholder='Name' \/><\/div><div class='form-group'><input type='text' class='rimr-nl-mail form-control' placeholder='you@example.com' \/><\/div><div class='form-group'><div class='rimr-nl-button'><span class='rimr-nl-icon-start fa fa-chevron-right'><\/span><\/div><\/div><\/div><\/div>\r\n<\/br>\r\n\r\n<hr \/>\r\n\r\n\r\n\r\n\r\n\r\n\n\n\n\n<h3>Hol dir meine neuesten B\u00fccher<\/h3>\r\n<div class=\"row\">\r\n<div class=\"col-xs-3\">\r\n<a href=\"https:\/\/rawismyreligion.com\/de\/love-raw\/\" target=\"_blank\" rel=\"noopener\"><img src=\"https:\/\/rawismyreligion.com\/wp-content\/uploads\/Cover-De.jpg\" alt=\"\" width=\"1080\" height=\"1507\" class=\"aligncenter size-full wp-image-44884\" \/><\/a>\r\n<\/div>\r\n<div class=\"col-xs-3\">\r\n<a href=\"https:\/\/rawismyreligion.com\/de\/?p=44940\" target=\"_blank\" rel=\"noopener\"><img src=\"https:\/\/rawismyreligion.com\/wp-content\/uploads\/Fruitadmin-Buch-Cover-De.png\" alt=\"\" width=\"1080\" height=\"1507\" class=\"aligncenter size-full wp-image-84844\" \/><\/a>\r\n<\/div>\r\n<div class=\"col-xs-3\">\r\n<a href=\"https:\/\/rawismyreligion.com\/de\/aufstriche-buch\/\" target=\"_blank\" rel=\"noopener\"><img src=\"https:\/\/rawismyreligion.com\/wp-content\/uploads\/Aufstiche-Buch-Cover-De.jpg\" alt=\"aufstrich rohkost rezept buch\" width=\"1080\" height=\"1507\" class=\"aligncenter size-full wp-image-44863\" \/><\/a> \r\n<\/div>\r\n<div class=\"col-xs-3\">\r\n<a href=\"https:\/\/rawismyreligion.com\/de\/zitrus-smoothies-buch\/\" target=\"_blank\" rel=\"noopener\"><img src=\"https:\/\/rawismyreligion.com\/wp-content\/uploads\/Cover-Image-easy-citrus-smoothies.png\" alt=\"aufstrich rohkost rezept buch\" width=\"1080\" height=\"1507\" class=\"aligncenter size-full wp-image-44863\" \/><\/a> \r\n<\/div>\r\n<\/div>\r\n\r\n<div class=\"row\">\r\n<div class=\"col-xs-3\">\r\n<a href=\"https:\/\/rawismyreligion.com\/de\/kuerbis-buch\/\" target=\"_blank\" rel=\"noopener\"><img src=\"https:\/\/rawismyreligion.com\/wp-content\/uploads\/Kuerbis-Buch-Cover-De.jpg\" alt=\"\" width=\"1080\" height=\"1507\" class=\"aligncenter size-full wp-image-44884\" \/><\/a>\r\n<\/div>\r\n<div class=\"col-xs-3\">\r\n<a href=\"https:\/\/rawismyreligion.com\/de\/mozzarella-buch-seite\/\" target=\"_blank\" rel=\"noopener\"><img src=\"https:\/\/rawismyreligion.com\/wp-content\/uploads\/Mozzarella-Buch-Cover-De.jpg\" alt=\"\" width=\"1080\" height=\"1507\" class=\"aligncenter size-full wp-image-44894\" \/><\/a>\r\n<\/div>\r\n<div class=\"col-xs-3\">\r\n<a href=\"https:\/\/rawismyreligion.com\/de\/?p=37809\" target=\"_blank\" rel=\"noopener\"><img src=\"https:\/\/rawismyreligion.com\/wp-content\/uploads\/Cheap-Raw-Buch-Cover-De.jpg\" alt=\"\" width=\"1080\" height=\"1507\" class=\"aligncenter size-full wp-image-44874\" \/><\/a>\r\n<\/div>\r\n<div class=\"col-xs-3\">\r\n<a href=\"https:\/\/rawismyreligion.com\/de\/suppen-to-go-buch\/\" target=\"_blank\" rel=\"noopener\"><img src=\"https:\/\/rawismyreligion.com\/wp-content\/uploads\/Suppen-to-go-Buch-Cover-De.jpg\" alt=\"\" width=\"1080\" height=\"1507\" class=\"aligncenter size-full wp-image-44922\" \/><\/a>\r\n<\/div>\r\n<\/div>\r\n\r\n\r\n<!--\r\n\r\n<div class=\"row\">\r\n<div class=\"col-xs-3\">\r\n<a href=\"https:\/\/rawismyreligion.com\/de\/love-raw\/\" target=\"_blank\" rel=\"noopener\"><img src=\"https:\/\/rawismyreligion.com\/wp-content\/uploads\/cover-love-raw.png\" alt=\"\" width=\"1080\" height=\"1507\" class=\"aligncenter size-full wp-image-44884\" \/><\/a>\r\n<\/div>\r\n<div class=\"col-xs-3\">\r\n<a href=\"https:\/\/rawismyreligion.com\/de\/?p=44940\" target=\"_blank\" rel=\"noopener\"><img src=\"https:\/\/rawismyreligion.com\/wp-content\/uploads\/Fruitadmin-Buch-Cover-De.png\" alt=\"\" width=\"1080\" height=\"1507\" class=\"aligncenter size-full wp-image-44936\" \/><\/a>\r\n<\/div>\r\n<div class=\"col-xs-3\">\r\n<a href=\"https:\/\/rawismyreligion.com\/de\/aufstriche-buch\/\" target=\"_blank\" rel=\"noopener\"><img src=\"https:\/\/rawismyreligion.com\/wp-content\/uploads\/Aufstiche-Buch-Cover-De.png\" alt=\"aufstrich rohkost rezept buch\" width=\"1080\" height=\"1507\" class=\"aligncenter size-full wp-image-44863\" \/><\/a> \r\n<\/div>\r\n<div class=\"col-xs-3\">\r\n<a href=\"https:\/\/rawismyreligion.com\/de\/zitrus-smoothies-buch\/\" target=\"_blank\" rel=\"noopener\"><img src=\"https:\/\/rawismyreligion.com\/wp-content\/uploads\/Cover-Image-easy-citrus-smoothies.png\" alt=\"aufstrich rohkost rezept buch\" width=\"1080\" height=\"1507\" class=\"aligncenter size-full wp-image-44863\" \/><\/a> \r\n<\/div>\r\n<\/div>\r\n\r\n<div class=\"row\">\r\n<div class=\"col-xs-3\">\r\n<a href=\"https:\/\/rawismyreligion.com\/de\/kuerbis-buch\/\" target=\"_blank\" rel=\"noopener\"><img src=\"https:\/\/rawismyreligion.com\/wp-content\/uploads\/Kuerbis-Buch-Cover-De.png\" alt=\"\" width=\"1080\" height=\"1507\" class=\"aligncenter size-full wp-image-44884\" \/><\/a>\r\n<\/div>\r\n<div class=\"col-xs-3\">\r\n<a href=\"https:\/\/rawismyreligion.com\/de\/mozzarella-buch-seite\/\" target=\"_blank\" rel=\"noopener\"><img src=\"https:\/\/rawismyreligion.com\/wp-content\/uploads\/Mozzarella-Buch-Cover-De.png\" alt=\"\" width=\"1080\" height=\"1507\" class=\"aligncenter size-full wp-image-44894\" \/><\/a>\r\n<\/div>\r\n<div class=\"col-xs-3\">\r\n<a href=\"https:\/\/rawismyreligion.com\/de\/?p=37809\" target=\"_blank\" rel=\"noopener\"><img src=\"https:\/\/rawismyreligion.com\/wp-content\/uploads\/Cheap-Raw-Buch-Cover-De.png\" alt=\"\" width=\"1080\" height=\"1507\" class=\"aligncenter size-full wp-image-44874\" \/><\/a>\r\n<\/div>\r\n<div class=\"col-xs-3\">\r\n<a href=\"https:\/\/rawismyreligion.com\/de\/suppen-to-go-buch\/\" target=\"_blank\" rel=\"noopener\"><img src=\"https:\/\/rawismyreligion.com\/wp-content\/uploads\/Suppen-to-go-Buch-Cover-De.png\" alt=\"\" width=\"1080\" height=\"1507\" class=\"aligncenter size-full wp-image-44922\" \/><\/a>\r\n<\/div>\r\n<\/div>\r\n\r\n\r\n<img src=\"https:\/\/rawismyreligion.com\/wp-content\/uploads\/20120828-Cheap-Raw-Buch-Cover-De-2.png\" alt=\"\" width=\"134\" height=\"187\" class=\"aligncenter size-full wp-image-84900\" \/>\r\n\r\n\r\nHier keine pngs  sondern undurchsichtige jpgs\r\n\r\n<div class=\"row\">\r\n<div class=\"col-xs-3\">\r\n<a href=\"https:\/\/rawismyreligion.com\/de\/love-raw\/\" target=\"_blank\" rel=\"noopener\"><img src=\"https:\/\/rawismyreligion.com\/wp-content\/uploads\/Cover-De.jpg\" alt=\"\" width=\"1080\" height=\"1507\" class=\"aligncenter size-full wp-image-44884\" \/><\/a>\r\n<\/div>\r\n<div class=\"col-xs-3\">\r\n<a href=\"https:\/\/rawismyreligion.com\/de\/?p=44940\" target=\"_blank\" rel=\"noopener\"><img src=\"https:\/\/rawismyreligion.com\/wp-content\/uploads\/Fruitadmin-Buch-Cover-De.jpg\" alt=\"\" width=\"1080\" height=\"1507\" class=\"aligncenter size-full wp-image-44936\" \/><\/a>\r\n<\/div>\r\n<div class=\"col-xs-3\">\r\n<a href=\"https:\/\/rawismyreligion.com\/de\/aufstriche-buch\/\" target=\"_blank\" rel=\"noopener\"><img src=\"https:\/\/rawismyreligion.com\/wp-content\/uploads\/Aufstiche-Buch-Cover-De.jpg\" alt=\"aufstrich rohkost rezept buch\" width=\"1080\" height=\"1507\" class=\"aligncenter size-full wp-image-44863\" \/><\/a> \r\n<\/div>\r\n<div class=\"col-xs-3\">\r\n<a href=\"https:\/\/rawismyreligion.com\/de\/zitrus-smoothies-buch\/\" target=\"_blank\" rel=\"noopener\"><img src=\"https:\/\/rawismyreligion.com\/wp-content\/uploads\/Cover-Image-easy-citrus-smoothies.png\" alt=\"aufstrich rohkost rezept buch\" width=\"1080\" height=\"1507\" class=\"aligncenter size-full wp-image-44863\" \/><\/a> \r\n<\/div>\r\n<\/div>\r\n\r\n<div class=\"row\">\r\n<div class=\"col-xs-3\">\r\n<a href=\"https:\/\/rawismyreligion.com\/de\/kuerbis-buch\/\" target=\"_blank\" rel=\"noopener\"><img src=\"https:\/\/rawismyreligion.com\/wp-content\/uploads\/Kuerbis-Buch-Cover-De.jpg\" alt=\"\" width=\"1080\" height=\"1507\" class=\"aligncenter size-full wp-image-44884\" \/><\/a>\r\n<\/div>\r\n<div class=\"col-xs-3\">\r\n<a href=\"https:\/\/rawismyreligion.com\/de\/mozzarella-buch-seite\/\" target=\"_blank\" rel=\"noopener\"><img src=\"https:\/\/rawismyreligion.com\/wp-content\/uploads\/Mozzarella-Buch-Cover-De.jpg\" alt=\"\" width=\"1080\" height=\"1507\" class=\"aligncenter size-full wp-image-44894\" \/><\/a>\r\n<\/div>\r\n<div class=\"col-xs-3\">\r\n<a href=\"https:\/\/rawismyreligion.com\/de\/?p=37809\" target=\"_blank\" rel=\"noopener\"><img src=\"https:\/\/rawismyreligion.com\/wp-content\/uploads\/Cheap-Raw-Buch-Cover-De.jpg\" alt=\"\" width=\"1080\" height=\"1507\" class=\"aligncenter size-full wp-image-44874\" \/><\/a>\r\n<\/div>\r\n<div class=\"col-xs-3\">\r\n<a href=\"https:\/\/rawismyreligion.com\/de\/suppen-to-go-buch\/\" target=\"_blank\" rel=\"noopener\"><img src=\"https:\/\/rawismyreligion.com\/wp-content\/uploads\/Suppen-to-go-Buch-Cover-De.jpg\" alt=\"\" width=\"1080\" height=\"1507\" class=\"aligncenter size-full wp-image-44922\" \/><\/a>\r\n<\/div>\r\n<\/div>\r\n\r\n\r\n\r\n\r\n\r\n\r\n<div class=\"row\">\r\n<div class=\"col-md-2\">\r\n<a href=\"https:\/\/rawismyreligion.com\/de\/?p=44940\" target=\"_blank\" rel=\"noopener\"><img src=\"https:\/\/rawismyreligion.com\/wp-content\/uploads\/Fruitadmin-Buch-Cover-De.jpg\" alt=\"\" width=\"1080\" height=\"1507\" class=\"aligncenter size-full wp-image-44936\" \/><\/a>\r\n<\/div>\r\n<div class=\"col-md-2\">\r\n<a href=\"https:\/\/rawismyreligion.com\/de\/aufstriche-buch\/\" target=\"_blank\" rel=\"noopener\"><img src=\"https:\/\/rawismyreligion.com\/wp-content\/uploads\/Aufstiche-Buch-Cover-De.jpg\" alt=\"aufstrich rohkost rezept buch\" width=\"1080\" height=\"1507\" class=\"aligncenter size-full wp-image-44863\" \/><\/a> \r\n<\/div>\r\n<div class=\"col-md-2\">\r\n<a href=\"https:\/\/rawismyreligion.com\/de\/kuerbis-buch\/\" target=\"_blank\" rel=\"noopener\"><img src=\"https:\/\/rawismyreligion.com\/wp-content\/uploads\/Kuerbis-Buch-Cover-De.jpg\" alt=\"\" width=\"1080\" height=\"1507\" class=\"aligncenter size-full wp-image-44884\" \/><\/a>\r\n<\/div>\r\n<div class=\"col-md-2\">\r\n<a href=\"https:\/\/rawismyreligion.com\/de\/mozzarella-buch-seite\/\" target=\"_blank\" rel=\"noopener\"><img src=\"https:\/\/rawismyreligion.com\/wp-content\/uploads\/Mozzarella-Buch-Cover-De.jpg\" alt=\"\" width=\"1080\" height=\"1507\" class=\"aligncenter size-full wp-image-44894\" \/><\/a>\r\n<\/div>\r\n<div class=\"col-md-2\">\r\n<a href=\"https:\/\/rawismyreligion.com\/de\/?p=37809\" target=\"_blank\" rel=\"noopener\"><img src=\"https:\/\/rawismyreligion.com\/wp-content\/uploads\/Cheap-Raw-Buch-Cover-De.jpg\" alt=\"\" width=\"1080\" height=\"1507\" class=\"aligncenter size-full wp-image-44874\" \/><\/a>\r\n<\/div>\r\n<div class=\"col-md-2\">\r\n<a href=\"https:\/\/rawismyreligion.com\/de\/suppen-to-go-buch\/\" target=\"_blank\" rel=\"noopener\"><img src=\"https:\/\/rawismyreligion.com\/wp-content\/uploads\/Suppen-to-go-Buch-Cover-De.jpg\" alt=\"\" width=\"1080\" height=\"1507\" class=\"aligncenter size-full wp-image-44922\" \/><\/a>\r\n<\/div>\r\n<\/div>\r\n-->\r\n\n\n\n\n<hr \/>\r\n<div style=\"text-align:center;\">\r\n<script async src=\"https:\/\/pagead2.googlesyndication.com\/pagead\/js\/adsbygoogle.js\"><\/script>\r\n<!-- Google ad 2020 -->\r\n<ins class=\"adsbygoogle\"\r\n     style=\"display:block\"\r\n     data-ad-client=\"ca-pub-9981782957400879\"\r\n     data-ad-slot=\"9899772995\"\r\n     data-ad-format=\"auto\"\r\n     data-full-width-responsive=\"true\"><\/ins>\r\n<script>\r\n     (adsbygoogle = window.adsbygoogle || []).push({});\r\n<\/script><\/div>\r\n<hr \/>\n\n\n\n<div class=\"row\">\r\n<div class=\"col-md-3\"><img src=\"https:\/\/rawismyreligion.com\/wp-content\/uploads\/sommer-update-mukbang-beautyisraw-rawismyreligion.jpg\" alt=\"rawismyreligion dr. ina melny\" width=\"1080\" height=\"810\" class=\"aligncenter size-full wp-image-25144\" \/>\r\n<\/div>\r\n<div class=\"col-md-9\"><h3>Willkommen auf Rawismyreligion<\/h3>Ich bin Ina. Ich freue mich sehr, dass ihr du hier bist. Ich schreibe \u00fcber Themen, die mir am Herzen liegen und w\u00fcrde auch sehr gern wissen, was dich bewegt. Schreib mir einen Kommentar unter dem Post, der dir gef\u00e4llt.\r\n<\/div>\r\n<\/div>\r\n\r\n\n","protected":false},"excerpt":{"rendered":"<p>Vegane Smoothie Rezepte.<\/p>\n","protected":false},"author":1,"featured_media":44642,"parent":40809,"menu_order":0,"comment_status":"open","ping_status":"closed","template":"","meta":{"spay_email":""},"categories":[2709],"tags":[18753,9250,5318],"_links":{"self":[{"href":"https:\/\/rawismyreligion.com\/de\/wp-json\/wp\/v2\/pages\/69291"}],"collection":[{"href":"https:\/\/rawismyreligion.com\/de\/wp-json\/wp\/v2\/pages"}],"about":[{"href":"https:\/\/rawismyreligion.com\/de\/wp-json\/wp\/v2\/types\/page"}],"author":[{"embeddable":true,"href":"https:\/\/rawismyreligion.com\/de\/wp-json\/wp\/v2\/users\/1"}],"replies":[{"embeddable":true,"href":"https:\/\/rawismyreligion.com\/de\/wp-json\/wp\/v2\/comments?post=69291"}],"version-history":[{"count":12,"href":"https:\/\/rawismyreligion.com\/de\/wp-json\/wp\/v2\/pages\/69291\/revisions"}],"predecessor-version":[{"id":84834,"href":"https:\/\/rawismyreligion.com\/de\/wp-json\/wp\/v2\/pages\/69291\/revisions\/84834"}],"up":[{"embeddable":true,"href":"https:\/\/rawismyreligion.com\/de\/wp-json\/wp\/v2\/pages\/40809"}],"wp:featuredmedia":[{"embeddable":true,"href":"https:\/\/rawismyreligion.com\/de\/wp-json\/wp\/v2\/media\/44642"}],"wp:attachment":[{"href":"https:\/\/rawismyreligion.com\/de\/wp-json\/wp\/v2\/media?parent=69291"}],"wp:term":[{"taxonomy":"category","embeddable":true,"href":"https:\/\/rawismyreligion.com\/de\/wp-json\/wp\/v2\/categories?post=69291"},{"taxonomy":"post_tag","embeddable":true,"href":"https:\/\/rawismyreligion.com\/de\/wp-json\/wp\/v2\/tags?post=69291"}],"curies":[{"name":"wp","href":"https:\/\/api.w.org\/{rel}","templated":true}]}}