{"id":69247,"date":"2021-02-13T10:07:27","date_gmt":"2021-02-13T18:07:27","guid":{"rendered":"https:\/\/rawismyreligion.com\/?p=69247"},"modified":"2021-02-23T08:11:44","modified_gmt":"2021-02-23T16:11:44","slug":"69247-2","status":"publish","type":"page","link":"https:\/\/rawismyreligion.com\/de\/69247-2\/","title":{"rendered":"Meine Meinung"},"content":{"rendered":"\n<p>Was ich hier sage und schreibe, ist meine pers\u00f6nliche Meinung ohne Gew\u00e4hr. Ich bin kein Arzt, ich bin kein Ern\u00e4hrungsberater!<\/p>\n\n\n\n<h4>Keine Haftung f\u00fcr deine Entscheidungen<\/h4>\n\n\n\n<ul><li>Tipps nur auf eigene Gefahr anwenden! <\/li><li>Rezepte auf eigene Gefahr zubereiten!<\/li><li>Zutaten nur auf eigene Gefahr verwenden!<\/li><li>rohe Zutaten k\u00f6nnen mit Keimen belastet sein!<\/li><li>rohe Zutaten k\u00f6nnen giftig sein!<\/li><li>alle Zutaten auf Giftigkeit musst du selbst pr\u00fcfen!<\/li><\/ul>\n\n\n\n<p>Bitte vorher informieren, recherchieren, wissenschaftliche Artikel suchen und lesen.<\/p>\n\n\n\n<p>Alle Inhalte auf dem gesamten Blog sind meine pers\u00f6nliche Meinung! <\/p>\n\n\n\n<h4>Hier findest du ABSOLUT keine Beratung!<\/h4>\n\n\n\n<ul><li>keine Gesundheitsberatung<\/li><li>keine Ern\u00e4hrungsberatung<\/li><li>keine Di\u00e4tvorschl\u00e4ge<\/li><li>keine psychologische Beratung<\/li><li>keine finanzielle Beratung<\/li><li>keine Erziehungsberatung<\/li><\/ul>\n\n\n\n<h4>Bitte \u00fcbernehmt Verantwortung f\u00fcr euer Handeln, beim Lesen hier und generell!<\/h4>\n\n\n\n<figure class=\"wp-block-image size-large\"><img loading=\"lazy\" width=\"1024\" height=\"768\" src=\"https:\/\/rawismyreligion.com\/wp-content\/uploads\/essen-eklig-im-restaurant-1024x768.jpg\" alt=\"\" class=\"wp-image-62897\" srcset=\"https:\/\/rawismyreligion.com\/wp-content\/uploads\/essen-eklig-im-restaurant-1024x768.jpg 1024w, https:\/\/rawismyreligion.com\/wp-content\/uploads\/essen-eklig-im-restaurant-300x225.jpg 300w, https:\/\/rawismyreligion.com\/wp-content\/uploads\/essen-eklig-im-restaurant-768x576.jpg 768w, https:\/\/rawismyreligion.com\/wp-content\/uploads\/essen-eklig-im-restaurant-500x375.jpg 500w, https:\/\/rawismyreligion.com\/wp-content\/uploads\/essen-eklig-im-restaurant-1040x780.jpg 1040w, https:\/\/rawismyreligion.com\/wp-content\/uploads\/essen-eklig-im-restaurant.jpg 2000w\" sizes=\"(max-width: 1024px) 100vw, 1024px\" \/><\/figure>\n","protected":false},"excerpt":{"rendered":"<p>Pers\u00f6nliche Meinung ohne Gew\u00e4hr.<\/p>\n","protected":false},"author":1,"featured_media":16385,"parent":0,"menu_order":0,"comment_status":"open","ping_status":"closed","template":"","meta":{"spay_email":""},"categories":[],"tags":[],"_links":{"self":[{"href":"https:\/\/rawismyreligion.com\/de\/wp-json\/wp\/v2\/pages\/69247"}],"collection":[{"href":"https:\/\/rawismyreligion.com\/de\/wp-json\/wp\/v2\/pages"}],"about":[{"href":"https:\/\/rawismyreligion.com\/de\/wp-json\/wp\/v2\/types\/page"}],"author":[{"embeddable":true,"href":"https:\/\/rawismyreligion.com\/de\/wp-json\/wp\/v2\/users\/1"}],"replies":[{"embeddable":true,"href":"https:\/\/rawismyreligion.com\/de\/wp-json\/wp\/v2\/comments?post=69247"}],"version-history":[{"count":9,"href":"https:\/\/rawismyreligion.com\/de\/wp-json\/wp\/v2\/pages\/69247\/revisions"}],"predecessor-version":[{"id":72778,"href":"https:\/\/rawismyreligion.com\/de\/wp-json\/wp\/v2\/pages\/69247\/revisions\/72778"}],"wp:featuredmedia":[{"embeddable":true,"href":"https:\/\/rawismyreligion.com\/de\/wp-json\/wp\/v2\/media\/16385"}],"wp:attachment":[{"href":"https:\/\/rawismyreligion.com\/de\/wp-json\/wp\/v2\/media?parent=69247"}],"wp:term":[{"taxonomy":"category","embeddable":true,"href":"https:\/\/rawismyreligion.com\/de\/wp-json\/wp\/v2\/categories?post=69247"},{"taxonomy":"post_tag","embeddable":true,"href":"https:\/\/rawismyreligion.com\/de\/wp-json\/wp\/v2\/tags?post=69247"}],"curies":[{"name":"wp","href":"https:\/\/api.w.org\/{rel}","templated":true}]}}