{"id":69194,"date":"2021-02-13T08:02:26","date_gmt":"2021-02-13T16:02:26","guid":{"rendered":"https:\/\/rawismyreligion.com\/?p=69194"},"modified":"2021-03-24T00:38:18","modified_gmt":"2021-03-24T08:38:18","slug":"salatrezepte","status":"publish","type":"page","link":"https:\/\/rawismyreligion.com\/de\/raw-food\/rezepte\/herzhafte-rohkost-rezepte\/salatrezepte\/","title":{"rendered":"Salat Rezepte"},"content":{"rendered":"\n<p class=\"has-text-align-center\">Rohkost Salate. Vegane Salate.<\/p>\n\n\n\n<figure class=\"wp-block-image size-large\"><img loading=\"lazy\" width=\"1024\" height=\"565\" src=\"https:\/\/rawismyreligion.com\/wp-content\/uploads\/eating-vegan-berlin-salad-the-bowl-restaurant-raw-vegan-berlin-veganz-1024x565.jpg\" alt=\"Rohkost Salate mit Dressings.\" class=\"wp-image-15777\" srcset=\"https:\/\/rawismyreligion.com\/wp-content\/uploads\/eating-vegan-berlin-salad-the-bowl-restaurant-raw-vegan-berlin-veganz-1024x565.jpg 1024w, https:\/\/rawismyreligion.com\/wp-content\/uploads\/eating-vegan-berlin-salad-the-bowl-restaurant-raw-vegan-berlin-veganz-300x166.jpg 300w, https:\/\/rawismyreligion.com\/wp-content\/uploads\/eating-vegan-berlin-salad-the-bowl-restaurant-raw-vegan-berlin-veganz-500x276.jpg 500w, https:\/\/rawismyreligion.com\/wp-content\/uploads\/eating-vegan-berlin-salad-the-bowl-restaurant-raw-vegan-berlin-veganz-1040x574.jpg 1040w, https:\/\/rawismyreligion.com\/wp-content\/uploads\/eating-vegan-berlin-salad-the-bowl-restaurant-raw-vegan-berlin-veganz.jpg 1080w\" sizes=\"(max-width: 1024px) 100vw, 1024px\" \/><\/figure>\n\n\n\n<p>Salate k\u00f6nnen eine langweilige Beilage sein, oder ein vollwertige wundervolle leckere Mahlzeit. Unsere Salate sind gro\u00df, abwechslungsreich und mit vielen Goodies wie crackern, Spro\u00dfen, tollen fetthaltigen Saucen zubereitet. Ich habe unsere Lieblingsrezepte in meinen B\u00fcchern und auch hier auf dem Blog.<\/p>\n\n\n\n<div class=\"container-fuild rimr-posts-grid\"><div class=\"row\"><div class=\"rimr-posts-grid-entry col-md-6\"><div class=\"entry-thumb normal-size\"><a href=\"https:\/\/rawismyreligion.com\/de\/fruitadmin-buch\/\"><img src=\"https:\/\/rawismyreligion.com\/wp-content\/uploads\/Fruitadmin-Buch-Cover-De-Post-Thumb-500x375.jpg\" \/><\/a><\/div><div><h4 class=\"entry-title\"><a href=\"https:\/\/rawismyreligion.com\/de\/fruitadmin-buch\/\">Fruitadmin Buch<\/a><\/h4><div class=\"entry-summary\">Das Basisbuch der machbaren Rohkost.<\/div><\/div><\/div><div class=\"rimr-posts-grid-entry col-md-6\"><div class=\"entry-thumb normal-size\"><a href=\"https:\/\/rawismyreligion.com\/de\/guenstige-rohkost-buch-seite\/\"><img src=\"https:\/\/rawismyreligion.com\/wp-content\/uploads\/cheap-raw-ebook-free-raw-recipes-500x375.jpg\" \/><\/a><\/div><div><h4 class=\"entry-title\"><a href=\"https:\/\/rawismyreligion.com\/de\/guenstige-rohkost-buch-seite\/\">G\u00fcnstige Rohkost<\/a><\/h4><div class=\"entry-summary\">Rohkost ohne teuerer Zutaten? 10 tolle Rezepte f\u00fcr wenig Geld.<\/div><\/div><\/div><\/div><\/div>\n\n\n\n<p><\/p>\n\n\n\n<h2>Neueste Salatrezepte auf dem Blog<\/h2>\n\n\n<div class=\"container-fuild rimr-posts-grid\"><div class=\"row\"><div class=\"rimr-posts-grid-entry col-md-4\"><div class=\"entry-thumb normal-size\"><a href=\"https:\/\/rawismyreligion.com\/de\/gurkensalat-mit-joghurt\/\"><img src=\"https:\/\/rawismyreligion.com\/wp-content\/uploads\/gurkensalat-mit-joghurt-und-dill-500x375.jpg\" \/><\/a><\/div><div><h4 class=\"entry-title\"><a href=\"https:\/\/rawismyreligion.com\/de\/gurkensalat-mit-joghurt\/\">Gurkensalat mit Joghurt<\/a><\/h4><\/div><\/div><div class=\"rimr-posts-grid-entry col-md-4\"><div class=\"entry-thumb normal-size\"><a href=\"https:\/\/rawismyreligion.com\/de\/bio-veganes-rohkost-risotto-mit-palmherz-und-noni-kaese\/\"><img src=\"https:\/\/rawismyreligion.com\/wp-content\/uploads\/Risotto-mit-Palmherz-und-Noni-500x375.jpg\" \/><\/a><\/div><div><h4 class=\"entry-title\"><a href=\"https:\/\/rawismyreligion.com\/de\/bio-veganes-rohkost-risotto-mit-palmherz-und-noni-kaese\/\">Risotto mit Palmherz und Noni-K\u00e4se<\/a><\/h4><\/div><\/div><div class=\"rimr-posts-grid-entry col-md-4\"><div class=\"entry-thumb normal-size\"><a href=\"https:\/\/rawismyreligion.com\/de\/kale-salat-mit-mais-und-paprika\/\"><img src=\"https:\/\/rawismyreligion.com\/wp-content\/uploads\/Kale-Salat-mit-Mais-und-Gurke-Rezept-roh-und-vegan-Costa-Rica-2-500x375.jpg\" \/><\/a><\/div><div><h4 class=\"entry-title\"><a href=\"https:\/\/rawismyreligion.com\/de\/kale-salat-mit-mais-und-paprika\/\">Kale Salat mit Mais und Paprika<\/a><\/h4><\/div><\/div><\/div><div class=\"row\"><div class=\"rimr-posts-grid-entry col-md-4\"><div class=\"entry-thumb normal-size\"><a href=\"https:\/\/rawismyreligion.com\/de\/vegane-rohkost-pesto-salat-sauce-mit-rotem-basilikum-rezept\/\"><img src=\"https:\/\/rawismyreligion.com\/wp-content\/uploads\/Basilikum-Pesto-Salat-Sauce-Rezept-500x375.jpg\" \/><\/a><\/div><div><h4 class=\"entry-title\"><a href=\"https:\/\/rawismyreligion.com\/de\/vegane-rohkost-pesto-salat-sauce-mit-rotem-basilikum-rezept\/\">Pesto-Salat-Sauce mit rotem Basilikum<\/a><\/h4><\/div><\/div><div class=\"rimr-posts-grid-entry col-md-4\"><div class=\"entry-thumb normal-size\"><a href=\"https:\/\/rawismyreligion.com\/de\/gruenes-salatdressing\/\"><img src=\"https:\/\/rawismyreligion.com\/wp-content\/uploads\/green-salad-dressing-basil-avocado-vegan-raw-food-500x375.jpg\" \/><\/a><\/div><div><h4 class=\"entry-title\"><a href=\"https:\/\/rawismyreligion.com\/de\/gruenes-salatdressing\/\">Gr\u00fcnes Dressing<\/a><\/h4><\/div><\/div><div class=\"rimr-posts-grid-entry col-md-4\"><div class=\"entry-thumb normal-size\"><a href=\"https:\/\/rawismyreligion.com\/de\/wundervolle-roh-vegane-salatdressings-zubereiten\/\"><img src=\"https:\/\/rawismyreligion.com\/wp-content\/uploads\/3-salad-dressings-vegan-raw-food-500x375.jpg\" \/><\/a><\/div><div><h4 class=\"entry-title\"><a href=\"https:\/\/rawismyreligion.com\/de\/wundervolle-roh-vegane-salatdressings-zubereiten\/\">Wundervolle roh-vegane Salatdressings<\/a><\/h4><\/div><\/div><\/div><div class=\"row\"><div class=\"rimr-posts-grid-entry col-md-4\"><div class=\"entry-thumb normal-size\"><a href=\"https:\/\/rawismyreligion.com\/de\/rotes-salatdressing\/\"><img src=\"https:\/\/rawismyreligion.com\/wp-content\/uploads\/red-salad-dressing-tomato-vegan-raw-food-500x375.jpg\" \/><\/a><\/div><div><h4 class=\"entry-title\"><a href=\"https:\/\/rawismyreligion.com\/de\/rotes-salatdressing\/\">Rotes Salatdressing<\/a><\/h4><\/div><\/div><div class=\"rimr-posts-grid-entry col-md-4\"><div class=\"entry-thumb normal-size\"><a href=\"https:\/\/rawismyreligion.com\/de\/einersalatsandwich\/\"><img src=\"https:\/\/rawismyreligion.com\/wp-content\/uploads\/eiersalatsandwich-roh-vegan-500x375.jpg\" \/><\/a><\/div><div><h4 class=\"entry-title\"><a href=\"https:\/\/rawismyreligion.com\/de\/einersalatsandwich\/\">Eiersalat Sandwich<\/a><\/h4><\/div><\/div><div class=\"rimr-posts-grid-entry col-md-4\"><div class=\"entry-thumb normal-size\"><a href=\"https:\/\/rawismyreligion.com\/de\/kale-salat\/\"><img src=\"https:\/\/rawismyreligion.com\/wp-content\/uploads\/kale-salad-with-avocado-500x375.jpg\" \/><\/a><\/div><div><h4 class=\"entry-title\"><a href=\"https:\/\/rawismyreligion.com\/de\/kale-salat\/\">Salat aus Kale<\/a><\/h4><\/div><\/div><\/div><div class=\"row\"><div class=\"rimr-posts-grid-entry col-md-4\"><div class=\"entry-thumb normal-size\"><a href=\"https:\/\/rawismyreligion.com\/de\/spaghetti-bolognese\/\"><img src=\"https:\/\/rawismyreligion.com\/wp-content\/uploads\/plate.jpg\" \/><\/a><\/div><div><h4 class=\"entry-title\"><a href=\"https:\/\/rawismyreligion.com\/de\/spaghetti-bolognese\/\">Spaghetti Bolognese<\/a><\/h4><\/div><\/div><div class=\"rimr-posts-grid-entry col-md-4\"><div class=\"entry-thumb normal-size\"><a href=\"https:\/\/rawismyreligion.com\/de\/pesto-bandnuddeln\/\"><img src=\"https:\/\/rawismyreligion.com\/wp-content\/uploads\/gurkennudeln-roh-vegan-2-500x375.jpg\" \/><\/a><\/div><div><h4 class=\"entry-title\"><a href=\"https:\/\/rawismyreligion.com\/de\/pesto-bandnuddeln\/\">Avocado-Pesto Bandnudeln<\/a><\/h4><\/div><\/div><div class=\"rimr-posts-grid-entry col-md-4\"><div class=\"entry-thumb normal-size\"><a href=\"https:\/\/rawismyreligion.com\/de\/kaesenudeln-vegan-roh\/\"><img src=\"https:\/\/rawismyreligion.com\/wp-content\/uploads\/cheezy-noodles-recipe-video-copy-500x375.jpg\" \/><\/a><\/div><div><h4 class=\"entry-title\"><a href=\"https:\/\/rawismyreligion.com\/de\/kaesenudeln-vegan-roh\/\">K\u00e4senudeln<\/a><\/h4><\/div><\/div><\/div><div class=\"row\"><div class=\"rimr-posts-grid-entry col-md-4\"><div class=\"entry-thumb normal-size\"><a href=\"https:\/\/rawismyreligion.com\/de\/gelbes-salatdressing\/\"><img src=\"https:\/\/rawismyreligion.com\/wp-content\/uploads\/yellow-salad-dressing-tahini-curry-vegan-raw-food-500x375.jpg\" \/><\/a><\/div><div><h4 class=\"entry-title\"><a href=\"https:\/\/rawismyreligion.com\/de\/gelbes-salatdressing\/\">Gelbes Salatdressing<\/a><\/h4><\/div><\/div><div class=\"rimr-posts-grid-entry col-md-4\"><div class=\"entry-thumb normal-size\"><a href=\"https:\/\/rawismyreligion.com\/de\/gurkennudel-salat\/\"><img src=\"https:\/\/rawismyreligion.com\/wp-content\/uploads\/gurkennudeln-salat-roh-vegan-500x375.jpg\" \/><\/a><\/div><div><h4 class=\"entry-title\"><a href=\"https:\/\/rawismyreligion.com\/de\/gurkennudel-salat\/\">Gurkennudel-Salat<\/a><\/h4><\/div><\/div><div class=\"rimr-posts-grid-entry col-md-4\"><div class=\"entry-thumb normal-size\"><a href=\"https:\/\/rawismyreligion.com\/de\/kale-salad-fuer-das-neue-jahr\/\"><img src=\"https:\/\/rawismyreligion.com\/wp-content\/uploads\/new-years-kale-salad-500x375.jpg\" \/><\/a><\/div><div><h4 class=\"entry-title\"><a href=\"https:\/\/rawismyreligion.com\/de\/kale-salad-fuer-das-neue-jahr\/\">Kale Salat f\u00fcr das Neue Jahr<\/a><\/h4><\/div><\/div><\/div><div class=\"row\"><div class=\"rimr-posts-grid-entry col-md-4\"><div class=\"entry-thumb normal-size\"><a href=\"https:\/\/rawismyreligion.com\/de\/gardensalad-with-kale-and-sauerkraut\/\"><img src=\"https:\/\/rawismyreligion.com\/wp-content\/uploads\/kale-salad-with-sauerkraut-500x375.jpg\" \/><\/a><\/div><div><h4 class=\"entry-title\"><a href=\"https:\/\/rawismyreligion.com\/de\/gardensalad-with-kale-and-sauerkraut\/\">GARTENSALAT AUS KALE MIT SAUERKRAUT<\/a><\/h4><\/div><\/div><div class=\"rimr-posts-grid-entry col-md-4\"><div class=\"entry-thumb normal-size\"><a href=\"https:\/\/rawismyreligion.com\/de\/sellerie-salat\/\"><img src=\"https:\/\/rawismyreligion.com\/wp-content\/uploads\/celery-slaw-recipe-500x375.jpg\" \/><\/a><\/div><div><h4 class=\"entry-title\"><a href=\"https:\/\/rawismyreligion.com\/de\/sellerie-salat\/\">Sellerie Salat<\/a><\/h4><\/div><\/div><div class=\"rimr-posts-grid-entry col-md-4\"><div class=\"entry-thumb normal-size\"><a href=\"https:\/\/rawismyreligion.com\/de\/taboule\/\"><img src=\"https:\/\/rawismyreligion.com\/wp-content\/uploads\/tabouleplate21-e1509666168279.jpg\" \/><\/a><\/div><div><h4 class=\"entry-title\"><a href=\"https:\/\/rawismyreligion.com\/de\/taboule\/\">Taboul\u00e9<\/a><\/h4><\/div><\/div><\/div><\/div>\n\n\n\n<hr \/>\r\n<div style=\"text-align: center;\">\r\n<h2>Newsletter: Das Beste nie verpassen!<\/h2> \r\n<\/div>\r\n<div class=\"row\">\r\n<div class=\"col-xs-3\">\r\n<img src=\"https:\/\/rawismyreligion.com\/wp-content\/uploads\/rohkost-rezept-joghurt-auf-erdbeere-2.jpg\" alt=\"\" width=\"2000\" height=\"1500\" class=\"aligncenter size-full wp-image-85125\" \/>\r\n<\/div>\r\n<div class=\"col-xs-3\">\r\n<img src=\"https:\/\/rawismyreligion.com\/wp-content\/uploads\/bifi-vegan-rohkost-rezept-3.jpg\" alt=\"\" width=\"2000\" height=\"1500\" class=\"aligncenter size-full wp-image-85006\" \/>\r\n<\/div>\r\n<div class=\"col-xs-3\">\r\n<img src=\"https:\/\/rawismyreligion.com\/wp-content\/uploads\/bio-vegan-rohkost-mango-joghurt-rezept-3.jpg\" alt=\"\" width=\"2000\" height=\"1500\" class=\"aligncenter size-full wp-image-85355\" \/><\/div>\r\n\r\n<div class=\"col-xs-3\">\r\n<img src=\"https:\/\/rawismyreligion.com\/wp-content\/uploads\/getrocknete-Fruechte-2.jpg\" alt=\"\" width=\"2000\" height=\"1500\" class=\"aligncenter size-full wp-image-84549\" \/><\/div><\/div>\r\n\r\n<div style=\"text-align: center;\">\r\nBald kommen diese Rezepte kostenlos per eMail zu dir. Trag dich ein!<\/div>\r\n<\/br>\r\n\r\n<div style=\"text-align: center;\">\r\n<div class='rimr-nl-container' data-language='de' data-base-url='https:\/\/rawismyreligion.com\/wp-admin\/admin-ajax.php' data-sec='b53b570b10'><div class='rimr-nl-thankyou'>Hat geklappt!<\/div><div class='form-group'><input type='text' class='rimr-nl-name form-control' placeholder='Name' \/><\/div><div class='form-group'><input type='text' class='rimr-nl-mail form-control' placeholder='you@example.com' \/><\/div><div class='form-group'><div class='rimr-nl-button'><span class='rimr-nl-icon-start fa fa-chevron-right'><\/span><\/div><\/div><\/div><\/div>\r\n<\/br>\r\n\r\n<hr \/>\r\n\r\n\r\n\r\n\r\n\r\n\n\n\n\n<h3>Hol dir meine neuesten B\u00fccher<\/h3>\r\n<div class=\"row\">\r\n<div class=\"col-xs-3\">\r\n<a href=\"https:\/\/rawismyreligion.com\/de\/love-raw\/\" target=\"_blank\" rel=\"noopener\"><img src=\"https:\/\/rawismyreligion.com\/wp-content\/uploads\/Cover-De.jpg\" alt=\"\" width=\"1080\" height=\"1507\" class=\"aligncenter size-full wp-image-44884\" \/><\/a>\r\n<\/div>\r\n<div class=\"col-xs-3\">\r\n<a href=\"https:\/\/rawismyreligion.com\/de\/?p=44940\" target=\"_blank\" rel=\"noopener\"><img src=\"https:\/\/rawismyreligion.com\/wp-content\/uploads\/Fruitadmin-Buch-Cover-De.png\" alt=\"\" width=\"1080\" height=\"1507\" class=\"aligncenter size-full wp-image-84844\" \/><\/a>\r\n<\/div>\r\n<div class=\"col-xs-3\">\r\n<a href=\"https:\/\/rawismyreligion.com\/de\/aufstriche-buch\/\" target=\"_blank\" rel=\"noopener\"><img src=\"https:\/\/rawismyreligion.com\/wp-content\/uploads\/Aufstiche-Buch-Cover-De.jpg\" alt=\"aufstrich rohkost rezept buch\" width=\"1080\" height=\"1507\" class=\"aligncenter size-full wp-image-44863\" \/><\/a> \r\n<\/div>\r\n<div class=\"col-xs-3\">\r\n<a href=\"https:\/\/rawismyreligion.com\/de\/zitrus-smoothies-buch\/\" target=\"_blank\" rel=\"noopener\"><img src=\"https:\/\/rawismyreligion.com\/wp-content\/uploads\/Cover-Image-easy-citrus-smoothies.png\" alt=\"aufstrich rohkost rezept buch\" width=\"1080\" height=\"1507\" class=\"aligncenter size-full wp-image-44863\" \/><\/a> \r\n<\/div>\r\n<\/div>\r\n\r\n<div class=\"row\">\r\n<div class=\"col-xs-3\">\r\n<a href=\"https:\/\/rawismyreligion.com\/de\/kuerbis-buch\/\" target=\"_blank\" rel=\"noopener\"><img src=\"https:\/\/rawismyreligion.com\/wp-content\/uploads\/Kuerbis-Buch-Cover-De.jpg\" alt=\"\" width=\"1080\" height=\"1507\" class=\"aligncenter size-full wp-image-44884\" \/><\/a>\r\n<\/div>\r\n<div class=\"col-xs-3\">\r\n<a href=\"https:\/\/rawismyreligion.com\/de\/mozzarella-buch-seite\/\" target=\"_blank\" rel=\"noopener\"><img src=\"https:\/\/rawismyreligion.com\/wp-content\/uploads\/Mozzarella-Buch-Cover-De.jpg\" alt=\"\" width=\"1080\" height=\"1507\" class=\"aligncenter size-full wp-image-44894\" \/><\/a>\r\n<\/div>\r\n<div class=\"col-xs-3\">\r\n<a href=\"https:\/\/rawismyreligion.com\/de\/?p=37809\" target=\"_blank\" rel=\"noopener\"><img src=\"https:\/\/rawismyreligion.com\/wp-content\/uploads\/Cheap-Raw-Buch-Cover-De.jpg\" alt=\"\" width=\"1080\" height=\"1507\" class=\"aligncenter size-full wp-image-44874\" \/><\/a>\r\n<\/div>\r\n<div class=\"col-xs-3\">\r\n<a href=\"https:\/\/rawismyreligion.com\/de\/suppen-to-go-buch\/\" target=\"_blank\" rel=\"noopener\"><img src=\"https:\/\/rawismyreligion.com\/wp-content\/uploads\/Suppen-to-go-Buch-Cover-De.jpg\" alt=\"\" width=\"1080\" height=\"1507\" class=\"aligncenter size-full wp-image-44922\" \/><\/a>\r\n<\/div>\r\n<\/div>\r\n\r\n\r\n<!--\r\n\r\n<div class=\"row\">\r\n<div class=\"col-xs-3\">\r\n<a href=\"https:\/\/rawismyreligion.com\/de\/love-raw\/\" target=\"_blank\" rel=\"noopener\"><img src=\"https:\/\/rawismyreligion.com\/wp-content\/uploads\/cover-love-raw.png\" alt=\"\" width=\"1080\" height=\"1507\" class=\"aligncenter size-full wp-image-44884\" \/><\/a>\r\n<\/div>\r\n<div class=\"col-xs-3\">\r\n<a href=\"https:\/\/rawismyreligion.com\/de\/?p=44940\" target=\"_blank\" rel=\"noopener\"><img src=\"https:\/\/rawismyreligion.com\/wp-content\/uploads\/Fruitadmin-Buch-Cover-De.png\" alt=\"\" width=\"1080\" height=\"1507\" class=\"aligncenter size-full wp-image-44936\" \/><\/a>\r\n<\/div>\r\n<div class=\"col-xs-3\">\r\n<a href=\"https:\/\/rawismyreligion.com\/de\/aufstriche-buch\/\" target=\"_blank\" rel=\"noopener\"><img src=\"https:\/\/rawismyreligion.com\/wp-content\/uploads\/Aufstiche-Buch-Cover-De.png\" alt=\"aufstrich rohkost rezept buch\" width=\"1080\" height=\"1507\" class=\"aligncenter size-full wp-image-44863\" \/><\/a> \r\n<\/div>\r\n<div class=\"col-xs-3\">\r\n<a href=\"https:\/\/rawismyreligion.com\/de\/zitrus-smoothies-buch\/\" target=\"_blank\" rel=\"noopener\"><img src=\"https:\/\/rawismyreligion.com\/wp-content\/uploads\/Cover-Image-easy-citrus-smoothies.png\" alt=\"aufstrich rohkost rezept buch\" width=\"1080\" height=\"1507\" class=\"aligncenter size-full wp-image-44863\" \/><\/a> \r\n<\/div>\r\n<\/div>\r\n\r\n<div class=\"row\">\r\n<div class=\"col-xs-3\">\r\n<a href=\"https:\/\/rawismyreligion.com\/de\/kuerbis-buch\/\" target=\"_blank\" rel=\"noopener\"><img src=\"https:\/\/rawismyreligion.com\/wp-content\/uploads\/Kuerbis-Buch-Cover-De.png\" alt=\"\" width=\"1080\" height=\"1507\" class=\"aligncenter size-full wp-image-44884\" \/><\/a>\r\n<\/div>\r\n<div class=\"col-xs-3\">\r\n<a href=\"https:\/\/rawismyreligion.com\/de\/mozzarella-buch-seite\/\" target=\"_blank\" rel=\"noopener\"><img src=\"https:\/\/rawismyreligion.com\/wp-content\/uploads\/Mozzarella-Buch-Cover-De.png\" alt=\"\" width=\"1080\" height=\"1507\" class=\"aligncenter size-full wp-image-44894\" \/><\/a>\r\n<\/div>\r\n<div class=\"col-xs-3\">\r\n<a href=\"https:\/\/rawismyreligion.com\/de\/?p=37809\" target=\"_blank\" rel=\"noopener\"><img src=\"https:\/\/rawismyreligion.com\/wp-content\/uploads\/Cheap-Raw-Buch-Cover-De.png\" alt=\"\" width=\"1080\" height=\"1507\" class=\"aligncenter size-full wp-image-44874\" \/><\/a>\r\n<\/div>\r\n<div class=\"col-xs-3\">\r\n<a href=\"https:\/\/rawismyreligion.com\/de\/suppen-to-go-buch\/\" target=\"_blank\" rel=\"noopener\"><img src=\"https:\/\/rawismyreligion.com\/wp-content\/uploads\/Suppen-to-go-Buch-Cover-De.png\" alt=\"\" width=\"1080\" height=\"1507\" class=\"aligncenter size-full wp-image-44922\" \/><\/a>\r\n<\/div>\r\n<\/div>\r\n\r\n\r\n<img src=\"https:\/\/rawismyreligion.com\/wp-content\/uploads\/20120828-Cheap-Raw-Buch-Cover-De-2.png\" alt=\"\" width=\"134\" height=\"187\" class=\"aligncenter size-full wp-image-84900\" \/>\r\n\r\n\r\nHier keine pngs  sondern undurchsichtige jpgs\r\n\r\n<div class=\"row\">\r\n<div class=\"col-xs-3\">\r\n<a href=\"https:\/\/rawismyreligion.com\/de\/love-raw\/\" target=\"_blank\" rel=\"noopener\"><img src=\"https:\/\/rawismyreligion.com\/wp-content\/uploads\/Cover-De.jpg\" alt=\"\" width=\"1080\" height=\"1507\" class=\"aligncenter size-full wp-image-44884\" \/><\/a>\r\n<\/div>\r\n<div class=\"col-xs-3\">\r\n<a href=\"https:\/\/rawismyreligion.com\/de\/?p=44940\" target=\"_blank\" rel=\"noopener\"><img src=\"https:\/\/rawismyreligion.com\/wp-content\/uploads\/Fruitadmin-Buch-Cover-De.jpg\" alt=\"\" width=\"1080\" height=\"1507\" class=\"aligncenter size-full wp-image-44936\" \/><\/a>\r\n<\/div>\r\n<div class=\"col-xs-3\">\r\n<a href=\"https:\/\/rawismyreligion.com\/de\/aufstriche-buch\/\" target=\"_blank\" rel=\"noopener\"><img src=\"https:\/\/rawismyreligion.com\/wp-content\/uploads\/Aufstiche-Buch-Cover-De.jpg\" alt=\"aufstrich rohkost rezept buch\" width=\"1080\" height=\"1507\" class=\"aligncenter size-full wp-image-44863\" \/><\/a> \r\n<\/div>\r\n<div class=\"col-xs-3\">\r\n<a href=\"https:\/\/rawismyreligion.com\/de\/zitrus-smoothies-buch\/\" target=\"_blank\" rel=\"noopener\"><img src=\"https:\/\/rawismyreligion.com\/wp-content\/uploads\/Cover-Image-easy-citrus-smoothies.png\" alt=\"aufstrich rohkost rezept buch\" width=\"1080\" height=\"1507\" class=\"aligncenter size-full wp-image-44863\" \/><\/a> \r\n<\/div>\r\n<\/div>\r\n\r\n<div class=\"row\">\r\n<div class=\"col-xs-3\">\r\n<a href=\"https:\/\/rawismyreligion.com\/de\/kuerbis-buch\/\" target=\"_blank\" rel=\"noopener\"><img src=\"https:\/\/rawismyreligion.com\/wp-content\/uploads\/Kuerbis-Buch-Cover-De.jpg\" alt=\"\" width=\"1080\" height=\"1507\" class=\"aligncenter size-full wp-image-44884\" \/><\/a>\r\n<\/div>\r\n<div class=\"col-xs-3\">\r\n<a href=\"https:\/\/rawismyreligion.com\/de\/mozzarella-buch-seite\/\" target=\"_blank\" rel=\"noopener\"><img src=\"https:\/\/rawismyreligion.com\/wp-content\/uploads\/Mozzarella-Buch-Cover-De.jpg\" alt=\"\" width=\"1080\" height=\"1507\" class=\"aligncenter size-full wp-image-44894\" \/><\/a>\r\n<\/div>\r\n<div class=\"col-xs-3\">\r\n<a href=\"https:\/\/rawismyreligion.com\/de\/?p=37809\" target=\"_blank\" rel=\"noopener\"><img src=\"https:\/\/rawismyreligion.com\/wp-content\/uploads\/Cheap-Raw-Buch-Cover-De.jpg\" alt=\"\" width=\"1080\" height=\"1507\" class=\"aligncenter size-full wp-image-44874\" \/><\/a>\r\n<\/div>\r\n<div class=\"col-xs-3\">\r\n<a href=\"https:\/\/rawismyreligion.com\/de\/suppen-to-go-buch\/\" target=\"_blank\" rel=\"noopener\"><img src=\"https:\/\/rawismyreligion.com\/wp-content\/uploads\/Suppen-to-go-Buch-Cover-De.jpg\" alt=\"\" width=\"1080\" height=\"1507\" class=\"aligncenter size-full wp-image-44922\" \/><\/a>\r\n<\/div>\r\n<\/div>\r\n\r\n\r\n\r\n\r\n\r\n\r\n<div class=\"row\">\r\n<div class=\"col-md-2\">\r\n<a href=\"https:\/\/rawismyreligion.com\/de\/?p=44940\" target=\"_blank\" rel=\"noopener\"><img src=\"https:\/\/rawismyreligion.com\/wp-content\/uploads\/Fruitadmin-Buch-Cover-De.jpg\" alt=\"\" width=\"1080\" height=\"1507\" class=\"aligncenter size-full wp-image-44936\" \/><\/a>\r\n<\/div>\r\n<div class=\"col-md-2\">\r\n<a href=\"https:\/\/rawismyreligion.com\/de\/aufstriche-buch\/\" target=\"_blank\" rel=\"noopener\"><img src=\"https:\/\/rawismyreligion.com\/wp-content\/uploads\/Aufstiche-Buch-Cover-De.jpg\" alt=\"aufstrich rohkost rezept buch\" width=\"1080\" height=\"1507\" class=\"aligncenter size-full wp-image-44863\" \/><\/a> \r\n<\/div>\r\n<div class=\"col-md-2\">\r\n<a href=\"https:\/\/rawismyreligion.com\/de\/kuerbis-buch\/\" target=\"_blank\" rel=\"noopener\"><img src=\"https:\/\/rawismyreligion.com\/wp-content\/uploads\/Kuerbis-Buch-Cover-De.jpg\" alt=\"\" width=\"1080\" height=\"1507\" class=\"aligncenter size-full wp-image-44884\" \/><\/a>\r\n<\/div>\r\n<div class=\"col-md-2\">\r\n<a href=\"https:\/\/rawismyreligion.com\/de\/mozzarella-buch-seite\/\" target=\"_blank\" rel=\"noopener\"><img src=\"https:\/\/rawismyreligion.com\/wp-content\/uploads\/Mozzarella-Buch-Cover-De.jpg\" alt=\"\" width=\"1080\" height=\"1507\" class=\"aligncenter size-full wp-image-44894\" \/><\/a>\r\n<\/div>\r\n<div class=\"col-md-2\">\r\n<a href=\"https:\/\/rawismyreligion.com\/de\/?p=37809\" target=\"_blank\" rel=\"noopener\"><img src=\"https:\/\/rawismyreligion.com\/wp-content\/uploads\/Cheap-Raw-Buch-Cover-De.jpg\" alt=\"\" width=\"1080\" height=\"1507\" class=\"aligncenter size-full wp-image-44874\" \/><\/a>\r\n<\/div>\r\n<div class=\"col-md-2\">\r\n<a href=\"https:\/\/rawismyreligion.com\/de\/suppen-to-go-buch\/\" target=\"_blank\" rel=\"noopener\"><img src=\"https:\/\/rawismyreligion.com\/wp-content\/uploads\/Suppen-to-go-Buch-Cover-De.jpg\" alt=\"\" width=\"1080\" height=\"1507\" class=\"aligncenter size-full wp-image-44922\" \/><\/a>\r\n<\/div>\r\n<\/div>\r\n-->\r\n\n\n\n\n<hr \/>\r\n<div style=\"text-align:center;\">\r\n<script async src=\"https:\/\/pagead2.googlesyndication.com\/pagead\/js\/adsbygoogle.js\"><\/script>\r\n<!-- Google ad 2020 -->\r\n<ins class=\"adsbygoogle\"\r\n     style=\"display:block\"\r\n     data-ad-client=\"ca-pub-9981782957400879\"\r\n     data-ad-slot=\"9899772995\"\r\n     data-ad-format=\"auto\"\r\n     data-full-width-responsive=\"true\"><\/ins>\r\n<script>\r\n     (adsbygoogle = window.adsbygoogle || []).push({});\r\n<\/script><\/div>\r\n<hr \/>\n\n\n\n<div class=\"row\">\r\n<div class=\"col-md-3\"><img src=\"https:\/\/rawismyreligion.com\/wp-content\/uploads\/sommer-update-mukbang-beautyisraw-rawismyreligion.jpg\" alt=\"rawismyreligion dr. ina melny\" width=\"1080\" height=\"810\" class=\"aligncenter size-full wp-image-25144\" \/>\r\n<\/div>\r\n<div class=\"col-md-9\"><h3>Willkommen auf Rawismyreligion<\/h3>Ich bin Ina. Ich freue mich sehr, dass ihr du hier bist. Ich schreibe \u00fcber Themen, die mir am Herzen liegen und w\u00fcrde auch sehr gern wissen, was dich bewegt. Schreib mir einen Kommentar unter dem Post, der dir gef\u00e4llt.\r\n<\/div>\r\n<\/div>\r\n\r\n\n","protected":false},"excerpt":{"rendered":"<p>Vegan, roh, lecker. Mit Dressings.<\/p>\n","protected":false},"author":1,"featured_media":51547,"parent":40808,"menu_order":0,"comment_status":"open","ping_status":"closed","template":"","meta":{"spay_email":""},"categories":[2709,3758],"tags":[18753,9250,13418],"_links":{"self":[{"href":"https:\/\/rawismyreligion.com\/de\/wp-json\/wp\/v2\/pages\/69194"}],"collection":[{"href":"https:\/\/rawismyreligion.com\/de\/wp-json\/wp\/v2\/pages"}],"about":[{"href":"https:\/\/rawismyreligion.com\/de\/wp-json\/wp\/v2\/types\/page"}],"author":[{"embeddable":true,"href":"https:\/\/rawismyreligion.com\/de\/wp-json\/wp\/v2\/users\/1"}],"replies":[{"embeddable":true,"href":"https:\/\/rawismyreligion.com\/de\/wp-json\/wp\/v2\/comments?post=69194"}],"version-history":[{"count":9,"href":"https:\/\/rawismyreligion.com\/de\/wp-json\/wp\/v2\/pages\/69194\/revisions"}],"predecessor-version":[{"id":81114,"href":"https:\/\/rawismyreligion.com\/de\/wp-json\/wp\/v2\/pages\/69194\/revisions\/81114"}],"up":[{"embeddable":true,"href":"https:\/\/rawismyreligion.com\/de\/wp-json\/wp\/v2\/pages\/40808"}],"wp:featuredmedia":[{"embeddable":true,"href":"https:\/\/rawismyreligion.com\/de\/wp-json\/wp\/v2\/media\/51547"}],"wp:attachment":[{"href":"https:\/\/rawismyreligion.com\/de\/wp-json\/wp\/v2\/media?parent=69194"}],"wp:term":[{"taxonomy":"category","embeddable":true,"href":"https:\/\/rawismyreligion.com\/de\/wp-json\/wp\/v2\/categories?post=69194"},{"taxonomy":"post_tag","embeddable":true,"href":"https:\/\/rawismyreligion.com\/de\/wp-json\/wp\/v2\/tags?post=69194"}],"curies":[{"name":"wp","href":"https:\/\/api.w.org\/{rel}","templated":true}]}}