{"id":36515,"date":"2017-10-25T09:36:46","date_gmt":"2017-10-25T17:36:46","guid":{"rendered":"https:\/\/rawismyreligion.com\/?page_id=36515"},"modified":"2021-03-13T02:31:09","modified_gmt":"2021-03-13T10:31:09","slug":"minimalismus","status":"publish","type":"page","link":"https:\/\/rawismyreligion.com\/de\/minimalismus\/","title":{"rendered":"Minimalismus"},"content":{"rendered":"\n<div class=\"container-fuild rimr-posts-grid\"><div class=\"row\"><div class=\"rimr-posts-grid-entry col-md-6\"><div class=\"entry-thumb normal-size\"><a href=\"https:\/\/rawismyreligion.com\/de\/eiskaffee-rettet-kaffeereste\/\"><img src=\"https:\/\/rawismyreligion.com\/wp-content\/uploads\/cold-coffee-from-old-coffe-zero-waste-hack-e1634390670183-500x375.jpg\" \/><\/a><\/div><div><h4 class=\"entry-title\"><a href=\"https:\/\/rawismyreligion.com\/de\/eiskaffee-rettet-kaffeereste\/\">Eiskaffee rettet Kaffeereste<\/a><\/h4><div class=\"entry-summary\">Sommerkaffee Zero Waste Hack.<\/div><\/div><\/div><div class=\"rimr-posts-grid-entry col-md-6\"><div class=\"entry-thumb normal-size\"><a href=\"https:\/\/rawismyreligion.com\/de\/a-la-source\/\"><img src=\"https:\/\/rawismyreligion.com\/wp-content\/uploads\/a-la-source-lyon10-500x375.jpg\" \/><\/a><\/div><div><h4 class=\"entry-title\"><a href=\"https:\/\/rawismyreligion.com\/de\/a-la-source\/\">A La Source<\/a><\/h4><div class=\"entry-summary\">Unverpackt einkaufen in Lyon.<\/div><\/div><\/div><\/div><\/div>\n\n\n\n<hr \/>\r\n<div style=\"text-align:center;\">\r\n<script async src=\"https:\/\/pagead2.googlesyndication.com\/pagead\/js\/adsbygoogle.js\"><\/script>\r\n<!-- Google ad 2020 -->\r\n<ins class=\"adsbygoogle\"\r\n     style=\"display:block\"\r\n     data-ad-client=\"ca-pub-9981782957400879\"\r\n     data-ad-slot=\"9899772995\"\r\n     data-ad-format=\"auto\"\r\n     data-full-width-responsive=\"true\"><\/ins>\r\n<script>\r\n     (adsbygoogle = window.adsbygoogle || []).push({});\r\n<\/script><\/div>\r\n<hr \/>\n\n\n\n<div class=\"container-fuild rimr-posts-grid\"><div class=\"row\"><div class=\"rimr-posts-grid-entry col-md-6\"><div class=\"entry-thumb normal-size\"><a href=\"https:\/\/rawismyreligion.com\/de\/persoenliche-umweltziele-einfach-erreichen\/\"><img src=\"https:\/\/rawismyreligion.com\/wp-content\/uploads\/forrest-andalusia_-5-e1614082108296-500x375.jpg\" \/><\/a><\/div><div><h4 class=\"entry-title\"><a href=\"https:\/\/rawismyreligion.com\/de\/persoenliche-umweltziele-einfach-erreichen\/\">Pers\u00f6nliche Umweltziele einfach erreichen<\/a><\/h4><div class=\"entry-summary\">M\u00fcll, Essen, Shoppen.<\/div><\/div><\/div><div class=\"rimr-posts-grid-entry col-md-6\"><div class=\"entry-thumb normal-size\"><a href=\"https:\/\/rawismyreligion.com\/de\/3-weihnachtsbaum-alternativen\/\"><img src=\"https:\/\/rawismyreligion.com\/wp-content\/uploads\/P57B8459-3-500x375.jpg\" \/><\/a><\/div><div><h4 class=\"entry-title\"><a href=\"https:\/\/rawismyreligion.com\/de\/3-weihnachtsbaum-alternativen\/\">3 Weihnachtsbaum-Alternativen<\/a><\/h4><div class=\"entry-summary\"> Ohne Nadeln, ohne M\u00fcll.<\/div><\/div><\/div><\/div><div class=\"row\"><div class=\"rimr-posts-grid-entry col-md-6\"><div class=\"entry-thumb normal-size\"><a href=\"https:\/\/rawismyreligion.com\/de\/geschirr-oekologisch-spuelen\/\"><img src=\"https:\/\/rawismyreligion.com\/wp-content\/uploads\/Geschirrspu\u0308lmittel-2-500x375.jpg\" \/><\/a><\/div><div><h4 class=\"entry-title\"><a href=\"https:\/\/rawismyreligion.com\/de\/geschirr-oekologisch-spuelen\/\">Geschirr \u00f6kologisch sp\u00fclen<\/a><\/h4><div class=\"entry-summary\">Weniger Gift im Essen und an den H\u00e4nden.<\/div><\/div><\/div><div class=\"rimr-posts-grid-entry col-md-6\"><div class=\"entry-thumb normal-size\"><a href=\"https:\/\/rawismyreligion.com\/de\/ein-jahr-lang-keine-kleidung-kaufen\/\"><img src=\"https:\/\/rawismyreligion.com\/wp-content\/uploads\/wald-kleidung-eco-500x375.jpg\" \/><\/a><\/div><div><h4 class=\"entry-title\"><a href=\"https:\/\/rawismyreligion.com\/de\/ein-jahr-lang-keine-kleidung-kaufen\/\">Ein Jahr lang keine Kleidung kaufen<\/a><\/h4><div class=\"entry-summary\">Bereits vorhandene Kleidung auftragen.<\/div><\/div><\/div><\/div><div class=\"row\"><div class=\"rimr-posts-grid-entry col-md-6\"><div class=\"entry-thumb normal-size\"><a href=\"https:\/\/rawismyreligion.com\/de\/was-ich-im-herbst-nicht-mehr-kaufe\/\"><img src=\"https:\/\/rawismyreligion.com\/wp-content\/uploads\/zero-waste-500x375.jpg\" \/><\/a><\/div><div><h4 class=\"entry-title\"><a href=\"https:\/\/rawismyreligion.com\/de\/was-ich-im-herbst-nicht-mehr-kaufe\/\">Was ich im Herbst nicht mehr kaufe<\/a><\/h4><div class=\"entry-summary\">Tipps f\u00fcr Zero Waste im Herbst.<\/div><\/div><\/div><div class=\"rimr-posts-grid-entry col-md-6\"><div class=\"entry-thumb normal-size\"><a href=\"https:\/\/rawismyreligion.com\/de\/ohne-klopapier\/\"><img src=\"https:\/\/rawismyreligion.com\/wp-content\/uploads\/podusche-klopapier-500x375.jpg\" \/><\/a><\/div><div><h4 class=\"entry-title\"><a href=\"https:\/\/rawismyreligion.com\/de\/ohne-klopapier\/\">Ohne Klopapier<\/a><\/h4><div class=\"entry-summary\">Alternativen in der Coronazeit und danach.<\/div><\/div><\/div><\/div><div class=\"row\"><div class=\"rimr-posts-grid-entry col-md-6\"><div class=\"entry-thumb normal-size\"><a href=\"https:\/\/rawismyreligion.com\/de\/minimalismus\/\"><img src=\"https:\/\/rawismyreligion.com\/wp-content\/uploads\/minimalism-not-working-out-500x375.jpg\" \/><\/a><\/div><div><h4 class=\"entry-title\"><a href=\"https:\/\/rawismyreligion.com\/de\/minimalismus\/\">Minimalismus<\/a><\/h4><div class=\"entry-summary\">Weniger, g\u00fcnstiger, umweltfreundlicher.<\/div><\/div><\/div><div class=\"rimr-posts-grid-entry col-md-6\"><div class=\"entry-thumb normal-size\"><a href=\"https:\/\/rawismyreligion.com\/de\/mini-kochen-maschine\/\"><img src=\"https:\/\/rawismyreligion.com\/wp-content\/uploads\/sushi-mukbang-rezept-vegan-rohkost-kennenlernen-daten-500x375.jpg\" \/><\/a><\/div><div><h4 class=\"entry-title\"><a href=\"https:\/\/rawismyreligion.com\/de\/mini-kochen-maschine\/\">Mini K\u00fcchenmaschine<\/a><\/h4><div class=\"entry-summary\">F\u00fcr kleine Mixjobs: Pralinen, Sushi, Aufstriche.<\/div><\/div><\/div><\/div><div class=\"row\"><div class=\"rimr-posts-grid-entry col-md-6\"><div class=\"entry-thumb normal-size\"><a href=\"https:\/\/rawismyreligion.com\/de\/das-leben-der-kraeuter-verlaengern\/\"><img src=\"https:\/\/rawismyreligion.com\/wp-content\/uploads\/herbs-keep-longer-500x375.jpg\" \/><\/a><\/div><div><h4 class=\"entry-title\"><a href=\"https:\/\/rawismyreligion.com\/de\/das-leben-der-kraeuter-verlaengern\/\">Das Leben der Kr\u00e4uter verl\u00e4ngern<\/a><\/h4><div class=\"entry-summary\">Frische Kr\u00e4uter bleiben so l\u00e4nger frisch.<\/div><\/div><\/div><div class=\"rimr-posts-grid-entry col-md-6\"><div class=\"entry-thumb normal-size\"><a href=\"https:\/\/rawismyreligion.com\/de\/bio-abfalleimer\/\"><img src=\"https:\/\/rawismyreligion.com\/wp-content\/uploads\/abfall-biomuell-eimer-500x375.jpg\" \/><\/a><\/div><div><h4 class=\"entry-title\"><a href=\"https:\/\/rawismyreligion.com\/de\/bio-abfalleimer\/\">Bio-M\u00fcll Abfalleimer<\/a><\/h4><div class=\"entry-summary\">Praktischer Zero-Waste-Helfer.<\/div><\/div><\/div><\/div><\/div>\n\n\n\n\n\n<p><\/p>\n","protected":false},"excerpt":{"rendered":"<p>Mehr mit weniger f\u00fcr die Umwelt, Gelds und f\u00fcr ein sch\u00f6neres organisiertes Leben.<\/p>\n","protected":false},"author":1,"featured_media":33242,"parent":0,"menu_order":0,"comment_status":"closed","ping_status":"closed","template":"","meta":{"spay_email":""},"categories":[5412],"tags":[],"_links":{"self":[{"href":"https:\/\/rawismyreligion.com\/de\/wp-json\/wp\/v2\/pages\/36515"}],"collection":[{"href":"https:\/\/rawismyreligion.com\/de\/wp-json\/wp\/v2\/pages"}],"about":[{"href":"https:\/\/rawismyreligion.com\/de\/wp-json\/wp\/v2\/types\/page"}],"author":[{"embeddable":true,"href":"https:\/\/rawismyreligion.com\/de\/wp-json\/wp\/v2\/users\/1"}],"replies":[{"embeddable":true,"href":"https:\/\/rawismyreligion.com\/de\/wp-json\/wp\/v2\/comments?post=36515"}],"version-history":[{"count":19,"href":"https:\/\/rawismyreligion.com\/de\/wp-json\/wp\/v2\/pages\/36515\/revisions"}],"predecessor-version":[{"id":78879,"href":"https:\/\/rawismyreligion.com\/de\/wp-json\/wp\/v2\/pages\/36515\/revisions\/78879"}],"wp:featuredmedia":[{"embeddable":true,"href":"https:\/\/rawismyreligion.com\/de\/wp-json\/wp\/v2\/media\/33242"}],"wp:attachment":[{"href":"https:\/\/rawismyreligion.com\/de\/wp-json\/wp\/v2\/media?parent=36515"}],"wp:term":[{"taxonomy":"category","embeddable":true,"href":"https:\/\/rawismyreligion.com\/de\/wp-json\/wp\/v2\/categories?post=36515"},{"taxonomy":"post_tag","embeddable":true,"href":"https:\/\/rawismyreligion.com\/de\/wp-json\/wp\/v2\/tags?post=36515"}],"curies":[{"name":"wp","href":"https:\/\/api.w.org\/{rel}","templated":true}]}}