{"id":29945,"date":"2016-04-14T05:11:24","date_gmt":"2016-04-14T13:11:24","guid":{"rendered":"http:\/\/rawismyreligion.com\/de\/?page_id=29945"},"modified":"2021-02-15T12:26:22","modified_gmt":"2021-02-15T20:26:22","slug":"kitchen-loves","status":"publish","type":"page","link":"https:\/\/rawismyreligion.com\/de\/raw-food\/kitchen-loves\/","title":{"rendered":"K\u00fccheger\u00e4te"},"content":{"rendered":"<div class=\"rimr-grayscale\">\r\n<div class=\"row\">\r\n<div class=\"rimr_slideshow col-md-3\">\r\n<a href=\"http:\/\/inamelny.com\/de\/vitamix\" target=\"_blank\"><img src=\"https:\/\/cdn.keimling.de\/media\/catalog\/product\/cache\/1\/thumbnail\/310x310\/9df78eab33525d08d6e5fb8d27136e95\/f\/r\/fr54200ed_vitamix-inox-logo_1_2.jpg\"   alt=\"Vitamix Mixer Blender der Beste welchen kaufen\" class=\"aligncenter size-full wp-image-33036\"\/><\/a>\r\n<\/div>\r\n\r\n<div class=\"rimr_slideshow col-md-1\">\r\n<\/div>\r\n<div class=\"rimr_slideshow col-md-4\">\r\n<a href=\"https:\/\/www.amazon.de\/Excalibur-Trockner-D%C3%B6rrger%C3%A4t-D%C3%B6rrautomat-Einsch%C3%BCben\/dp\/B0019M99BE\/ref=as_li_ss_il?s=kitchen&ie=UTF8&qid=1473928574&sr=1-2&keywords=dehydrator+excalibur&linkCode=li3&tag=rawismyreligi-21&linkId=c7827f0c201d232b851c6e2f6f8add88\" target=\"_blank\"><img border=\"0\" src=\"\/\/ws-eu.amazon-adsystem.com\/widgets\/q?_encoding=UTF8&ASIN=B0019M99BE&Format=_SL250_&ID=AsinImage&MarketPlace=DE&ServiceVersion=20070822&WS=1&tag=rawismyreligi-21\" ><\/a><img src=\"https:\/\/ir-de.amazon-adsystem.com\/e\/ir?t=rawismyreligi-21&l=li3&o=3&a=B0019M99BE\" width=\"1\" height=\"1\" border=\"0\" alt=\"\" style=\"border:none !important; margin:0px !important;\" \/><\/div>\r\n\r\n<div class=\"rimr_slideshow col-md-4\">\r\n<a href=\"http:\/\/www.amazon.de\/gp\/offer-listing\/B0079V03J6\/ref=as_li_tl?ie=UTF8&camp=1638&creative=6742&creativeASIN=B0079V03J6&linkCode=am2&tag=rawismyreligi-21&linkId=5OFGJRWQ2BEJVUOH\" target=\"_blank\"><img border=\"0\" src=\"http:\/\/ws-eu.amazon-adsystem.com\/widgets\/q?_encoding=UTF8&ASIN=B0079V03J6&Format=_SL250_&ID=AsinImage&MarketPlace=DE&ServiceVersion=20070822&WS=1&tag=rawismyreligi-21\" ><\/a><img src=\"http:\/\/ir-de.amazon-adsystem.com\/e\/ir?t=rawismyreligi-21&l=as2&o=3&a=B0079V03J6\" width=\"1\" height=\"1\" border=\"0\" alt=\"\" style=\"border:none !important; margin:0px !important;\" \/>\r\n<\/div>\r\n<\/div> \r\n \r\n\r\n<div class=\"row\">\r\n<div class=\"rimr_slideshow col-md-4\">\r\n<p style=\"text-align: left; font-size: 14px;\">Ein guter Blender (=Mixer) ist durch nichts zu ersetzen. Auch wenn ich mir plastikfreie Beh\u00e4lter w\u00fcnsche, ohne einen Blender geht es nicht mehr!<\/p>\r\n<\/div>\r\n<div class=\"rimr_slideshow col-md-4\">\r\n<p style=\"text-align: left; font-size: 14px;\">Ein Dehydrator (=D\u00f6rrger\u00e4t) kommt fr\u00fcher oder sp\u00e4ter ins Haus. Ob f\u00fcr Brote, Cracker oder einfach gesundes getrocknetes Obst und Gem\u00fcse. Ich benutze ihn mittlerweile sogar auf Reisen. <\/p>\r\n<\/div>\r\n\r\n<div class=\"rimr_slideshow col-md-4\">\r\n<p style=\"text-align: left; font-size: 14px;\">Sie kann Gem\u00fcsereis aus Blumenkohl, Palmenherz, Sellerie oder Karotten herstellen und reiben kann sie auch.<\/p>\r\n<\/div>\r\n<\/div> \r\n\r\n \r\n<\/div>\n<div class=\"container-fuild rimr-posts-grid\"><\/div>\n","protected":false},"excerpt":{"rendered":"","protected":false},"author":1,"featured_media":40677,"parent":43350,"menu_order":0,"comment_status":"closed","ping_status":"closed","template":"","meta":{"spay_email":""},"categories":[],"tags":[],"_links":{"self":[{"href":"https:\/\/rawismyreligion.com\/de\/wp-json\/wp\/v2\/pages\/29945"}],"collection":[{"href":"https:\/\/rawismyreligion.com\/de\/wp-json\/wp\/v2\/pages"}],"about":[{"href":"https:\/\/rawismyreligion.com\/de\/wp-json\/wp\/v2\/types\/page"}],"author":[{"embeddable":true,"href":"https:\/\/rawismyreligion.com\/de\/wp-json\/wp\/v2\/users\/1"}],"replies":[{"embeddable":true,"href":"https:\/\/rawismyreligion.com\/de\/wp-json\/wp\/v2\/comments?post=29945"}],"version-history":[{"count":8,"href":"https:\/\/rawismyreligion.com\/de\/wp-json\/wp\/v2\/pages\/29945\/revisions"}],"predecessor-version":[{"id":40919,"href":"https:\/\/rawismyreligion.com\/de\/wp-json\/wp\/v2\/pages\/29945\/revisions\/40919"}],"up":[{"embeddable":true,"href":"https:\/\/rawismyreligion.com\/de\/wp-json\/wp\/v2\/pages\/43350"}],"wp:featuredmedia":[{"embeddable":true,"href":"https:\/\/rawismyreligion.com\/de\/wp-json\/wp\/v2\/media\/40677"}],"wp:attachment":[{"href":"https:\/\/rawismyreligion.com\/de\/wp-json\/wp\/v2\/media?parent=29945"}],"wp:term":[{"taxonomy":"category","embeddable":true,"href":"https:\/\/rawismyreligion.com\/de\/wp-json\/wp\/v2\/categories?post=29945"},{"taxonomy":"post_tag","embeddable":true,"href":"https:\/\/rawismyreligion.com\/de\/wp-json\/wp\/v2\/tags?post=29945"}],"curies":[{"name":"wp","href":"https:\/\/api.w.org\/{rel}","templated":true}]}}