{"id":21221,"date":"2016-02-27T03:11:28","date_gmt":"2016-02-27T11:11:28","guid":{"rendered":"http:\/\/rawismyreligion.com\/?page_id=21221"},"modified":"2021-03-13T23:54:43","modified_gmt":"2021-03-14T07:54:43","slug":"nudel-rezepte","status":"publish","type":"page","link":"https:\/\/rawismyreligion.com\/de\/raw-food\/rezepte\/herzhafte-rohkost-rezepte\/nudel-rezepte\/","title":{"rendered":"Nudel Rezepte"},"content":{"rendered":"\n<p class=\"has-text-align-center\">Rohkost Nudeln. Vegane Saucen.<\/p>\n\n\n\n<figure class=\"wp-block-image size-large\"><img loading=\"lazy\" width=\"1024\" height=\"768\" src=\"https:\/\/rawismyreligion.com\/wp-content\/uploads\/petit-brot-organic-raw-food-bolognese-noodles-review-1024x768.jpg\" alt=\"\" class=\"wp-image-37880\" srcset=\"https:\/\/rawismyreligion.com\/wp-content\/uploads\/petit-brot-organic-raw-food-bolognese-noodles-review-1024x768.jpg 1024w, https:\/\/rawismyreligion.com\/wp-content\/uploads\/petit-brot-organic-raw-food-bolognese-noodles-review-300x225.jpg 300w, https:\/\/rawismyreligion.com\/wp-content\/uploads\/petit-brot-organic-raw-food-bolognese-noodles-review-768x576.jpg 768w, https:\/\/rawismyreligion.com\/wp-content\/uploads\/petit-brot-organic-raw-food-bolognese-noodles-review-500x375.jpg 500w, https:\/\/rawismyreligion.com\/wp-content\/uploads\/petit-brot-organic-raw-food-bolognese-noodles-review-1040x780.jpg 1040w\" sizes=\"(max-width: 1024px) 100vw, 1024px\" \/><\/figure>\n\n\n\n<p>Rohkostnudeln waren f\u00fcr mich immer sehr leckere herzhafte Gerichte und auch Salatersatz. Nudeln erg\u00e4nzen auch Bowls wunderbar. Ich kann relativ langweiliges Gem\u00fcse in aufregende Rohkostgerichte verwandeln.<\/p>\n\n\n\n<div class=\"container-fuild rimr-posts-grid\"><div class=\"row\"><div class=\"rimr-posts-grid-entry col-md-6\"><div class=\"entry-thumb normal-size\"><a href=\"https:\/\/rawismyreligion.com\/de\/fruitadmin-buch\/\"><img src=\"https:\/\/rawismyreligion.com\/wp-content\/uploads\/Fruitadmin-Buch-Cover-De-Post-Thumb-500x375.jpg\" \/><\/a><\/div><div><h4 class=\"entry-title\"><a href=\"https:\/\/rawismyreligion.com\/de\/fruitadmin-buch\/\">Fruitadmin Buch<\/a><\/h4><div class=\"entry-summary\">Das Basisbuch der machbaren Rohkost.<\/div><\/div><\/div><div class=\"rimr-posts-grid-entry col-md-6\"><div class=\"entry-thumb normal-size\"><a href=\"https:\/\/rawismyreligion.com\/de\/guenstige-rohkost-buch-seite\/\"><img src=\"https:\/\/rawismyreligion.com\/wp-content\/uploads\/cheap-raw-ebook-free-raw-recipes-500x375.jpg\" \/><\/a><\/div><div><h4 class=\"entry-title\"><a href=\"https:\/\/rawismyreligion.com\/de\/guenstige-rohkost-buch-seite\/\">G\u00fcnstige Rohkost<\/a><\/h4><div class=\"entry-summary\">Rohkost ohne teuerer Zutaten? 10 tolle Rezepte f\u00fcr wenig Geld.<\/div><\/div><\/div><\/div><\/div>\n\n\n\n<p><\/p>\n\n\n\n<h2>Neueste Nudelrezepte auf dem Blog<\/h2>\n\n\n\n<div class=\"container-fuild rimr-posts-grid\"><div class=\"row\"><div class=\"rimr-posts-grid-entry col-md-4\"><div class=\"entry-thumb normal-size\"><a href=\"https:\/\/rawismyreligion.com\/de\/gruenes-salatdressing\/\"><img src=\"https:\/\/rawismyreligion.com\/wp-content\/uploads\/green-salad-dressing-basil-avocado-vegan-raw-food-500x375.jpg\" \/><\/a><\/div><div><h4 class=\"entry-title\"><a href=\"https:\/\/rawismyreligion.com\/de\/gruenes-salatdressing\/\">Gr\u00fcnes Dressing<\/a><\/h4><\/div><\/div><div class=\"rimr-posts-grid-entry col-md-4\"><div class=\"entry-thumb normal-size\"><a href=\"https:\/\/rawismyreligion.com\/de\/wundervolle-roh-vegane-salatdressings-zubereiten\/\"><img src=\"https:\/\/rawismyreligion.com\/wp-content\/uploads\/3-salad-dressings-vegan-raw-food-500x375.jpg\" \/><\/a><\/div><div><h4 class=\"entry-title\"><a href=\"https:\/\/rawismyreligion.com\/de\/wundervolle-roh-vegane-salatdressings-zubereiten\/\">Wundervolle roh-vegane Salatdressings<\/a><\/h4><\/div><\/div><div class=\"rimr-posts-grid-entry col-md-4\"><div class=\"entry-thumb normal-size\"><a href=\"https:\/\/rawismyreligion.com\/de\/rotes-salatdressing\/\"><img src=\"https:\/\/rawismyreligion.com\/wp-content\/uploads\/red-salad-dressing-tomato-vegan-raw-food-500x375.jpg\" \/><\/a><\/div><div><h4 class=\"entry-title\"><a href=\"https:\/\/rawismyreligion.com\/de\/rotes-salatdressing\/\">Rotes Salatdressing<\/a><\/h4><\/div><\/div><\/div><div class=\"row\"><div class=\"rimr-posts-grid-entry col-md-4\"><div class=\"entry-thumb normal-size\"><a href=\"https:\/\/rawismyreligion.com\/de\/spaghetti-bolognese\/\"><img src=\"https:\/\/rawismyreligion.com\/wp-content\/uploads\/plate.jpg\" \/><\/a><\/div><div><h4 class=\"entry-title\"><a href=\"https:\/\/rawismyreligion.com\/de\/spaghetti-bolognese\/\">Spaghetti Bolognese<\/a><\/h4><\/div><\/div><div class=\"rimr-posts-grid-entry col-md-4\"><div class=\"entry-thumb normal-size\"><a href=\"https:\/\/rawismyreligion.com\/de\/pesto-bandnuddeln\/\"><img src=\"https:\/\/rawismyreligion.com\/wp-content\/uploads\/gurkennudeln-roh-vegan-2-500x375.jpg\" \/><\/a><\/div><div><h4 class=\"entry-title\"><a href=\"https:\/\/rawismyreligion.com\/de\/pesto-bandnuddeln\/\">Avocado-Pesto Bandnudeln<\/a><\/h4><\/div><\/div><div class=\"rimr-posts-grid-entry col-md-4\"><div class=\"entry-thumb normal-size\"><a href=\"https:\/\/rawismyreligion.com\/de\/kaesenudeln-vegan-roh\/\"><img src=\"https:\/\/rawismyreligion.com\/wp-content\/uploads\/cheezy-noodles-recipe-video-copy-500x375.jpg\" \/><\/a><\/div><div><h4 class=\"entry-title\"><a href=\"https:\/\/rawismyreligion.com\/de\/kaesenudeln-vegan-roh\/\">K\u00e4senudeln<\/a><\/h4><\/div><\/div><\/div><div class=\"row\"><div class=\"rimr-posts-grid-entry col-md-4\"><div class=\"entry-thumb normal-size\"><a href=\"https:\/\/rawismyreligion.com\/de\/nudelsaucen-3-einfache-vegane-rohe-saucen\/\"><img src=\"https:\/\/rawismyreligion.com\/wp-content\/uploads\/nudel-saucen-featured-image-500x375.jpg\" \/><\/a><\/div><div><h4 class=\"entry-title\"><a href=\"https:\/\/rawismyreligion.com\/de\/nudelsaucen-3-einfache-vegane-rohe-saucen\/\">Nudelsaucen f\u00fcr Gurkennudeln<\/a><\/h4><\/div><\/div><div class=\"rimr-posts-grid-entry col-md-4\"><div class=\"entry-thumb normal-size\"><a href=\"https:\/\/rawismyreligion.com\/de\/pesto-ohne-kaese\/\"><img src=\"https:\/\/rawismyreligion.com\/wp-content\/uploads\/pesto-basil-pine-nuts-vegan-homemade-e1613254785977-500x375.jpg\" \/><\/a><\/div><div><h4 class=\"entry-title\"><a href=\"https:\/\/rawismyreligion.com\/de\/pesto-ohne-kaese\/\">Pesto ohne K\u00e4se<\/a><\/h4><\/div><\/div><div class=\"rimr-posts-grid-entry col-md-4\"><div class=\"entry-thumb normal-size\"><a href=\"https:\/\/rawismyreligion.com\/de\/rohkostnudeln-mit-rotem-pesto\/\"><img src=\"https:\/\/rawismyreligion.com\/wp-content\/uploads\/nudeln-mit-rotm-olivenpesto-500x375.jpg\" \/><\/a><\/div><div><h4 class=\"entry-title\"><a href=\"https:\/\/rawismyreligion.com\/de\/rohkostnudeln-mit-rotem-pesto\/\">Rohkostnudeln mit rotem Pesto<\/a><\/h4><\/div><\/div><\/div><div class=\"row\"><div class=\"rimr-posts-grid-entry col-md-4\"><div class=\"entry-thumb normal-size\"><a href=\"https:\/\/rawismyreligion.com\/de\/gurkennudel-salat\/\"><img src=\"https:\/\/rawismyreligion.com\/wp-content\/uploads\/gurkennudeln-salat-roh-vegan-500x375.jpg\" \/><\/a><\/div><div><h4 class=\"entry-title\"><a href=\"https:\/\/rawismyreligion.com\/de\/gurkennudel-salat\/\">Gurkennudel-Salat<\/a><\/h4><\/div><\/div><div class=\"rimr-posts-grid-entry col-md-4\"><div class=\"entry-thumb normal-size\"><a href=\"https:\/\/rawismyreligion.com\/de\/papaya-salat\/\"><img src=\"https:\/\/rawismyreligion.com\/wp-content\/uploads\/papaya-salad-500x375.jpg\" \/><\/a><\/div><div><h4 class=\"entry-title\"><a href=\"https:\/\/rawismyreligion.com\/de\/papaya-salat\/\">Papaya Salat<\/a><\/h4><\/div><\/div><div class=\"rimr-posts-grid-entry col-md-4\"><div class=\"entry-thumb normal-size\"><a href=\"https:\/\/rawismyreligion.com\/de\/gurkennudeln-mit-tomatensauce\/\"><img src=\"https:\/\/rawismyreligion.com\/wp-content\/uploads\/cucumber-noodles-with-ketchup-2-500x375.jpg\" \/><\/a><\/div><div><h4 class=\"entry-title\"><a href=\"https:\/\/rawismyreligion.com\/de\/gurkennudeln-mit-tomatensauce\/\">Gurkennudeln mit Tomatensauce<\/a><\/h4><\/div><\/div><\/div><div class=\"row\"><div class=\"rimr-posts-grid-entry col-md-4\"><div class=\"entry-thumb normal-size\"><a href=\"https:\/\/rawismyreligion.com\/de\/kuerbis-buch\/\"><img src=\"https:\/\/rawismyreligion.com\/wp-content\/uploads\/ipad-thumb-kuerbis-500x375.jpg\" \/><\/a><\/div><div><h4 class=\"entry-title\"><a href=\"https:\/\/rawismyreligion.com\/de\/kuerbis-buch\/\">K\u00fcrbis Rezepte<\/a><\/h4><\/div><\/div><\/div><\/div>\n\n\n\n<hr \/>\r\n<div style=\"text-align: center;\">\r\n<h2>Newsletter: Das Beste nie verpassen!<\/h2> \r\n<\/div>\r\n<div class=\"row\">\r\n<div class=\"col-xs-3\">\r\n<img src=\"https:\/\/rawismyreligion.com\/wp-content\/uploads\/rohkost-rezept-joghurt-auf-erdbeere-2.jpg\" alt=\"\" width=\"2000\" height=\"1500\" class=\"aligncenter size-full wp-image-85125\" \/>\r\n<\/div>\r\n<div class=\"col-xs-3\">\r\n<img src=\"https:\/\/rawismyreligion.com\/wp-content\/uploads\/bifi-vegan-rohkost-rezept-3.jpg\" alt=\"\" width=\"2000\" height=\"1500\" class=\"aligncenter size-full wp-image-85006\" \/>\r\n<\/div>\r\n<div class=\"col-xs-3\">\r\n<img src=\"https:\/\/rawismyreligion.com\/wp-content\/uploads\/bio-vegan-rohkost-mango-joghurt-rezept-3.jpg\" alt=\"\" width=\"2000\" height=\"1500\" class=\"aligncenter size-full wp-image-85355\" \/><\/div>\r\n\r\n<div class=\"col-xs-3\">\r\n<img src=\"https:\/\/rawismyreligion.com\/wp-content\/uploads\/getrocknete-Fruechte-2.jpg\" alt=\"\" width=\"2000\" height=\"1500\" class=\"aligncenter size-full wp-image-84549\" \/><\/div><\/div>\r\n\r\n<div style=\"text-align: center;\">\r\nBald kommen diese Rezepte kostenlos per eMail zu dir. Trag dich ein!<\/div>\r\n<\/br>\r\n\r\n<div style=\"text-align: center;\">\r\n<div class='rimr-nl-container' data-language='de' data-base-url='https:\/\/rawismyreligion.com\/wp-admin\/admin-ajax.php' data-sec='b53b570b10'><div class='rimr-nl-thankyou'>Hat geklappt!<\/div><div class='form-group'><input type='text' class='rimr-nl-name form-control' placeholder='Name' \/><\/div><div class='form-group'><input type='text' class='rimr-nl-mail form-control' placeholder='you@example.com' \/><\/div><div class='form-group'><div class='rimr-nl-button'><span class='rimr-nl-icon-start fa fa-chevron-right'><\/span><\/div><\/div><\/div><\/div>\r\n<\/br>\r\n\r\n<hr \/>\r\n\r\n\r\n\r\n\r\n\r\n\n\n\n\n<h2>Sch\u00e4len, Nudeln, die besten Rohkost-Helfer<\/h2>\r\n<div class=\"container-fuild rimr-posts-grid\"><div class=\"row\"><div class=\"rimr-posts-grid-entry col-md-4\"><div class=\"entry-thumb normal-size\"><a href=\"https:\/\/rawismyreligion.com\/de\/schaeler\/\"><img src=\"https:\/\/rawismyreligion.com\/wp-content\/uploads\/peeler-julienne-500x375.jpg\" \/><\/a><\/div><div><h4 class=\"entry-title\"><a href=\"https:\/\/rawismyreligion.com\/de\/schaeler\/\">Sch\u00e4ler<\/a><\/h4><\/div><\/div><div class=\"rimr-posts-grid-entry col-md-4\"><div class=\"entry-thumb normal-size\"><a href=\"https:\/\/rawismyreligion.com\/de\/julienneschaeler\/\"><img src=\"https:\/\/rawismyreligion.com\/wp-content\/uploads\/peeler-julienne-500x375.jpg\" \/><\/a><\/div><div><h4 class=\"entry-title\"><a href=\"https:\/\/rawismyreligion.com\/de\/julienneschaeler\/\">Juliennesch\u00e4ler<\/a><\/h4><\/div><\/div><div class=\"rimr-posts-grid-entry col-md-4\"><div class=\"entry-thumb normal-size\"><a href=\"https:\/\/rawismyreligion.com\/de\/spiralschneider\/\"><img src=\"https:\/\/rawismyreligion.com\/wp-content\/uploads\/fa89-2-500x375.jpg\" \/><\/a><\/div><div><h4 class=\"entry-title\"><a href=\"https:\/\/rawismyreligion.com\/de\/spiralschneider\/\">Spiralschneider<\/a><\/h4><\/div><\/div><\/div><\/div>\r\n\r\n\n\n\n\n<h3>Hol dir meine neuesten B\u00fccher<\/h3>\r\n<div class=\"row\">\r\n<div class=\"col-xs-3\">\r\n<a href=\"https:\/\/rawismyreligion.com\/de\/love-raw\/\" target=\"_blank\" rel=\"noopener\"><img src=\"https:\/\/rawismyreligion.com\/wp-content\/uploads\/Cover-De.jpg\" alt=\"\" width=\"1080\" height=\"1507\" class=\"aligncenter size-full wp-image-44884\" \/><\/a>\r\n<\/div>\r\n<div class=\"col-xs-3\">\r\n<a href=\"https:\/\/rawismyreligion.com\/de\/?p=44940\" target=\"_blank\" rel=\"noopener\"><img src=\"https:\/\/rawismyreligion.com\/wp-content\/uploads\/Fruitadmin-Buch-Cover-De.png\" alt=\"\" width=\"1080\" height=\"1507\" class=\"aligncenter size-full wp-image-84844\" \/><\/a>\r\n<\/div>\r\n<div class=\"col-xs-3\">\r\n<a href=\"https:\/\/rawismyreligion.com\/de\/aufstriche-buch\/\" target=\"_blank\" rel=\"noopener\"><img src=\"https:\/\/rawismyreligion.com\/wp-content\/uploads\/Aufstiche-Buch-Cover-De.jpg\" alt=\"aufstrich rohkost rezept buch\" width=\"1080\" height=\"1507\" class=\"aligncenter size-full wp-image-44863\" \/><\/a> \r\n<\/div>\r\n<div class=\"col-xs-3\">\r\n<a href=\"https:\/\/rawismyreligion.com\/de\/zitrus-smoothies-buch\/\" target=\"_blank\" rel=\"noopener\"><img src=\"https:\/\/rawismyreligion.com\/wp-content\/uploads\/Cover-Image-easy-citrus-smoothies.png\" alt=\"aufstrich rohkost rezept buch\" width=\"1080\" height=\"1507\" class=\"aligncenter size-full wp-image-44863\" \/><\/a> \r\n<\/div>\r\n<\/div>\r\n\r\n<div class=\"row\">\r\n<div class=\"col-xs-3\">\r\n<a href=\"https:\/\/rawismyreligion.com\/de\/kuerbis-buch\/\" target=\"_blank\" rel=\"noopener\"><img src=\"https:\/\/rawismyreligion.com\/wp-content\/uploads\/Kuerbis-Buch-Cover-De.jpg\" alt=\"\" width=\"1080\" height=\"1507\" class=\"aligncenter size-full wp-image-44884\" \/><\/a>\r\n<\/div>\r\n<div class=\"col-xs-3\">\r\n<a href=\"https:\/\/rawismyreligion.com\/de\/mozzarella-buch-seite\/\" target=\"_blank\" rel=\"noopener\"><img src=\"https:\/\/rawismyreligion.com\/wp-content\/uploads\/Mozzarella-Buch-Cover-De.jpg\" alt=\"\" width=\"1080\" height=\"1507\" class=\"aligncenter size-full wp-image-44894\" \/><\/a>\r\n<\/div>\r\n<div class=\"col-xs-3\">\r\n<a href=\"https:\/\/rawismyreligion.com\/de\/?p=37809\" target=\"_blank\" rel=\"noopener\"><img src=\"https:\/\/rawismyreligion.com\/wp-content\/uploads\/Cheap-Raw-Buch-Cover-De.jpg\" alt=\"\" width=\"1080\" height=\"1507\" class=\"aligncenter size-full wp-image-44874\" \/><\/a>\r\n<\/div>\r\n<div class=\"col-xs-3\">\r\n<a href=\"https:\/\/rawismyreligion.com\/de\/suppen-to-go-buch\/\" target=\"_blank\" rel=\"noopener\"><img src=\"https:\/\/rawismyreligion.com\/wp-content\/uploads\/Suppen-to-go-Buch-Cover-De.jpg\" alt=\"\" width=\"1080\" height=\"1507\" class=\"aligncenter size-full wp-image-44922\" \/><\/a>\r\n<\/div>\r\n<\/div>\r\n\r\n\r\n<!--\r\n\r\n<div class=\"row\">\r\n<div class=\"col-xs-3\">\r\n<a href=\"https:\/\/rawismyreligion.com\/de\/love-raw\/\" target=\"_blank\" rel=\"noopener\"><img src=\"https:\/\/rawismyreligion.com\/wp-content\/uploads\/cover-love-raw.png\" alt=\"\" width=\"1080\" height=\"1507\" class=\"aligncenter size-full wp-image-44884\" \/><\/a>\r\n<\/div>\r\n<div class=\"col-xs-3\">\r\n<a href=\"https:\/\/rawismyreligion.com\/de\/?p=44940\" target=\"_blank\" rel=\"noopener\"><img src=\"https:\/\/rawismyreligion.com\/wp-content\/uploads\/Fruitadmin-Buch-Cover-De.png\" alt=\"\" width=\"1080\" height=\"1507\" class=\"aligncenter size-full wp-image-44936\" \/><\/a>\r\n<\/div>\r\n<div class=\"col-xs-3\">\r\n<a href=\"https:\/\/rawismyreligion.com\/de\/aufstriche-buch\/\" target=\"_blank\" rel=\"noopener\"><img src=\"https:\/\/rawismyreligion.com\/wp-content\/uploads\/Aufstiche-Buch-Cover-De.png\" alt=\"aufstrich rohkost rezept buch\" width=\"1080\" height=\"1507\" class=\"aligncenter size-full wp-image-44863\" \/><\/a> \r\n<\/div>\r\n<div class=\"col-xs-3\">\r\n<a href=\"https:\/\/rawismyreligion.com\/de\/zitrus-smoothies-buch\/\" target=\"_blank\" rel=\"noopener\"><img src=\"https:\/\/rawismyreligion.com\/wp-content\/uploads\/Cover-Image-easy-citrus-smoothies.png\" alt=\"aufstrich rohkost rezept buch\" width=\"1080\" height=\"1507\" class=\"aligncenter size-full wp-image-44863\" \/><\/a> \r\n<\/div>\r\n<\/div>\r\n\r\n<div class=\"row\">\r\n<div class=\"col-xs-3\">\r\n<a href=\"https:\/\/rawismyreligion.com\/de\/kuerbis-buch\/\" target=\"_blank\" rel=\"noopener\"><img src=\"https:\/\/rawismyreligion.com\/wp-content\/uploads\/Kuerbis-Buch-Cover-De.png\" alt=\"\" width=\"1080\" height=\"1507\" class=\"aligncenter size-full wp-image-44884\" \/><\/a>\r\n<\/div>\r\n<div class=\"col-xs-3\">\r\n<a href=\"https:\/\/rawismyreligion.com\/de\/mozzarella-buch-seite\/\" target=\"_blank\" rel=\"noopener\"><img src=\"https:\/\/rawismyreligion.com\/wp-content\/uploads\/Mozzarella-Buch-Cover-De.png\" alt=\"\" width=\"1080\" height=\"1507\" class=\"aligncenter size-full wp-image-44894\" \/><\/a>\r\n<\/div>\r\n<div class=\"col-xs-3\">\r\n<a href=\"https:\/\/rawismyreligion.com\/de\/?p=37809\" target=\"_blank\" rel=\"noopener\"><img src=\"https:\/\/rawismyreligion.com\/wp-content\/uploads\/Cheap-Raw-Buch-Cover-De.png\" alt=\"\" width=\"1080\" height=\"1507\" class=\"aligncenter size-full wp-image-44874\" \/><\/a>\r\n<\/div>\r\n<div class=\"col-xs-3\">\r\n<a href=\"https:\/\/rawismyreligion.com\/de\/suppen-to-go-buch\/\" target=\"_blank\" rel=\"noopener\"><img src=\"https:\/\/rawismyreligion.com\/wp-content\/uploads\/Suppen-to-go-Buch-Cover-De.png\" alt=\"\" width=\"1080\" height=\"1507\" class=\"aligncenter size-full wp-image-44922\" \/><\/a>\r\n<\/div>\r\n<\/div>\r\n\r\n\r\n<img src=\"https:\/\/rawismyreligion.com\/wp-content\/uploads\/20120828-Cheap-Raw-Buch-Cover-De-2.png\" alt=\"\" width=\"134\" height=\"187\" class=\"aligncenter size-full wp-image-84900\" \/>\r\n\r\n\r\nHier keine pngs  sondern undurchsichtige jpgs\r\n\r\n<div class=\"row\">\r\n<div class=\"col-xs-3\">\r\n<a href=\"https:\/\/rawismyreligion.com\/de\/love-raw\/\" target=\"_blank\" rel=\"noopener\"><img src=\"https:\/\/rawismyreligion.com\/wp-content\/uploads\/Cover-De.jpg\" alt=\"\" width=\"1080\" height=\"1507\" class=\"aligncenter size-full wp-image-44884\" \/><\/a>\r\n<\/div>\r\n<div class=\"col-xs-3\">\r\n<a href=\"https:\/\/rawismyreligion.com\/de\/?p=44940\" target=\"_blank\" rel=\"noopener\"><img src=\"https:\/\/rawismyreligion.com\/wp-content\/uploads\/Fruitadmin-Buch-Cover-De.jpg\" alt=\"\" width=\"1080\" height=\"1507\" class=\"aligncenter size-full wp-image-44936\" \/><\/a>\r\n<\/div>\r\n<div class=\"col-xs-3\">\r\n<a href=\"https:\/\/rawismyreligion.com\/de\/aufstriche-buch\/\" target=\"_blank\" rel=\"noopener\"><img src=\"https:\/\/rawismyreligion.com\/wp-content\/uploads\/Aufstiche-Buch-Cover-De.jpg\" alt=\"aufstrich rohkost rezept buch\" width=\"1080\" height=\"1507\" class=\"aligncenter size-full wp-image-44863\" \/><\/a> \r\n<\/div>\r\n<div class=\"col-xs-3\">\r\n<a href=\"https:\/\/rawismyreligion.com\/de\/zitrus-smoothies-buch\/\" target=\"_blank\" rel=\"noopener\"><img src=\"https:\/\/rawismyreligion.com\/wp-content\/uploads\/Cover-Image-easy-citrus-smoothies.png\" alt=\"aufstrich rohkost rezept buch\" width=\"1080\" height=\"1507\" class=\"aligncenter size-full wp-image-44863\" \/><\/a> \r\n<\/div>\r\n<\/div>\r\n\r\n<div class=\"row\">\r\n<div class=\"col-xs-3\">\r\n<a href=\"https:\/\/rawismyreligion.com\/de\/kuerbis-buch\/\" target=\"_blank\" rel=\"noopener\"><img src=\"https:\/\/rawismyreligion.com\/wp-content\/uploads\/Kuerbis-Buch-Cover-De.jpg\" alt=\"\" width=\"1080\" height=\"1507\" class=\"aligncenter size-full wp-image-44884\" \/><\/a>\r\n<\/div>\r\n<div class=\"col-xs-3\">\r\n<a href=\"https:\/\/rawismyreligion.com\/de\/mozzarella-buch-seite\/\" target=\"_blank\" rel=\"noopener\"><img src=\"https:\/\/rawismyreligion.com\/wp-content\/uploads\/Mozzarella-Buch-Cover-De.jpg\" alt=\"\" width=\"1080\" height=\"1507\" class=\"aligncenter size-full wp-image-44894\" \/><\/a>\r\n<\/div>\r\n<div class=\"col-xs-3\">\r\n<a href=\"https:\/\/rawismyreligion.com\/de\/?p=37809\" target=\"_blank\" rel=\"noopener\"><img src=\"https:\/\/rawismyreligion.com\/wp-content\/uploads\/Cheap-Raw-Buch-Cover-De.jpg\" alt=\"\" width=\"1080\" height=\"1507\" class=\"aligncenter size-full wp-image-44874\" \/><\/a>\r\n<\/div>\r\n<div class=\"col-xs-3\">\r\n<a href=\"https:\/\/rawismyreligion.com\/de\/suppen-to-go-buch\/\" target=\"_blank\" rel=\"noopener\"><img src=\"https:\/\/rawismyreligion.com\/wp-content\/uploads\/Suppen-to-go-Buch-Cover-De.jpg\" alt=\"\" width=\"1080\" height=\"1507\" class=\"aligncenter size-full wp-image-44922\" \/><\/a>\r\n<\/div>\r\n<\/div>\r\n\r\n\r\n\r\n\r\n\r\n\r\n<div class=\"row\">\r\n<div class=\"col-md-2\">\r\n<a href=\"https:\/\/rawismyreligion.com\/de\/?p=44940\" target=\"_blank\" rel=\"noopener\"><img src=\"https:\/\/rawismyreligion.com\/wp-content\/uploads\/Fruitadmin-Buch-Cover-De.jpg\" alt=\"\" width=\"1080\" height=\"1507\" class=\"aligncenter size-full wp-image-44936\" \/><\/a>\r\n<\/div>\r\n<div class=\"col-md-2\">\r\n<a href=\"https:\/\/rawismyreligion.com\/de\/aufstriche-buch\/\" target=\"_blank\" rel=\"noopener\"><img src=\"https:\/\/rawismyreligion.com\/wp-content\/uploads\/Aufstiche-Buch-Cover-De.jpg\" alt=\"aufstrich rohkost rezept buch\" width=\"1080\" height=\"1507\" class=\"aligncenter size-full wp-image-44863\" \/><\/a> \r\n<\/div>\r\n<div class=\"col-md-2\">\r\n<a href=\"https:\/\/rawismyreligion.com\/de\/kuerbis-buch\/\" target=\"_blank\" rel=\"noopener\"><img src=\"https:\/\/rawismyreligion.com\/wp-content\/uploads\/Kuerbis-Buch-Cover-De.jpg\" alt=\"\" width=\"1080\" height=\"1507\" class=\"aligncenter size-full wp-image-44884\" \/><\/a>\r\n<\/div>\r\n<div class=\"col-md-2\">\r\n<a href=\"https:\/\/rawismyreligion.com\/de\/mozzarella-buch-seite\/\" target=\"_blank\" rel=\"noopener\"><img src=\"https:\/\/rawismyreligion.com\/wp-content\/uploads\/Mozzarella-Buch-Cover-De.jpg\" alt=\"\" width=\"1080\" height=\"1507\" class=\"aligncenter size-full wp-image-44894\" \/><\/a>\r\n<\/div>\r\n<div class=\"col-md-2\">\r\n<a href=\"https:\/\/rawismyreligion.com\/de\/?p=37809\" target=\"_blank\" rel=\"noopener\"><img src=\"https:\/\/rawismyreligion.com\/wp-content\/uploads\/Cheap-Raw-Buch-Cover-De.jpg\" alt=\"\" width=\"1080\" height=\"1507\" class=\"aligncenter size-full wp-image-44874\" \/><\/a>\r\n<\/div>\r\n<div class=\"col-md-2\">\r\n<a href=\"https:\/\/rawismyreligion.com\/de\/suppen-to-go-buch\/\" target=\"_blank\" rel=\"noopener\"><img src=\"https:\/\/rawismyreligion.com\/wp-content\/uploads\/Suppen-to-go-Buch-Cover-De.jpg\" alt=\"\" width=\"1080\" height=\"1507\" class=\"aligncenter size-full wp-image-44922\" \/><\/a>\r\n<\/div>\r\n<\/div>\r\n-->\r\n\n\n\n\n<hr \/>\r\n<div style=\"text-align:center;\">\r\n<script async src=\"https:\/\/pagead2.googlesyndication.com\/pagead\/js\/adsbygoogle.js\"><\/script>\r\n<!-- Google ad 2020 -->\r\n<ins class=\"adsbygoogle\"\r\n     style=\"display:block\"\r\n     data-ad-client=\"ca-pub-9981782957400879\"\r\n     data-ad-slot=\"9899772995\"\r\n     data-ad-format=\"auto\"\r\n     data-full-width-responsive=\"true\"><\/ins>\r\n<script>\r\n     (adsbygoogle = window.adsbygoogle || []).push({});\r\n<\/script><\/div>\r\n<hr \/>\n\n\n\n<div class=\"row\">\r\n<div class=\"col-md-3\"><img src=\"https:\/\/rawismyreligion.com\/wp-content\/uploads\/sommer-update-mukbang-beautyisraw-rawismyreligion.jpg\" alt=\"rawismyreligion dr. ina melny\" width=\"1080\" height=\"810\" class=\"aligncenter size-full wp-image-25144\" \/>\r\n<\/div>\r\n<div class=\"col-md-9\"><h3>Willkommen auf Rawismyreligion<\/h3>Ich bin Ina. Ich freue mich sehr, dass ihr du hier bist. Ich schreibe \u00fcber Themen, die mir am Herzen liegen und w\u00fcrde auch sehr gern wissen, was dich bewegt. Schreib mir einen Kommentar unter dem Post, der dir gef\u00e4llt.\r\n<\/div>\r\n<\/div>\r\n\r\n\n","protected":false},"excerpt":{"rendered":"<p>Lieblingsnudelrezepte.<\/p>\n","protected":false},"author":1,"featured_media":37880,"parent":40808,"menu_order":0,"comment_status":"closed","ping_status":"closed","template":"","meta":{"spay_email":""},"categories":[2709,3758],"tags":[18792,18753,9250],"_links":{"self":[{"href":"https:\/\/rawismyreligion.com\/de\/wp-json\/wp\/v2\/pages\/21221"}],"collection":[{"href":"https:\/\/rawismyreligion.com\/de\/wp-json\/wp\/v2\/pages"}],"about":[{"href":"https:\/\/rawismyreligion.com\/de\/wp-json\/wp\/v2\/types\/page"}],"author":[{"embeddable":true,"href":"https:\/\/rawismyreligion.com\/de\/wp-json\/wp\/v2\/users\/1"}],"replies":[{"embeddable":true,"href":"https:\/\/rawismyreligion.com\/de\/wp-json\/wp\/v2\/comments?post=21221"}],"version-history":[{"count":9,"href":"https:\/\/rawismyreligion.com\/de\/wp-json\/wp\/v2\/pages\/21221\/revisions"}],"predecessor-version":[{"id":79171,"href":"https:\/\/rawismyreligion.com\/de\/wp-json\/wp\/v2\/pages\/21221\/revisions\/79171"}],"up":[{"embeddable":true,"href":"https:\/\/rawismyreligion.com\/de\/wp-json\/wp\/v2\/pages\/40808"}],"wp:featuredmedia":[{"embeddable":true,"href":"https:\/\/rawismyreligion.com\/de\/wp-json\/wp\/v2\/media\/37880"}],"wp:attachment":[{"href":"https:\/\/rawismyreligion.com\/de\/wp-json\/wp\/v2\/media?parent=21221"}],"wp:term":[{"taxonomy":"category","embeddable":true,"href":"https:\/\/rawismyreligion.com\/de\/wp-json\/wp\/v2\/categories?post=21221"},{"taxonomy":"post_tag","embeddable":true,"href":"https:\/\/rawismyreligion.com\/de\/wp-json\/wp\/v2\/tags?post=21221"}],"curies":[{"name":"wp","href":"https:\/\/api.w.org\/{rel}","templated":true}]}}