{"id":21023,"date":"2016-02-24T05:46:45","date_gmt":"2016-02-24T13:46:45","guid":{"rendered":"http:\/\/rawismyreligion.com\/?page_id=21023"},"modified":"2021-04-05T15:28:19","modified_gmt":"2021-04-05T23:28:19","slug":"lifestyle","status":"publish","type":"page","link":"https:\/\/rawismyreligion.com\/de\/lifestyle\/","title":{"rendered":"Sorry, nicht gefunden"},"content":{"rendered":"\n<h2 id=\"h-neue-rezepte\">Neue Rezepte<\/h2>\n\n\n\n<div class=\"container-fuild rimr-posts-grid\"><div class=\"row\"><div class=\"rimr-posts-grid-entry col-md-4\"><div class=\"entry-thumb normal-size\"><a href=\"https:\/\/rawismyreligion.com\/de\/die-beste-pflanzliche-milch-fuer-kaffee-und-tee-zubereiten-aus-cashews-in-nur-einer-minute\/\"><img src=\"https:\/\/rawismyreligion.com\/wp-content\/uploads\/thumb-cashew-milk-recipe-with-tea-and-coffee-2-500x375.jpg\" \/><\/a><\/div><div><h4 class=\"entry-title\"><a href=\"https:\/\/rawismyreligion.com\/de\/die-beste-pflanzliche-milch-fuer-kaffee-und-tee-zubereiten-aus-cashews-in-nur-einer-minute\/\">Die beste pflanzliche Milch f\u00fcr Kaffee und Tee<\/a><\/h4><div class=\"entry-summary\">Milch aus Cashews in nur einer Minute.<\/div><\/div><\/div><div class=\"rimr-posts-grid-entry col-md-4\"><div class=\"entry-thumb normal-size\"><a href=\"https:\/\/rawismyreligion.com\/de\/hafermilch-einfach-zubereiten-vegan-guenstig-low-waste\/\"><img src=\"https:\/\/rawismyreligion.com\/wp-content\/uploads\/hafermilch-vegan-bio-selbermachen-rezepte-4-500x375.jpg\" \/><\/a><\/div><div><h4 class=\"entry-title\"><a href=\"https:\/\/rawismyreligion.com\/de\/hafermilch-einfach-zubereiten-vegan-guenstig-low-waste\/\">Hafermilch einfach und g\u00fcnstig zubereiten<\/a><\/h4><div class=\"entry-summary\">Einfach schnell Hafermilch zubereiten und sparen.<\/div><\/div><\/div><div class=\"rimr-posts-grid-entry col-md-4\"><div class=\"entry-thumb normal-size\"><a href=\"https:\/\/rawismyreligion.com\/de\/erdbeermich-aus-hafermilch-veganes-rezept\/\"><img src=\"https:\/\/rawismyreligion.com\/wp-content\/uploads\/hafermilch-vegan-bio-selbermachen-rezepte-15-e1624207502472-500x375.jpg\" \/><\/a><\/div><div><h4 class=\"entry-title\"><a href=\"https:\/\/rawismyreligion.com\/de\/erdbeermich-aus-hafermilch-veganes-rezept\/\">Erdbeermilch aus Hafermilch<\/a><\/h4><div class=\"entry-summary\">Leckere Erdbeermilch. Vegan, einfach und g\u00fcnstig.<\/div><\/div><\/div><\/div><div class=\"row\"><div class=\"rimr-posts-grid-entry col-md-4\"><div class=\"entry-thumb normal-size\"><a href=\"https:\/\/rawismyreligion.com\/de\/schokomilch-aus-hafermilch\/\"><img src=\"https:\/\/rawismyreligion.com\/wp-content\/uploads\/hafermilch-vegan-bio-selbermachen-rezepte-7-500x375.jpg\" \/><\/a><\/div><div><h4 class=\"entry-title\"><a href=\"https:\/\/rawismyreligion.com\/de\/schokomilch-aus-hafermilch\/\">Schokomilch aus Hafermilch<\/a><\/h4><div class=\"entry-summary\">Leckere Schokomilch. Vegan, einfach und g\u00fcnstig.<\/div><\/div><\/div><div class=\"rimr-posts-grid-entry col-md-4\"><div class=\"entry-thumb normal-size\"><a href=\"https:\/\/rawismyreligion.com\/de\/mandarinensorbet-bio-vegan-rohkost\/\"><img src=\"https:\/\/rawismyreligion.com\/wp-content\/uploads\/mandarinen-sorbet-rezept-rohkost-vegan-bio-3-500x375.jpg\" \/><\/a><\/div><div><h4 class=\"entry-title\"><a href=\"https:\/\/rawismyreligion.com\/de\/mandarinensorbet-bio-vegan-rohkost\/\">Mandarinen Sorbet<\/a><\/h4><div class=\"entry-summary\">Leckeres Sorbet ohne Eismaschine.<\/div><\/div><\/div><div class=\"rimr-posts-grid-entry col-md-4\"><div class=\"entry-thumb normal-size\"><a href=\"https:\/\/rawismyreligion.com\/de\/rohkost-mandeln-schaelen\/\"><img src=\"https:\/\/rawismyreligion.com\/wp-content\/uploads\/gescha\u0308lte-Mandeln-bio-mandeln-wie-scha\u0308len-500x375.jpg\" \/><\/a><\/div><div><h4 class=\"entry-title\"><a href=\"https:\/\/rawismyreligion.com\/de\/rohkost-mandeln-schaelen\/\">Mandeln sch\u00e4len<\/a><\/h4><div class=\"entry-summary\">So einfach sch\u00e4le ich Mandeln in Rohkostqualit\u00e4t ohne zu blanchieren.<\/div><\/div><\/div><\/div><\/div>\n\n\n\n<p><\/p>\n\n\n\n<h3>Hol dir meine neuesten B\u00fccher<\/h3>\r\n<div class=\"row\">\r\n<div class=\"col-xs-3\">\r\n<a href=\"https:\/\/rawismyreligion.com\/de\/love-raw\/\" target=\"_blank\" rel=\"noopener\"><img src=\"https:\/\/rawismyreligion.com\/wp-content\/uploads\/Cover-De.jpg\" alt=\"\" width=\"1080\" height=\"1507\" class=\"aligncenter size-full wp-image-44884\" \/><\/a>\r\n<\/div>\r\n<div class=\"col-xs-3\">\r\n<a href=\"https:\/\/rawismyreligion.com\/de\/?p=44940\" target=\"_blank\" rel=\"noopener\"><img src=\"https:\/\/rawismyreligion.com\/wp-content\/uploads\/Fruitadmin-Buch-Cover-De.png\" alt=\"\" width=\"1080\" height=\"1507\" class=\"aligncenter size-full wp-image-84844\" \/><\/a>\r\n<\/div>\r\n<div class=\"col-xs-3\">\r\n<a href=\"https:\/\/rawismyreligion.com\/de\/aufstriche-buch\/\" target=\"_blank\" rel=\"noopener\"><img src=\"https:\/\/rawismyreligion.com\/wp-content\/uploads\/Aufstiche-Buch-Cover-De.jpg\" alt=\"aufstrich rohkost rezept buch\" width=\"1080\" height=\"1507\" class=\"aligncenter size-full wp-image-44863\" \/><\/a> \r\n<\/div>\r\n<div class=\"col-xs-3\">\r\n<a href=\"https:\/\/rawismyreligion.com\/de\/zitrus-smoothies-buch\/\" target=\"_blank\" rel=\"noopener\"><img src=\"https:\/\/rawismyreligion.com\/wp-content\/uploads\/Cover-Image-easy-citrus-smoothies.png\" alt=\"aufstrich rohkost rezept buch\" width=\"1080\" height=\"1507\" class=\"aligncenter size-full wp-image-44863\" \/><\/a> \r\n<\/div>\r\n<\/div>\r\n\r\n<div class=\"row\">\r\n<div class=\"col-xs-3\">\r\n<a href=\"https:\/\/rawismyreligion.com\/de\/kuerbis-buch\/\" target=\"_blank\" rel=\"noopener\"><img src=\"https:\/\/rawismyreligion.com\/wp-content\/uploads\/Kuerbis-Buch-Cover-De.jpg\" alt=\"\" width=\"1080\" height=\"1507\" class=\"aligncenter size-full wp-image-44884\" \/><\/a>\r\n<\/div>\r\n<div class=\"col-xs-3\">\r\n<a href=\"https:\/\/rawismyreligion.com\/de\/mozzarella-buch-seite\/\" target=\"_blank\" rel=\"noopener\"><img src=\"https:\/\/rawismyreligion.com\/wp-content\/uploads\/Mozzarella-Buch-Cover-De.jpg\" alt=\"\" width=\"1080\" height=\"1507\" class=\"aligncenter size-full wp-image-44894\" \/><\/a>\r\n<\/div>\r\n<div class=\"col-xs-3\">\r\n<a href=\"https:\/\/rawismyreligion.com\/de\/?p=37809\" target=\"_blank\" rel=\"noopener\"><img src=\"https:\/\/rawismyreligion.com\/wp-content\/uploads\/Cheap-Raw-Buch-Cover-De.jpg\" alt=\"\" width=\"1080\" height=\"1507\" class=\"aligncenter size-full wp-image-44874\" \/><\/a>\r\n<\/div>\r\n<div class=\"col-xs-3\">\r\n<a href=\"https:\/\/rawismyreligion.com\/de\/suppen-to-go-buch\/\" target=\"_blank\" rel=\"noopener\"><img src=\"https:\/\/rawismyreligion.com\/wp-content\/uploads\/Suppen-to-go-Buch-Cover-De.jpg\" alt=\"\" width=\"1080\" height=\"1507\" class=\"aligncenter size-full wp-image-44922\" \/><\/a>\r\n<\/div>\r\n<\/div>\r\n\r\n\r\n<!--\r\n\r\n<div class=\"row\">\r\n<div class=\"col-xs-3\">\r\n<a href=\"https:\/\/rawismyreligion.com\/de\/love-raw\/\" target=\"_blank\" rel=\"noopener\"><img src=\"https:\/\/rawismyreligion.com\/wp-content\/uploads\/cover-love-raw.png\" alt=\"\" width=\"1080\" height=\"1507\" class=\"aligncenter size-full wp-image-44884\" \/><\/a>\r\n<\/div>\r\n<div class=\"col-xs-3\">\r\n<a href=\"https:\/\/rawismyreligion.com\/de\/?p=44940\" target=\"_blank\" rel=\"noopener\"><img src=\"https:\/\/rawismyreligion.com\/wp-content\/uploads\/Fruitadmin-Buch-Cover-De.png\" alt=\"\" width=\"1080\" height=\"1507\" class=\"aligncenter size-full wp-image-44936\" \/><\/a>\r\n<\/div>\r\n<div class=\"col-xs-3\">\r\n<a href=\"https:\/\/rawismyreligion.com\/de\/aufstriche-buch\/\" target=\"_blank\" rel=\"noopener\"><img src=\"https:\/\/rawismyreligion.com\/wp-content\/uploads\/Aufstiche-Buch-Cover-De.png\" alt=\"aufstrich rohkost rezept buch\" width=\"1080\" height=\"1507\" class=\"aligncenter size-full wp-image-44863\" \/><\/a> \r\n<\/div>\r\n<div class=\"col-xs-3\">\r\n<a href=\"https:\/\/rawismyreligion.com\/de\/zitrus-smoothies-buch\/\" target=\"_blank\" rel=\"noopener\"><img src=\"https:\/\/rawismyreligion.com\/wp-content\/uploads\/Cover-Image-easy-citrus-smoothies.png\" alt=\"aufstrich rohkost rezept buch\" width=\"1080\" height=\"1507\" class=\"aligncenter size-full wp-image-44863\" \/><\/a> \r\n<\/div>\r\n<\/div>\r\n\r\n<div class=\"row\">\r\n<div class=\"col-xs-3\">\r\n<a href=\"https:\/\/rawismyreligion.com\/de\/kuerbis-buch\/\" target=\"_blank\" rel=\"noopener\"><img src=\"https:\/\/rawismyreligion.com\/wp-content\/uploads\/Kuerbis-Buch-Cover-De.png\" alt=\"\" width=\"1080\" height=\"1507\" class=\"aligncenter size-full wp-image-44884\" \/><\/a>\r\n<\/div>\r\n<div class=\"col-xs-3\">\r\n<a href=\"https:\/\/rawismyreligion.com\/de\/mozzarella-buch-seite\/\" target=\"_blank\" rel=\"noopener\"><img src=\"https:\/\/rawismyreligion.com\/wp-content\/uploads\/Mozzarella-Buch-Cover-De.png\" alt=\"\" width=\"1080\" height=\"1507\" class=\"aligncenter size-full wp-image-44894\" \/><\/a>\r\n<\/div>\r\n<div class=\"col-xs-3\">\r\n<a href=\"https:\/\/rawismyreligion.com\/de\/?p=37809\" target=\"_blank\" rel=\"noopener\"><img src=\"https:\/\/rawismyreligion.com\/wp-content\/uploads\/Cheap-Raw-Buch-Cover-De.png\" alt=\"\" width=\"1080\" height=\"1507\" class=\"aligncenter size-full wp-image-44874\" \/><\/a>\r\n<\/div>\r\n<div class=\"col-xs-3\">\r\n<a href=\"https:\/\/rawismyreligion.com\/de\/suppen-to-go-buch\/\" target=\"_blank\" rel=\"noopener\"><img src=\"https:\/\/rawismyreligion.com\/wp-content\/uploads\/Suppen-to-go-Buch-Cover-De.png\" alt=\"\" width=\"1080\" height=\"1507\" class=\"aligncenter size-full wp-image-44922\" \/><\/a>\r\n<\/div>\r\n<\/div>\r\n\r\n\r\n<img src=\"https:\/\/rawismyreligion.com\/wp-content\/uploads\/20120828-Cheap-Raw-Buch-Cover-De-2.png\" alt=\"\" width=\"134\" height=\"187\" class=\"aligncenter size-full wp-image-84900\" \/>\r\n\r\n\r\nHier keine pngs  sondern undurchsichtige jpgs\r\n\r\n<div class=\"row\">\r\n<div class=\"col-xs-3\">\r\n<a href=\"https:\/\/rawismyreligion.com\/de\/love-raw\/\" target=\"_blank\" rel=\"noopener\"><img src=\"https:\/\/rawismyreligion.com\/wp-content\/uploads\/Cover-De.jpg\" alt=\"\" width=\"1080\" height=\"1507\" class=\"aligncenter size-full wp-image-44884\" \/><\/a>\r\n<\/div>\r\n<div class=\"col-xs-3\">\r\n<a href=\"https:\/\/rawismyreligion.com\/de\/?p=44940\" target=\"_blank\" rel=\"noopener\"><img src=\"https:\/\/rawismyreligion.com\/wp-content\/uploads\/Fruitadmin-Buch-Cover-De.jpg\" alt=\"\" width=\"1080\" height=\"1507\" class=\"aligncenter size-full wp-image-44936\" \/><\/a>\r\n<\/div>\r\n<div class=\"col-xs-3\">\r\n<a href=\"https:\/\/rawismyreligion.com\/de\/aufstriche-buch\/\" target=\"_blank\" rel=\"noopener\"><img src=\"https:\/\/rawismyreligion.com\/wp-content\/uploads\/Aufstiche-Buch-Cover-De.jpg\" alt=\"aufstrich rohkost rezept buch\" width=\"1080\" height=\"1507\" class=\"aligncenter size-full wp-image-44863\" \/><\/a> \r\n<\/div>\r\n<div class=\"col-xs-3\">\r\n<a href=\"https:\/\/rawismyreligion.com\/de\/zitrus-smoothies-buch\/\" target=\"_blank\" rel=\"noopener\"><img src=\"https:\/\/rawismyreligion.com\/wp-content\/uploads\/Cover-Image-easy-citrus-smoothies.png\" alt=\"aufstrich rohkost rezept buch\" width=\"1080\" height=\"1507\" class=\"aligncenter size-full wp-image-44863\" \/><\/a> \r\n<\/div>\r\n<\/div>\r\n\r\n<div class=\"row\">\r\n<div class=\"col-xs-3\">\r\n<a href=\"https:\/\/rawismyreligion.com\/de\/kuerbis-buch\/\" target=\"_blank\" rel=\"noopener\"><img src=\"https:\/\/rawismyreligion.com\/wp-content\/uploads\/Kuerbis-Buch-Cover-De.jpg\" alt=\"\" width=\"1080\" height=\"1507\" class=\"aligncenter size-full wp-image-44884\" \/><\/a>\r\n<\/div>\r\n<div class=\"col-xs-3\">\r\n<a href=\"https:\/\/rawismyreligion.com\/de\/mozzarella-buch-seite\/\" target=\"_blank\" rel=\"noopener\"><img src=\"https:\/\/rawismyreligion.com\/wp-content\/uploads\/Mozzarella-Buch-Cover-De.jpg\" alt=\"\" width=\"1080\" height=\"1507\" class=\"aligncenter size-full wp-image-44894\" \/><\/a>\r\n<\/div>\r\n<div class=\"col-xs-3\">\r\n<a href=\"https:\/\/rawismyreligion.com\/de\/?p=37809\" target=\"_blank\" rel=\"noopener\"><img src=\"https:\/\/rawismyreligion.com\/wp-content\/uploads\/Cheap-Raw-Buch-Cover-De.jpg\" alt=\"\" width=\"1080\" height=\"1507\" class=\"aligncenter size-full wp-image-44874\" \/><\/a>\r\n<\/div>\r\n<div class=\"col-xs-3\">\r\n<a href=\"https:\/\/rawismyreligion.com\/de\/suppen-to-go-buch\/\" target=\"_blank\" rel=\"noopener\"><img src=\"https:\/\/rawismyreligion.com\/wp-content\/uploads\/Suppen-to-go-Buch-Cover-De.jpg\" alt=\"\" width=\"1080\" height=\"1507\" class=\"aligncenter size-full wp-image-44922\" \/><\/a>\r\n<\/div>\r\n<\/div>\r\n\r\n\r\n\r\n\r\n\r\n\r\n<div class=\"row\">\r\n<div class=\"col-md-2\">\r\n<a href=\"https:\/\/rawismyreligion.com\/de\/?p=44940\" target=\"_blank\" rel=\"noopener\"><img src=\"https:\/\/rawismyreligion.com\/wp-content\/uploads\/Fruitadmin-Buch-Cover-De.jpg\" alt=\"\" width=\"1080\" height=\"1507\" class=\"aligncenter size-full wp-image-44936\" \/><\/a>\r\n<\/div>\r\n<div class=\"col-md-2\">\r\n<a href=\"https:\/\/rawismyreligion.com\/de\/aufstriche-buch\/\" target=\"_blank\" rel=\"noopener\"><img src=\"https:\/\/rawismyreligion.com\/wp-content\/uploads\/Aufstiche-Buch-Cover-De.jpg\" alt=\"aufstrich rohkost rezept buch\" width=\"1080\" height=\"1507\" class=\"aligncenter size-full wp-image-44863\" \/><\/a> \r\n<\/div>\r\n<div class=\"col-md-2\">\r\n<a href=\"https:\/\/rawismyreligion.com\/de\/kuerbis-buch\/\" target=\"_blank\" rel=\"noopener\"><img src=\"https:\/\/rawismyreligion.com\/wp-content\/uploads\/Kuerbis-Buch-Cover-De.jpg\" alt=\"\" width=\"1080\" height=\"1507\" class=\"aligncenter size-full wp-image-44884\" \/><\/a>\r\n<\/div>\r\n<div class=\"col-md-2\">\r\n<a href=\"https:\/\/rawismyreligion.com\/de\/mozzarella-buch-seite\/\" target=\"_blank\" rel=\"noopener\"><img src=\"https:\/\/rawismyreligion.com\/wp-content\/uploads\/Mozzarella-Buch-Cover-De.jpg\" alt=\"\" width=\"1080\" height=\"1507\" class=\"aligncenter size-full wp-image-44894\" \/><\/a>\r\n<\/div>\r\n<div class=\"col-md-2\">\r\n<a href=\"https:\/\/rawismyreligion.com\/de\/?p=37809\" target=\"_blank\" rel=\"noopener\"><img src=\"https:\/\/rawismyreligion.com\/wp-content\/uploads\/Cheap-Raw-Buch-Cover-De.jpg\" alt=\"\" width=\"1080\" height=\"1507\" class=\"aligncenter size-full wp-image-44874\" \/><\/a>\r\n<\/div>\r\n<div class=\"col-md-2\">\r\n<a href=\"https:\/\/rawismyreligion.com\/de\/suppen-to-go-buch\/\" target=\"_blank\" rel=\"noopener\"><img src=\"https:\/\/rawismyreligion.com\/wp-content\/uploads\/Suppen-to-go-Buch-Cover-De.jpg\" alt=\"\" width=\"1080\" height=\"1507\" class=\"aligncenter size-full wp-image-44922\" \/><\/a>\r\n<\/div>\r\n<\/div>\r\n-->\r\n\n\n\n\n<hr \/>\r\n<div style=\"text-align: center;\">\r\n<h2>Newsletter: Das Beste nie verpassen!<\/h2> \r\n<\/div>\r\n<div class=\"row\">\r\n<div class=\"col-xs-3\">\r\n<img src=\"https:\/\/rawismyreligion.com\/wp-content\/uploads\/rohkost-rezept-joghurt-auf-erdbeere-2.jpg\" alt=\"\" width=\"2000\" height=\"1500\" class=\"aligncenter size-full wp-image-85125\" \/>\r\n<\/div>\r\n<div class=\"col-xs-3\">\r\n<img src=\"https:\/\/rawismyreligion.com\/wp-content\/uploads\/bifi-vegan-rohkost-rezept-3.jpg\" alt=\"\" width=\"2000\" height=\"1500\" class=\"aligncenter size-full wp-image-85006\" \/>\r\n<\/div>\r\n<div class=\"col-xs-3\">\r\n<img src=\"https:\/\/rawismyreligion.com\/wp-content\/uploads\/bio-vegan-rohkost-mango-joghurt-rezept-3.jpg\" alt=\"\" width=\"2000\" height=\"1500\" class=\"aligncenter size-full wp-image-85355\" \/><\/div>\r\n\r\n<div class=\"col-xs-3\">\r\n<img src=\"https:\/\/rawismyreligion.com\/wp-content\/uploads\/getrocknete-Fruechte-2.jpg\" alt=\"\" width=\"2000\" height=\"1500\" class=\"aligncenter size-full wp-image-84549\" \/><\/div><\/div>\r\n\r\n<div style=\"text-align: center;\">\r\nBald kommen diese Rezepte kostenlos per eMail zu dir. Trag dich ein!<\/div>\r\n<\/br>\r\n\r\n<div style=\"text-align: center;\">\r\n<div class='rimr-nl-container' data-language='de' data-base-url='https:\/\/rawismyreligion.com\/wp-admin\/admin-ajax.php' data-sec='2a5c794d21'><div class='rimr-nl-thankyou'>Hat geklappt!<\/div><div class='form-group'><input type='text' class='rimr-nl-name form-control' placeholder='Name' \/><\/div><div class='form-group'><input type='text' class='rimr-nl-mail form-control' placeholder='you@example.com' \/><\/div><div class='form-group'><div class='rimr-nl-button'><span class='rimr-nl-icon-start fa fa-chevron-right'><\/span><\/div><\/div><\/div><\/div>\r\n<\/br>\r\n\r\n<hr \/>\r\n\r\n\r\n\r\n\r\n\r\n\n\n\n\n<div class=\"row\">\r\n<div class=\"col-md-3\"><img src=\"https:\/\/rawismyreligion.com\/wp-content\/uploads\/sommer-update-mukbang-beautyisraw-rawismyreligion.jpg\" alt=\"rawismyreligion dr. ina melny\" width=\"1080\" height=\"810\" class=\"aligncenter size-full wp-image-25144\" \/>\r\n<\/div>\r\n<div class=\"col-md-9\"><h3>Willkommen auf Rawismyreligion<\/h3>Ich bin Ina. Ich freue mich sehr, dass ihr du hier bist. Ich schreibe \u00fcber Themen, die mir am Herzen liegen und w\u00fcrde auch sehr gern wissen, was dich bewegt. Schreib mir einen Kommentar unter dem Post, der dir gef\u00e4llt.\r\n<\/div>\r\n<\/div>\r\n\r\n\n\n\n\n<p><\/p>\n","protected":false},"excerpt":{"rendered":"<p>Neue Rezepte und B\u00fccher.<\/p>\n","protected":false},"author":1,"featured_media":23114,"parent":0,"menu_order":0,"comment_status":"closed","ping_status":"closed","template":"","meta":{"spay_email":""},"categories":[],"tags":[],"_links":{"self":[{"href":"https:\/\/rawismyreligion.com\/de\/wp-json\/wp\/v2\/pages\/21023"}],"collection":[{"href":"https:\/\/rawismyreligion.com\/de\/wp-json\/wp\/v2\/pages"}],"about":[{"href":"https:\/\/rawismyreligion.com\/de\/wp-json\/wp\/v2\/types\/page"}],"author":[{"embeddable":true,"href":"https:\/\/rawismyreligion.com\/de\/wp-json\/wp\/v2\/users\/1"}],"replies":[{"embeddable":true,"href":"https:\/\/rawismyreligion.com\/de\/wp-json\/wp\/v2\/comments?post=21023"}],"version-history":[{"count":21,"href":"https:\/\/rawismyreligion.com\/de\/wp-json\/wp\/v2\/pages\/21023\/revisions"}],"predecessor-version":[{"id":82639,"href":"https:\/\/rawismyreligion.com\/de\/wp-json\/wp\/v2\/pages\/21023\/revisions\/82639"}],"wp:featuredmedia":[{"embeddable":true,"href":"https:\/\/rawismyreligion.com\/de\/wp-json\/wp\/v2\/media\/23114"}],"wp:attachment":[{"href":"https:\/\/rawismyreligion.com\/de\/wp-json\/wp\/v2\/media?parent=21023"}],"wp:term":[{"taxonomy":"category","embeddable":true,"href":"https:\/\/rawismyreligion.com\/de\/wp-json\/wp\/v2\/categories?post=21023"},{"taxonomy":"post_tag","embeddable":true,"href":"https:\/\/rawismyreligion.com\/de\/wp-json\/wp\/v2\/tags?post=21023"}],"curies":[{"name":"wp","href":"https:\/\/api.w.org\/{rel}","templated":true}]}}