{"id":16504,"date":"2015-11-02T05:02:15","date_gmt":"2015-11-02T13:02:15","guid":{"rendered":"http:\/\/rawismyreligion.com\/?page_id=16504"},"modified":"2021-02-23T09:35:27","modified_gmt":"2021-02-23T17:35:27","slug":"agb","status":"publish","type":"page","link":"https:\/\/rawismyreligion.com\/de\/agb\/","title":{"rendered":"AGB"},"content":{"rendered":"<h3>B\u00fccher<\/h3>\n<p>Fotos und Texte in den B\u00fcchers unterliegen dem Urheberrecht. Kopieren und verbreiten ist nicht gestattet. <\/p>\n<h3>Newsletter<\/h3>\n<p>F\u00fcr das Abonnement eines Newsletters gelten folgende Bedingungen:<\/p>\n<ol>\n<li>Mit der Anmeldung zum Newsletter akzeptieren Sie die Newsletter-Bedingungen.<\/li>\n<li>Sie erteilen durch die Anmeldung zum Newsletter die ausdr\u00fcckliche Einwilligung f\u00fcr die Zusendung des Newsletters.<\/li>\n<li>Sie k\u00f6nnen den Newsletter durch den Klick auf &#8222;Newsletter abbestellen&#8220;-Feld in der Mail abbestellen.<\/li>\n<li>Ihre Daten werden ausschlie\u00dflich zur Versendung des Newsletters bei Rawismyreligion\u00a0gespeichert und genutzt, niemals an Dritte weitergegeben.<\/li>\n<\/ol>\n<h3>Haftungsausschluss<\/h3>\n<p>Die auf Rawismyreligion.com, im Newsletter und auf allen Social Media von mir bereitgestellten Informationen sind ausschlie\u00dflich zu Informationszwecken bestimmt und ersetzen in keinem Falle eine pers\u00f6nliche Beratung. Ich weise darauf hin, dass weder Ferndiagnosen noch Therapievorschl\u00e4ge f\u00fcr den Einzelfall gestellt werden. Vielmehr dienen die hier erteilten Ausk\u00fcnfte und Inhalte der allgemein unverbindlichen Information. Ich \u00fcbernehme des Weiteren keine Gew\u00e4hrleistung f\u00fcr die Vollst\u00e4ndigkeit, Richtigkeit, Genauigkeit und Aktualit\u00e4t der Inhalte auf dieser Webseite. Trotz sorgf\u00e4ltiger Kontrolle \u00fcbernehme ich keine Haftung f\u00fcr die Inhalte externer Links. F\u00fcr die Inhalte externer Links sind ausschlie\u00dflich deren Betreiber verantwortlich. Gleiches gilt f\u00fcr alle Verbindungen, auf die diese Webseite direkt oder indirekt verweist.<\/p>\n<h3>Copyright<\/h3>\n<p>Der Inhalt dieser Webseite ist urheberrechtlich gesch\u00fctzt. Jegliche Vervielf\u00e4ltigung, \u00f6ffentliche Wiedergabe oder sonstige, insbesondere kommerzielle Verwertung ist unzul\u00e4ssig, sofern ich hierzu nicht zuvor ihre ausdr\u00fcckliche schriftliche Genehmigung erteilt habe. Eine Genehmigung k\u00f6nnen Sie \u00fcber diese E-Mail Adresse einholen copyright@rawismyreligion.com <\/p>\n<h3>Using Photos and Copyright<\/h3>\n<p>More on how to use my photos <a href=\"https:\/\/rawismyreligion.com\/photos-copyright\/\" target=\"_blank\" rel=\"noopener\">here<\/a><\/p>\n<h3>Affiliate<\/h3>\n<p style = \"font-size: x-small\"> I am participant in the Amazon EU Associates Programme, an affiliate advertising programme designed to provide a means for sites to earn advertising fees by advertising and linking to amazon.de)<\/p>\n","protected":false},"excerpt":{"rendered":"<p>B\u00fccher Fotos und Texte in den B\u00fcchers unterliegen dem Urheberrecht. Kopieren und verbreiten ist nicht gestattet. Newsletter F\u00fcr das Abonnement eines Newsletters gelten folgende Bedingungen: Mit der Anmeldung zum Newsletter akzeptieren Sie die Newsletter-Bedingungen. Sie erteilen durch die Anmeldung zum Newsletter die ausdr\u00fcckliche Einwilligung f\u00fcr die Zusendung des Newsletters. Sie k\u00f6nnen den Newsletter durch den Klick auf &#8222;Newsletter abbestellen&#8220;-Feld in der Mail abbestellen. Ihre Daten werden ausschlie\u00dflich zur Versendung des Newsletters bei Rawismyreligion\u00a0gespeichert und genutzt, niemals an Dritte weitergegeben. Haftungsausschluss Die auf Rawismyreligion.com, im Newsletter und auf allen Social Media von mir bereitgestellten Informationen sind ausschlie\u00dflich zu Informationszwecken bestimmt und &hellip; <a href=\"https:\/\/rawismyreligion.com\/de\/agb\/\">Lies weiter <span class=\"meta-nav\">\u2192<\/span><\/a><\/p>\n","protected":false},"author":1,"featured_media":43297,"parent":0,"menu_order":0,"comment_status":"open","ping_status":"open","template":"","meta":{"spay_email":""},"categories":[],"tags":[],"_links":{"self":[{"href":"https:\/\/rawismyreligion.com\/de\/wp-json\/wp\/v2\/pages\/16504"}],"collection":[{"href":"https:\/\/rawismyreligion.com\/de\/wp-json\/wp\/v2\/pages"}],"about":[{"href":"https:\/\/rawismyreligion.com\/de\/wp-json\/wp\/v2\/types\/page"}],"author":[{"embeddable":true,"href":"https:\/\/rawismyreligion.com\/de\/wp-json\/wp\/v2\/users\/1"}],"replies":[{"embeddable":true,"href":"https:\/\/rawismyreligion.com\/de\/wp-json\/wp\/v2\/comments?post=16504"}],"version-history":[{"count":12,"href":"https:\/\/rawismyreligion.com\/de\/wp-json\/wp\/v2\/pages\/16504\/revisions"}],"predecessor-version":[{"id":72919,"href":"https:\/\/rawismyreligion.com\/de\/wp-json\/wp\/v2\/pages\/16504\/revisions\/72919"}],"wp:featuredmedia":[{"embeddable":true,"href":"https:\/\/rawismyreligion.com\/de\/wp-json\/wp\/v2\/media\/43297"}],"wp:attachment":[{"href":"https:\/\/rawismyreligion.com\/de\/wp-json\/wp\/v2\/media?parent=16504"}],"wp:term":[{"taxonomy":"category","embeddable":true,"href":"https:\/\/rawismyreligion.com\/de\/wp-json\/wp\/v2\/categories?post=16504"},{"taxonomy":"post_tag","embeddable":true,"href":"https:\/\/rawismyreligion.com\/de\/wp-json\/wp\/v2\/tags?post=16504"}],"curies":[{"name":"wp","href":"https:\/\/api.w.org\/{rel}","templated":true}]}}